{"id":1565,"date":"2022-08-11T20:22:23","date_gmt":"2022-08-11T17:22:23","guid":{"rendered":"https:\/\/rocketplay-slot.com\/bingo\/"},"modified":"2023-01-17T22:46:24","modified_gmt":"2023-01-17T19:46:24","slug":"bingo","status":"publish","type":"page","link":"https:\/\/rocketplay-slot.com\/fr\/bingo\/","title":{"rendered":"RocketPlay Bingo en ligne pour de l&rsquo;argent r\u00e9el"},"content":{"rendered":"<p><img loading=\"lazy\" decoding=\"async\" class=\" wp-image-323 aligncenter\" src=\"https:\/\/rocketplay-slot.com\/wp-content\/uploads\/2022\/08\/apps.3686.13771585125703035.1a4ab674-204b-4aee-bd33-5d3bf50e79d9-1-300x169.jpg\" alt=\"bingo \" width=\"660\" height=\"372\" srcset=\"https:\/\/rocketplay-slot.com\/wp-content\/uploads\/2022\/08\/apps.3686.13771585125703035.1a4ab674-204b-4aee-bd33-5d3bf50e79d9-1-300x169.jpg 300w, https:\/\/rocketplay-slot.com\/wp-content\/uploads\/2022\/08\/apps.3686.13771585125703035.1a4ab674-204b-4aee-bd33-5d3bf50e79d9-1-1024x576.jpg 1024w, https:\/\/rocketplay-slot.com\/wp-content\/uploads\/2022\/08\/apps.3686.13771585125703035.1a4ab674-204b-4aee-bd33-5d3bf50e79d9-1-768x432.jpg 768w, https:\/\/rocketplay-slot.com\/wp-content\/uploads\/2022\/08\/apps.3686.13771585125703035.1a4ab674-204b-4aee-bd33-5d3bf50e79d9-1-1536x864.jpg 1536w, https:\/\/rocketplay-slot.com\/wp-content\/uploads\/2022\/08\/apps.3686.13771585125703035.1a4ab674-204b-4aee-bd33-5d3bf50e79d9-1.jpg 1920w\" sizes=\"auto, (max-width: 660px) 100vw, 660px\" \/><\/p>\n<p>Pour mettre votre premier argent r\u00e9el dans le jeu en ligne,\u00a0le jeu de bingo en ligne\u00a0<a href=\"https:\/\/rocketplay-slot.com\/fr\">RocketPlay<\/a>\u00a0est une bonne option pour commencer votre voyage de jeu.\u00a0Les nouveaux utilisateurs qui s&rsquo;inscrivent sur le site du\u00a0<a href=\"https:\/\/rocketplay-slot.com\/fr\/casino\/\">casino<\/a>\u00a0en ligne rechargent imm\u00e9diatement leurs comptes de jeu pour gagner leur premier argent suppl\u00e9mentaire.<\/p>\n<p>Que doivent retenir tous ces utilisateurs qui n&rsquo;ont pas d&rsquo;exp\u00e9rience dans les jeux de hasard en ligne, ou qui n&rsquo;en ont pas beaucoup ?\u00a0Le jeu en ligne n&rsquo;est qu&rsquo;une autre forme de divertissement en ligne, pas un moyen de gagner de l&rsquo;argent en ligne.\u00a0Il est donc recommand\u00e9 de commencer par une mise minimale, quel que soit le jeu choisi par l&rsquo;utilisateur, afin de prolonger le plaisir de jouer en argent r\u00e9el.<\/p>\n<p>Alors, de quoi avez-vous besoin pour\u00a0\u00a0jouer au bingo en ligne RocketPlay\u00a0avec de l&rsquo;argent r\u00e9el ?\u00a0Une condition obligatoire pour jouer en argent r\u00e9el est l&rsquo;inscription.\u00a0Sans votre propre compte et compte de jeu, vous pouvez \u00eatre s\u00fbr que l&rsquo;utilisateur n&rsquo;est pas pr\u00eat \u00e0 assumer la responsabilit\u00e9 de ses propres actions et \u00e0 respecter les conditions d&rsquo;utilisation du site du casino.\u00a0Si l&rsquo;utilisateur n&rsquo;assume pas la responsabilit\u00e9 de ses propres actions, il est peu probable que le casino garantisse la r\u00e9ception de tel ou tel gain.\u00a0Par cons\u00e9quent, vous devez confirmer l&rsquo;inscription, passer par la v\u00e9rification, o\u00f9 vous devez non seulement saisir des donn\u00e9es personnelles, mais \u00e9galement fournir une copie du document, ce qui garantit que l&rsquo;utilisateur est une personne r\u00e9elle.<\/p>\n<p>Pour jouer\u00a0au bingo en ligne RocketPlay Australie\u00a0, vous devez vous familiariser avec les r\u00e8gles du casino, revoir les r\u00e8gles du jeu de bingo et les accepter.\u00a0Pour qu&rsquo;un nouvel utilisateur n&rsquo;h\u00e9site pas \u00e0 s&rsquo;inscrire ou non sur le site du casino, le casino offre un bonus de bienvenue de 300%.\u00a0C&rsquo;est un tr\u00e8s bon bonus s&rsquo;il s&rsquo;agit de votre premi\u00e8re exp\u00e9rience de jeu en ligne.<\/p>\n<h2>INSTRUCTIONS POUR JOUER AU BINGO<\/h2>\n<p>Jouer\u00a0au bingo en ligne avec de l&rsquo;argent r\u00e9el RocketPlay\u00a0est facile et vous n&rsquo;avez pas besoin de passer du temps \u00e0 apprendre le jeu.\u00a0Ce sont les r\u00e8gles simples du jeu, auxquelles ont ob\u00e9i plus d&rsquo;une g\u00e9n\u00e9ration de joueurs, chasseurs d&rsquo;excitation et de chance.\u00a0Alors, qu&rsquo;est-ce que le jeu de bingo?<\/p>\n<p>Avant de commencer le jeu, l&rsquo;utilisateur re\u00e7oit une carte sp\u00e9ciale avec de nombreux num\u00e9ros.\u00a0Tous les num\u00e9ros sont plac\u00e9s au hasard.\u00a0Le jeu commence au moment o\u00f9 apparaissent les num\u00e9ros des boules, que l&rsquo;utilisateur doit retrouver sur sa carte.\u00a0Si l&rsquo;utilisateur a un tel num\u00e9ro, il le barre.\u00a0L&rsquo;utilisateur qui a r\u00e9ussi \u00e0 barrer tous les num\u00e9ros de la carte re\u00e7oit ses gains.\u00a0R\u00e8gles assez simples.\u00a0Mais vous devez \u00eatre patient, car chaque num\u00e9ro suivant vous rapproche de la victoire ou vous en \u00e9loigne.<\/p>\n<p>Des conseils pour jouer au bingo ?\u00a0Il n&rsquo;est gu\u00e8re possible de vraiment recommander quoi que ce soit, car vous ne pouvez jamais dire avec certitude qui sera le prochain gagnant du bingo.<\/p>\n<h2>TYPES DE JEU DE BINGO<\/h2>\n<p>Si l&rsquo;utilisateur ne peut pas choisir une carte ou des num\u00e9ros avec des boules qui appara\u00eetront une par une, alors il peut choisir un type de jeu.\u00a0Apr\u00e8s tout, il existe plusieurs versions du jeu, et cela peut d\u00e9pendre de la chance de l&rsquo;utilisateur.\u00a0Alors, que pouvez-vous choisir\u00a0?<\/p>\n<p>Un jeu de\u00a0bingo en ligne gratuit RocketPlay\u00a0diff\u00e8re d&rsquo;un autre non seulement par le nombre de boules avec des num\u00e9ros.\u00a0La version la plus courte du jeu se compose de seulement 30 balles.\u00a0Ainsi, l&rsquo;utilisateur a affaire \u00e0 trois lignes et colonnes.\u00a0Si la version la plus courte ne vous inspire pas, alors vous pouvez vous arr\u00eater \u00e0 la version \u00e0 75 puces.\u00a0Cette version du jeu est populaire parmi les r\u00e9sidents des \u00c9tats-Unis.\u00a0Mais la soi-disant version am\u00e9ricaine a une autre caract\u00e9ristique &#8211; plus de lettres y apparaissent.\u00a0En plus des chiffres, les utilisateurs biffent \u00e9galement des lettres.\u00a0De cette fa\u00e7on, l&rsquo;utilisateur soulage \u00e9galement le stress en coloriant une certaine image.\u00a0C&rsquo;est une approche assez int\u00e9ressante pour jouer au bingo.<\/p>\n<p>En plus des 30 et 75 boules, vous pouvez \u00e9galement choisir une version \u00e0 80 boules, dont les r\u00e8gles sont similaires \u00e0 celles de la version am\u00e9ricaine du bingo.\u00a0Encore une fois, il n&rsquo;y a pas que des chiffres, mais aussi des lettres, ce qui signifie une figure g\u00e9om\u00e9trique.\u00a0La version \u00e0 90 balles est la plus populaire parmi les r\u00e9sidents britanniques.\u00a0La derni\u00e8re version diff\u00e8re en difficult\u00e9, car il y a trois \u00e9tapes du jeu, et chacune d&rsquo;elles que l&rsquo;utilisateur doit terminer \u00e0 100 %.\u00a0De quoi s&rsquo;agit-il?\u00a0La premi\u00e8re \u00e9tape se termine lorsque l&rsquo;utilisateur a ferm\u00e9 une ligne, tandis que la deuxi\u00e8me \u00e9tape &#8211; deux lignes, la troisi\u00e8me \u00e9tape &#8211; toutes les lignes.<\/p>\n<p><img loading=\"lazy\" decoding=\"async\" class=\"wp-image-324 aligncenter lazy-loaded\" src=\"https:\/\/rocketplay-slot.com\/wp-content\/uploads\/2022\/08\/is-bingo-a-casino-game-hero-300x150.jpg\" sizes=\"auto, (max-width: 596px) 100vw, 596px\" srcset=\"https:\/\/rocketplay-slot.com\/wp-content\/uploads\/2022\/08\/is-bingo-a-casino-game-hero-300x150.jpg 300w, https:\/\/rocketplay-slot.com\/wp-content\/uploads\/2022\/08\/is-bingo-a-casino-game-hero-1024x512.jpg 1024w, https:\/\/rocketplay-slot.com\/wp-content\/uploads\/2022\/08\/is-bingo-a-casino-game-hero-768x384.jpg 768w, https:\/\/rocketplay-slot.com\/wp-content\/uploads\/2022\/08\/is-bingo-a-casino-game-hero-1536x768.jpg 1536w, https:\/\/rocketplay-slot.com\/wp-content\/uploads\/2022\/08\/is-bingo-a-casino-game-hero-2048x1024.jpg 2048w\" alt=\"bingo en ligne\" width=\"596\" height=\"298\" data-lazy-type=\"image\" data-src=\"https:\/\/rocketplay-slot.com\/wp-content\/uploads\/2022\/08\/is-bingo-a-casino-game-hero-300x150.jpg\" data-srcset=\"\" \/><\/p>\n<h2>FAQ<\/h2>\n<h3>BINGO EN LIGNE GRATUIT ROCKETPLAY OU JEU D&rsquo;ARGENT\u00a0?<\/h3>\n<p>Un nouvel utilisateur de casino ou un joueur exp\u00e9riment\u00e9 peut d\u00e9cider ind\u00e9pendamment de l&rsquo;option de jeu qui r\u00e9pond \u00e0 ses aspirations et \u00e0 ses capacit\u00e9s financi\u00e8res.\u00a0Mais la version gratuite du jeu peut \u00eatre jou\u00e9e par tous les utilisateurs, m\u00eame sans inscription, tandis que le jeu en argent r\u00e9el n\u00e9cessite une pr\u00e9inscription.\u00a0De plus, le joueur doit d\u00e9poser son premier argent sur le compte de jeu et d\u00e9poser au moins le montant minimum de paris.<\/p>\n<h3>EST-CE R\u00c9EL DE GAGNER AU BINGO ?<\/h3>\n<p>Pour gagner au bingo, vous n&rsquo;avez pas besoin de faire des calculs math\u00e9matiques ou d&rsquo;apprendre diff\u00e9rentes strat\u00e9gies de jeu.\u00a0Il suffit de choisir l&rsquo;une des vari\u00e9t\u00e9s du jeu de bingo et de jouer.\u00a0Si le joueur a de la chance, il peut obtenir son premier argent en tant que gain de bingo.<\/p>\n<h3>EXISTE-T-IL DES STRAT\u00c9GIES DE BINGO EFFICACES ?<\/h3>\n<p>En fait, il ne peut y avoir aucune strat\u00e9gie efficace au jeu de bingo.\u00a0Lorsque l&rsquo;utilisateur re\u00e7oit la carte et commence \u00e0 barrer les chiffres, vous devez \u00eatre le plus attentif possible et suivre le jeu.\u00a0Tout le monde n&rsquo;a pas de chance, tout le monde le sait.<\/p>\n<h3>O\u00d9 JOUER AU BINGO ?<\/h3>\n<p>Tous les casinos en ligne n&rsquo;offrent pas le jeu auquel vous participez au bingo. Le site Web RocketPlay propose d\u00e9finitivement ce jeu.\u00a0Avant de commencer le jeu, vous devez examiner les options de jeu choisies par l&rsquo;utilisateur afin de vous concentrer correctement et en temps opportun sur le nombre de lignes et de boules avec des chiffres.<\/p>\n<h3>PUIS-JE JOUER AU BINGO DEPUIS UNE APPLICATION MOBILE\u00a0?<\/h3>\n<p>Tous les utilisateurs de RocketPlay peuvent t\u00e9l\u00e9charger l&rsquo;application mobile et jouer au bingo sur un appareil mobile au lieu d&rsquo;un PC.\u00a0Il est assez pratique et simple, et offre un acc\u00e8s 24h\/24 et 7j\/7 au jeu.<\/p>\n","protected":false},"excerpt":{"rendered":"<p>Pour mettre votre premier argent r\u00e9el dans le jeu en ligne,\u00a0le jeu de bingo en ligne\u00a0RocketPlay\u00a0est une bonne option pour commencer votre voyage de jeu.\u00a0Les nouveaux utilisateurs qui s&rsquo;inscrivent sur le site du\u00a0casino\u00a0en ligne rechargent imm\u00e9diatement leurs comptes de jeu pour gagner leur premier argent suppl\u00e9mentaire. Que doivent retenir tous ces utilisateurs qui n&rsquo;ont pas&#8230;<\/p>\n","protected":false},"author":1,"featured_media":0,"parent":0,"menu_order":0,"comment_status":"closed","ping_status":"closed","template":"","meta":{"_acf_changed":false,"_kad_post_transparent":"default","_kad_post_title":"default","_kad_post_layout":"default","_kad_post_sidebar_id":"","_kad_post_content_style":"default","_kad_post_vertical_padding":"default","_kad_post_feature":"","_kad_post_feature_position":"","_kad_post_header":false,"_kad_post_footer":false,"footnotes":""},"class_list":["post-1565","page","type-page","status-publish","hentry"],"acf":[],"rttpg_featured_image_url":null,"rttpg_author":{"display_name":"Elvis","author_link":"https:\/\/rocketplay-slot.com\/fr\/author\/pemvas95n89x\/"},"rttpg_comment":0,"rttpg_category":null,"rttpg_excerpt":"Pour mettre votre premier argent r\u00e9el dans le jeu en ligne,\u00a0le jeu de bingo en ligne\u00a0RocketPlay\u00a0est une bonne option pour commencer votre voyage de jeu.\u00a0Les nouveaux utilisateurs qui s&rsquo;inscrivent sur le site du\u00a0casino\u00a0en ligne rechargent imm\u00e9diatement leurs comptes de jeu pour gagner leur premier argent suppl\u00e9mentaire. Que doivent retenir tous ces utilisateurs qui n&rsquo;ont pas...","_links":{"self":[{"href":"https:\/\/rocketplay-slot.com\/fr\/wp-json\/wp\/v2\/pages\/1565","targetHints":{"allow":["GET"]}}],"collection":[{"href":"https:\/\/rocketplay-slot.com\/fr\/wp-json\/wp\/v2\/pages"}],"about":[{"href":"https:\/\/rocketplay-slot.com\/fr\/wp-json\/wp\/v2\/types\/page"}],"author":[{"embeddable":true,"href":"https:\/\/rocketplay-slot.com\/fr\/wp-json\/wp\/v2\/users\/1"}],"replies":[{"embeddable":true,"href":"https:\/\/rocketplay-slot.com\/fr\/wp-json\/wp\/v2\/comments?post=1565"}],"version-history":[{"count":3,"href":"https:\/\/rocketplay-slot.com\/fr\/wp-json\/wp\/v2\/pages\/1565\/revisions"}],"predecessor-version":[{"id":1574,"href":"https:\/\/rocketplay-slot.com\/fr\/wp-json\/wp\/v2\/pages\/1565\/revisions\/1574"}],"wp:attachment":[{"href":"https:\/\/rocketplay-slot.com\/fr\/wp-json\/wp\/v2\/media?parent=1565"}],"curies":[{"name":"wp","href":"https:\/\/api.w.org\/{rel}","templated":true}]}}