{"id":1599,"date":"2022-08-11T19:58:00","date_gmt":"2022-08-11T16:58:00","guid":{"rendered":"https:\/\/rocketplay-slot.com\/app\/"},"modified":"2022-10-31T21:58:40","modified_gmt":"2022-10-31T18:58:40","slug":"app","status":"publish","type":"page","link":"https:\/\/rocketplay-slot.com\/fr\/app\/","title":{"rendered":"Application de casino RocketPlay"},"content":{"rendered":"<p><img loading=\"lazy\" decoding=\"async\" class=\" wp-image-306 aligncenter\" src=\"https:\/\/rocketplay-slot.com\/wp-content\/uploads\/2022\/08\/welcome_1300x640-2-300x148.png\" alt=\"rocketplay\" width=\"594\" height=\"293\" srcset=\"https:\/\/rocketplay-slot.com\/wp-content\/uploads\/2022\/08\/welcome_1300x640-2-300x148.png 300w, https:\/\/rocketplay-slot.com\/wp-content\/uploads\/2022\/08\/welcome_1300x640-2-1024x504.png 1024w, https:\/\/rocketplay-slot.com\/wp-content\/uploads\/2022\/08\/welcome_1300x640-2-768x378.png 768w, https:\/\/rocketplay-slot.com\/wp-content\/uploads\/2022\/08\/welcome_1300x640-2.png 1300w\" sizes=\"auto, (max-width: 594px) 100vw, 594px\" \/><\/p>\n<p>&nbsp;<\/p>\n<p><a href=\"https:\/\/rocketplay-slot.com\/fr\"><span>L&rsquo;application de casino RocketPlay<\/span><\/a><span>\u00a0est un bon moyen de jouer \u00e0 vos machines \u00e0 sous pr\u00e9f\u00e9r\u00e9es sans d\u00e9pendre d&rsquo;un ordinateur de bureau.\u00a0Surtout pour les joueurs avec des gadgets portables, les casinos cr\u00e9ent\u00a0<\/span><a href=\"https:\/\/rocketplay-slot.com\/fr\/mobile-version\/\"><span>des versions mobiles<\/span><\/a><span>\u00a0de sites ou d&rsquo;applications sp\u00e9ciales qui vous permettent de jouer \u00e0 tout moment \u00e0 l&rsquo;endroit souhait\u00e9.\u00a0Pour que les machines \u00e0 sous de votre smartphone apportent des avantages et du plaisir aux joueurs, vous devez vous rendre sur le site officiel et t\u00e9l\u00e9charger l&rsquo;application de casino en argent r\u00e9el RocketPlay Canada.<\/span><\/p>\n<p><span>L&rsquo;application doit \u00eatre t\u00e9l\u00e9charg\u00e9e directement depuis le site Web du casino, o\u00f9 le lien vers le fichier se trouve dans une section distincte ou depuis des plateformes tierces (Google Play Store).\u00a0Avant d&rsquo;installer l&rsquo;application, certaines exigences, telles que la version du syst\u00e8me d&rsquo;exploitation ou la capacit\u00e9 de la m\u00e9moire, doivent \u00eatre prises en compte avant de commencer le t\u00e9l\u00e9chargement.<\/span><\/p>\n<p><span>Les magasins d&rsquo;applications proposent principalement des logiciels de casinos sous licence.\u00a0Si le joueur souhaite utiliser l&rsquo;application du club avec une licence internationale, il est pr\u00e9f\u00e9rable de demander au service support le fichier d&rsquo;installation.\u00a0L&rsquo;application est install\u00e9e ind\u00e9pendamment ou manuellement selon les instructions affich\u00e9es sur le site Web de l&rsquo;\u00e9tablissement.<\/span><\/p>\n<p><span>Vous pouvez trouver le package d&rsquo;installation sur le site officiel du club.\u00a0Le joueur doit ouvrir la page avec des informations techniques.\u00a0Il y a des fichiers que vous devez t\u00e9l\u00e9charger sur votre smartphone ou votre tablette.\u00a0Effectuez au mieux la proc\u00e9dure \u00e0 partir de l&rsquo;appareil sur lequel vous pr\u00e9voyez de jouer au jeu.\u00a0Lors du t\u00e9l\u00e9chargement de l&rsquo;application RocketPlay Casino, le syst\u00e8me d&rsquo;exploitation sera automatiquement d\u00e9tect\u00e9.<\/span><\/p>\n<p><span>L&rsquo;installation du programme est standard : le joueur lance le processus, laisse une confirmation dans les bo\u00eetes de dialogue.\u00a0S&rsquo;il vous est demand\u00e9 d&rsquo;installer des composants suppl\u00e9mentaires, vous devez accepter que l&rsquo;application du casino fonctionne correctement.\u00a0Apr\u00e8s l&rsquo;installation, l&rsquo;ic\u00f4ne du club de jeu appara\u00eetra sur l&rsquo;appareil.\u00a0Il peut \u00eatre d\u00e9plac\u00e9 vers le bureau pour acc\u00e9l\u00e9rer l&rsquo;acc\u00e8s aux machines.\u00a0Pour tester le fonctionnement du programme, vous pouvez ex\u00e9cuter n&rsquo;importe quel slot en mode d\u00e9mo.<\/span><\/p>\n<h2><span>AVANTAGES DE L&rsquo;UTILISATION DE L&rsquo;APPLICATION CASINO<\/span><\/h2>\n<p><span>L&rsquo;utilisateur peut acc\u00e9der au site Web du club virtuel via un navigateur ou t\u00e9l\u00e9charger l&rsquo;application RocketPlay Casino Canada. Dans le premier cas, le site est enti\u00e8rement adapt\u00e9 aux tailles populaires des gadgets portables, mais a une structure de page l\u00e9g\u00e8rement modifi\u00e9e.\u00a0Jouer sur un appareil mobile pr\u00e9sente certains avantages pour le joueur :<\/span><\/p>\n<ul>\n<li aria-level=\"1\"><span>niveau d&rsquo;anonymat plus \u00e9lev\u00e9 dans le r\u00e9seau\u00a0;<\/span><\/li>\n<li aria-level=\"1\"><span>la possibilit\u00e9 de jouer partout dans le monde o\u00f9 il y a Internet\u00a0;<\/span><\/li>\n<li aria-level=\"1\"><span>participer \u00e0 certaines promotions\u00a0;<\/span><\/li>\n<li aria-level=\"1\"><span>recevoir des moyens suppl\u00e9mentaires de retirer les gains.<\/span><\/li>\n<\/ul>\n<p><img loading=\"lazy\" decoding=\"async\" class=\"wp-image-307 alignright lazy-loaded\" src=\"https:\/\/rocketplay-slot.com\/wp-content\/uploads\/2022\/08\/rocketplay-casino-app-150x300.png\" sizes=\"auto, (max-width: 191px) 100vw, 191px\" srcset=\"https:\/\/rocketplay-slot.com\/wp-content\/uploads\/2022\/08\/rocketplay-casino-app-150x300.png 150w, https:\/\/rocketplay-slot.com\/wp-content\/uploads\/2022\/08\/rocketplay-casino-app.png 250w\" alt=\"application de jeu de fus\u00e9e\" width=\"191\" height=\"382\" data-lazy-type=\"image\" data-src=\"https:\/\/rocketplay-slot.com\/wp-content\/uploads\/2022\/08\/rocketplay-casino-app-150x300.png\" data-srcset=\"\" \/><\/p>\n<p><span>Tous les clubs virtuels ont une version adapt\u00e9e pour les t\u00e9l\u00e9phones, et une application distincte est propos\u00e9e aux clients principalement par les grands casinos.\u00a0Le plus souvent, les applications sont cr\u00e9\u00e9es pour les appareils Android, dans de rares cas \u2013 pour Windows.\u00a0Les propri\u00e9taires de gadgets sur d&rsquo;autres syst\u00e8mes d&rsquo;exploitation ne pourront faire tourner les rouleaux que dans la version adapt\u00e9e du site.\u00a0L&rsquo;application de casino Rocket Play Android est disponible pour vous.<\/span><\/p>\n<h2><span>JOUER \u00c0 L&rsquo;APPLICATION DE JEU POUR DE L&rsquo;ARGENT R\u00c9EL<\/span><\/h2>\n<p><span>Vous pouvez vous inscrire dans la version mobile du casino de la m\u00eame mani\u00e8re que depuis un ordinateur.\u00a0Si vous avez un compte sur votre t\u00e9l\u00e9phone, vous devez vous connecter en utilisant votre nom d&rsquo;utilisateur et votre mot de passe.\u00a0Un visiteur depuis un smartphone peut utiliser toutes les fonctionnalit\u00e9s d&rsquo;une ressource Web et des applications de motivation sans restrictions.\u00a0Les joueurs depuis le t\u00e9l\u00e9phone ont acc\u00e8s \u00e0 toutes les animations du club :<\/span><\/p>\n<ul>\n<li aria-level=\"1\"><span>machines \u00e0 sous;<\/span><\/li>\n<li aria-level=\"1\"><span>paris sur les sports virtuels;<\/span><\/li>\n<li aria-level=\"1\"><span>loteries;<\/span><\/li>\n<li aria-level=\"1\"><span>roulette, poker, baccara, blackjack;<\/span><\/li>\n<li aria-level=\"1\"><span>casino en direct.<\/span><\/li>\n<\/ul>\n<p><span>La seule exception concerne quelques anciens appareils qui ne sont pas pris en charge par les syst\u00e8mes d&rsquo;exploitation modernes.\u00a0Les appareils d\u00e9marrent rapidement et fonctionnent sans probl\u00e8mes techniques.\u00a0Les jeux avec les croupiers se d\u00e9roulent sans d\u00e9lai.<\/span><\/p>\n<p><span>Si vous t\u00e9l\u00e9chargez l&rsquo;application RocketPlay Casino, les machines \u00e0 sous de votre t\u00e9l\u00e9phone seront \u00e9galement disponibles dans la version de d\u00e9monstration.\u00a0Par cons\u00e9quent, la connaissance de nouveaux produits ne s&rsquo;accompagnera pas du risque de perdre des fonds.\u00a0Les gains r\u00e9els disponibles pour le paiement ne peuvent \u00eatre re\u00e7us que dans les jeux en argent r\u00e9el.<\/span><\/p>\n<h2><span>FAQ<\/span><\/h2>\n<h3><span>VERSION MOBILE OU APPLICATION ?<\/span><\/h3>\n<p><span>Dans le club virtuel, la version mobile est repr\u00e9sent\u00e9e par un site web adapt\u00e9 et une application sp\u00e9ciale.\u00a0Si le joueur a d\u00e9j\u00e0 un compte au casino, il peut se connecter \u00e0 son compte personnel sur le gadget en utilisant ces donn\u00e9es.\u00a0Ainsi que sur le site, les joueurs peuvent jouer dans l&rsquo;application moyennant des frais, avec retrait d&rsquo;argent.\u00a0En outre, le joueur peut acc\u00e9der aux ressources Web du casino dans n&rsquo;importe quel navigateur.\u00a0Aucune installation de logiciel suppl\u00e9mentaire n&rsquo;est requise sur le t\u00e9l\u00e9phone.\u00a0La version mobile du site diff\u00e8re de la version desktop du shell graphique.\u00a0Sur une ressource Web, l&#8217;emplacement et la taille des boutons, des formulaires et des ic\u00f4nes peuvent \u00eatre modifi\u00e9s.<\/span><\/p>\n<h3><span>QUELS SONT LES AVANTAGES DE L&rsquo;APPLICATION DE CASINO\u00a0?<\/span><\/h3>\n<p><span>Les joueurs mobiles notent les points forts suivants\u00a0:<\/span><\/p>\n<ul>\n<li aria-level=\"1\"><span>le jeu est disponible n&rsquo;importe o\u00f9 \u00e0 partir d&rsquo;un appareil mobile\u00a0;<\/span><\/li>\n<li aria-level=\"1\"><span>l&rsquo;application peut \u00eatre t\u00e9l\u00e9charg\u00e9e et install\u00e9e gratuitement ;<\/span><\/li>\n<li aria-level=\"1\"><span>la plateforme s&rsquo;adapte aux diff\u00e9rents param\u00e8tres d&rsquo;\u00e9cran ;<\/span><\/li>\n<li aria-level=\"1\"><span>l&rsquo;acc\u00e8s au jeu est plus rapide ;<\/span><\/li>\n<li aria-level=\"1\"><span>\u00e0 tout moment, vous pouvez revenir au jeu sur le bureau.<\/span><\/li>\n<li aria-level=\"1\"><span>L&rsquo;appareil mobile est utilis\u00e9 uniquement, de sorte que le joueur peut enregistrer le login et le mot de passe pour acc\u00e9der au compte personnel du club sans compromettre la s\u00e9curit\u00e9 des donn\u00e9es.<\/span><\/li>\n<\/ul>\n<h3><span>COMMENT T\u00c9L\u00c9CHARGER UN CASINO SUR VOTRE T\u00c9L\u00c9PHONE ?<\/span><\/h3>\n<p><span>Pour jouer sur le gadget dans l&rsquo;application, vous devez t\u00e9l\u00e9charger les fichiers du programme une fois et les installer.\u00a0Si les d\u00e9veloppeurs publient une version am\u00e9lior\u00e9e du programme, la mise \u00e0 jour sera automatique.\u00a0Il n&rsquo;y a pas d&rsquo;exigences techniques particuli\u00e8res pour l&rsquo;appareil.\u00a0Avant l&rsquo;installation, le lecteur doit allouer une petite quantit\u00e9 d&rsquo;espace disque libre.\u00a0Des composants suppl\u00e9mentaires sont \u00e9galement install\u00e9s gratuitement.<\/span><\/p>\n","protected":false},"excerpt":{"rendered":"<p>&nbsp; L&rsquo;application de casino RocketPlay\u00a0est un bon moyen de jouer \u00e0 vos machines \u00e0 sous pr\u00e9f\u00e9r\u00e9es sans d\u00e9pendre d&rsquo;un ordinateur de bureau.\u00a0Surtout pour les joueurs avec des gadgets portables, les casinos cr\u00e9ent\u00a0des versions mobiles\u00a0de sites ou d&rsquo;applications sp\u00e9ciales qui vous permettent de jouer \u00e0 tout moment \u00e0 l&rsquo;endroit souhait\u00e9.\u00a0Pour que les machines \u00e0 sous de&#8230;<\/p>\n","protected":false},"author":1,"featured_media":0,"parent":0,"menu_order":0,"comment_status":"closed","ping_status":"closed","template":"","meta":{"_acf_changed":false,"_kad_post_transparent":"default","_kad_post_title":"default","_kad_post_layout":"default","_kad_post_sidebar_id":"","_kad_post_content_style":"default","_kad_post_vertical_padding":"default","_kad_post_feature":"","_kad_post_feature_position":"","_kad_post_header":false,"_kad_post_footer":false,"footnotes":""},"class_list":["post-1599","page","type-page","status-publish","hentry"],"acf":[],"rttpg_featured_image_url":null,"rttpg_author":{"display_name":"Elvis","author_link":"https:\/\/rocketplay-slot.com\/fr\/author\/pemvas95n89x\/"},"rttpg_comment":0,"rttpg_category":null,"rttpg_excerpt":"&nbsp; L&rsquo;application de casino RocketPlay\u00a0est un bon moyen de jouer \u00e0 vos machines \u00e0 sous pr\u00e9f\u00e9r\u00e9es sans d\u00e9pendre d&rsquo;un ordinateur de bureau.\u00a0Surtout pour les joueurs avec des gadgets portables, les casinos cr\u00e9ent\u00a0des versions mobiles\u00a0de sites ou d&rsquo;applications sp\u00e9ciales qui vous permettent de jouer \u00e0 tout moment \u00e0 l&rsquo;endroit souhait\u00e9.\u00a0Pour que les machines \u00e0 sous de...","_links":{"self":[{"href":"https:\/\/rocketplay-slot.com\/fr\/wp-json\/wp\/v2\/pages\/1599","targetHints":{"allow":["GET"]}}],"collection":[{"href":"https:\/\/rocketplay-slot.com\/fr\/wp-json\/wp\/v2\/pages"}],"about":[{"href":"https:\/\/rocketplay-slot.com\/fr\/wp-json\/wp\/v2\/types\/page"}],"author":[{"embeddable":true,"href":"https:\/\/rocketplay-slot.com\/fr\/wp-json\/wp\/v2\/users\/1"}],"replies":[{"embeddable":true,"href":"https:\/\/rocketplay-slot.com\/fr\/wp-json\/wp\/v2\/comments?post=1599"}],"version-history":[{"count":2,"href":"https:\/\/rocketplay-slot.com\/fr\/wp-json\/wp\/v2\/pages\/1599\/revisions"}],"predecessor-version":[{"id":1603,"href":"https:\/\/rocketplay-slot.com\/fr\/wp-json\/wp\/v2\/pages\/1599\/revisions\/1603"}],"wp:attachment":[{"href":"https:\/\/rocketplay-slot.com\/fr\/wp-json\/wp\/v2\/media?parent=1599"}],"curies":[{"name":"wp","href":"https:\/\/api.w.org\/{rel}","templated":true}]}}