{"id":1717,"date":"2022-05-16T10:44:31","date_gmt":"2022-05-16T07:44:31","guid":{"rendered":"https:\/\/rocketplay-slot.com\/roulette\/"},"modified":"2025-11-24T20:30:57","modified_gmt":"2025-11-24T17:30:57","slug":"roulette","status":"publish","type":"page","link":"https:\/\/rocketplay-slot.com\/fr\/roulette\/","title":{"rendered":"Roulette"},"content":{"rendered":"<div id=\"wppb-builder-container\" class=\"wppb-builder-container\">                <div  class=\"wppb-row-parent  wppb-row-1651149714946 \"  >\n\t\t\t\t\t\n\t\t\t\t\t\t\t\t\t\t\n\t\t\t\t\t\t\t\t\t\t\n\t\t\t\t\t<div class=\"wppb-container \">\n\t\t\t\t\t\t\t\t\t\t\t\t\t\n                        <div class=\"wppb-row\">\n\t\t\t\t\t\t\t                                    <div  class=\"wppb-column-parent wppb-column-parent-view wppb-col-1651149714949  \"  >\n                                        <div class=\"wppb-column\">\n\t\t\t\t\t\n\t\t\t\t\t\t\t\t\t\t\t\n                                            <div class=\"wppb-builder-addons\">\n\t\t\t\t\t\t\t\t\t\t\t\t<div class='wppb-builder-addon wppb-addon-1651150162258'  data-addon-id='1651150162258'><div class='wppb-addon'><div class=\"wppb-headline-addon\"><div class=\"wppb-headline-content\"><h1 class=\"wppb-addon-title\">Roulette au casino en ligne RocketPlay<\/h1><\/div><\/div><\/div><\/div><div class='wppb-builder-addon wppb-addon-1651150171497'  data-addon-id='1651150171497'><div class='wppb-addon'><div class=\"wppb-text-block-addon\"><div class=\"wppb-text-block-content 0\"><p>Roulette\u00a0<a href=\"https:\/\/rocketplay-slot.com\/fr\">RocketPlay en ligne<\/a>\u00a0est disponible pour\u00a0<a href=\"https:\/\/rocketplay-slot.com\/fr\/mobile-version\/\">mobile<\/a>\u00a0et votre PC tous les visiteurs enregistr\u00e9s pour de l'argent.\u00a0Autrement dit, les utilisateurs n'ont pas \u00e0 d\u00e9penser d'argent suppl\u00e9mentaire en frais de conversion.\u00a0Si vous vous souvenez de jouer sur le site officiel, vous comprendrez pourquoi les joueurs ont choisi cette ressource pour se divertir et gagner.<\/p><\/div><\/div><\/div><\/div><div class='wppb-builder-addon wppb-addon-1651149715158'  data-addon-id='1651149715158'><div class='wppb-addon'><div class=\"wppb-addon wppb-button-addon\"><div class=\"wppb-button-addon-content\"><a  href=\"\/go-casino\/\" target=_blank class=\"wppb-btn-addons  wppb-btn-custom wppb-btn-round wppb-btn-large wppb-btn-no\">JOUE MAINTENANT<\/a><\/div><\/div><\/div><\/div>                                            <\/div>\n                                        <\/div>\n                                    <\/div>\n\t\t\t\t\t\t\t\t\t                                    <div  class=\"wppb-column-parent wppb-column-parent-view wppb-col-1651149714947  \"  >\n                                        <div class=\"wppb-column\">\n\t\t\t\t\t\n\t\t\t\t\t\t\t\t\t\t\t\n                                            <div class=\"wppb-builder-addons\">\n\t\t\t\t\t\t\t\t\t\t\t\t<div class='wppb-builder-addon wppb-addon-1707396972459'  data-addon-id='1707396972459'><div class='wppb-addon'><div class=\"wppb-image-addon\"><figure class=\"wppb-image-addon-content-wrap\"><div class=\"wppb-image-addon-content wppb-imginlineblock\"><img decoding=\"async\" class=\"wppb-image-addon-img\" src=\"https:\/\/rocketplay-slot.com\/wp-content\/uploads\/2024\/02\/roulette-at-rocketplay-online-casino.jpg\" alt=\"ROULETTE AU CASINO EN LIGNE ROCKETPLAY\"><\/div><\/figure><\/div><\/div><\/div>                                            <\/div>\n                                        <\/div>\n                                    <\/div>\n\t\t\t\t\t\t\t\t\t                        <\/div>\n\n                    <\/div>\n                <\/div>\n\t\t\t\t                <div  class=\"wppb-row-parent  wppb-row-1651149715118 \"  >\n\t\t\t\t\t\n\t\t\t\t\t\t\t\t\t\t\n\t\t\t\t\t\t\t\t\t\t\n\t\t\t\t\t<div class=\"wppb-container \">\n\t\t\t\t\t\t\t\t\t\t\t\t\t\n                        <div class=\"wppb-row\">\n\t\t\t\t\t\t\t                                    <div  class=\"wppb-column-parent wppb-column-parent-view wppb-col-1651149715122  \"  >\n                                        <div class=\"wppb-column\">\n\t\t\t\t\t\n\t\t\t\t\t\t\t\t\t\t\t\n                                            <div class=\"wppb-builder-addons\">\n\t\t\t\t\t\t\t\t\t\t\t\t<div class='wppb-builder-addon wppb-addon-1707396972464'  data-addon-id='1707396972464'><div class='wppb-addon'><div class=\"wppb-image-addon\"><figure class=\"wppb-image-addon-content-wrap\"><div class=\"wppb-image-addon-content wppb-imginlineblock\"><img decoding=\"async\" class=\"wppb-image-addon-img\" src=\"https:\/\/rocketplay-slot.com\/wp-content\/uploads\/2024\/02\/roulette-at-rocketplay-online-casino-2.jpg\" alt=\"ROULETTE AU CASINO EN LIGNE ROCKETPLAY 2\"><\/div><\/figure><\/div><\/div><\/div>                                            <\/div>\n                                        <\/div>\n                                    <\/div>\n\t\t\t\t\t\t\t\t\t                                    <div  class=\"wppb-column-parent wppb-column-parent-view wppb-col-1651149715119  \"  >\n                                        <div class=\"wppb-column\">\n\t\t\t\t\t\n\t\t\t\t\t\t\t\t\t\t\t\n                                            <div class=\"wppb-builder-addons\">\n\t\t\t\t\t\t\t\t\t\t\t\t<div class='wppb-builder-addon wppb-addon-1651149715120'  data-addon-id='1651149715120'><div class='wppb-addon'><div class=\"wppb-headline-addon\"><div class=\"wppb-headline-content\"><h2 class=\"wppb-addon-title\">Roulette : machine \u00e0 sous int\u00e9ressante et excitante<\/h2><\/div><\/div><\/div><\/div><div class='wppb-builder-addon wppb-addon-1651149715121'  data-addon-id='1651149715121'><div class='wppb-addon'><div class=\"wppb-text-block-addon\"><div class=\"wppb-text-block-content 0\"><p><span>Chaque joueur cherche \u00e0 jouer avec une efficacit\u00e9 maximale.\u00a0<span class=\"\">Si un joueur pr\u00e9f\u00e8re un certain type d'application, cela ne veut pas dire qu'il ne pr\u00e9f\u00e8re qu'une seule machine \u00e0 sous classique.\u00a0<\/span>La roulette pour de l'argent r\u00e9el est repr\u00e9sent\u00e9e dans cette section du portail plusieurs types (disponibles environ 20 vari\u00e9t\u00e9s).\u00a0Naturellement, la plus populaire \u00e9tait la roulette europ\u00e9enne avec l'avantage le plus faible pour les propri\u00e9taires de clubs - 2,7 %.\u00a0En ligne, vous pouvez utiliser les codes bonus de l'administration dans le cadre de diverses promotions et obtenir des bonus suppl\u00e9mentaires pour le jeu.<\/span><\/p><p><span>En plus de la roulette europ\u00e9enne, il existe d'autres vari\u00e9t\u00e9s : am\u00e9ricaine, fran\u00e7aise, etc. Pour une immersion compl\u00e8te dans le jeu, vous pouvez jouer avec des croupiers en direct, ce qui est tr\u00e8s appr\u00e9ci\u00e9 par de nombreux utilisateurs.\u00a0Malgr\u00e9 le fait qu'il n'y a pas de tours gratuits dans de telles applications, obtenir un gain rapide est toujours r\u00e9el.\u00a0Soit dit en passant, les joueurs exp\u00e9riment\u00e9s recommandent de jouer \u00e0 la roulette fran\u00e7aise et d'utiliser activement la \"r\u00e8gle de la prison\".\u00a0Il r\u00e9duit l'avantage du casino \u00e0 1,35 %.<\/span><\/p><\/div><\/div><\/div><\/div>                                            <\/div>\n                                        <\/div>\n                                    <\/div>\n\t\t\t\t\t\t\t\t\t                        <\/div>\n\n                    <\/div>\n                <\/div>\n\t\t\t\t                <div  class=\"wppb-row-parent  wppb-row-1652183192609 \"  >\n\t\t\t\t\t\n\t\t\t\t\t\t\t\t\t\t\n\t\t\t\t\t\t\t\t\t\t\n\t\t\t\t\t<div class=\"wppb-container \">\n\t\t\t\t\t\t\t\t\t\t\t\t\t\n                        <div class=\"wppb-row\">\n\t\t\t\t\t\t\t                                    <div  class=\"wppb-column-parent wppb-column-parent-view wppb-col-1652183192610  \"  >\n                                        <div class=\"wppb-column\">\n\t\t\t\t\t\n\t\t\t\t\t\t\t\t\t\t\t\n                                            <div class=\"wppb-builder-addons\">\n\t\t\t\t\t\t\t\t\t\t\t\t<div class='wppb-builder-addon wppb-addon-1652183192623'  data-addon-id='1652183192623'><div class='wppb-addon'><div class=\"wppb-headline-addon\"><div class=\"wppb-headline-content\"><h2 class=\"wppb-addon-title\">COMMENT GAGNER \u00c0 LA ROULETTE<\/h2><\/div><\/div><\/div><\/div><div class='wppb-builder-addon wppb-addon-1652183192612'  data-addon-id='1652183192612'><div class='wppb-addon'><div class=\"wppb-text-block-addon\"><div class=\"wppb-text-block-content 0\"><p><span>Le but de tout jeu de hasard est de gagner avec un investissement minimum.\u00a0Apr\u00e8s avoir commenc\u00e9 \u00e0 jouer \u00e0 Roulette RocketPlay pour de l'argent, chaque joueur vise \u00e0 casser la balle.\u00a0En utilisant diff\u00e9rentes strat\u00e9gies, tout le monde peut atteindre la bonne chance.\u00a0Mais n'oubliez pas que le jeu d\u00e9pend de la chance et de la capacit\u00e9 \u00e0 s'arr\u00eater \u00e0 temps, de sorte que le r\u00e9sultat du tour peut \u00eatre diff\u00e9rent.\u00a0Les mises doivent \u00eatre raisonnables et ne pas faire all-in, si ce n'est pas justifi\u00e9.<\/span><\/p><p><span>La strat\u00e9gie la plus simple et la plus populaire est consid\u00e9r\u00e9e comme Martingale.\u00a0Les joueurs doivent parier sur des cotes \u00e9gales (plus\/moins, rouge\/noir, pair\/impair).\u00a0Selon la th\u00e9orie des probabilit\u00e9s, la balle ne peut pas tomber tout le temps dans certaines cases, il faut donc miser tout le temps sur une seule option.\u00a0Il faut commencer par la mise minimum.\u00a0En cas d'\u00e9chec, au tour suivant, le nombre de jetons est doubl\u00e9.\u00a0Faites ainsi jusqu'\u00e0 ce que vous gagniez.<\/span><\/p><p><span>En principe, ce syst\u00e8me pourrait \u00eatre totalement gagnant-gagnant s'il n'y avait pas une petite nuance.\u00a0Dans n'importe quel casino (et dans RocketPlay aussi), il y a des limites sur les paris.\u00a0Cependant, la probabilit\u00e9 de gagner est tr\u00e8s \u00e9lev\u00e9e, car le m\u00eame r\u00e9sultat d'un tour plus de 3 \u00e0 5 fois de suite est tr\u00e8s rare.<\/span><\/p><\/div><\/div><\/div><\/div>                                            <\/div>\n                                        <\/div>\n                                    <\/div>\n\t\t\t\t\t\t\t\t\t                                    <div  class=\"wppb-column-parent wppb-column-parent-view wppb-col-1652183192613  \"  >\n                                        <div class=\"wppb-column\">\n\t\t\t\t\t\n\t\t\t\t\t\t\t\t\t\t\t\n                                            <div class=\"wppb-builder-addons\">\n\t\t\t\t\t\t\t\t\t\t\t\t<div class='wppb-builder-addon wppb-addon-1707396972474'  data-addon-id='1707396972474'><div class='wppb-addon'><div class=\"wppb-image-addon\"><figure class=\"wppb-image-addon-content-wrap\"><div class=\"wppb-image-addon-content wppb-imginlineblock\"><img decoding=\"async\" class=\"wppb-image-addon-img\" src=\"https:\/\/rocketplay-slot.com\/wp-content\/uploads\/2024\/02\/roulette-at-rocketplay-online-casino-3.jpg\" alt=\"ROULETTE AU CASINO EN LIGNE ROCKETPLAY 3\"><\/div><\/figure><\/div><\/div><\/div>                                            <\/div>\n                                        <\/div>\n                                    <\/div>\n\t\t\t\t\t\t\t\t\t                        <\/div>\n\n                    <\/div>\n                <\/div>\n\t\t\t\t                <div  class=\"wppb-row-parent  wppb-row-1652183192667 \"  >\n\t\t\t\t\t\n\t\t\t\t\t\t\t\t\t\t\n\t\t\t\t\t\t\t\t\t\t\n\t\t\t\t\t<div class=\"wppb-container \">\n\t\t\t\t\t\t\t\t\t\t\t\t\t\n                        <div class=\"wppb-row\">\n\t\t\t\t\t\t\t                                    <div  class=\"wppb-column-parent wppb-column-parent-view wppb-col-1652183192668  \"  >\n                                        <div class=\"wppb-column\">\n\t\t\t\t\t\n\t\t\t\t\t\t\t\t\t\t\t\n                                            <div class=\"wppb-builder-addons\">\n\t\t\t\t\t\t\t\t\t\t\t\t<div class='wppb-builder-addon wppb-addon-1652183192669'  data-addon-id='1652183192669'><div class='wppb-addon'><div class=\"wppb-headline-addon\"><div class=\"wppb-headline-content\"><h2 class=\"wppb-addon-title\">JOUEZ \u00c0 LA ROULETTE GRATUITEMENT<\/h2><\/div><\/div><\/div><\/div><div class='wppb-builder-addon wppb-addon-1652183192670'  data-addon-id='1652183192670'><div class='wppb-addon'><div class=\"wppb-text-block-addon\"><div class=\"wppb-text-block-content 0\"><p><span>Au club, toutes les vari\u00e9t\u00e9s de roulette classique sont propos\u00e9es en deux variantes : payante et gratuite.\u00a0Le jeu de d\u00e9monstration a un avantage : il est disponible pour les joueurs qui ne se sont pas inscrits dans la salle de jeu.\u00a0Vous pouvez simplement vous rendre sur le site Web du casino et commencer \u00e0 jouer sans d\u00e9p\u00f4t et sans inscription.<\/span><\/p><p><span>La fonctionnalit\u00e9 de la version gratuite diff\u00e8re de la version payante sur le point principal : il n'y a aucun moyen de gagner de l'argent r\u00e9el.\u00a0Sinon, ces machines \u00e0 sous RocketPlay ne sont pas inf\u00e9rieures \u00e0 la version payante.\u00a0Dans d\u00e9mo-\u00e9mulateur, vous pouvez parier que le gameplay se d\u00e9veloppe de mani\u00e8re standard.\u00a0C'est une excellente option pour les joueurs d\u00e9butants qui veulent comprendre les r\u00e8gles, ne pas \u00e9chouer, faire des paris pour de l'argent.<\/span><\/p><p><span>M\u00eame de nombreux joueurs exp\u00e9riment\u00e9s jouent souvent l'option sans payer.\u00a0C'est dans le jeu de d\u00e9monstration que vous pouvez toujours v\u00e9rifier si l'un des sch\u00e9mas populaires fonctionne ou proposer votre propre algorithme gagnant.\u00a0Si vous voulez simplement passer du temps au casino et \u00e9conomiser votre argent, alors jouez gratuitement \u00e0 Roulette RocketPlay.\u00a0\u00c0 en juger par les critiques des joueurs, le jeu de d\u00e9monstration dans le club apporte le m\u00eame plaisir que la version payante.<\/span><\/p><\/div><\/div><\/div><\/div>                                            <\/div>\n                                        <\/div>\n                                    <\/div>\n\t\t\t\t\t\t\t\t\t                                    <div  class=\"wppb-column-parent wppb-column-parent-view wppb-col-1652183192671  \"  >\n                                        <div class=\"wppb-column\">\n\t\t\t\t\t\n\t\t\t\t\t\t\t\t\t\t\t\n                                            <div class=\"wppb-builder-addons\">\n\t\t\t\t\t\t\t\t\t\t\t\t<div class='wppb-builder-addon wppb-addon-1707396972479'  data-addon-id='1707396972479'><div class='wppb-addon'><div class=\"wppb-image-addon\"><figure class=\"wppb-image-addon-content-wrap\"><div class=\"wppb-image-addon-content wppb-imginlineblock\"><img decoding=\"async\" class=\"wppb-image-addon-img\" src=\"https:\/\/rocketplay-slot.com\/wp-content\/uploads\/2024\/02\/roulette-at-rocketplay-online-casino-4.jpg\" alt=\"ROULETTE AU CASINO EN LIGNE ROCKETPLAY 4\"><\/div><\/figure><\/div><\/div><\/div>                                            <\/div>\n                                        <\/div>\n                                    <\/div>\n\t\t\t\t\t\t\t\t\t                        <\/div>\n\n                    <\/div>\n                <\/div>\n\t\t\t\t                <div  class=\"wppb-row-parent  wppb-row-1651158175344 \"  >\n\t\t\t\t\t\n\t\t\t\t\t\t\t\t\t\t\n\t\t\t\t\t\t\t\t\t\t\n\t\t\t\t\t<div class=\"wppb-container \">\n\t\t\t\t\t\t\t\t\t\t\t\t\t\n                        <div class=\"wppb-row\">\n\t\t\t\t\t\t\t                                    <div  class=\"wppb-column-parent wppb-column-parent-view wppb-col-1651158175345  \"  >\n                                        <div class=\"wppb-column\">\n\t\t\t\t\t\n\t\t\t\t\t\t\t\t\t\t\t\n                                            <div class=\"wppb-builder-addons\">\n\t\t\t\t\t\t\t\t\t\t\t\t<div class='wppb-builder-addon wppb-addon-1707396972484'  data-addon-id='1707396972484'><div class='wppb-addon'><div class=\"wppb-image-addon\"><figure class=\"wppb-image-addon-content-wrap\"><div class=\"wppb-image-addon-content wppb-imginlineblock\"><img decoding=\"async\" class=\"wppb-image-addon-img\" src=\"https:\/\/rocketplay-slot.com\/wp-content\/uploads\/2024\/02\/roulette-at-rocketplay-online-casino-5.jpg\" alt=\"ROULETTE AU CASINO EN LIGNE ROCKETPLAY 5\"><\/div><\/figure><\/div><\/div><\/div>                                            <\/div>\n                                        <\/div>\n                                    <\/div>\n\t\t\t\t\t\t\t\t\t                                    <div  class=\"wppb-column-parent wppb-column-parent-view wppb-col-1651158175347  \"  >\n                                        <div class=\"wppb-column\">\n\t\t\t\t\t\n\t\t\t\t\t\t\t\t\t\t\t\n                                            <div class=\"wppb-builder-addons\">\n\t\t\t\t\t\t\t\t\t\t\t\t<div class='wppb-builder-addon wppb-addon-1651158175348'  data-addon-id='1651158175348'><div class='wppb-addon'><div class=\"wppb-headline-addon\"><div class=\"wppb-headline-content\"><h2 class=\"wppb-addon-title\">COMMENT JOUER POUR DE L'ARGENT<\/h2><\/div><\/div><\/div><\/div><div class='wppb-builder-addon wppb-addon-1651158175349'  data-addon-id='1651158175349'><div class='wppb-addon'><div class=\"wppb-text-block-addon\"><div class=\"wppb-text-block-content 0\"><p>Les habitu\u00e9s de la salle de jeux pr\u00e9f\u00e8rent jouer \u00e0 la Roulette RocketPlay en argent r\u00e9el.\u00a0Si vous d\u00e9cidez de risquer votre argent, vous devrez vous pr\u00e9inscrire.<\/p><p>La proc\u00e9dure d'inscription comporte plusieurs \u00e9tapes.\u00a0Tout d'abord, vous devez vous connecter au site Web du casino, cliquer sur le bouton \"s'inscrire\", puis - fournir dans le menu d'ouverture, votre adresse e-mail et votre mot de passe, que vous utiliserez plus tard pour acc\u00e9der au site.<\/p><p>Apr\u00e8s cela, vous devrez confirmer la bo\u00eete aux lettres.\u00a0Le r\u00e9approvisionnement du compte est effectu\u00e9 dans le bureau personnel.\u00a0Pour le saisir, utilisez les donn\u00e9es fournies lors de l'inscription.\u00a0Pour faire un pari, il suffira de faire un d\u00e9p\u00f4t m\u00eame pour un petit montant.<\/p><p>Il existe plusieurs m\u00e9thodes pour d\u00e9poser votre compte : soit par carte, soit par porte-monnaie \u00e9lectronique.\u00a0Dans les deux cas, l'argent arrive rapidement au d\u00e9p\u00f4t, vous n'avez pas besoin d'attendre.\u00a0\u00c0 l'avenir, le retrait des gains est effectu\u00e9 sur le m\u00eame compte \u00e0 partir duquel vous avez initialement d\u00e9pos\u00e9.<\/p><p>Choisissez la version du jeu qui vous convient le mieux - payante ou gratuite. Il existe diff\u00e9rentes variantes du meilleur jeu Roulette RocketPlay Canada sur le site Web du club.<\/p><\/div><\/div><\/div><\/div>                                            <\/div>\n                                        <\/div>\n                                    <\/div>\n\t\t\t\t\t\t\t\t\t                        <\/div>\n\n                    <\/div>\n                <\/div>\n\t\t\t\t                <div  class=\"wppb-row-parent  wppb-row-1652456671409 \"  >\n\t\t\t\t\t\n\t\t\t\t\t\t\t\t\t\t\n\t\t\t\t\t\t\t\t\t\t\n\t\t\t\t\t<div class=\"wppb-container \">\n\t\t\t\t\t\t\t\t\t\t\t\t\t\n                        <div class=\"wppb-row\">\n\t\t\t\t\t\t\t                                    <div  class=\"wppb-column-parent wppb-column-parent-view wppb-col-1652456671410  \"  >\n                                        <div class=\"wppb-column\">\n\t\t\t\t\t\n\t\t\t\t\t\t\t\t\t\t\t\n                                            <div class=\"wppb-builder-addons\">\n\t\t\t\t\t\t\t\t\t\t\t\t<div class='wppb-builder-addon wppb-addon-1652456671411'  data-addon-id='1652456671411'><div class='wppb-addon'><div class=\"wppb-headline-addon\"><div class=\"wppb-headline-content\"><h2 class=\"wppb-addon-title\">POURQUOI CHOISIR LE CASINO EN LIGNE ROCKETPLAY<\/h2><\/div><\/div><\/div><\/div><div class='wppb-builder-addon wppb-addon-1652456671412'  data-addon-id='1652456671412'><div class='wppb-addon'><div class=\"wppb-text-block-addon\"><div class=\"wppb-text-block-content 0\"><p><span class=\"\">Les visiteurs peuvent jouer en ligne non seulement \u00e0 la roulette dans le casino, mais \u00e9galement dans d'autres machines \u00e0 sous RocketPlay.\u00a0<\/span>La gamme d'application Roulette RocketPlay ravira tous les fans de passer du temps avec excitation.\u00a0Les avantages du portail sont \u00e9vidents :<\/p><ul><li>Le club travaille sous une licence officielle.<\/li><li>Une vari\u00e9t\u00e9 de machines \u00e0 sous permet \u00e0 tout utilisateur de faire un choix rapide.<\/li><li>Vous pouvez jouer sur le site gratuitement sans inscription ou pour de l'argent r\u00e9el.<\/li><li>Le rendement total des machines (RTP) est \u00e0 un niveau \u00e9lev\u00e9.<\/li><li>L'administration distribue g\u00e9n\u00e9reusement des bonus et propose de participer \u00e0 un programme de fid\u00e9lit\u00e9 avantageux.<\/li><li><a href=\"https:\/\/rocketplay-slot.com\/fr\/live-roulette\/\">La roulette en direct<\/a>\u00a0et d'autres jeux, g\u00e9r\u00e9s dans un studio sp\u00e9cial, vous permettent de vous sentir comme un visiteur dans un vrai casino.<\/li><li>Les tournois et les promotions organis\u00e9s par l'administration aident \u00e0 diversifier le gameplay.<\/li><li>La confidentialit\u00e9 est garantie par le service de s\u00e9curit\u00e9.<\/li><li>Le rechargement d'un d\u00e9p\u00f4t et le retrait des gains sont effectu\u00e9s de diff\u00e9rentes mani\u00e8res pratiques (toutes les transactions sont prot\u00e9g\u00e9es par un cryptage 128 bits).<\/li><\/ul><p>Ce ne sont pas tous les avantages des casinos en ligne RocketPlay, mais cette liste prouve qu'il est r\u00e9el de passer du temps avec plaisir et en toute s\u00e9curit\u00e9.<\/p><\/div><\/div><\/div><\/div>                                            <\/div>\n                                        <\/div>\n                                    <\/div>\n\t\t\t\t\t\t\t\t\t                                    <div  class=\"wppb-column-parent wppb-column-parent-view wppb-col-1652456671413  \"  >\n                                        <div class=\"wppb-column\">\n\t\t\t\t\t\n\t\t\t\t\t\t\t\t\t\t\t\n                                            <div class=\"wppb-builder-addons\">\n\t\t\t\t\t\t\t\t\t\t\t\t<div class='wppb-builder-addon wppb-addon-1707396972546'  data-addon-id='1707396972546'><div class='wppb-addon'><div class=\"wppb-image-addon\"><figure class=\"wppb-image-addon-content-wrap\"><div class=\"wppb-image-addon-content wppb-imginlineblock\"><img decoding=\"async\" class=\"wppb-image-addon-img\" src=\"https:\/\/rocketplay-slot.com\/wp-content\/uploads\/2024\/02\/roulette-at-rocketplay-online-casino-6.jpg\" alt=\"ROULETTE AU CASINO EN LIGNE ROCKETPLAY 6\"><\/div><\/figure><\/div><\/div><\/div>                                            <\/div>\n                                        <\/div>\n                                    <\/div>\n\t\t\t\t\t\t\t\t\t                        <\/div>\n\n                    <\/div>\n                <\/div>\n\t\t\t\t<\/div>","protected":false},"excerpt":{"rendered":"<p>Roulette au casino en ligne RocketPlayRoulette\u00a0RocketPlay en ligne\u00a0est disponible pour\u00a0mobile\u00a0et votre PC tous les visiteurs enregistr\u00e9s pour de l&rsquo;argent.\u00a0Autrement dit, les utilisateurs n&rsquo;ont pas \u00e0 d\u00e9penser d&rsquo;argent suppl\u00e9mentaire en frais de conversion.\u00a0Si vous vous souvenez de jouer sur le site officiel, vous comprendrez pourquoi les joueurs ont choisi cette ressource pour se divertir et gagner.JOUE&#8230;<\/p>\n","protected":false},"author":1,"featured_media":0,"parent":0,"menu_order":0,"comment_status":"closed","ping_status":"closed","template":"wppb_theme_template","meta":{"_acf_changed":false,"_kad_post_transparent":"default","_kad_post_title":"default","_kad_post_layout":"default","_kad_post_sidebar_id":"","_kad_post_content_style":"default","_kad_post_vertical_padding":"default","_kad_post_feature":"","_kad_post_feature_position":"","_kad_post_header":false,"_kad_post_footer":false,"footnotes":""},"class_list":["post-1717","page","type-page","status-publish","hentry"],"acf":[],"rttpg_featured_image_url":null,"rttpg_author":{"display_name":"Elvis","author_link":"https:\/\/rocketplay-slot.com\/fr\/author\/pemvas95n89x\/"},"rttpg_comment":0,"rttpg_category":null,"rttpg_excerpt":"Roulette au casino en ligne RocketPlayRoulette\u00a0RocketPlay en ligne\u00a0est disponible pour\u00a0mobile\u00a0et votre PC tous les visiteurs enregistr\u00e9s pour de l'argent.\u00a0Autrement dit, les utilisateurs n'ont pas \u00e0 d\u00e9penser d'argent suppl\u00e9mentaire en frais de conversion.\u00a0Si vous vous souvenez de jouer sur le site officiel, vous comprendrez pourquoi les joueurs ont choisi cette ressource pour se divertir et gagner.JOUE...","_links":{"self":[{"href":"https:\/\/rocketplay-slot.com\/fr\/wp-json\/wp\/v2\/pages\/1717","targetHints":{"allow":["GET"]}}],"collection":[{"href":"https:\/\/rocketplay-slot.com\/fr\/wp-json\/wp\/v2\/pages"}],"about":[{"href":"https:\/\/rocketplay-slot.com\/fr\/wp-json\/wp\/v2\/types\/page"}],"author":[{"embeddable":true,"href":"https:\/\/rocketplay-slot.com\/fr\/wp-json\/wp\/v2\/users\/1"}],"replies":[{"embeddable":true,"href":"https:\/\/rocketplay-slot.com\/fr\/wp-json\/wp\/v2\/comments?post=1717"}],"version-history":[{"count":1,"href":"https:\/\/rocketplay-slot.com\/fr\/wp-json\/wp\/v2\/pages\/1717\/revisions"}],"predecessor-version":[{"id":1718,"href":"https:\/\/rocketplay-slot.com\/fr\/wp-json\/wp\/v2\/pages\/1717\/revisions\/1718"}],"wp:attachment":[{"href":"https:\/\/rocketplay-slot.com\/fr\/wp-json\/wp\/v2\/media?parent=1717"}],"curies":[{"name":"wp","href":"https:\/\/api.w.org\/{rel}","templated":true}]}}