{"id":1720,"date":"2022-06-15T08:28:32","date_gmt":"2022-06-15T05:28:32","guid":{"rendered":"https:\/\/rocketplay-slot.com\/live-roulette\/"},"modified":"2025-11-24T20:50:46","modified_gmt":"2025-11-24T17:50:46","slug":"live-roulette","status":"publish","type":"page","link":"https:\/\/rocketplay-slot.com\/fr\/live-roulette\/","title":{"rendered":"Roulette casino en ligne RocketPlay"},"content":{"rendered":"<p>La roulette est l&rsquo;un des jeux de hasard les plus invent\u00e9s par l&rsquo;homme.\u00a0Un halo de myst\u00e8re de ce jeu retiendra plusieurs histoires de son origine.\u00a0Une l\u00e9gende dit qu&rsquo;en France au 14\u00e8me si\u00e8cle pour remplir le tr\u00e9sor le cardinal Mazarin ordonna de distribuer la roulette dans toutes les maisons de jeu.\u00a0A cette \u00e9poque, c&rsquo;\u00e9tait un jeu avec 40 valets num\u00e9rot\u00e9s et trois z\u00e9ros, qui s&rsquo;appelait \u00ab\u00a0Hoca\u00a0\u00bb.\u00a0Certes, apr\u00e8s la mort de Louis XIV, quiconque organisait la \u00ab Hoca \u00bb devait \u00eatre ex\u00e9cut\u00e9.<\/p>\n<p>Selon une autre version, le math\u00e9maticien Blaise Pascal aurait particip\u00e9 \u00e0 la cr\u00e9ation du jeu.\u00a0Mais elle aussi est divis\u00e9e en deux histoires : selon l&rsquo;une, Blaise a essay\u00e9 de cr\u00e9er une machine \u00e0 mouvement perp\u00e9tuel avec une roue et une boule ;\u00a0selon l&rsquo;autre, il s&rsquo;enferma dans un monast\u00e8re pour r\u00e9soudre le probl\u00e8me de la probabilit\u00e9 d&rsquo;une loterie \u00e0 36 billets.<\/p>\n<p>Quoi qu&rsquo;il en soit, le jeu prend ses racines fran\u00e7aises et aujourd&rsquo;hui, il est impossible d&rsquo;imaginer un casino sans roulette.\u00a0Depuis l&rsquo;av\u00e8nement des\u00a0<a href=\"https:\/\/rocketplay-slot.com\/fr\/casino\/\">casinos en ligne<\/a>\u00a0, la roulette, ou comme on pourrait l&rsquo;appeler la \u00ab\u00a0grande roue\u00a0\u00bb, est \u00e9galement devenue une partie int\u00e9grante du casino.<\/p>\n<h2>PRINCIPE DU JEU DE ROULETTE<\/h2>\n<p>Le jeu de\u00a0roulette live en ligne RocketPlay\u00a0, l&rsquo;un des plus simples.\u00a0Devant les joueurs se trouve une roue num\u00e9rot\u00e9e de 1 \u00e0 36 et plus z\u00e9ro.\u00a0Les nombres sont dispos\u00e9s dans un ordre al\u00e9atoire, mais dans une stricte rotation de couleurs &#8211; noir et rouge.\u00a0\u00c0 c\u00f4t\u00e9 de la roue se trouve une table de pari.\u00a0L\u00e0, les joueurs peuvent parier sur un num\u00e9ro sp\u00e9cifique, une couleur (noir-rouge), pair ou impair, une douzaine (un des 12 num\u00e9ros), plus, moins et z\u00e9ro.<\/p>\n\t<div class=\"alao-sidebar-box alao-sidebar-box-light-blue\">\n\t\t<a href=\"\" class=\"alao-sidebar-box__link\">\n\t\t\t<span class=\"alao-sidebar-box__thumb\">\n\t\t\t\t<img decoding=\"async\" src=\"https:\/\/rocketplay-slot.com\/wp-content\/uploads\/2022\/06\/second_bonus_nonlog.png\" alt=\"Bonus de deuxi\u00e8me d\u00e9p\u00f4t\">\n\t\t\t<\/span>\n\t\t\t<span class=\"alao-sidebar-box__info\">\n\t\t\t\t<span class=\"alao-sidebar-box__info-wrap\">\n\t\t\t\t\t<span class=\"alao-sidebar-box__head\">Bonus de deuxi\u00e8me d\u00e9p\u00f4t<\/span>\n\t\t\t\t\t<span class=\"alao-sidebar-box__desc\">200% BONUS POUR LE DEUXI\u00c8ME D\u00c9P\u00d4T<\/span>\n\t\t\t\t\t<span class=\"alao-sidebar-box__button\">Obtenir<\/span>\n\t\t\t\t<\/span>\n\t\t\t<\/span>\n\t\t<\/a>\n\t<\/div>\n\t\n<h2>ROULETTE<\/h2>\n<p>Avant de placer vos mises, le croupier prononce la mise supr\u00eame : \u00ab Faites vos mises messieurs !\u00a0Une fois les paris plac\u00e9s, une phrase tout aussi populaire est prononc\u00e9e\u00a0: \u00ab\u00a0Les paris sont plac\u00e9s, plus de paris\u00a0\u00bb.\u00a0La roue de la roulette tourne dans un sens et la bille est n\u00e9cessairement dans le sens oppos\u00e9.\u00a0Une fois que la balle s&rsquo;est arr\u00eat\u00e9e dans une cellule,\u00a0la roulette du croupier en direct RocketPlay\u00a0annonce le num\u00e9ro gagnant, le fixe sur le terrain de jeu et les joueurs gagnants re\u00e7oivent des gains, et les paris perdants vont \u00e0 la\u00a0roulette du casino en direct RocketPlay\u00a0.<\/p>\n<p>L&rsquo;\u00a0application de roulette en direct RocketPlay\u00a0a toutes les r\u00e8gles ci-dessus, sauf que tout se passe sur votre \u00e9cran de contr\u00f4le.\u00a0Bien s\u00fbr, certains peuvent manquer ces phrases de la couronne, mais l&rsquo;excitation est enti\u00e8rement pr\u00e9serv\u00e9e.\u00a0Et pour les joueurs qui veulent toujours toucher \u00e0 la roulette en direct sans quitter leur domicile, il existe \u00e9galement quelques options.<\/p>\n<h2>ROULETTE VIRTUELLE EN LIGNE<\/h2>\n<p>Jouer\u00a0\u00e0 la roulette en direct Canada RocketPlay est beaucoup plus facile que vous ne l&rsquo;imaginez.\u00a0Dans la version live, la roue elle-m\u00eame se compose de plus de 300 composants et est configur\u00e9e avec une pr\u00e9cision de bijou, car seulement 1 millim\u00e8tre de mouvement permettra aux joueurs observateurs de remarquer dans quels secteurs la balle est la plus susceptible de tomber.\u00a0Dans le cas de\u00a0RocketPlay roulette live en argent r\u00e9el\u00a0, tout est g\u00e9r\u00e9 par un g\u00e9n\u00e9rateur de nombres al\u00e9atoires, qui assure l&rsquo;\u00e9quit\u00e9 du tirage.\u00a0Tout comme dans l&rsquo;original, vous pouvez \u00eatre s\u00fbr que la balle est tomb\u00e9e sur cette figure est compl\u00e8tement al\u00e9atoire.<\/p>\n<p>Une autre caract\u00e9ristique de la grande roue en ligne est que vous pouvez jouer\u00a0gratuitement \u00e0 la roulette live RocketPlay\u00a0.\u00a0La roulette a diff\u00e9rentes variantes dans chaque casino, vous pouvez donc facilement ouvrir n&rsquo;importe lequel d&rsquo;entre eux et jouer gratuitement en utilisant des jetons virtuels.\u00a0Cela vous aidera non seulement \u00e0 comprendre le principe du jeu, mais aussi \u00e0 tester des strat\u00e9gies de roulette populaires.<\/p>\n<h2>POURQUOI LA ROULETTE VIRTUELLE DANS LES CASINOS ?<\/h2>\n<p>Au c\u0153ur du jeu de roulette virtuelle se trouve un g\u00e9n\u00e9rateur de nombres al\u00e9atoires, qui est garanti pour produire des r\u00e9sultats al\u00e9atoires.\u00a0Les meilleurs casinos en ligne subissent r\u00e9guli\u00e8rement des audits ind\u00e9pendants de leur solidit\u00e9 et disposent des licences appropri\u00e9es.<\/p>\n<p>Les chances de gagner \u00e0 la roulette virtuelle et r\u00e9elle sont les m\u00eames.\u00a0Vous pouvez utiliser toutes les strat\u00e9gies et astuces connues qui existent pour la roulette r\u00e9guli\u00e8re.\u00a0Bien que leur efficacit\u00e9 soit r\u00e9duite.<\/p>\n<p>Le faible niveau des mises \u00e0 la roulette virtuelle par rapport au jeu dans un vrai casino.<\/p>\n<p>Vous pouvez choisir entre diff\u00e9rentes variantes de roulette, r\u00e9duisant ainsi l&rsquo;avantage de l&rsquo;\u00e9tablissement.\u00a0 \u00a0 \u00a0 \u00a0 \u00a0 \u00a0 \u00a0 \u00a0 \u00a0 \u00a0 \u00a0 \u00a0 \u00a0 \u00a0 \u00a0 \u00a0 \u00a0 \u00a0 \u00a0 \u00a0 \u00a0 \u00a0 \u00a0 \u00a0 \u00a0 \u00a0 \u00a0 \u00a0 \u00a0 \u00a0 \u00a0 \u00a0 \u00a0 \u00a0 \u00a0 \u00a0 \u00a0 \u00a0 \u00a0 \u00a0 \u00a0 \u00a0 \u00a0 \u00a0 \u00a0 \u00a0 \u00a0 \u00a0 \u00a0 \u00a0 \u00a0 \u00a0 \u00a0 \u00a0 \u00a0 \u00a0 \u00a0 \u00a0 \u00a0 \u00a0 \u00a0 \u00a0 \u00a0 \u00a0 \u00a0 \u00a0 \u00a0 \u00a0 \u00a0 \u00a0 \u00a0 \u00a0 \u00a0 \u00a0 \u00a0 \u00a0 \u00a0 \u00a0 \u00a0 <span style=\"font-weight: 400;\"><img loading=\"lazy\" decoding=\"async\" class=\"aligncenter wp-image-4027\" src=\"https:\/\/rocketplay-slot.com\/wp-content\/uploads\/2024\/02\/close-up-casino-roulette-1.jpg\" alt=\"Roulette casino en ligne RocketPlay\" width=\"800\" height=\"534\" srcset=\"https:\/\/rocketplay-slot.com\/wp-content\/uploads\/2024\/02\/close-up-casino-roulette-1.jpg 1000w, https:\/\/rocketplay-slot.com\/wp-content\/uploads\/2024\/02\/close-up-casino-roulette-1-300x200.jpg 300w, https:\/\/rocketplay-slot.com\/wp-content\/uploads\/2024\/02\/close-up-casino-roulette-1-768x512.jpg 768w\" sizes=\"auto, (max-width: 800px) 100vw, 800px\" \/><\/span><\/p>\n<h2>TYPES DE ROULETTE<\/h2>\n<p>Aujourd&rsquo;hui, il existe de nombreuses variantes de la roulette.\u00a0Certains sont populaires, tandis que d&rsquo;autres agissent pour attirer les joueurs r\u00e9cr\u00e9atifs.\u00a0\u00c0 ce stade, il existe quatre vari\u00e9t\u00e9s principales qui ont \u00e9t\u00e9 \u00e9tablies dans le monde du jeu depuis des d\u00e9cennies.<\/p>\n<p>Roulette europ\u00e9enne ou classique : comporte 37 secteurs, de 1 \u00e0 36 et un \u00ab z\u00e9ro \u00bb.\u00a0C&rsquo;est le z\u00e9ro qui donne le principal avantage du casino.\u00a0Pariez dessus souvent, car le paiement est de 1 \u00e0 36, mais il est rarement touch\u00e9.\u00a0L&rsquo;avantage du casino dans cette variante de la roulette en ligne (et hors ligne \u00e9galement) est de 2,7 %.<\/p>\n<p>Roulette am\u00e9ricaine : Sa diff\u00e9rence avec la roulette europ\u00e9enne est une chose \u2013 la bobine a 38 secteurs.\u00a0De 1 \u00e0 36, z\u00e9ro et double z\u00e9ro.\u00a0Cela augmente l&rsquo;avantage du casino \u00e0 5,26\u00a0%, mais en plus de cela, il y a trop de joueurs qui pensent que deux z\u00e9ros sont une grande chance pour de gros gains.<\/p>\n<p>Roulette fran\u00e7aise : C&rsquo;est l&rsquo;option la plus populaire aupr\u00e8s des joueurs et la plus impopulaire aupr\u00e8s des op\u00e9rateurs.\u00a0Le fait est qu&rsquo;il se joue comme la roulette europ\u00e9enne, mais dans le cas des z\u00e9ros, tous les joueurs obtiennent 50 % de la mise.\u00a0Tous ceux qui parient sur un num\u00e9ro, impair, rouge ou douzaine seront rembours\u00e9s.<\/p>\n<p>Mini Roulette : Cette option est particuli\u00e8rement appr\u00e9ci\u00e9e des gros joueurs.\u00a0Sa particularit\u00e9 est que le champ se compose de 13 secteurs \u2013 de 1 \u00e0 12, un z\u00e9ro et un secteur vide.\u00a0Bien s\u00fbr, cela triple au moins l&rsquo;avantage du casino, mais ce qui attire les joueurs, c&rsquo;est l&rsquo;absence de limite de mise maximale.<\/p>\n<p>Tous ces types de roulette sont disponibles sur RocketPlay Casino. Pour jouer gratuitement \u00e0 la roulette en direct RocketPlay , il vous suffit de vous inscrire rapidement et de tenter votre chance.\u00a0 \u00a0 \u00a0 \u00a0 \u00a0 \u00a0 \u00a0 \u00a0 \u00a0 \u00a0 \u00a0 \u00a0 \u00a0 \u00a0 \u00a0 \u00a0 \u00a0 \u00a0 \u00a0 \u00a0 \u00a0 \u00a0 \u00a0 \u00a0 \u00a0 \u00a0 \u00a0 \u00a0 \u00a0 \u00a0 \u00a0 \u00a0 \u00a0 \u00a0 \u00a0 \u00a0 \u00a0 \u00a0 \u00a0 \u00a0 \u00a0 \u00a0 \u00a0 \u00a0 \u00a0 \u00a0 <img loading=\"lazy\" decoding=\"async\" class=\"aligncenter wp-image-4037\" src=\"https:\/\/rocketplay-slot.com\/wp-content\/uploads\/2024\/02\/collage-casino-images-with-roulette-table-smiling-man-showing-thumbs-up.jpg\" alt=\"Roulette casino en ligne RocketPlay 2 \" width=\"800\" height=\"548\" srcset=\"https:\/\/rocketplay-slot.com\/wp-content\/uploads\/2024\/02\/collage-casino-images-with-roulette-table-smiling-man-showing-thumbs-up.jpg 1000w, https:\/\/rocketplay-slot.com\/wp-content\/uploads\/2024\/02\/collage-casino-images-with-roulette-table-smiling-man-showing-thumbs-up-300x206.jpg 300w, https:\/\/rocketplay-slot.com\/wp-content\/uploads\/2024\/02\/collage-casino-images-with-roulette-table-smiling-man-showing-thumbs-up-768x526.jpg 768w\" sizes=\"auto, (max-width: 800px) 100vw, 800px\" \/><\/p>\n<h2>ROULETTE EN DIRECT<\/h2>\n<p>Le casino\u00a0<a href=\"https:\/\/rocketplay-slot.com\/fr\">RocketPlay<\/a>\u00a0pr\u00e9sente la roulette en direct (live roulette).\u00a0C&rsquo;est une variante de la roulette, o\u00f9 les paris sont pris par un vrai croupier &#8211; \u00e0 une vraie table et une vraie roue qui a pass\u00e9 sept tours de certification.\u00a0En g\u00e9n\u00e9ral, la diff\u00e9rence entre la vraie roulette est que le direct est situ\u00e9 dans une salle sp\u00e9cialement \u00e9quip\u00e9e et que l&rsquo;accent est mis sur les joueurs qui font des paris via l&rsquo;\u00e9cran du moniteur.<\/p>\n<p>Mais certains op\u00e9rateurs sont all\u00e9s beaucoup plus loin.\u00a0RocketPlay Casino propose un type sp\u00e9cial de roulette en direct.\u00a0Sur l&rsquo;une des vraies tables de roulette, situ\u00e9es dans les plus grands casinos de Las Vegas, un \u00e9quipement sp\u00e9cial est install\u00e9 pour les joueurs en ligne.\u00a0Ainsi, vous pouvez faire des paris sur votre \u00e9cran de contr\u00f4le avec les visiteurs du casino, en regardant tout ce qui se passe.<\/p>\n<h2>STRAT\u00c9GIE<\/h2>\n<p>Passons directement aux nouvelles d\u00e9sagr\u00e9ables &#8211; il n&rsquo;y a pas de syst\u00e8me unique qui apporte un revenu stable indubitable \u00e0 la roulette.<\/p>\n<p>Il existe de nombreuses strat\u00e9gies sur Internet pour un jeu r\u00e9ussi.\u00a0Les plus c\u00e9l\u00e8bres sont les syst\u00e8mes de D&rsquo;Alamber, Whitecracker et, bien s\u00fbr, Martingale.\u00a0En plus d&rsquo;eux, il existe des mod\u00e8les bas\u00e9s sur la \u00ab\u00a0th\u00e9orie du chaos\u00a0\u00bb, la \u00ab\u00a0th\u00e9orie des grands nombres\u00a0\u00bb et d&rsquo;autres.<\/p>\n<p>Et s&rsquo;ils peuvent apporter n&rsquo;importe quel r\u00e9sultat dans une institution hors ligne, le casino en ligne fonctionne sur la base d&rsquo;un g\u00e9n\u00e9rateur de nombres al\u00e9atoires, qui annule toutes les strat\u00e9gies rus\u00e9es.<\/p>\n","protected":false},"excerpt":{"rendered":"<p>La roulette est l&rsquo;un des jeux de hasard les plus invent\u00e9s par l&rsquo;homme.\u00a0Un halo de myst\u00e8re de ce jeu retiendra plusieurs histoires de son origine.\u00a0Une l\u00e9gende dit qu&rsquo;en France au 14\u00e8me si\u00e8cle pour remplir le tr\u00e9sor le cardinal Mazarin ordonna de distribuer la roulette dans toutes les maisons de jeu.\u00a0A cette \u00e9poque, c&rsquo;\u00e9tait un jeu&#8230;<\/p>\n","protected":false},"author":1,"featured_media":0,"parent":0,"menu_order":0,"comment_status":"closed","ping_status":"closed","template":"","meta":{"_acf_changed":false,"_kad_post_transparent":"default","_kad_post_title":"default","_kad_post_layout":"default","_kad_post_sidebar_id":"","_kad_post_content_style":"default","_kad_post_vertical_padding":"default","_kad_post_feature":"","_kad_post_feature_position":"","_kad_post_header":false,"_kad_post_footer":false,"footnotes":""},"class_list":["post-1720","page","type-page","status-publish","hentry"],"acf":[],"rttpg_featured_image_url":null,"rttpg_author":{"display_name":"Elvis","author_link":"https:\/\/rocketplay-slot.com\/fr\/author\/pemvas95n89x\/"},"rttpg_comment":0,"rttpg_category":null,"rttpg_excerpt":"La roulette est l&rsquo;un des jeux de hasard les plus invent\u00e9s par l&rsquo;homme.\u00a0Un halo de myst\u00e8re de ce jeu retiendra plusieurs histoires de son origine.\u00a0Une l\u00e9gende dit qu&rsquo;en France au 14\u00e8me si\u00e8cle pour remplir le tr\u00e9sor le cardinal Mazarin ordonna de distribuer la roulette dans toutes les maisons de jeu.\u00a0A cette \u00e9poque, c&rsquo;\u00e9tait un jeu...","_links":{"self":[{"href":"https:\/\/rocketplay-slot.com\/fr\/wp-json\/wp\/v2\/pages\/1720","targetHints":{"allow":["GET"]}}],"collection":[{"href":"https:\/\/rocketplay-slot.com\/fr\/wp-json\/wp\/v2\/pages"}],"about":[{"href":"https:\/\/rocketplay-slot.com\/fr\/wp-json\/wp\/v2\/types\/page"}],"author":[{"embeddable":true,"href":"https:\/\/rocketplay-slot.com\/fr\/wp-json\/wp\/v2\/users\/1"}],"replies":[{"embeddable":true,"href":"https:\/\/rocketplay-slot.com\/fr\/wp-json\/wp\/v2\/comments?post=1720"}],"version-history":[{"count":3,"href":"https:\/\/rocketplay-slot.com\/fr\/wp-json\/wp\/v2\/pages\/1720\/revisions"}],"predecessor-version":[{"id":4576,"href":"https:\/\/rocketplay-slot.com\/fr\/wp-json\/wp\/v2\/pages\/1720\/revisions\/4576"}],"wp:attachment":[{"href":"https:\/\/rocketplay-slot.com\/fr\/wp-json\/wp\/v2\/media?parent=1720"}],"curies":[{"name":"wp","href":"https:\/\/api.w.org\/{rel}","templated":true}]}}