{"id":2478,"date":"2023-01-10T12:41:48","date_gmt":"2023-01-10T09:41:48","guid":{"rendered":"https:\/\/rocketplay-slot.com\/live-casino\/real-money\/"},"modified":"2025-11-24T20:18:33","modified_gmt":"2025-11-24T17:18:33","slug":"live-dealer","status":"publish","type":"page","link":"https:\/\/rocketplay-slot.com\/fr\/live-dealer\/","title":{"rendered":"Qu&rsquo;est-ce qu&rsquo;un croupier en direct\u00a0?"},"content":{"rendered":"<p>Parmi les casinos, les utilisateurs gagnent en popularit\u00e9 dans le casino Live Dealer. Mais beaucoup de gens ne comprennent pas ce que c&rsquo;est, pourquoi c&rsquo;est populaire et comment jouer \u00e0 des jeux avec le croupier en direct. C&rsquo;est pourquoi nous vous aiderons \u00e0 le comprendre, \u00e0 comprendre comment cela fonctionne et pourquoi vous devriez jouer avec le casino Live Dealer. Pourriez-vous lire \u00e0 ce sujet dans l&rsquo;article ci-dessous.<\/p>\n<p><img loading=\"lazy\" decoding=\"async\" class=\"aligncenter wp-image-4076\" src=\"https:\/\/rocketplay-slot.com\/wp-content\/uploads\/2024\/02\/hands-unknown-man-holding-two-aces-against-roulette-excited-guy-women-rejoicing-their-win-while-standing-playing-table-colorful-background-stacks-chips-poker-casino-close-up.jpg\" alt=\"Qu'est-ce qu'un croupier en direct\u00a0?\" width=\"800\" height=\"379\" srcset=\"https:\/\/rocketplay-slot.com\/wp-content\/uploads\/2024\/02\/hands-unknown-man-holding-two-aces-against-roulette-excited-guy-women-rejoicing-their-win-while-standing-playing-table-colorful-background-stacks-chips-poker-casino-close-up.jpg 1000w, https:\/\/rocketplay-slot.com\/wp-content\/uploads\/2024\/02\/hands-unknown-man-holding-two-aces-against-roulette-excited-guy-women-rejoicing-their-win-while-standing-playing-table-colorful-background-stacks-chips-poker-casino-close-up-300x142.jpg 300w, https:\/\/rocketplay-slot.com\/wp-content\/uploads\/2024\/02\/hands-unknown-man-holding-two-aces-against-roulette-excited-guy-women-rejoicing-their-win-while-standing-playing-table-colorful-background-stacks-chips-poker-casino-close-up-768x364.jpg 768w\" sizes=\"auto, (max-width: 800px) 100vw, 800px\" \/><\/p>\n<h2>AVANTAGES ET INCONV\u00c9NIENTS DU CONCESSIONNAIRE EN DIRECT<\/h2>\n<p>De plus en plus souvent, les utilisateurs de casinos en ligne choisissent les jeux avec croupier en direct. Nous avons d\u00e9cid\u00e9 de d\u00e9terminer quels sont les principaux avantages et inconv\u00e9nients. Passons aux inconv\u00e9nients constat\u00e9s par les utilisateurs :<\/p>\n<ul>\n<li>gamme limit\u00e9e de jeux &#8211; tous les jeux ne peuvent pas ajouter un croupier. Par exemple, il n&rsquo;y a pas de croupier aux machines \u00e0 sous, mais au poker de nos jours, il y a un croupier presque partout ;<\/li>\n<li>peut-\u00eatre des erreurs techniques &#8211; il se peut que vous jouiez au poker, alors que vous \u00eates presque en train de gagner, que vous voyiez soudainement un \u00e9cran noir devant vous et que vous soyez oblig\u00e9 de quitter le jeu. Souvent, la principale raison de cet \u00e9chec est la mauvaise connexion Internet de l&rsquo;utilisateur, mais ce n&rsquo;est quand m\u00eame pas tr\u00e8s agr\u00e9able ;<\/li>\n<li>cela rend le jeu plus long et plus compliqu\u00e9 &#8211; il faut toujours attendre que le croupier dise avec sa voix que c&rsquo;est l&rsquo;heure des paris alors que sans lui, il y a toujours des boutons d&rsquo;interface devant soi.<\/li>\n<\/ul>\n<p>Mais ces lacunes ne semblent pas graves ou quelque chose qui ne peut pas \u00eatre support\u00e9, mais les avantages ici sont beaucoup plus int\u00e9ressants :<\/p>\n<ul>\n<li>la confiance que vous \u00eates trait\u00e9 honn\u00eatement &#8211; vous voyez toujours quelles cartes le croupier sort, vous voyez toujours que vous n&rsquo;\u00eates pas tromp\u00e9, cela vaut beaucoup\u00a0;<\/li>\n<li>un moment inoubliable &#8211; chaque session avec un casino en ligne Live Dealer n&rsquo;est pas une conversation en direct, une interaction en direct. C&rsquo;est toujours agr\u00e9able;<\/li>\n<li>commodit\u00e9 &#8211; ce qui est tr\u00e8s difficile \u00e0 nier, c&rsquo;est que jouer avec un croupier est incroyablement pratique. Il vous plonge enti\u00e8rement dans l&rsquo;ambiance du casino. Vous n&rsquo;avez plus besoin de quitter la maison pour vous rendre au casino ou de vous retrouver dans les embouteillages.<\/li>\n<\/ul>\n<p>En r\u00e9sumant les avantages et les inconv\u00e9nients de jouer avec le croupier, le jeu avec le croupier pr\u00e9sente encore des avantages plus significatifs.<\/p>\n<h2>TYPES DE JEUX CHEZ LIVE DEALER<\/h2>\n<p>Les jeux avec un croupier sont souvent similaires \u00e0 leurs homologues dans les casinos terrestres, mais ils peuvent principalement \u00eatre divis\u00e9s en types\u00a0:<\/p>\n<ul>\n<li>Le poker est l&rsquo;une des formes de divertissement les plus populaires dans n&rsquo;importe quel casino, donc sa variante avec un croupier est \u00e9galement r\u00e9pandue ;<\/li>\n<li>Le blackjack est un jeu de cartes fascinant auquel tout le monde a jou\u00e9. Dans un jeu avec un croupier, cela ajoute plus d&rsquo;int\u00e9r\u00eat et d&rsquo;ambiance de jeu ;<\/li>\n<li>La roulette est un jeu de casino classique vieux de plusieurs centaines d&rsquo;ann\u00e9es. Tout le monde sait comment cela fonctionne dans les casinos terrestres, mais vous pouvez \u00e9galement l&rsquo;essayer en ligne avec un croupier.<\/li>\n<\/ul>\n<p>Vous pouvez trouver ces trois principaux jeux de casino en ligne dans le meilleur casino Live Dealer.<\/p>\n<h2>FOURNISSEURS DE LOGICIELS<\/h2>\n<p>L&rsquo;un des principaux domaines de d\u00e9veloppement que tous les d\u00e9veloppeurs de logiciels de ces derni\u00e8res ann\u00e9es vous appelleront sans aucun doute est le d\u00e9veloppement de casinos en direct avec des croupiers. Et ce n&rsquo;est pas seulement parce qu&rsquo;il y a une demande massive parmi les utilisateurs. Tout est fascinant. Et la demande pour ce type de jeu augmente chaque jour car un bon Internet devient de plus en plus accessible. L&rsquo;intelligence artificielle se d\u00e9veloppe de plus en plus, de sorte que les nouveaux jeux avec croupiers en direct frappent d\u00e9j\u00e0 par leur apparence, leur vitesse et l&rsquo;atmosph\u00e8re de ce qui se passe.<\/p>\n<h2>BONUS ET PROMOTIONS<\/h2>\n<p>Les casinos ont toujours fourni des bonus qui aident leurs utilisateurs \u00e0 gagner plus. Vous pouvez d\u00e9penser votre argent de mani\u00e8re plus rentable et le casino obtient de nouveaux utilisateurs et des paiements importants. Veuillez profiter du bonus du casino Live Dealer car il vous permettra de gagner plus.<\/p>\n<p><img loading=\"lazy\" decoding=\"async\" class=\"aligncenter wp-image-4067\" src=\"https:\/\/rocketplay-slot.com\/wp-content\/uploads\/2024\/02\/man-is-playing-poker-emotional-fail-game-game-card-player-man-very-angry-with-foolish-choices-losing-all-chips-bank-concept-victory-loosing.jpg\" alt=\"Qu'est-ce qu'un croupier en direct\u00a0? 2\" width=\"800\" height=\"534\" srcset=\"https:\/\/rocketplay-slot.com\/wp-content\/uploads\/2024\/02\/man-is-playing-poker-emotional-fail-game-game-card-player-man-very-angry-with-foolish-choices-losing-all-chips-bank-concept-victory-loosing.jpg 1000w, https:\/\/rocketplay-slot.com\/wp-content\/uploads\/2024\/02\/man-is-playing-poker-emotional-fail-game-game-card-player-man-very-angry-with-foolish-choices-losing-all-chips-bank-concept-victory-loosing-300x200.jpg 300w, https:\/\/rocketplay-slot.com\/wp-content\/uploads\/2024\/02\/man-is-playing-poker-emotional-fail-game-game-card-player-man-very-angry-with-foolish-choices-losing-all-chips-bank-concept-victory-loosing-768x512.jpg 768w\" sizes=\"auto, (max-width: 800px) 100vw, 800px\" \/><\/p>\n<h2>PAIEMENT ET RETRAIT<\/h2>\n<p>Vous pouvez d\u00e9poser votre solde au casino en ligne dans une vari\u00e9t\u00e9 de m\u00e9thodes adapt\u00e9es \u00e0 vos m\u00e9thodes. Il peut s&rsquo;agir de syst\u00e8mes de paiement bancaires tels que Visa, MasterCard et American Express, de syst\u00e8mes de paiement en ligne tels que PayPal ou de vos portefeuilles de crypto-monnaie.<\/p>\n<p>Malheureusement, il existe moins de m\u00e9thodes pour retirer vos fonds, mais il en reste encore beaucoup. Vous pouvez toujours retirer votre solde dans votre portefeuille de crypto-monnaie ou utiliser PayPal.<\/p>\n","protected":false},"excerpt":{"rendered":"<p>Parmi les casinos, les utilisateurs gagnent en popularit\u00e9 dans le casino Live Dealer. Mais beaucoup de gens ne comprennent pas ce que c&rsquo;est, pourquoi c&rsquo;est populaire et comment jouer \u00e0 des jeux avec le croupier en direct. C&rsquo;est pourquoi nous vous aiderons \u00e0 le comprendre, \u00e0 comprendre comment cela fonctionne et pourquoi vous devriez jouer&#8230;<\/p>\n","protected":false},"author":1,"featured_media":0,"parent":0,"menu_order":0,"comment_status":"closed","ping_status":"closed","template":"","meta":{"_acf_changed":false,"_kad_post_transparent":"default","_kad_post_title":"default","_kad_post_layout":"default","_kad_post_sidebar_id":"","_kad_post_content_style":"default","_kad_post_vertical_padding":"default","_kad_post_feature":"","_kad_post_feature_position":"","_kad_post_header":false,"_kad_post_footer":false,"footnotes":""},"class_list":["post-2478","page","type-page","status-publish","hentry"],"acf":[],"rttpg_featured_image_url":null,"rttpg_author":{"display_name":"Elvis","author_link":"https:\/\/rocketplay-slot.com\/fr\/author\/pemvas95n89x\/"},"rttpg_comment":0,"rttpg_category":null,"rttpg_excerpt":"Parmi les casinos, les utilisateurs gagnent en popularit\u00e9 dans le casino Live Dealer. Mais beaucoup de gens ne comprennent pas ce que c&rsquo;est, pourquoi c&rsquo;est populaire et comment jouer \u00e0 des jeux avec le croupier en direct. C&rsquo;est pourquoi nous vous aiderons \u00e0 le comprendre, \u00e0 comprendre comment cela fonctionne et pourquoi vous devriez jouer...","_links":{"self":[{"href":"https:\/\/rocketplay-slot.com\/fr\/wp-json\/wp\/v2\/pages\/2478","targetHints":{"allow":["GET"]}}],"collection":[{"href":"https:\/\/rocketplay-slot.com\/fr\/wp-json\/wp\/v2\/pages"}],"about":[{"href":"https:\/\/rocketplay-slot.com\/fr\/wp-json\/wp\/v2\/types\/page"}],"author":[{"embeddable":true,"href":"https:\/\/rocketplay-slot.com\/fr\/wp-json\/wp\/v2\/users\/1"}],"replies":[{"embeddable":true,"href":"https:\/\/rocketplay-slot.com\/fr\/wp-json\/wp\/v2\/comments?post=2478"}],"version-history":[{"count":3,"href":"https:\/\/rocketplay-slot.com\/fr\/wp-json\/wp\/v2\/pages\/2478\/revisions"}],"predecessor-version":[{"id":4592,"href":"https:\/\/rocketplay-slot.com\/fr\/wp-json\/wp\/v2\/pages\/2478\/revisions\/4592"}],"wp:attachment":[{"href":"https:\/\/rocketplay-slot.com\/fr\/wp-json\/wp\/v2\/media?parent=2478"}],"curies":[{"name":"wp","href":"https:\/\/api.w.org\/{rel}","templated":true}]}}