{"id":2530,"date":"2023-01-10T15:56:28","date_gmt":"2023-01-10T12:56:28","guid":{"rendered":"https:\/\/rocketplay-slot.com\/live-casino\/free\/"},"modified":"2024-02-08T17:03:46","modified_gmt":"2024-02-08T14:03:46","slug":"free","status":"publish","type":"page","link":"https:\/\/rocketplay-slot.com\/fr\/live-casino\/free\/","title":{"rendered":"Tout sur le casino en direct gratuit sur Rocket Play"},"content":{"rendered":"<p>Beaucoup de nouveaux utilisateurs ont peur de jouer aux casinos pour de l&rsquo;argent r\u00e9el. Quelqu&rsquo;un a peur de jouer pour de l&rsquo;argent r\u00e9el de peur de tout perdre, quelqu&rsquo;un qu&rsquo;il pourrait \u00eatre tromp\u00e9. Pour ces personnes, il existe un casino Live Free pour essayer pleinement le casino, d\u00e9velopper leur strat\u00e9gie de jeu et gagner de l&rsquo;argent r\u00e9el.<\/p>\n<p><img loading=\"lazy\" decoding=\"async\" class=\"aligncenter wp-image-4106\" src=\"https:\/\/rocketplay-slot.com\/wp-content\/uploads\/2024\/02\/male-croupier-casino-table-hands-close-up-casino-concept-gambling-poker-chips-green-casino-table.jpg\" alt=\"Tout sur le casino en direct gratuit sur Rocket Play\" width=\"800\" height=\"534\" srcset=\"https:\/\/rocketplay-slot.com\/wp-content\/uploads\/2024\/02\/male-croupier-casino-table-hands-close-up-casino-concept-gambling-poker-chips-green-casino-table.jpg 1000w, https:\/\/rocketplay-slot.com\/wp-content\/uploads\/2024\/02\/male-croupier-casino-table-hands-close-up-casino-concept-gambling-poker-chips-green-casino-table-300x200.jpg 300w, https:\/\/rocketplay-slot.com\/wp-content\/uploads\/2024\/02\/male-croupier-casino-table-hands-close-up-casino-concept-gambling-poker-chips-green-casino-table-768x512.jpg 768w\" sizes=\"auto, (max-width: 800px) 100vw, 800px\" \/><\/p>\n<h2>COMMENT JOUER?<\/h2>\n<p>Si vous commencez \u00e0 vous familiariser avec le jeu en ligne, vous avez peut-\u00eatre une question sur la fa\u00e7on de jouer gratuitement aux casinos en ligne. Pour commencer \u00e0 jouer au casino en direct en ligne gratuit, vous avez besoin de\u00a0:<\/p>\n<ol>\n<li>Allez sur le site officiel du casino en ligne.<\/li>\n<li>Sur la droite dans le coin sup\u00e9rieur se trouvera un bouton pour l&rsquo;enregistrement\/l&rsquo;autorisation. Cliquez ici et remplissez les champs requis. Si vous \u00eates un nouvel utilisateur du casino, passez attentivement l&rsquo;\u00e9tape d&rsquo;enregistrement de votre compte et sp\u00e9cifiez vos donn\u00e9es valides, telles que votre pr\u00e9nom, votre nom, votre adresse e-mail et votre num\u00e9ro de t\u00e9l\u00e9phone.<\/li>\n<li>Apr\u00e8s cela, vous pouvez collecter les bonus \u00e0 votre disposition, vous rendre sur l&rsquo;\u00e9cran des jeux disponibles et s\u00e9lectionner l&rsquo;option \u00ab\u00a0Jeux de d\u00e9monstration\u00a0\u00bb sur la machine \u00e0 sous que vous aimez.<\/li>\n<\/ol>\n<p>En suivant ces courtes instructions, vous ne devriez avoir aucun probl\u00e8me pour d\u00e9marrer le jeu dans le casino Live Free.<\/p>\n<h2>LES JEUX LES PLUS POPULAIRES<\/h2>\n<p>Si vous commencez votre voyage en tant que joueur, vous n&rsquo;avez pas encore d\u00e9cid\u00e9 quels jeux vous pr\u00e9f\u00e9rez. Il y a plus d&rsquo;une centaine de jeux dans le casino, il devient donc difficile de choisir. C&rsquo;est pourquoi nous avons d\u00e9cid\u00e9 de vous aider dans votre choix et avons fait une s\u00e9lection de ce que nous pensons \u00eatre les jeux de casino Live Online Free les plus excitants :<\/p>\n<ul>\n<li>Live Baccarat &#8211; Si vous \u00eates fan de ce jeu, profitez-en au maximum dans un format live. Ce jeu peut vous \u00e9tonner encore plus ;<\/li>\n<li>Roulette en direct &#8211; De nombreuses personnes pr\u00e9f\u00e8rent la roulette classique pour la simplicit\u00e9 des r\u00e8gles et l&rsquo;int\u00e9r\u00eat du jeu. C&rsquo;est pourquoi nous vous recommandons de venir essayer ce que c&rsquo;est avec un croupier en direct, ce qui, bien s\u00fbr, am\u00e9liore l&rsquo;exp\u00e9rience ;<\/li>\n<li>Live Blackjack &#8211; Ce jeu est id\u00e9al pour les fans de jeux de cartes courts, et le croupier en direct ne vous laissera pas douter de l&rsquo;honn\u00eatet\u00e9 de vos r\u00e9sultats.<\/li>\n<\/ul>\n<p>Nous vous recommandons de vous essayer \u00e0 chaque jeu pour avoir la meilleure sensation du casino.<\/p>\n<h2>AVANTAGES DU CASINO EN DIRECT GRATUIT<\/h2>\n<p>Les joueurs exp\u00e9riment\u00e9s qui jouent pour de l&rsquo;argent r\u00e9el ne comprennent souvent pas pourquoi il existe un jeu gratuit de casino en direct, mais peut-\u00eatre que beaucoup d&rsquo;entre eux ont oubli\u00e9 comment ils ont commenc\u00e9 en tant que joueur. Presque tous les joueurs de casino en ligne ont peur de faire leur premier d\u00e9p\u00f4t \u00e0 cause des pr\u00e9jug\u00e9s qui peuvent dire que les casinos peuvent tricher ou qu&rsquo;ils vont perdre toutes leurs \u00e9conomies.<\/p>\n<p>C&rsquo;est pr\u00e9cis\u00e9ment ce dont vous avez besoin pour faire le meilleur casino en direct gratuit. Ils vous permettent d&rsquo;avoir un avant-go\u00fbt de la victoire, et vous gagnerez en confiance dans l&rsquo;honn\u00eatet\u00e9 du casino car vous verrez de vos propres yeux comment cela fonctionne. De plus, chaque utilisateur peut obtenir un bonus de casino en direct gratuit et commencer \u00e0 gagner sans faire d&rsquo;investissement et en jouant aux d\u00e9pens des casinos en ligne.<\/p>\n<h2>CONCLUSION<\/h2>\n<p>Le jeu gratuit dans les casinos en ligne est une excellente occasion pour les d\u00e9butants de se familiariser avec le travail des casinos en ligne, avec le travail de nombreuses machines \u00e0 sous. Vous pouvez d\u00e9velopper leurs strat\u00e9gies pour gagner et effectuer votre premier d\u00e9p\u00f4t avec plus de confiance. Par cons\u00e9quent, nous recommandons fortement \u00e0 tous les nouveaux venus dans le monde du jeu en ligne de se familiariser avec les casinos en ligne gratuits.<\/p>\n<p><img loading=\"lazy\" decoding=\"async\" class=\"aligncenter wp-image-4116\" src=\"https:\/\/rocketplay-slot.com\/wp-content\/uploads\/2024\/02\/different-poker-chips-casino-table.jpg\" alt=\"Tout sur le casino en direct gratuit sur Rocket Play 2\" width=\"800\" height=\"534\" srcset=\"https:\/\/rocketplay-slot.com\/wp-content\/uploads\/2024\/02\/different-poker-chips-casino-table.jpg 1000w, https:\/\/rocketplay-slot.com\/wp-content\/uploads\/2024\/02\/different-poker-chips-casino-table-300x200.jpg 300w, https:\/\/rocketplay-slot.com\/wp-content\/uploads\/2024\/02\/different-poker-chips-casino-table-768x512.jpg 768w\" sizes=\"auto, (max-width: 800px) 100vw, 800px\" \/><\/p>\n<h2>FAQ<\/h2>\n<p>Nous entendons aussi souvent diverses questions sur le fonctionnement des casinos. Nous en avons rassembl\u00e9 trois assez populaires et vous avons donn\u00e9 une r\u00e9ponse qui pourrait vous aider.<\/p>\n<h3>PUIS-JE JOUER DEPUIS MON T\u00c9L\u00c9PHONE PORTABLE\u00a0?<\/h3>\n<p>Oui, le casino en ligne a une version mobile du site. Pour y acc\u00e9der, vous devez vous rendre sur le site officiel du casino, et celui-ci vous redirigera vers le site optimis\u00e9 pour votre smartphone.<\/p>\n<h3>PUIS-JE EFFECTUER MON PREMIER D\u00c9P\u00d4T \u00c0 PARTIR D&rsquo;UN PORTEFEUILLE EN CRYPTOMONNAIE\u00a0?<\/h3>\n<p>Oui, le casino en ligne offre \u00e0 tous les utilisateurs la possibilit\u00e9 de d\u00e9poser leur compte par la m\u00e9thode qui vous convient le mieux.<\/p>\n<h3>QU&rsquo;EST-CE QU&rsquo;UN BONUS DE BIENVENUE\u00a0?<\/h3>\n<p>Un bonus de bienvenue est offert \u00e0 tous les nouveaux utilisateurs qui se sont inscrits sur notre casino. Ce bonus comprend g\u00e9n\u00e9ralement un bonus sur le premier d\u00e9p\u00f4t et des jeux gratuits. Assurez-vous de le v\u00e9rifier sur le site Web avec celui-ci sur le site Web officiel du casino.<\/p>\n","protected":false},"excerpt":{"rendered":"<p>Beaucoup de nouveaux utilisateurs ont peur de jouer aux casinos pour de l&rsquo;argent r\u00e9el. Quelqu&rsquo;un a peur de jouer pour de l&rsquo;argent r\u00e9el de peur de tout perdre, quelqu&rsquo;un qu&rsquo;il pourrait \u00eatre tromp\u00e9. Pour ces personnes, il existe un casino Live Free pour essayer pleinement le casino, d\u00e9velopper leur strat\u00e9gie de jeu et gagner de&#8230;<\/p>\n","protected":false},"author":1,"featured_media":0,"parent":1554,"menu_order":0,"comment_status":"closed","ping_status":"closed","template":"","meta":{"_acf_changed":false,"_kad_post_transparent":"default","_kad_post_title":"default","_kad_post_layout":"default","_kad_post_sidebar_id":"","_kad_post_content_style":"default","_kad_post_vertical_padding":"default","_kad_post_feature":"","_kad_post_feature_position":"","_kad_post_header":false,"_kad_post_footer":false,"footnotes":""},"class_list":["post-2530","page","type-page","status-publish","hentry"],"acf":[],"rttpg_featured_image_url":null,"rttpg_author":{"display_name":"Elvis","author_link":"https:\/\/rocketplay-slot.com\/fr\/author\/pemvas95n89x\/"},"rttpg_comment":0,"rttpg_category":null,"rttpg_excerpt":"Beaucoup de nouveaux utilisateurs ont peur de jouer aux casinos pour de l&rsquo;argent r\u00e9el. Quelqu&rsquo;un a peur de jouer pour de l&rsquo;argent r\u00e9el de peur de tout perdre, quelqu&rsquo;un qu&rsquo;il pourrait \u00eatre tromp\u00e9. Pour ces personnes, il existe un casino Live Free pour essayer pleinement le casino, d\u00e9velopper leur strat\u00e9gie de jeu et gagner de...","_links":{"self":[{"href":"https:\/\/rocketplay-slot.com\/fr\/wp-json\/wp\/v2\/pages\/2530","targetHints":{"allow":["GET"]}}],"collection":[{"href":"https:\/\/rocketplay-slot.com\/fr\/wp-json\/wp\/v2\/pages"}],"about":[{"href":"https:\/\/rocketplay-slot.com\/fr\/wp-json\/wp\/v2\/types\/page"}],"author":[{"embeddable":true,"href":"https:\/\/rocketplay-slot.com\/fr\/wp-json\/wp\/v2\/users\/1"}],"replies":[{"embeddable":true,"href":"https:\/\/rocketplay-slot.com\/fr\/wp-json\/wp\/v2\/comments?post=2530"}],"version-history":[{"count":3,"href":"https:\/\/rocketplay-slot.com\/fr\/wp-json\/wp\/v2\/pages\/2530\/revisions"}],"predecessor-version":[{"id":4608,"href":"https:\/\/rocketplay-slot.com\/fr\/wp-json\/wp\/v2\/pages\/2530\/revisions\/4608"}],"up":[{"embeddable":true,"href":"https:\/\/rocketplay-slot.com\/fr\/wp-json\/wp\/v2\/pages\/1554"}],"wp:attachment":[{"href":"https:\/\/rocketplay-slot.com\/fr\/wp-json\/wp\/v2\/media?parent=2530"}],"curies":[{"name":"wp","href":"https:\/\/api.w.org\/{rel}","templated":true}]}}