{"id":2582,"date":"2023-01-10T17:52:28","date_gmt":"2023-01-10T14:52:28","guid":{"rendered":"https:\/\/rocketplay-slot.com\/live-casino\/poker\/"},"modified":"2025-11-24T20:42:17","modified_gmt":"2025-11-24T17:42:17","slug":"app","status":"publish","type":"page","link":"https:\/\/rocketplay-slot.com\/fr\/live-casino\/app\/","title":{"rendered":"Application de casino en direct sur Rocket Play"},"content":{"rendered":"<p>Un voyage dans un casino terrestre laisse une exp\u00e9rience inoubliable pour toute une vie. Bien s\u00fbr, car ici, tout est impr\u00e9gn\u00e9 de jeux d&rsquo;argent, une atmosph\u00e8re myst\u00e9rieuse et convoit\u00e9e. Mais tout peut \u00eatre fait sans quitter votre propre maison. Tout ce que vous avez \u00e0 faire est d&rsquo;aller sur l&rsquo;application Live Casino. Cela a d\u00e9j\u00e0 gagn\u00e9 en popularit\u00e9, nous avons donc d\u00e9cid\u00e9 de vous en dire plus \u00e0 ce sujet.<\/p>\n<p><img loading=\"lazy\" decoding=\"async\" class=\"aligncenter wp-image-4126\" src=\"https:\/\/rocketplay-slot.com\/wp-content\/uploads\/2024\/02\/composite-image-online-roulette-game.jpg\" alt=\"Application de casino en direct sur Rocket Play\" width=\"800\" height=\"394\" srcset=\"https:\/\/rocketplay-slot.com\/wp-content\/uploads\/2024\/02\/composite-image-online-roulette-game.jpg 1000w, https:\/\/rocketplay-slot.com\/wp-content\/uploads\/2024\/02\/composite-image-online-roulette-game-300x148.jpg 300w, https:\/\/rocketplay-slot.com\/wp-content\/uploads\/2024\/02\/composite-image-online-roulette-game-768x378.jpg 768w\" sizes=\"auto, (max-width: 800px) 100vw, 800px\" \/><\/p>\n<h2>JOUER \u00c0 DES JEUX SUR ANDROID ET IPHONE<\/h2>\n<p>Pour commencer \u00e0 jouer \u00e0 l&rsquo;application Android Live Casino, vous avez besoin de :<\/p>\n<ol>\n<li>Acc\u00e9dez au site officiel du casino en ligne depuis votre t\u00e9l\u00e9phone portable.<\/li>\n<li>Tout en haut se trouvera un bouton vous proposant de t\u00e9l\u00e9charger une application mobile pour votre smartphone. Cliquez dessus, puis le t\u00e9l\u00e9chargement devrait commencer automatiquement.<\/li>\n<li>Une fois l&rsquo;application t\u00e9l\u00e9charg\u00e9e sur votre smartphone, vous devez cliquer sur la barre de t\u00e9l\u00e9chargement de l&rsquo;application et cliquer sur \u00ab\u00a0Installer\u00a0\u00bb. L&rsquo;application devrait s&rsquo;installer assez rapidement, cela ne devrait donc pas poser de probl\u00e8me.<\/li>\n<li>Une fois l&rsquo;application install\u00e9e, l&rsquo;ic\u00f4ne de l&rsquo;application Live Casino devrait appara\u00eetre sur votre bureau. Cliquez dessus et vous entrerez dans l&rsquo;application.<\/li>\n<li>Une fois connect\u00e9 \u00e0 l&rsquo;application, vous serez imm\u00e9diatement invit\u00e9 \u00e0 vous connecter si vous avez d\u00e9j\u00e0 un compte de casino ou \u00e0 vous inscrire si vous n&rsquo;avez pas encore de compte.<\/li>\n<li>Si vous vous inscrivez, n&rsquo;oubliez pas de remplir tous les champs correctement, sans erreur, et de sp\u00e9cifier les donn\u00e9es exactes.<\/li>\n<li>Vous devez inclure votre nom et pr\u00e9nom, mail, votre num\u00e9ro de t\u00e9l\u00e9phone. Vous recevrez un e-mail avec une confirmation d&rsquo;inscription, et \u00e0 l&rsquo;avenir vous recevrez des offres de bonus, gardez un \u0153il dessus.<\/li>\n<\/ol>\n<p>En suivant ces instructions, vous pouvez facilement installer l&rsquo;application mobile du casino en ligne. Malheureusement, si vous avez un iPhone, vous ne pourrez pas installer l&rsquo;application. Mais nos ing\u00e9nieurs logiciels ont d\u00e9velopp\u00e9 une version mobile pratique du site, vous offrant les m\u00eames fonctionnalit\u00e9s que l&rsquo;application.<\/p>\n<h2>CHOIX DES JEUX DE L&rsquo;APPLICATION DE CASINO EN DIRECT<\/h2>\n<p>Certains joueurs peuvent se demander quels jeux sont disponibles sur la meilleure application Live Casino. Et nous avons r\u00e9gl\u00e9 ce probl\u00e8me. Les jeux les plus populaires de la version de bureau sont sur les appareils mobiles. Bien s\u00fbr, tous les jeux ne sont pas disponibles pour le moment, mais d\u00e9j\u00e0 plus de 80% des jeux sont disponibles sur vos t\u00e9l\u00e9phones portables. Mais s\u00e9par\u00e9ment, nous pouvons en attribuer tels:<\/p>\n<ul>\n<li>Aloha Roi Elvis;<\/li>\n<li>rotation magique\u00a0;<\/li>\n<li>Maintenez 3 points et gagnez.<\/li>\n<\/ul>\n<p>Vous pouvez gagner de l&rsquo;argent r\u00e9el avec votre t\u00e9l\u00e9phone portable dans toutes ces machines \u00e0 sous.<\/p>\n<h2>AVANTAGES ET INCONV\u00c9NIENTS DE L&rsquo;APPLICATION DE CASINO EN DIRECT<\/h2>\n<p>Partout o\u00f9 vous pouvez trouver ses avantages et ses inconv\u00e9nients, ainsi qu&rsquo;ici, l&rsquo;essentiel est le rapport des inconv\u00e9nients aux avantages. Et l\u00e0, ce ratio peut rendre les utilisateurs heureux. Les seuls inconv\u00e9nients du jeu mobile sont que tous les jeux ne sont pas disponibles, m\u00eame si la plupart d&rsquo;entre eux le sont, mais peut-\u00eatre que le jeu pr\u00e9f\u00e9r\u00e9 de quelqu&rsquo;un n&rsquo;a pas encore \u00e9t\u00e9 optimis\u00e9.<\/p>\n<p>Et les avantages du jeu mobile sont plus que suffisants, et ils peuvent \u00eatre diff\u00e9rents pour tout le monde. Certains noteront que l&rsquo;application mobile est toujours \u00e0 port\u00e9e de main, et que vous pouvez jouer m\u00eame loin de chez vous. Certains aiment que vous puissiez jouer sans vous lever du canap\u00e9. Quelqu&rsquo;un comme \u00e7a ressemble au t\u00e9l\u00e9phone. Et certaines personnes n&rsquo;ont pas de PC. Et tous ces gens aiment le jeu mobile.<\/p>\n<h2>CONCLUSION<\/h2>\n<p>En conclusion, l&rsquo;application en ligne Live Casino gagne toujours en popularit\u00e9, mais d\u00e9j\u00e0 ce march\u00e9 semble attractif. Les principaux acteurs du march\u00e9 des logiciels rendent d\u00e9j\u00e0 leurs jeux compatibles avec les mobiles. Assurez-vous donc d&rsquo;essayer de jouer aux jeux de casino en ligne depuis votre mobile.<\/p>\n<p><img loading=\"lazy\" decoding=\"async\" class=\"aligncenter wp-image-4135\" src=\"https:\/\/rocketplay-slot.com\/wp-content\/uploads\/2024\/02\/online-gambling-mobile.jpg\" alt=\"Application de casino en direct sur Rocket Play 2\" width=\"800\" height=\"533\" srcset=\"https:\/\/rocketplay-slot.com\/wp-content\/uploads\/2024\/02\/online-gambling-mobile.jpg 1000w, https:\/\/rocketplay-slot.com\/wp-content\/uploads\/2024\/02\/online-gambling-mobile-300x200.jpg 300w, https:\/\/rocketplay-slot.com\/wp-content\/uploads\/2024\/02\/online-gambling-mobile-768x511.jpg 768w\" sizes=\"auto, (max-width: 800px) 100vw, 800px\" \/><\/p>\n<h2>FAQ<\/h2>\n<p>Nous aidons toujours beaucoup de gens s&rsquo;ils ont des questions. C&rsquo;est pourquoi nous avons rassembl\u00e9 quelques questions populaires de nos lecteurs et leur avons donn\u00e9 nos r\u00e9ponses courtes.<\/p>\n<h3>PUIS-JE JOUER GRATUITEMENT DEPUIS L&rsquo;APPLICATION MOBILE\u00a0?<\/h3>\n<p>Oui, dans l&rsquo;application mobile, vous pouvez jouer gratuitement aux m\u00eames jeux que depuis le site officiel sur votre PC.<\/p>\n<h3>QUELLES M\u00c9THODES PUIS-JE UTILISER POUR RECHARGER MON SOLDE DEPUIS L&rsquo;APPLICATION MOBILE\u00a0?<\/h3>\n<p>Vous pouvez recharger votre solde en utilisant n&rsquo;importe quelle m\u00e9thode qui vous convient. Vous pouvez utiliser \u00e0 la fois votre carte bancaire et votre portefeuille de crypto-monnaie.<\/p>\n<h3>PUIS-JE JOUER VIA L&rsquo;APPLICATION MOBILE SI J&rsquo;AI MOINS DE 18\u00a0ANS\u00a0?<\/h3>\n<p>Non, conform\u00e9ment \u00e0 la loi, nous ne pouvons pas vous donner acc\u00e8s au jeu avant l&rsquo;\u00e2ge de 18 ans.<\/p>\n","protected":false},"excerpt":{"rendered":"<p>Un voyage dans un casino terrestre laisse une exp\u00e9rience inoubliable pour toute une vie. Bien s\u00fbr, car ici, tout est impr\u00e9gn\u00e9 de jeux d&rsquo;argent, une atmosph\u00e8re myst\u00e9rieuse et convoit\u00e9e. Mais tout peut \u00eatre fait sans quitter votre propre maison. Tout ce que vous avez \u00e0 faire est d&rsquo;aller sur l&rsquo;application Live Casino. Cela a d\u00e9j\u00e0&#8230;<\/p>\n","protected":false},"author":1,"featured_media":0,"parent":1554,"menu_order":0,"comment_status":"closed","ping_status":"closed","template":"","meta":{"_acf_changed":false,"_kad_post_transparent":"default","_kad_post_title":"default","_kad_post_layout":"default","_kad_post_sidebar_id":"","_kad_post_content_style":"default","_kad_post_vertical_padding":"default","_kad_post_feature":"","_kad_post_feature_position":"","_kad_post_header":false,"_kad_post_footer":false,"footnotes":""},"class_list":["post-2582","page","type-page","status-publish","hentry"],"acf":[],"rttpg_featured_image_url":null,"rttpg_author":{"display_name":"Elvis","author_link":"https:\/\/rocketplay-slot.com\/fr\/author\/pemvas95n89x\/"},"rttpg_comment":0,"rttpg_category":null,"rttpg_excerpt":"Un voyage dans un casino terrestre laisse une exp\u00e9rience inoubliable pour toute une vie. Bien s\u00fbr, car ici, tout est impr\u00e9gn\u00e9 de jeux d&rsquo;argent, une atmosph\u00e8re myst\u00e9rieuse et convoit\u00e9e. Mais tout peut \u00eatre fait sans quitter votre propre maison. Tout ce que vous avez \u00e0 faire est d&rsquo;aller sur l&rsquo;application Live Casino. Cela a d\u00e9j\u00e0...","_links":{"self":[{"href":"https:\/\/rocketplay-slot.com\/fr\/wp-json\/wp\/v2\/pages\/2582","targetHints":{"allow":["GET"]}}],"collection":[{"href":"https:\/\/rocketplay-slot.com\/fr\/wp-json\/wp\/v2\/pages"}],"about":[{"href":"https:\/\/rocketplay-slot.com\/fr\/wp-json\/wp\/v2\/types\/page"}],"author":[{"embeddable":true,"href":"https:\/\/rocketplay-slot.com\/fr\/wp-json\/wp\/v2\/users\/1"}],"replies":[{"embeddable":true,"href":"https:\/\/rocketplay-slot.com\/fr\/wp-json\/wp\/v2\/comments?post=2582"}],"version-history":[{"count":5,"href":"https:\/\/rocketplay-slot.com\/fr\/wp-json\/wp\/v2\/pages\/2582\/revisions"}],"predecessor-version":[{"id":4616,"href":"https:\/\/rocketplay-slot.com\/fr\/wp-json\/wp\/v2\/pages\/2582\/revisions\/4616"}],"up":[{"embeddable":true,"href":"https:\/\/rocketplay-slot.com\/fr\/wp-json\/wp\/v2\/pages\/1554"}],"wp:attachment":[{"href":"https:\/\/rocketplay-slot.com\/fr\/wp-json\/wp\/v2\/media?parent=2582"}],"curies":[{"name":"wp","href":"https:\/\/api.w.org\/{rel}","templated":true}]}}