{"id":2674,"date":"2023-01-10T21:33:59","date_gmt":"2023-01-10T18:33:59","guid":{"rendered":"https:\/\/rocketplay-slot.com\/live-casino\/real-money\/"},"modified":"2025-11-24T20:22:44","modified_gmt":"2025-11-24T17:22:44","slug":"real-money","status":"publish","type":"page","link":"https:\/\/rocketplay-slot.com\/fr\/live-casino\/real-money\/","title":{"rendered":"Tout sur l&rsquo;argent r\u00e9el du casino en direct sur Rocket Play Casino"},"content":{"rendered":"<p>Beaucoup de gens aiment jouer. Certains aiment parier de l&rsquo;argent sur les sports, et certains aiment jouer au poker avec des amis. Et certains aiment jouer pour de l&rsquo;argent r\u00e9el dans les casinos en ligne. Cela donne un sentiment d&rsquo;excitation unique. Il donne le sentiment suppl\u00e9mentaire d&rsquo;une atmosph\u00e8re de casino o\u00f9 vous n&rsquo;avez m\u00eame pas besoin de quitter la maison. Vous pouvez jouer sur un casino en ligne \u00e0 tout moment, un atout majeur pour de nombreuses personnes. Alors pour vous, nous avons fait notre revue dans laquelle nous vous dirons tout sur le casino en ligne en direct en argent r\u00e9el.<\/p>\n<p><img loading=\"lazy\" decoding=\"async\" class=\"aligncenter wp-image-4086\" src=\"https:\/\/rocketplay-slot.com\/wp-content\/uploads\/2024\/02\/cards-chips-poker-green-table.jpg\" alt=\"Tout sur l'argent r\u00e9el du casino en direct sur Rocket Play Casino\" width=\"800\" height=\"534\" srcset=\"https:\/\/rocketplay-slot.com\/wp-content\/uploads\/2024\/02\/cards-chips-poker-green-table.jpg 1000w, https:\/\/rocketplay-slot.com\/wp-content\/uploads\/2024\/02\/cards-chips-poker-green-table-300x200.jpg 300w, https:\/\/rocketplay-slot.com\/wp-content\/uploads\/2024\/02\/cards-chips-poker-green-table-768x512.jpg 768w\" sizes=\"auto, (max-width: 800px) 100vw, 800px\" \/><\/p>\n<p>LES JEUX DE CASINO EN ARGENT R\u00c9EL LES PLUS POPULAIRES<\/p>\n<p>Dans le casino en ligne en direct Real Money, vous pouvez trouver des centaines de jeux. Et beaucoup peuvent \u00eatre confus quant \u00e0 ce qu&rsquo;ils veulent jouer. Alors on vous a fait notre petite liste de jeux auxquels il faut faire attention :<\/p>\n<ul>\n<li>Le Blackjack en direct est l&rsquo;un des types les plus populaires dans les casinos en ligne. Les r\u00e8gles du jeu ne sont pas diff\u00e9rentes du blackjack ordinaire, sauf qu&rsquo;ici vous voyez le croupier sur son \u00e9cran, et le jeu peut \u00eatre de 1 \u00e0 7 participants ;<\/li>\n<li>La roulette en direct est un jeu classique que vous pouvez trouver dans n&rsquo;importe quel casino terrestre. Seul tout cela est sur votre \u00e9cran;<\/li>\n<li>Bingo en direct &#8211; tout le monde aime le bingo. Beaucoup ont jou\u00e9 au bingo avec leur famille et beaucoup avec des amis. Mais tout le monde n&rsquo;a pas jou\u00e9 au bingo pour de l&rsquo;argent r\u00e9el. Ici, vous pouvez r\u00e9soudre ce probl\u00e8me.<\/li>\n<\/ul>\n<p>Assurez-vous d&rsquo;aller essayer de jouer \u00e0 tous ces jeux. Cela vous apportera beaucoup d&rsquo;\u00e9motions et vous donnera une excellente occasion de gagner de l&rsquo;argent r\u00e9el.<\/p>\n<h2>M\u00c9THODES BANCAIRES DE CASINO EN ARGENT R\u00c9EL<\/h2>\n<p>Dans le monde d&rsquo;aujourd&rsquo;hui, de nombreuses personnes ont des \u00e9conomies non seulement sur une seule carte bancaire. De nombreuses personnes peuvent les avoir sur des syst\u00e8mes de paiement ou des comptes de crypto-monnaie. Et c&rsquo;est bien quand le casino offre la possibilit\u00e9 de d\u00e9poser \u00e0 partir de diff\u00e9rents syst\u00e8mes. Regardons quelles m\u00e9thodes de d\u00e9p\u00f4t de votre solde sont disponibles sur Rocket Play Casino :<\/p>\n<ul>\n<li>vous pouvez recharger votre solde avec votre carte bancaire si elle prend en charge Visa, MasterCard ou American Express ;<\/li>\n<li>si vous \u00eates un utilisateur actif des syst\u00e8mes de paiement Internet, vous pouvez recharger votre solde avec votre PayPal ou Payoneer\u00a0;<\/li>\n<li>vous pouvez \u00e9galement recharger votre solde sur le site du casino en ligne \u00e0 partir de votre compte de crypto-monnaie. Ceci est fait pour votre confort maximum.<\/li>\n<\/ul>\n<p>Apr\u00e8s avoir recharg\u00e9 votre solde dans le casino en direct en argent r\u00e9el, vous pouvez gagner de l&rsquo;argent avec plaisir en jouant \u00e0 des jeux.<\/p>\n<h2>POURQUOI DEVRIEZ-VOUS JOUER AU CASINO EN ARGENT R\u00c9EL<\/h2>\n<p>Certains utilisateurs se m\u00e9fient de jouer au casino en direct en argent r\u00e9el, mais vous pouvez toujours commencer avec un d\u00e9p\u00f4t minimum. Dans les jeux, ne faites pas les plus grosses mises. Cela vous \u00e9vitera de perdre rapidement la totalit\u00e9 du montant. Vous pouvez gagner plus que ce que vous avez investi. De nombreux utilisateurs veulent obtenir leur jackpot, mais vous ne pouvez l&rsquo;obtenir qu&rsquo;en jouant en argent r\u00e9el.<\/p>\n<p>Lorsque vous jouez avec de l&rsquo;argent r\u00e9el, il est essentiel de se souvenir de quelques conseils pour ne jamais se retrouver avec 0 sur votre solde. Pour ce faire, ne misez jamais all-in. Pariez beaucoup sur de petits paris. Soyez toujours sobre face \u00e0 la situation et ne continuez pas \u00e0 jouer si vous commencez \u00e0 \u00eatre touch\u00e9 par des pertes seules.<\/p>\n<h2>CONCLUSION<\/h2>\n<p>Jouer au meilleur casino en direct en argent r\u00e9el, c&rsquo;est toujours le risque de tout perdre. Mais cela vous donne une excellente opportunit\u00e9 de gagner de l&rsquo;argent r\u00e9el si vous l&rsquo;abordez judicieusement. Vous gagnerez s\u00fbrement votre jackpot si vous faites attention \u00e0 vos paris.<\/p>\n<p><img loading=\"lazy\" decoding=\"async\" class=\"aligncenter wp-image-4096\" src=\"https:\/\/rocketplay-slot.com\/wp-content\/uploads\/2024\/02\/man-dealer-croupier-shuffles-poker-cards-casino-background-tableasain-man-holding-two-playing-cards-casino-poker-poker-game-concept.jpg\" alt=\"Tout sur l'argent r\u00e9el du casino en direct sur Rocket Play Casino 2\" width=\"800\" height=\"534\" srcset=\"https:\/\/rocketplay-slot.com\/wp-content\/uploads\/2024\/02\/man-dealer-croupier-shuffles-poker-cards-casino-background-tableasain-man-holding-two-playing-cards-casino-poker-poker-game-concept.jpg 1000w, https:\/\/rocketplay-slot.com\/wp-content\/uploads\/2024\/02\/man-dealer-croupier-shuffles-poker-cards-casino-background-tableasain-man-holding-two-playing-cards-casino-poker-poker-game-concept-300x200.jpg 300w, https:\/\/rocketplay-slot.com\/wp-content\/uploads\/2024\/02\/man-dealer-croupier-shuffles-poker-cards-casino-background-tableasain-man-holding-two-playing-cards-casino-poker-poker-game-concept-768x512.jpg 768w\" sizes=\"auto, (max-width: 800px) 100vw, 800px\" \/><\/p>\n<h2>FAQ<\/h2>\n<p>De nombreux joueurs d\u00e9butants nous posent des questions susceptibles de les int\u00e9resser. Ce sont souvent des questions simples, nous en avons donc compil\u00e9 certaines et y avons r\u00e9pondu dans cet article.c<\/p>\n<h3>PUIS-JE JOUER GRATUITEMENT ?<\/h3>\n<p>Oui, le casino en ligne a son syst\u00e8me de bonus qui vous permet d&rsquo;essayer de faire votre premier pari sans d\u00e9penser votre argent r\u00e9el. Il existe \u00e9galement un mode d\u00e9mo pour chaque emplacement. Tentez votre chance et gagnez de l&rsquo;argent r\u00e9el apr\u00e8s avoir effectu\u00e9 votre premier d\u00e9p\u00f4t.<\/p>\n<h3>PUIS-JE JOUER SI JE N&rsquo;AI PAS DE PC ?<\/h3>\n<p>Vous n&rsquo;avez pas besoin d&rsquo;un PC pour jouer aux casinos en ligne. Vous pouvez commencer \u00e0 jouer depuis votre t\u00e9l\u00e9phone. Ce casino en ligne a \u00e9t\u00e9 optimis\u00e9 pour les sites Web officiels des appareils mobiles. Vous pouvez t\u00e9l\u00e9charger notre application sur le site officiel.<\/p>\n<h3>A QUEL AGE PUIS-JE COMMENCER A JOUER AU CASINO ?<\/h3>\n<p>Vous pouvez commencer \u00e0 jouer au casino d\u00e8s l&rsquo;\u00e2ge de 18 ans. Cette r\u00e8gle est \u00e9tablie en vertu des lois auxquelles le casino en ligne se conforme.<\/p>\n","protected":false},"excerpt":{"rendered":"<p>Beaucoup de gens aiment jouer. Certains aiment parier de l&rsquo;argent sur les sports, et certains aiment jouer au poker avec des amis. Et certains aiment jouer pour de l&rsquo;argent r\u00e9el dans les casinos en ligne. Cela donne un sentiment d&rsquo;excitation unique. Il donne le sentiment suppl\u00e9mentaire d&rsquo;une atmosph\u00e8re de casino o\u00f9 vous n&rsquo;avez m\u00eame pas&#8230;<\/p>\n","protected":false},"author":1,"featured_media":0,"parent":1554,"menu_order":0,"comment_status":"closed","ping_status":"closed","template":"","meta":{"_acf_changed":false,"_kad_post_transparent":"default","_kad_post_title":"default","_kad_post_layout":"default","_kad_post_sidebar_id":"","_kad_post_content_style":"default","_kad_post_vertical_padding":"default","_kad_post_feature":"","_kad_post_feature_position":"","_kad_post_header":false,"_kad_post_footer":false,"footnotes":""},"class_list":["post-2674","page","type-page","status-publish","hentry"],"acf":[],"rttpg_featured_image_url":null,"rttpg_author":{"display_name":"Elvis","author_link":"https:\/\/rocketplay-slot.com\/fr\/author\/pemvas95n89x\/"},"rttpg_comment":0,"rttpg_category":null,"rttpg_excerpt":"Beaucoup de gens aiment jouer. Certains aiment parier de l&rsquo;argent sur les sports, et certains aiment jouer au poker avec des amis. Et certains aiment jouer pour de l&rsquo;argent r\u00e9el dans les casinos en ligne. Cela donne un sentiment d&rsquo;excitation unique. Il donne le sentiment suppl\u00e9mentaire d&rsquo;une atmosph\u00e8re de casino o\u00f9 vous n&rsquo;avez m\u00eame pas...","_links":{"self":[{"href":"https:\/\/rocketplay-slot.com\/fr\/wp-json\/wp\/v2\/pages\/2674","targetHints":{"allow":["GET"]}}],"collection":[{"href":"https:\/\/rocketplay-slot.com\/fr\/wp-json\/wp\/v2\/pages"}],"about":[{"href":"https:\/\/rocketplay-slot.com\/fr\/wp-json\/wp\/v2\/types\/page"}],"author":[{"embeddable":true,"href":"https:\/\/rocketplay-slot.com\/fr\/wp-json\/wp\/v2\/users\/1"}],"replies":[{"embeddable":true,"href":"https:\/\/rocketplay-slot.com\/fr\/wp-json\/wp\/v2\/comments?post=2674"}],"version-history":[{"count":3,"href":"https:\/\/rocketplay-slot.com\/fr\/wp-json\/wp\/v2\/pages\/2674\/revisions"}],"predecessor-version":[{"id":4600,"href":"https:\/\/rocketplay-slot.com\/fr\/wp-json\/wp\/v2\/pages\/2674\/revisions\/4600"}],"up":[{"embeddable":true,"href":"https:\/\/rocketplay-slot.com\/fr\/wp-json\/wp\/v2\/pages\/1554"}],"wp:attachment":[{"href":"https:\/\/rocketplay-slot.com\/fr\/wp-json\/wp\/v2\/media?parent=2674"}],"curies":[{"name":"wp","href":"https:\/\/api.w.org\/{rel}","templated":true}]}}