{"id":2726,"date":"2023-01-10T22:05:04","date_gmt":"2023-01-10T19:05:04","guid":{"rendered":"https:\/\/rocketplay-slot.com\/live-poker\/"},"modified":"2024-02-08T16:43:39","modified_gmt":"2024-02-08T13:43:39","slug":"live-poker","status":"publish","type":"page","link":"https:\/\/rocketplay-slot.com\/fr\/live-poker\/","title":{"rendered":"Examen du poker en direct du Rocket Play Casino"},"content":{"rendered":"<p>Au d\u00e9but du XXe si\u00e8cle, le poker est devenu l&rsquo;un des jeux les plus populaires. Le poker se jouait partout dans les bars, dans la rue et \u00e0 la maison. Par cons\u00e9quent, il n&rsquo;est pas surprenant que le poker soit parmi les casinos les plus populaires. Et l&rsquo;une de ces options est Live Poker, un jeu que de nombreux utilisateurs adorent, o\u00f9 de nombreux utilisateurs peuvent passer des soir\u00e9es enti\u00e8res. C&rsquo;est pourquoi nous avons \u00e9crit cet article pour vous afin de tout vous dire sur le poker en ligne en direct.<\/p>\n<p><img loading=\"lazy\" decoding=\"async\" class=\"aligncenter wp-image-4047\" src=\"https:\/\/rocketplay-slot.com\/wp-content\/uploads\/2024\/02\/young-models-stylish-dresses-are-smiling-showing-two-green-chips-aces-posing-standing-back-back-colorful-background-with-sparkles-roulette-flying-chips-poker-casino-close-up.jpg\" alt=\"Examen du poker en direct du Rocket Play Casino\" width=\"800\" height=\"479\" srcset=\"https:\/\/rocketplay-slot.com\/wp-content\/uploads\/2024\/02\/young-models-stylish-dresses-are-smiling-showing-two-green-chips-aces-posing-standing-back-back-colorful-background-with-sparkles-roulette-flying-chips-poker-casino-close-up.jpg 1000w, https:\/\/rocketplay-slot.com\/wp-content\/uploads\/2024\/02\/young-models-stylish-dresses-are-smiling-showing-two-green-chips-aces-posing-standing-back-back-colorful-background-with-sparkles-roulette-flying-chips-poker-casino-close-up-300x180.jpg 300w, https:\/\/rocketplay-slot.com\/wp-content\/uploads\/2024\/02\/young-models-stylish-dresses-are-smiling-showing-two-green-chips-aces-posing-standing-back-back-colorful-background-with-sparkles-roulette-flying-chips-poker-casino-close-up-768x460.jpg 768w\" sizes=\"auto, (max-width: 800px) 100vw, 800px\" \/><\/p>\n<p>QU&rsquo;EST-CE QUE LE POKER DE CASINO EN DIRECT\u00a0?<\/p>\n<p>Le poker en direct est un type de poker que beaucoup de joueurs adorent. La diff\u00e9rence avec Live Poker Australia est qu&rsquo;un croupier est pr\u00e9sent avec vous pour s&rsquo;occuper des cartes. Vous pouvez toujours \u00eatre s\u00fbr que c&rsquo;est un jeu \u00e9quitable car le croupier est devant vous et vous montre les cartes. Beaucoup de gens aiment le poker en direct parce qu&rsquo;il ressemble au poker dans un casino terrestre.<\/p>\n<h2>COMMENT JOUER AUX JEUX DE POKER DE CASINO EN DIRECT<\/h2>\n<p>Si vous \u00eates encore nouveau dans le monde des casinos en ligne, lisez comment commencer \u00e0 jouer au meilleur poker en direct. Voyons donc comment tout cela se passe\u00a0:<\/p>\n<ol>\n<li>Imm\u00e9diatement devant vous sur l&rsquo;\u00e9cran se trouve le croupier. Lorsque la table rassemble suffisamment de participants, il commencera la partie.<\/li>\n<li>Apr\u00e8s le d\u00e9but du jeu, vous verrez les contr\u00f4les o\u00f9 vous pouvez g\u00e9rer vos paris, regarder les cartes actuelles sur la table et dans votre main, voir toutes les combinaisons gagnantes possibles et comparer celles qui vous correspondent.<\/li>\n<li>Une fois que le jeu a commenc\u00e9, le croupier distribue deux cartes \u00e0 chaque joueur \u00e0 la table et en place trois sur la table. Voyez quelles cartes vous avez, quelles cartes sont sur la table et quelles combinaisons gagnantes il y a dans le jeu. Comparez vos cartes et vos combinaisons gagnantes, et devinez quelles pourraient \u00eatre vos meilleures et vos pires combinaisons dans les deux prochaines mains.<\/li>\n<li>Placez votre pari et attendez que tout le monde le fasse. Observez vos adversaires et leurs r\u00e9actions.<\/li>\n<li>Une fois que tout le monde a plac\u00e9 ses paris, le croupier dira : \u00ab\u00a0Les paris sont plac\u00e9s, plus de paris.\u00a0\u00bb et distribuez une autre carte \u00e0 tous les joueurs. Ensuite, vous pouvez augmenter vos paris ou quitter la table.<\/li>\n<li>Si vous \u00eates toujours dans le jeu, vous obtenez la derni\u00e8re carte. Comparez soigneusement les cartes que vous avez et celles de vos adversaires. Suivez attentivement leurs mouvements. Apr\u00e8s cela, effectuez une relance finale ou quittez la table.<\/li>\n<li>Une fois que tout le monde a fait le pari final, les joueurs ouvrent leurs cartes et vous pouvez trouver le gagnant avec la combinaison la plus \u00e9lev\u00e9e. Si c&rsquo;est vous, f\u00e9licitations, vous avez gagn\u00e9 tous les paris de ce jeu.<\/li>\n<\/ol>\n<p>En suivant ces instructions, vous pouvez toujours gagner votre partie avec un peu de chance.<\/p>\n<h2>TYPES DE POKER DE CASINO EN DIRECT<\/h2>\n<p>Il existe de grandes vari\u00e9t\u00e9s de poker dans le monde, principalement en fonction de la r\u00e9gion dont elles sont originaires. Et ces types de poker que vous pouvez rencontrer dans les casinos en ligne :<\/p>\n<ul>\n<li>Texas Holdem;<\/li>\n<li>Omaha\u00a0;<\/li>\n<li>Stud \u00e0 sept cartes;<\/li>\n<li>Tirage \u00e0 cinq cartes\u00a0;<\/li>\n<li>Haut Bas Chicago.<\/li>\n<\/ul>\n<p>Les principales diff\u00e9rences r\u00e9sident dans le nombre de cartes jou\u00e9es par partie. Les meilleurs jeux de poker en direct sont le Texas Hold&#8217;em.<\/p>\n<h2>AVANTAGES DU POKER EN DIRECT<\/h2>\n<p>Le poker en direct pr\u00e9sente certainement de nombreux avantages. Bien s\u00fbr, chacun y trouvera ses avantages. Nous pouvons souligner quelques-uns des points communs &#8211; l&rsquo;\u00e9quit\u00e9 envers les joueurs, la bonne ambiance qui vous am\u00e8ne directement dans les salles de casino et l&rsquo;interaction en direct qui ajoute \u00e0 l&rsquo;excitation de l&rsquo;action.<\/p>\n<h2>CONCLUSION<\/h2>\n<p>En conclusion, le poker est l&rsquo;un des jeux les plus excitants des casinos en ligne. Suivez les conseils de Live Poker, les joueurs professionnels. Et n&rsquo;oubliez pas de jouer au poker !<\/p>\n<p><img loading=\"lazy\" decoding=\"async\" class=\"aligncenter wp-image-4057\" src=\"https:\/\/rocketplay-slot.com\/wp-content\/uploads\/2024\/02\/casino-tokens-green-background-with-deck-cards.jpg\" alt=\"Examen du poker en direct du Rocket Play Casino 2\" width=\"800\" height=\"534\" srcset=\"https:\/\/rocketplay-slot.com\/wp-content\/uploads\/2024\/02\/casino-tokens-green-background-with-deck-cards.jpg 1000w, https:\/\/rocketplay-slot.com\/wp-content\/uploads\/2024\/02\/casino-tokens-green-background-with-deck-cards-300x200.jpg 300w, https:\/\/rocketplay-slot.com\/wp-content\/uploads\/2024\/02\/casino-tokens-green-background-with-deck-cards-768x512.jpg 768w\" sizes=\"auto, (max-width: 800px) 100vw, 800px\" \/><\/p>\n<h2>FAQ<\/h2>\n<p>Les d\u00e9butants nous \u00e9crivent souvent des questions similaires, ce qui est normal car tout le monde s&rsquo;inqui\u00e8te de la fa\u00e7on dont ils vont jouer. Nous en avons donc rassembl\u00e9 quelques-unes dans cet article et y avons r\u00e9pondu.<\/p>\n<h3>PUIS-JE JOUER GRATUITEMENT ?<\/h3>\n<p>Oui, les casinos en ligne ont des versions de d\u00e9monstration du poker en direct, o\u00f9 vous ne pouvez pas risquer votre solde et, pour commencer, apprenez \u00e0 jouer.<\/p>\n<h3>PUIS-JE JOUER AU POKER SUR MON T\u00c9L\u00c9PHONE PORTABLE\u00a0?<\/h3>\n<p>Vous pouvez t\u00e9l\u00e9charger l&rsquo;application de casino en ligne sur votre t\u00e9l\u00e9phone portable si vous avez Android. Vous pouvez jouer depuis le site officiel du casino en ligne si vous avez un iPhone. Il est parfaitement optimis\u00e9 pour les appareils mobiles.<\/p>\n<h3>A QUEL AGE PUIS-JE JOUER AU POKER ?<\/h3>\n<p>Selon la loi, vous ne pouvez commencer \u00e0 jouer que lorsque vous atteignez l&rsquo;\u00e2ge de 18 ans.<\/p>\n","protected":false},"excerpt":{"rendered":"<p>Au d\u00e9but du XXe si\u00e8cle, le poker est devenu l&rsquo;un des jeux les plus populaires. Le poker se jouait partout dans les bars, dans la rue et \u00e0 la maison. Par cons\u00e9quent, il n&rsquo;est pas surprenant que le poker soit parmi les casinos les plus populaires. Et l&rsquo;une de ces options est Live Poker, un&#8230;<\/p>\n","protected":false},"author":1,"featured_media":0,"parent":0,"menu_order":0,"comment_status":"closed","ping_status":"closed","template":"","meta":{"_acf_changed":false,"_kad_post_transparent":"default","_kad_post_title":"default","_kad_post_layout":"default","_kad_post_sidebar_id":"","_kad_post_content_style":"default","_kad_post_vertical_padding":"default","_kad_post_feature":"","_kad_post_feature_position":"","_kad_post_header":false,"_kad_post_footer":false,"footnotes":""},"class_list":["post-2726","page","type-page","status-publish","hentry"],"acf":[],"rttpg_featured_image_url":null,"rttpg_author":{"display_name":"Elvis","author_link":"https:\/\/rocketplay-slot.com\/fr\/author\/pemvas95n89x\/"},"rttpg_comment":0,"rttpg_category":null,"rttpg_excerpt":"Au d\u00e9but du XXe si\u00e8cle, le poker est devenu l&rsquo;un des jeux les plus populaires. Le poker se jouait partout dans les bars, dans la rue et \u00e0 la maison. Par cons\u00e9quent, il n&rsquo;est pas surprenant que le poker soit parmi les casinos les plus populaires. Et l&rsquo;une de ces options est Live Poker, un...","_links":{"self":[{"href":"https:\/\/rocketplay-slot.com\/fr\/wp-json\/wp\/v2\/pages\/2726","targetHints":{"allow":["GET"]}}],"collection":[{"href":"https:\/\/rocketplay-slot.com\/fr\/wp-json\/wp\/v2\/pages"}],"about":[{"href":"https:\/\/rocketplay-slot.com\/fr\/wp-json\/wp\/v2\/types\/page"}],"author":[{"embeddable":true,"href":"https:\/\/rocketplay-slot.com\/fr\/wp-json\/wp\/v2\/users\/1"}],"replies":[{"embeddable":true,"href":"https:\/\/rocketplay-slot.com\/fr\/wp-json\/wp\/v2\/comments?post=2726"}],"version-history":[{"count":3,"href":"https:\/\/rocketplay-slot.com\/fr\/wp-json\/wp\/v2\/pages\/2726\/revisions"}],"predecessor-version":[{"id":4584,"href":"https:\/\/rocketplay-slot.com\/fr\/wp-json\/wp\/v2\/pages\/2726\/revisions\/4584"}],"wp:attachment":[{"href":"https:\/\/rocketplay-slot.com\/fr\/wp-json\/wp\/v2\/media?parent=2726"}],"curies":[{"name":"wp","href":"https:\/\/api.w.org\/{rel}","templated":true}]}}