{"id":2778,"date":"2023-01-11T00:48:32","date_gmt":"2023-01-10T21:48:32","guid":{"rendered":"https:\/\/rocketplay-slot.com\/sports-betting\/"},"modified":"2024-02-08T15:45:12","modified_gmt":"2024-02-08T12:45:12","slug":"sports-betting","status":"publish","type":"page","link":"https:\/\/rocketplay-slot.com\/fr\/sports-betting\/","title":{"rendered":"Un guide pour d\u00e9butants sur les paris sportifs"},"content":{"rendered":"<p>Beaucoup d&rsquo;entre nous aiment regarder divers \u00e9v\u00e9nements sportifs. Certaines personnes sont passionn\u00e9es par un sport en particulier, alors elles aiment regarder les professionnels le faire. Ils aiment regarder le reste d&rsquo;entre nous. Certains aiment l&rsquo;excitation sportive de regarder un match de sport en attendant le vainqueur. Cela devient plus int\u00e9ressant si vous faites des paris sportifs sur votre \u00e9quipe pr\u00e9f\u00e9r\u00e9e dans le bureau d&rsquo;un bookmaker.<\/p>\n<p><img loading=\"lazy\" decoding=\"async\" class=\"aligncenter wp-image-4008\" src=\"https:\/\/rocketplay-slot.com\/wp-content\/uploads\/2024\/02\/5581939_3644-2.jpg\" alt=\"Un guide pour d\u00e9butants sur les paris sportifs\" width=\"800\" height=\"496\" srcset=\"https:\/\/rocketplay-slot.com\/wp-content\/uploads\/2024\/02\/5581939_3644-2.jpg 2500w, https:\/\/rocketplay-slot.com\/wp-content\/uploads\/2024\/02\/5581939_3644-2-300x186.jpg 300w, https:\/\/rocketplay-slot.com\/wp-content\/uploads\/2024\/02\/5581939_3644-2-1024x634.jpg 1024w, https:\/\/rocketplay-slot.com\/wp-content\/uploads\/2024\/02\/5581939_3644-2-768x476.jpg 768w, https:\/\/rocketplay-slot.com\/wp-content\/uploads\/2024\/02\/5581939_3644-2-1536x952.jpg 1536w, https:\/\/rocketplay-slot.com\/wp-content\/uploads\/2024\/02\/5581939_3644-2-2048x1269.jpg 2048w\" sizes=\"auto, (max-width: 800px) 100vw, 800px\" \/><\/p>\n<h2>COMMENT FONCTIONNENT LES PARIS SPORTIFS ?<\/h2>\n<p>Les paris sportifs suivent certains principes dans la formule math\u00e9matique bas\u00e9e sur l&rsquo;application de paris sportifs. Ces principes ressemblent \u00e0 ceci\u00a0:<\/p>\n<ul>\n<li>combien d&rsquo;utilisateurs parient sur des r\u00e9sultats sp\u00e9cifiques. C&rsquo;est simple, plus les utilisateurs parient souvent sur un r\u00e9sultat sp\u00e9cifique, plus les gens peuvent sembler que ce r\u00e9sultat est plus probable, ce qui signifie que le casino est oblig\u00e9 de r\u00e9duire les cotes car le principal b\u00e9n\u00e9ficiaire dans le monde des paris est le bureau du bookmaker.<\/li>\n<li>chances math\u00e9matiques pour un r\u00e9sultat particulier. D\u00e9termine les cotes de d\u00e9part pour diff\u00e9rents r\u00e9sultats du match. Plus le r\u00e9sultat est probable, plus les chances de cet \u00e9v\u00e9nement sont faibles. De plus, les cotes math\u00e9matiques peuvent \u00eatre mises \u00e0 jour apr\u00e8s le d\u00e9but des paris en fonction des nouvelles donn\u00e9es re\u00e7ues. Par exemple, une blessure \u00e0 l&rsquo;un des joueurs d&rsquo;un sport d&rsquo;\u00e9quipe peut affecter le r\u00e9sultat, les cotes doivent donc \u00eatre modifi\u00e9es.<\/li>\n<li>commission de pari. De parier sur n&rsquo;importe quel \u00e9v\u00e9nement sportif, le bureau du bookmaker gagnera toujours le plus d&rsquo;argent; sinon, son travail ne serait pas rentable. Non, ils ne trompent pas leurs utilisateurs, mais leurs cotes vous poussent toujours \u00e0 parier sur un r\u00e9sultat moins \u00e9vident. Cela signifie que vous avez une meilleure chance de perdre votre pari, tandis que le bureau du bookmaker l&rsquo;obtiendra.<\/li>\n<\/ul>\n<p>Connaissant ces principes de base du casino, vous vous poserez moins de questions \u00e0 ce sujet.<\/p>\n<h2>DIFF\u00c9RENTS TYPES DE PARIS<\/h2>\n<p>Sur le site de paris sportifs, il existe de nombreux types de paris diff\u00e9rents. De nombreux utilisateurs inexp\u00e9riment\u00e9s peuvent rapidement devenir confus, comprendre quelque chose de mal ou utiliser le bureau du bookmaker, pas avec le maximum d&rsquo;avantages pour eux-m\u00eames. Nous avons donc d\u00e9cid\u00e9 de vous aider \u00e0 comprendre ce probl\u00e8me. Et voici donc les principaux types de paris sur un match sportif :<\/p>\n<ul>\n<li>un pari sur un r\u00e9sultat particulier du match. C&rsquo;est simple, vous pariez que l&rsquo;\u00e9quipe \u00ab\u00a0A\u00a0\u00bb va gagner, perdre ou faire match nul contre l&rsquo;\u00e9quipe \u00ab\u00a0B\u00a0\u00bb. Ou vous pariez que l&rsquo;\u00e9quipe \u00ab\u00a0A\u00a0\u00bb jouera contre l&rsquo;\u00e9quipe \u00ab\u00a0B\u00a0\u00bb avec un score sp\u00e9cifique, par exemple, l&rsquo;\u00e9quipe \u00ab\u00a0A\u00a0\u00bb gagnera le match avec un score de 1:0. Ces paris ne sont pas les plus rentables, mais ils sont les plus faciles, vous avez donc moins de risque de perdre votre pari.<\/li>\n<li>parier sur un \u00e9v\u00e9nement du match. C&rsquo;est plus compliqu\u00e9 que de parier sur un r\u00e9sultat sp\u00e9cifique, mais il existe \u00e9galement des options o\u00f9 vous avez moins de risques de perdre. Par exemple, vous pouvez parier que l&rsquo;\u00e9quipe \u00ab\u00a0A\u00a0\u00bb ne perdra pas ou que ce ne sera pas un match nul. Vous pouvez \u00e9galement parier qu&rsquo;une \u00e9quipe ou un joueur en particulier obtiendra un penalty dans ce match ou marquera un but. Et une douzaine d&rsquo;options diff\u00e9rentes pour ce qui pourrait arriver.<\/li>\n<li>plus\/moins. Dans ce type de pari, vous pariez sur un \u00e9v\u00e9nement qui se produira plus ou moins de fois. Par exemple, l&rsquo;\u00e9quipe \u00ab\u00a0A\u00a0\u00bb marquera plus de trois buts ou en manquera moins de 2. C&rsquo;est l&rsquo;un des types de paris les plus populaires car ce type de pari a presque le meilleur rapport risque\/r\u00e9compense.<\/li>\n<li>paris en ligne. C&rsquo;est le type de pari le plus compliqu\u00e9 et comprend les autres types de pari. Dans ce cas, vous pariez sur trois duels sportifs ou plus et obtenez votre r\u00e9compense s&rsquo;ils sont corrects. C&rsquo;est l&rsquo;un des types de paris les plus risqu\u00e9s car tout peut arriver dans le sport, en particulier dans les sports d&rsquo;\u00e9quipe. Mais c&rsquo;est avantageux car vos cotes augmentent avec plus de matchs que vous pariez.<\/li>\n<\/ul>\n<p>Connaissant ces types de paris de base, vous pouvez facilement faire de nombreux bons paris et gagner beaucoup d&rsquo;argent avec un risque minimal.<\/p>\n<h2>STRAT\u00c9GIES DE PARIS SPORTIFS<\/h2>\n<p>Comme partout ailleurs dans la vie, dans le meilleur des paris sportifs, il vaut la peine de suivre une strat\u00e9gie sp\u00e9cifique pour tirer le meilleur parti des paris. Il peut \u00eatre unique pour chacun. Mais assurez-vous de trouver le v\u00f4tre.<\/p>\n<p>Pour quelqu&rsquo;un, la strat\u00e9gie peut \u00eatre de miser de petites sommes, dans l&rsquo;espoir que de cette fa\u00e7on, le risque de tout perdre est bien moindre, mais la possibilit\u00e9 de gagner est \u00e9galement moindre. Pour quelqu&rsquo;un, la strat\u00e9gie peut \u00eatre d&rsquo;\u00e9tudier autant que possible les diff\u00e9rents r\u00e9sultats et de miser sur le plus rentable et le plus probable d&rsquo;entre eux. Pourtant, vous parierez rarement dans ce cas, donc votre efficacit\u00e9 chutera.<\/p>\n<p>Assurez-vous d&rsquo;\u00e9tudier cette question et de trouver quelque chose pour vous-m\u00eame.<\/p>\n<h2>CONSEILS DE PARIS SPORTIFS<\/h2>\n<p>Nous ne pouvons pas nous emp\u00eacher de vous donner nos conseils de paris sportifs pour minimiser les risques et maximiser vos b\u00e9n\u00e9fices. Voici donc une petite liste de conseils pour vous aider \u00e0 d\u00e9marrer :<\/p>\n<ul>\n<li>ne pariez pas si vous avez bu ne serait-ce qu&rsquo;un peu. L&rsquo;alcool est mauvais pour vos profits. Vous vous sentez moins \u00e0 risque, vos sens sont ternes et vous d\u00e9pensez peut-\u00eatre plus que pr\u00e9vu. Cela vous apportera des \u00e9motions n\u00e9gatives.<\/li>\n<li>ne misez pas tout votre argent sur une seule option. N&rsquo;oubliez pas que tout peut arriver dans le sport et que personne n&rsquo;est \u00e0 l&rsquo;abri de perdre, il sera donc tr\u00e8s d\u00e9sagr\u00e9able de tout perdre d&rsquo;un coup. N&rsquo;oubliez pas de diff\u00e9rencier vos investissements.<\/li>\n<li>n&rsquo;utilisez pas les meilleurs paris sportifs pour gagner de l&rsquo;argent. Utilisez-le comme un moyen de vous amuser ou d&rsquo;augmenter vos \u00e9motions en regardant le match.<\/li>\n<\/ul>\n<p>En suivant ces \u00e9v\u00e9nements simples, vous obtiendrez plus d&rsquo;\u00e9motions positives et plus d&rsquo;avantages gr\u00e2ce aux pronostics de paris sportifs.<\/p>\n<p><img loading=\"lazy\" decoding=\"async\" class=\"aligncenter wp-image-4017\" src=\"https:\/\/rocketplay-slot.com\/wp-content\/uploads\/2024\/02\/sports-betting-american-football-player-appearing-from-smartphone-field-money-shower.jpg\" alt=\"Un guide pour d\u00e9butants sur les paris sportifs 2\" width=\"800\" height=\"534\" srcset=\"https:\/\/rocketplay-slot.com\/wp-content\/uploads\/2024\/02\/sports-betting-american-football-player-appearing-from-smartphone-field-money-shower.jpg 1000w, https:\/\/rocketplay-slot.com\/wp-content\/uploads\/2024\/02\/sports-betting-american-football-player-appearing-from-smartphone-field-money-shower-300x200.jpg 300w, https:\/\/rocketplay-slot.com\/wp-content\/uploads\/2024\/02\/sports-betting-american-football-player-appearing-from-smartphone-field-money-shower-768x512.jpg 768w\" sizes=\"auto, (max-width: 800px) 100vw, 800px\" \/><\/p>\n<h2>FAQ<\/h2>\n<p>Les d\u00e9butants ont toujours de nombreuses questions \u00e9videntes et non \u00e9videntes, dont certaines que nous donnerons ci-dessous.<\/p>\n<h3>A QUEL AGE PUIS-JE PARIER SUR LE SPORT ?<\/h3>\n<p>Selon la loi, vous ne pouvez participer aux paris sportifs australiens que lorsque vous avez 21 ans. Sinon, votre compte peut \u00eatre bloqu\u00e9.<\/p>\n<h3>COMMENT PUIS-JE RECHARGER MON SOLDE ?<\/h3>\n<p>Vous pouvez d\u00e9poser votre solde \u00e0 partir de presque tous les syst\u00e8mes de paiement existants. Cela peut \u00eatre Visa, MasterCard, American Express, Payoneer ou votre portefeuille de crypto-monnaie.<\/p>\n<h3>PUIS-JE PARIER VIA MON T\u00c9L\u00c9PHONE PORTABLE\u00a0?<\/h3>\n<p>Oui, vous pouvez faire des paris m\u00eame depuis votre appareil mobile. Pour cela, il vous suffit de vous rendre sur le site officiel du bureau du bookmaker et de vous y connecter. Vous pouvez \u00e9galement t\u00e9l\u00e9charger l&rsquo;application sur votre smartphone Android et faire des paris.<\/p>\n","protected":false},"excerpt":{"rendered":"<p>Beaucoup d&rsquo;entre nous aiment regarder divers \u00e9v\u00e9nements sportifs. Certaines personnes sont passionn\u00e9es par un sport en particulier, alors elles aiment regarder les professionnels le faire. Ils aiment regarder le reste d&rsquo;entre nous. Certains aiment l&rsquo;excitation sportive de regarder un match de sport en attendant le vainqueur. Cela devient plus int\u00e9ressant si vous faites des paris&#8230;<\/p>\n","protected":false},"author":1,"featured_media":0,"parent":0,"menu_order":0,"comment_status":"closed","ping_status":"closed","template":"","meta":{"_acf_changed":false,"_kad_post_transparent":"default","_kad_post_title":"default","_kad_post_layout":"default","_kad_post_sidebar_id":"","_kad_post_content_style":"default","_kad_post_vertical_padding":"default","_kad_post_feature":"","_kad_post_feature_position":"","_kad_post_header":false,"_kad_post_footer":false,"footnotes":""},"class_list":["post-2778","page","type-page","status-publish","hentry"],"acf":[],"rttpg_featured_image_url":null,"rttpg_author":{"display_name":"Elvis","author_link":"https:\/\/rocketplay-slot.com\/fr\/author\/pemvas95n89x\/"},"rttpg_comment":0,"rttpg_category":null,"rttpg_excerpt":"Beaucoup d&rsquo;entre nous aiment regarder divers \u00e9v\u00e9nements sportifs. Certaines personnes sont passionn\u00e9es par un sport en particulier, alors elles aiment regarder les professionnels le faire. Ils aiment regarder le reste d&rsquo;entre nous. Certains aiment l&rsquo;excitation sportive de regarder un match de sport en attendant le vainqueur. Cela devient plus int\u00e9ressant si vous faites des paris...","_links":{"self":[{"href":"https:\/\/rocketplay-slot.com\/fr\/wp-json\/wp\/v2\/pages\/2778","targetHints":{"allow":["GET"]}}],"collection":[{"href":"https:\/\/rocketplay-slot.com\/fr\/wp-json\/wp\/v2\/pages"}],"about":[{"href":"https:\/\/rocketplay-slot.com\/fr\/wp-json\/wp\/v2\/types\/page"}],"author":[{"embeddable":true,"href":"https:\/\/rocketplay-slot.com\/fr\/wp-json\/wp\/v2\/users\/1"}],"replies":[{"embeddable":true,"href":"https:\/\/rocketplay-slot.com\/fr\/wp-json\/wp\/v2\/comments?post=2778"}],"version-history":[{"count":3,"href":"https:\/\/rocketplay-slot.com\/fr\/wp-json\/wp\/v2\/pages\/2778\/revisions"}],"predecessor-version":[{"id":4568,"href":"https:\/\/rocketplay-slot.com\/fr\/wp-json\/wp\/v2\/pages\/2778\/revisions\/4568"}],"wp:attachment":[{"href":"https:\/\/rocketplay-slot.com\/fr\/wp-json\/wp\/v2\/media?parent=2778"}],"curies":[{"name":"wp","href":"https:\/\/api.w.org\/{rel}","templated":true}]}}