{"id":2830,"date":"2023-01-11T19:13:11","date_gmt":"2023-01-11T16:13:11","guid":{"rendered":"https:\/\/rocketplay-slot.com\/sports-betting\/free\/"},"modified":"2024-02-08T15:05:53","modified_gmt":"2024-02-08T12:05:53","slug":"free","status":"publish","type":"page","link":"https:\/\/rocketplay-slot.com\/fr\/sports-betting\/free\/","title":{"rendered":"Revue gratuite des paris sportifs"},"content":{"rendered":"<p>De nombreux utilisateurs qui se familiarisent avec les paris en ligne ont encore peur de placer leurs paris. Il appartient \u00e0 ces soci\u00e9t\u00e9s de bookmaker de permettre de faire des paris gratuits. En outre, les paris gratuits peuvent faire, et les joueurs exp\u00e9riment\u00e9s pour eux sur les sites des soci\u00e9t\u00e9s de bookmakers organisent souvent diverses promotions et cadeaux. Parmi ces promotions et tirages peuvent figurer des paris gratuits. Souvent, pour les obtenir, il faut remplir plusieurs conditions. Il peut s&rsquo;agir de conditions li\u00e9es \u00e0 vos paris ou \u00e0 votre solde de jeu.<\/p>\n<p>C&rsquo;est pourquoi nous avons d\u00e9cid\u00e9 de collecter nos conseils de paris gratuits en Australie pour vous faciliter au maximum la r\u00e9alisation de vos bonus.<\/p>\n<p><img loading=\"lazy\" decoding=\"async\" class=\"aligncenter wp-image-3928\" src=\"https:\/\/rocketplay-slot.com\/wp-content\/uploads\/2024\/02\/side-view-man-holding-tablet.jpg\" alt=\"Revue gratuite des paris sportifs\" width=\"800\" height=\"534\" srcset=\"https:\/\/rocketplay-slot.com\/wp-content\/uploads\/2024\/02\/side-view-man-holding-tablet.jpg 1000w, https:\/\/rocketplay-slot.com\/wp-content\/uploads\/2024\/02\/side-view-man-holding-tablet-300x200.jpg 300w, https:\/\/rocketplay-slot.com\/wp-content\/uploads\/2024\/02\/side-view-man-holding-tablet-768x513.jpg 768w\" sizes=\"auto, (max-width: 800px) 100vw, 800px\" \/><\/p>\n<h2>QU&rsquo;EST-CE QU&rsquo;UN PARI GRATUIT ?<\/h2>\n<p>Les paris gratuits en ligne sont disponibles dans presque toutes les soci\u00e9t\u00e9s de paris. Il s&rsquo;agit d&rsquo;un programme de fid\u00e9lit\u00e9. Soit les paris gratuits peuvent faire partie des bonus d&rsquo;inscription pour vous permettre de placer plus facilement vos premiers paris aux frais de l&rsquo;entreprise. Ensuite, vous pouvez parier avec plus de confiance avec votre propre argent ou \u00e0 partir du solde que vous avez gagn\u00e9 avec des paris gratuits.<\/p>\n<p>Souvent, pour obtenir des paris gratuits, un ancien joueur d&rsquo;une soci\u00e9t\u00e9 de paris doit remplir de nombreuses conditions. Il peut s&rsquo;agir de recharger votre solde d&rsquo;un certain montant. Ainsi que de commettre un pari, parfois infructueux. Par exemple, vous avez fait un pari sur les courses, mais votre favori est arriv\u00e9 deuxi\u00e8me. Parfois, cela peut \u00eatre une condition pour que vous obteniez un pari gratuit.<\/p>\n<h2>MEILLEURES OFFRES DE PARI GRATUIT<\/h2>\n<p>Diff\u00e9rentes soci\u00e9t\u00e9s de paris proposent diff\u00e9rentes meilleures offres de paris gratuits. Certains dont je propose d&rsquo;examiner en d\u00e9tail:<\/p>\n<ul>\n<li>l&rsquo;offre de pari gratuit la plus courante est lorsque la soci\u00e9t\u00e9 de pari couvre une partie de votre pari mais ne le fait pas compl\u00e8tement. Ils sont souvent limit\u00e9s par la couverture maximale de votre pari et le % de votre pari que la soci\u00e9t\u00e9 de pari peut couvrir\u00a0;<\/li>\n<li>un pari gratuit fixe. Les d\u00e9butants peuvent souvent obtenir un pari gratuit fixe en guise de bonus de bienvenue. Il s&rsquo;agira d&rsquo;un montant strictement d\u00e9fini de votre pari, que la soci\u00e9t\u00e9 de pari couvrira enti\u00e8rement\u00a0;<\/li>\n<li>un cashback sur un pari. C&rsquo;est une sorte de lot de consolation si votre pari ne s&rsquo;est pas justifi\u00e9 et ne s&rsquo;est pas av\u00e9r\u00e9 gagnant ;<br \/>\nbonus de cotes \u00e9tendu. Les sites de paris gratuits proposent souvent cela aux d\u00e9butants, et le bonus est que le casino donne des<\/li>\n<li>cotes plus favorables sur les \u00e9v\u00e9nements sportifs. Cela rendra votre gain encore plus agr\u00e9able ;<\/li>\n<li>bonus de d\u00e9p\u00f4t. Les soci\u00e9t\u00e9s de bookmakers offrent souvent un bonus pour votre premier d\u00e9p\u00f4t sous la forme du nombre de paris gratuits que vous pouvez placer.<\/li>\n<\/ul>\n<p>Ce sont toutes les offres possibles de diff\u00e9rentes soci\u00e9t\u00e9s de paris. Assurez-vous de regarder les pronostics de paris gratuits pour faire le pari le plus rentable.<\/p>\n<h2>COMMENT FONCTIONNENT LES PARIS GRATUITS\u00a0?<\/h2>\n<p>Les paris sportifs gratuits fonctionnent sur le m\u00eame principe que les paris classiques. Vos chances ne sont pas diff\u00e9rentes. Vous ne pouvez parier qu&rsquo;un certain montant sp\u00e9cifi\u00e9 dans votre pari gratuit. Le montant de ce pari ne sera pas d\u00e9duit de votre solde, mais si vous gagnez, vous r\u00e9cup\u00e9rez vos gains, hors le montant de votre pari gratuit.<\/p>\n<p>C&rsquo;est-\u00e0-dire si vous avez fait un pari sportif gratuit de 10 $ sur un \u00e9v\u00e9nement avec une cote de 2,58 et que vous avez gagn\u00e9. Habituellement, vous receviez 25,8 $, mais ici, vous n&rsquo;avez pas mis\u00e9 votre argent, mais l&rsquo;argent du bookmaker. Vous obtiendrez entre 25,8 $ et 10 $, ce qui signifie que vos gains sont de 15,8 $. Ce n&rsquo;est pas mal, \u00e9tant donn\u00e9 que vous n&rsquo;avez pas risqu\u00e9 votre propre argent.<\/p>\n<h2>AVANTAGES DES OFFRES DE PARI GRATUIT<\/h2>\n<p>En faisant des paris gratuits sur le sport, vous obtenez de nombreux avantages pour vous-m\u00eame. Tels que le risque minimum de perdre votre investissement, la r\u00e9alisation la plus rentable et des gains agr\u00e9ables lors de paris sur des \u00e9v\u00e9nements sportifs. Mais pour maximiser vos avantages, vous devriez suivre nos conseils :<\/p>\n<ul>\n<li>faites les paris les plus pr\u00e9cis afin que vous puissiez tirer le meilleur parti de vos paris gratuits\u00a0;<\/li>\n<li>renseignez-vous toujours sur les pr\u00e9visions de l&rsquo;\u00e9v\u00e9nement sportif aupr\u00e8s des experts correspondants, renseignez-vous sur les nouvelles qui peuvent affecter le r\u00e9sultat\u00a0;<\/li>\n<li>pariez directement avant l&rsquo;\u00e9v\u00e9nement sportif, aucun nouvel \u00e9v\u00e9nement n&rsquo;a d\u00e9j\u00e0 eu le temps d&rsquo;affecter le r\u00e9sultat de l&rsquo;\u00e9v\u00e9nement, et vous avez correctement fait un pari\u00a0;<\/li>\n<li>suivez toujours les actualit\u00e9s de la soci\u00e9t\u00e9 de bookmaker pour savoir exactement o\u00f9 vous pouvez parier avec le maximum d&rsquo;avantages pour vous-m\u00eame\u00a0;<\/li>\n<li>suivez les nouvelles promotions et tirages au sort pour obtenir un maximum de bonus, et de ces bonus pour obtenir le plus de gains possible\u00a0;<\/li>\n<li>ne pariez jamais si vous avez bu de l&rsquo;alcool. Cela peut aggraver votre sentiment de risque. Vous pouvez prendre des d\u00e9cisions plus irr\u00e9fl\u00e9chies ;<\/li>\n<li>rappelez-vous que tout peut arriver dans le sport et que toute pr\u00e9diction n&rsquo;est pas \u00e0 100\u00a0%, alors placez vos paris avec prudence.<\/li>\n<\/ul>\n<p>En suivant ces conseils gratuits sur les paris, vous pouvez non seulement tirer le meilleur parti de vos bonus, mais aussi profiter des paris sportifs.<\/p>\n<p><img loading=\"lazy\" decoding=\"async\" class=\"aligncenter wp-image-3938\" src=\"https:\/\/rocketplay-slot.com\/wp-content\/uploads\/2024\/02\/give-money-united-states-dollar-usd.jpg\" alt=\"Revue gratuite des paris sportifs 2\" width=\"800\" height=\"534\" srcset=\"https:\/\/rocketplay-slot.com\/wp-content\/uploads\/2024\/02\/give-money-united-states-dollar-usd.jpg 1000w, https:\/\/rocketplay-slot.com\/wp-content\/uploads\/2024\/02\/give-money-united-states-dollar-usd-300x200.jpg 300w, https:\/\/rocketplay-slot.com\/wp-content\/uploads\/2024\/02\/give-money-united-states-dollar-usd-768x512.jpg 768w\" sizes=\"auto, (max-width: 800px) 100vw, 800px\" \/><\/p>\n<h2>CONCLUSION<\/h2>\n<p>Les paris gratuits sont un excellent outil, non seulement pour le bookmaker, mais aussi pour les joueurs qui les utilisent. Et ce n&rsquo;est pas seulement parce que, de cette mani\u00e8re, le bookmaker attire de nouveaux utilisateurs et que les utilisateurs prennent un risque minimal lorsqu&rsquo;ils font les premiers paris. Essayez-vous dans le monde des paris d\u00e8s maintenant\u00a0!<\/p>\n","protected":false},"excerpt":{"rendered":"<p>De nombreux utilisateurs qui se familiarisent avec les paris en ligne ont encore peur de placer leurs paris. Il appartient \u00e0 ces soci\u00e9t\u00e9s de bookmaker de permettre de faire des paris gratuits. En outre, les paris gratuits peuvent faire, et les joueurs exp\u00e9riment\u00e9s pour eux sur les sites des soci\u00e9t\u00e9s de bookmakers organisent souvent diverses&#8230;<\/p>\n","protected":false},"author":1,"featured_media":0,"parent":2778,"menu_order":0,"comment_status":"closed","ping_status":"closed","template":"","meta":{"_acf_changed":false,"_kad_post_transparent":"default","_kad_post_title":"default","_kad_post_layout":"default","_kad_post_sidebar_id":"","_kad_post_content_style":"default","_kad_post_vertical_padding":"default","_kad_post_feature":"","_kad_post_feature_position":"","_kad_post_header":false,"_kad_post_footer":false,"footnotes":""},"class_list":["post-2830","page","type-page","status-publish","hentry"],"acf":[],"rttpg_featured_image_url":null,"rttpg_author":{"display_name":"Elvis","author_link":"https:\/\/rocketplay-slot.com\/fr\/author\/pemvas95n89x\/"},"rttpg_comment":0,"rttpg_category":null,"rttpg_excerpt":"De nombreux utilisateurs qui se familiarisent avec les paris en ligne ont encore peur de placer leurs paris. Il appartient \u00e0 ces soci\u00e9t\u00e9s de bookmaker de permettre de faire des paris gratuits. En outre, les paris gratuits peuvent faire, et les joueurs exp\u00e9riment\u00e9s pour eux sur les sites des soci\u00e9t\u00e9s de bookmakers organisent souvent diverses...","_links":{"self":[{"href":"https:\/\/rocketplay-slot.com\/fr\/wp-json\/wp\/v2\/pages\/2830","targetHints":{"allow":["GET"]}}],"collection":[{"href":"https:\/\/rocketplay-slot.com\/fr\/wp-json\/wp\/v2\/pages"}],"about":[{"href":"https:\/\/rocketplay-slot.com\/fr\/wp-json\/wp\/v2\/types\/page"}],"author":[{"embeddable":true,"href":"https:\/\/rocketplay-slot.com\/fr\/wp-json\/wp\/v2\/users\/1"}],"replies":[{"embeddable":true,"href":"https:\/\/rocketplay-slot.com\/fr\/wp-json\/wp\/v2\/comments?post=2830"}],"version-history":[{"count":3,"href":"https:\/\/rocketplay-slot.com\/fr\/wp-json\/wp\/v2\/pages\/2830\/revisions"}],"predecessor-version":[{"id":4536,"href":"https:\/\/rocketplay-slot.com\/fr\/wp-json\/wp\/v2\/pages\/2830\/revisions\/4536"}],"up":[{"embeddable":true,"href":"https:\/\/rocketplay-slot.com\/fr\/wp-json\/wp\/v2\/pages\/2778"}],"wp:attachment":[{"href":"https:\/\/rocketplay-slot.com\/fr\/wp-json\/wp\/v2\/media?parent=2830"}],"curies":[{"name":"wp","href":"https:\/\/api.w.org\/{rel}","templated":true}]}}