{"id":2885,"date":"2023-01-11T19:42:14","date_gmt":"2023-01-11T16:42:14","guid":{"rendered":"https:\/\/rocketplay-slot.com\/sports-betting\/app\/"},"modified":"2025-11-24T20:34:19","modified_gmt":"2025-11-24T17:34:19","slug":"app","status":"publish","type":"page","link":"https:\/\/rocketplay-slot.com\/fr\/sports-betting\/app\/","title":{"rendered":"Examen de l&rsquo;application de paris sportifs"},"content":{"rendered":"<p>T\u00f4t ou tard, tout fan actif de regarder des \u00e9v\u00e9nements sportifs pense \u00e0 am\u00e9liorer l&rsquo;exp\u00e9rience de regarder des matchs sportifs en pariant. Et ce n&rsquo;est pas une mauvaise id\u00e9e. Apr\u00e8s tout, de cette fa\u00e7on, vous pouvez non seulement regarder, mais aussi gagner de l&rsquo;argent ou soutenir votre \u00e9quipe pr\u00e9f\u00e9r\u00e9e. Pour ce faire, vous pouvez toujours trouver une application de pari sur Internet. Et lequel d&rsquo;entre eux est le meilleur \u00e0 choisir, nous vous aiderons \u00e0 comprendre.<\/p>\n<p><img loading=\"lazy\" decoding=\"async\" class=\"aligncenter wp-image-3988\" src=\"https:\/\/rocketplay-slot.com\/wp-content\/uploads\/2024\/02\/5581939_3644-1.jpg\" alt=\"Examen de l'application de paris sportifs\" width=\"800\" height=\"496\" srcset=\"https:\/\/rocketplay-slot.com\/wp-content\/uploads\/2024\/02\/5581939_3644-1.jpg 2500w, https:\/\/rocketplay-slot.com\/wp-content\/uploads\/2024\/02\/5581939_3644-1-300x186.jpg 300w, https:\/\/rocketplay-slot.com\/wp-content\/uploads\/2024\/02\/5581939_3644-1-1024x634.jpg 1024w, https:\/\/rocketplay-slot.com\/wp-content\/uploads\/2024\/02\/5581939_3644-1-768x476.jpg 768w, https:\/\/rocketplay-slot.com\/wp-content\/uploads\/2024\/02\/5581939_3644-1-1536x952.jpg 1536w, https:\/\/rocketplay-slot.com\/wp-content\/uploads\/2024\/02\/5581939_3644-1-2048x1269.jpg 2048w\" sizes=\"auto, (max-width: 800px) 100vw, 800px\" \/><\/p>\n<h2>APPLICATIONS DE PARIS LES PLUS \u00c9VALU\u00c9ES<\/h2>\n<p>Vous pouvez trouver les classements et classements de nombreuses soci\u00e9t\u00e9s de paris sur Internet. Beaucoup d&rsquo;entre eux sont difficiles \u00e0 faire confiance car les entreprises ont souvent \u00e9t\u00e9 vues vendre leurs opinions et leurs places dans les \u00e9valuations pour de l&rsquo;argent, ce qui vous fait douter de leur objectivit\u00e9. Mais il existe de nombreuses \u00e9valuations honn\u00eates, mais malheureusement, elles sont parfois difficiles \u00e0 trouver et \u00e0 distinguer des menteurs. Nous avons donc d\u00e9cid\u00e9 de faire notre petite liste des meilleures applis de paris avec des crit\u00e8res objectifs :<\/p>\n<ul>\n<li>BetWinner est l&rsquo;une des applications de paris sportifs les plus importantes. Vous trouverez d&rsquo;excellents bonus pour les nouveaux utilisateurs pour l&rsquo;inscription et un premier d\u00e9p\u00f4t. Ce sont des cotes adorables et un grand choix de paris. Essayez leur service;<\/li>\n<li>WinBet &#8211; cette soci\u00e9t\u00e9 de paris propose l&rsquo;une des gammes de paris les plus compl\u00e8tes sur une grande vari\u00e9t\u00e9 de sports et de bonnes cotes sur ceux-ci. Voici les meilleures promotions d&rsquo;applications de paris sportifs qui r\u00e9compensent id\u00e9alement ses joueurs les plus fid\u00e8les avec d&rsquo;excellents bonus et promotions\u00a0;<\/li>\n<li>BetWin est un bureau de bookmaker avec l&rsquo;un des designs les plus simples et concis. Et certains diront que ce n&rsquo;est pas la chose la plus importante, mais c&rsquo;est quand m\u00eame l&rsquo;une des parties essentielles. Un bon design aide toujours l&rsquo;utilisateur, et un d\u00e9butant peut toujours faire ce dont il a besoin en quelques clics. En outre, certaines des cotes les plus favorables et un excellent support technique r\u00e9pondront \u00e0 toutes vos questions 24h\/24 et 7j\/7.<\/li>\n<\/ul>\n<p>Vous pouvez toujours compter sur notre petite liste pour trouver un partenaire fiable dans le monde des meilleures applications de paris.<\/p>\n<h2>LES MEILLEURES APPLICATIONS DE PARIS EN DIRECT<\/h2>\n<p>En outre, de nombreuses personnes aiment parier en temps r\u00e9el et de nombreuses soci\u00e9t\u00e9s de paris offrent une telle opportunit\u00e9. Par cons\u00e9quent, nous vous sugg\u00e9rons de consid\u00e9rer les principaux:<\/p>\n<ul>\n<li>SkyBet &#8211; offre de nombreuses options de paris diff\u00e9rentes dans un format en direct.<\/li>\n<li>BetBoom &#8211; l&rsquo;application de paris la plus populaire, connue pour ses g\u00e9n\u00e9reux bonus et ses excellentes cotes.<\/li>\n<li>FonBet est une soci\u00e9t\u00e9 de paris avec presque aucun d\u00e9faut. Ils sont bons en tout. Certains la consid\u00e8rent m\u00eame comme la meilleure application de paris en Australie.<\/li>\n<\/ul>\n<p>Consultez ces listes afin de choisir ce qui vous convient.<\/p>\n<h2>COMMENT T\u00c9L\u00c9CHARGER<\/h2>\n<p>Pour t\u00e9l\u00e9charger l&rsquo;application de paris sportifs, vous devez suivre nos petites instructions :<\/p>\n<ol>\n<li>Rendez-vous sur le site officiel de la soci\u00e9t\u00e9 de paris qui vous int\u00e9resse.<\/li>\n<li>En haut de l&rsquo;\u00e9cran, il vous sera propos\u00e9 de t\u00e9l\u00e9charger l&rsquo;application sur votre t\u00e9l\u00e9phone portable. Cliquez ici et le t\u00e9l\u00e9chargement d\u00e9marrera automatiquement.<\/li>\n<li>Lorsque le t\u00e9l\u00e9chargement est termin\u00e9, installez-le.<\/li>\n<li>Une fois l&rsquo;application install\u00e9e, ouvrez-la.<\/li>\n<li>Pour placer des paris, vous devez vous connecter ou vous inscrire. Si vous enregistrez un nouveau compte, assurez-vous d&rsquo;entrer vos donn\u00e9es actuelles et votre e-mail valide. Aussi, n&rsquo;oubliez pas d&rsquo;inclure votre code d&rsquo;invitation afin que vous puissiez obtenir plus de bonus au d\u00e9part et que celui qui vous a invit\u00e9 obtienne ses bonus pour vous.<\/li>\n<li>Une fois connect\u00e9, vous pouvez d\u00e9poser votre solde et effectuer vos premiers paris sportifs.<\/li>\n<\/ol>\n<p>Si vous suivez ces instructions, vous pouvez commencer \u00e0 parier d\u00e8s que possible. Ces instructions sont pertinentes pour les smartphones bas\u00e9s sur Android. Si vous avez un iPhone, vous pouvez faire des paris depuis le site mobile des soci\u00e9t\u00e9s de paris. Ils sont souvent parfaitement optimis\u00e9s pour votre smartphone.<\/p>\n<p>AVANTAGES DES PARIS SPORTIFS SUR APPAREILS MOBILES<\/p>\n<p>Parier sur des \u00e9v\u00e9nements sportifs \u00e0 partir de vos appareils mobiles pr\u00e9sente de nombreux aspects positifs. Ils peuvent \u00eatre diff\u00e9rents pour chacun, mais il existe de nombreux avantages communs. Je vous sugg\u00e8re de consid\u00e9rer certains des \u00e9l\u00e9ments suivants\u00a0:<\/p>\n<ul>\n<li>vous pouvez toujours faire des paris sur les \u00e9v\u00e9nements les plus r\u00e9cents m\u00eame si vous n&rsquo;\u00eates pas chez vous, et cela vous prendra un minimum de temps\u00a0;<\/li>\n<li>la commodit\u00e9 d&rsquo;utilisation de l&rsquo;application mobile est bien plus que des actions similaires \u00e0 partir de votre PC\u00a0;<\/li>\n<li>vous pouvez toujours faire des paris en temps r\u00e9el, m\u00eame en regardant le match, et vous n&rsquo;aurez pas besoin de vous arr\u00eater pour regarder le match sur votre t\u00e9l\u00e9viseur.<\/li>\n<\/ul>\n<p>Et ce ne sont pas tous les avantages des paris depuis votre t\u00e9l\u00e9phone portable, vous avez donc la possibilit\u00e9 de trouver les avantages qui vous conviennent.<\/p>\n<p><img loading=\"lazy\" decoding=\"async\" class=\"aligncenter wp-image-3997\" src=\"https:\/\/rocketplay-slot.com\/wp-content\/uploads\/2024\/02\/watch-live-sports-event-your-mobile-device-betting-football-matches.jpg\" alt=\"Examen de l'application de paris sportifs 2\" width=\"800\" height=\"448\" srcset=\"https:\/\/rocketplay-slot.com\/wp-content\/uploads\/2024\/02\/watch-live-sports-event-your-mobile-device-betting-football-matches.jpg 1000w, https:\/\/rocketplay-slot.com\/wp-content\/uploads\/2024\/02\/watch-live-sports-event-your-mobile-device-betting-football-matches-300x168.jpg 300w, https:\/\/rocketplay-slot.com\/wp-content\/uploads\/2024\/02\/watch-live-sports-event-your-mobile-device-betting-football-matches-768x430.jpg 768w\" sizes=\"auto, (max-width: 800px) 100vw, 800px\" \/><\/p>\n<h2>FAQ<\/h2>\n<p>Les nouveaux utilisateurs ont toujours de nombreuses questions diff\u00e9rentes, ce qui est normal, nous avons donc d\u00e9cid\u00e9 de collecter les plus populaires et d&rsquo;y r\u00e9pondre.<\/p>\n<h3>SI JE N&rsquo;AI QUE 17 ANS, PUIS-JE COMMENCER \u00c0 PARIER ?<\/h3>\n<p>Non, selon la loi, vous pouvez strictement participer au jeu \u00e0 partir de 18 ans. Ceci est fait parce que de nombreux mineurs peuvent ne pas \u00eatre pr\u00eats \u00e0 r\u00e9sister \u00e0 la sensation de jeu et perdre beaucoup d&rsquo;argent, souvent pas le leur, mais l&rsquo;argent de leurs parents.<\/p>\n<h3>PUIS-JE RETIRER MES GAINS SUR MON PORTEFEUILLE EN CRYPTOMONNAIE\u00a0?<\/h3>\n<p>De nombreuses soci\u00e9t\u00e9s de paris offrent d\u00e9sormais cette possibilit\u00e9, mais il y a ceux pour qui cette fonction n&rsquo;est pas disponible. Vous devez donc lire attentivement les avis sur les applications de paris. Il y aura des \u00e9crits \u00e0 ce sujet.<\/p>\n<h3>QU&rsquo;EST-CE QU&rsquo;UN BONUS DE BIENVENUE\u00a0?<\/h3>\n<p>C&rsquo;est le bonus que vous obtenez lorsque vous enregistrez votre compte. Ceci est fait pour que plus de nouveaux utilisateurs restent avec les soci\u00e9t\u00e9s de paris.<\/p>\n","protected":false},"excerpt":{"rendered":"<p>T\u00f4t ou tard, tout fan actif de regarder des \u00e9v\u00e9nements sportifs pense \u00e0 am\u00e9liorer l&rsquo;exp\u00e9rience de regarder des matchs sportifs en pariant. Et ce n&rsquo;est pas une mauvaise id\u00e9e. Apr\u00e8s tout, de cette fa\u00e7on, vous pouvez non seulement regarder, mais aussi gagner de l&rsquo;argent ou soutenir votre \u00e9quipe pr\u00e9f\u00e9r\u00e9e. Pour ce faire, vous pouvez toujours&#8230;<\/p>\n","protected":false},"author":1,"featured_media":0,"parent":2778,"menu_order":0,"comment_status":"closed","ping_status":"closed","template":"","meta":{"_acf_changed":false,"_kad_post_transparent":"default","_kad_post_title":"default","_kad_post_layout":"default","_kad_post_sidebar_id":"","_kad_post_content_style":"default","_kad_post_vertical_padding":"default","_kad_post_feature":"","_kad_post_feature_position":"","_kad_post_header":false,"_kad_post_footer":false,"footnotes":""},"class_list":["post-2885","page","type-page","status-publish","hentry"],"acf":[],"rttpg_featured_image_url":null,"rttpg_author":{"display_name":"Elvis","author_link":"https:\/\/rocketplay-slot.com\/fr\/author\/pemvas95n89x\/"},"rttpg_comment":0,"rttpg_category":null,"rttpg_excerpt":"T\u00f4t ou tard, tout fan actif de regarder des \u00e9v\u00e9nements sportifs pense \u00e0 am\u00e9liorer l&rsquo;exp\u00e9rience de regarder des matchs sportifs en pariant. Et ce n&rsquo;est pas une mauvaise id\u00e9e. Apr\u00e8s tout, de cette fa\u00e7on, vous pouvez non seulement regarder, mais aussi gagner de l&rsquo;argent ou soutenir votre \u00e9quipe pr\u00e9f\u00e9r\u00e9e. Pour ce faire, vous pouvez toujours...","_links":{"self":[{"href":"https:\/\/rocketplay-slot.com\/fr\/wp-json\/wp\/v2\/pages\/2885","targetHints":{"allow":["GET"]}}],"collection":[{"href":"https:\/\/rocketplay-slot.com\/fr\/wp-json\/wp\/v2\/pages"}],"about":[{"href":"https:\/\/rocketplay-slot.com\/fr\/wp-json\/wp\/v2\/types\/page"}],"author":[{"embeddable":true,"href":"https:\/\/rocketplay-slot.com\/fr\/wp-json\/wp\/v2\/users\/1"}],"replies":[{"embeddable":true,"href":"https:\/\/rocketplay-slot.com\/fr\/wp-json\/wp\/v2\/comments?post=2885"}],"version-history":[{"count":3,"href":"https:\/\/rocketplay-slot.com\/fr\/wp-json\/wp\/v2\/pages\/2885\/revisions"}],"predecessor-version":[{"id":4560,"href":"https:\/\/rocketplay-slot.com\/fr\/wp-json\/wp\/v2\/pages\/2885\/revisions\/4560"}],"up":[{"embeddable":true,"href":"https:\/\/rocketplay-slot.com\/fr\/wp-json\/wp\/v2\/pages\/2778"}],"wp:attachment":[{"href":"https:\/\/rocketplay-slot.com\/fr\/wp-json\/wp\/v2\/media?parent=2885"}],"curies":[{"name":"wp","href":"https:\/\/api.w.org\/{rel}","templated":true}]}}