{"id":2938,"date":"2023-01-11T23:08:32","date_gmt":"2023-01-11T20:08:32","guid":{"rendered":"https:\/\/rocketplay-slot.com\/sports-betting\/handball\/"},"modified":"2024-02-08T14:51:43","modified_gmt":"2024-02-08T11:51:43","slug":"handball","status":"publish","type":"page","link":"https:\/\/rocketplay-slot.com\/fr\/sports-betting\/handball\/","title":{"rendered":"Guide des paris sur le handball"},"content":{"rendered":"<p>Le handball n&rsquo;est pas un sport tr\u00e8s populaire, il n&rsquo;y a donc pas beaucoup d&rsquo;amateurs de paris sur le handball. Mais c&rsquo;est formidable parce que plus il y a de gens qui parient sur un \u00e9v\u00e9nement sp\u00e9cifique, plus les cotes sont faibles, et comme peu de gens parient sur le handball, les cotes sont plus importantes et vos gains potentiels sont \u00e9galement plus importants.<\/p>\n<p>De plus, chaque utilisateur peut obtenir son bonus de bienvenue, et les chances accrues de matchs de handball sont excellentes pour vous aider \u00e0 gagner plus d&rsquo;argent sur les \u00e9v\u00e9nements de handball. Assurez-vous d&rsquo;essayer de parier sur un match de handball apr\u00e8s avoir lu notre article.<\/p>\n<p><img loading=\"lazy\" decoding=\"async\" class=\"aligncenter wp-image-3908\" src=\"https:\/\/rocketplay-slot.com\/wp-content\/uploads\/2024\/02\/soccer-player-stadium-action-mixed-media.jpg\" alt=\"Guide des paris sur le handball\" width=\"800\" height=\"466\" srcset=\"https:\/\/rocketplay-slot.com\/wp-content\/uploads\/2024\/02\/soccer-player-stadium-action-mixed-media.jpg 1000w, https:\/\/rocketplay-slot.com\/wp-content\/uploads\/2024\/02\/soccer-player-stadium-action-mixed-media-300x175.jpg 300w, https:\/\/rocketplay-slot.com\/wp-content\/uploads\/2024\/02\/soccer-player-stadium-action-mixed-media-768x448.jpg 768w\" sizes=\"auto, (max-width: 800px) 100vw, 800px\" \/><\/p>\n<h2>LES PRINCIPES DE BASE DU HANDBALL<\/h2>\n<p>Le handball est tr\u00e8s similaire au football en salle. Et il y a en effet beaucoup de similitudes, et la principale diff\u00e9rence est qu&rsquo;au handball, on ne peut pas jouer avec les pieds, et au foot, avec les mains.<\/p>\n<p>Mais il y a beaucoup plus de diff\u00e9rences. Allons au fond des choses. Dans un match de handball, deux \u00e9quipes de 7 joueurs chacune participent. Les \u00e9quipes peuvent effectuer des remplacements de joueurs si quelqu&rsquo;un est bless\u00e9 ou fatigu\u00e9. Un match de handball ne dure que deux mi-temps de 30 minutes chacune, ce qui est tr\u00e8s bien car vous pouvez placer plus de paris, et cela prendra moins de temps. Au handball, on ne tient pas longtemps le ballon. Un participant une fois toutes les 3 secondes ou \u00e9tapes. Il doit y avoir une passe ou un dribble. Cela rend le sport tr\u00e8s dynamique et spectaculaire. Assurez-vous de regarder ceci.<\/p>\n<h2>POURQUOI PARIER EN LIGNE SUR LE HANDBALL ?<\/h2>\n<p>Vous pouvez parier hors ligne lors du match ou en ligne tout en regardant le match \u00e0 la maison depuis votre mobile ou votre t\u00e9l\u00e9viseur. Beaucoup de gens pr\u00e9f\u00e8rent encore parier hors ligne, mais cela entra\u00eene de nombreux d\u00e9sagr\u00e9ments. C&rsquo;est pourquoi nous vous recommandons tous de parier en ligne.<\/p>\n<p>Lorsque vous placez un pari avec un bookmaker en ligne, vous n&rsquo;avez pas \u00e0 faire la queue pour que vous placiez votre pari ou que vous r\u00e9cup\u00e9riez vos gains. De plus, dans le format en ligne, vous avez un choix beaucoup plus excellent de variantes de votre pari, assurez-vous d&rsquo;en profiter. Vous n&rsquo;avez pas besoin d&rsquo;argent comptant. Vous pouvez toujours payer avec votre carte bancaire ou votre crypto-monnaie et retirer vos gains facilement. Profitez \u00e9galement des promotions sur les paris Handball pour faire un maximum de profit.<\/p>\n<h2>TYPES DE PARIS<\/h2>\n<p>Tous les sites de paris sur le handball ont de nombreux paris possibles, ce qui peut d\u00e9router l&rsquo;utilisateur inexp\u00e9riment\u00e9. Nous avons donc d\u00e9cid\u00e9 de vous aider \u00e0 comprendre certains d&rsquo;entre eux :<\/p>\n<ul>\n<li>parier sur la ligne gagnante. C&rsquo;est l&rsquo;une des m\u00e9thodes de pari les plus simples. Vous pariez sur le r\u00e9sultat final du match. Vous pariez que l&rsquo;\u00e9quipe \u00ab\u00a0A\u00a0\u00bb gagnera, perdra ou fera match nul contre l&rsquo;\u00e9quipe \u00ab\u00a0B\u00a0\u00bb.<\/li>\n<li>parier sur un r\u00e9sultat pr\u00e9cis. Vous pouvez parier sur le score exact du match. Mais vous devez comprendre que si votre \u00e9quipe a gagn\u00e9, mais que le score s&rsquo;est av\u00e9r\u00e9 diff\u00e9rent, vous perdrez toujours.<\/li>\n<li>plus \/ moins &#8211; vous pouvez parier sur le fait que tel ou tel \u00e9v\u00e9nement se produira plus ou moins de fois. Par exemple, vous pouvez parier que votre \u00e9quipe marquera plus de trois buts ou encaissera moins de deux buts.<\/li>\n<li>parier sur un \u00e9v\u00e9nement sp\u00e9cifique &#8211; vous pouvez parier sur le fait qu&rsquo;un \u00e9v\u00e9nement sp\u00e9cifique se produira ou non. Par exemple, si un joueur de l&rsquo;\u00e9quipe \u00ab\u00a0A\u00a0\u00bb marque ou peut-\u00eatre dans ce match, un joueur sera retir\u00e9.<\/li>\n<li>vous pouvez \u00e9galement parier sur plusieurs matchs &#8211; vous pouvez parier sur trois matchs de handball ou plus simultan\u00e9ment dans un pari, et les cotes ne feront qu&rsquo;augmenter pour chaque match. Vous avez besoin de tous les paris pour gagner. Si vous avez pari\u00e9 sur cinq matchs et qu&rsquo;un seul \u00e9tait faux, vous n&rsquo;obtiendrez toujours pas vos gains. Soyez donc prudent avec ce genre de pari.<\/li>\n<\/ul>\n<p>Dans diff\u00e9rentes soci\u00e9t\u00e9s de paris, vous pouvez trouver d&rsquo;autres options pour parier, mais ce sont celles-ci que nous recommandons aux d\u00e9butants car elles sont les plus simples possibles et vous offrent de bonnes cotes.<\/p>\n<h2>CONSEILS<\/h2>\n<p>Chaque utilisateur exp\u00e9riment\u00e9 est s\u00fbr d&rsquo;avoir sa strat\u00e9gie de paris Handball. Parce que c&rsquo;est une strat\u00e9gie bien pens\u00e9e qui vous permet de g\u00e9rer au mieux votre solde, c&rsquo;est pourquoi nous vous avons pr\u00e9par\u00e9 quelques conseils de pari Handball indispensables :<\/p>\n<ul>\n<li>ne jouez pas en \u00e9tat d&rsquo;\u00e9bri\u00e9t\u00e9. Cela peut nuire \u00e0 vos r\u00e9sultats car vous pouvez avoir un sens \u00e9mouss\u00e9 des proportions et du danger ;<\/li>\n<li>assurez-vous de regarder les pronostics de paris sur le handball. Cela vous aidera \u00e0 faire le pari le plus pr\u00e9cis possible ;<\/li>\n<li>utilisez les meilleures cotes de paris Handball pour rendre vos gains aussi importants que possible\u00a0;<\/li>\n<li>n&rsquo;utilisez pas les paris sur le handball pour gagner de l&rsquo;argent car le handball est un jeu d&rsquo;\u00e9quipe, et le r\u00e9sultat d\u00e9pend de nombreux faits, que vous ne pouvez pas pr\u00e9dire.<\/li>\n<\/ul>\n<p>Suivez notre guide des paris Handball pour rentabiliser au maximum votre investissement tout en ayant le petit risque de perdre votre investissement.<\/p>\n<p><img loading=\"lazy\" decoding=\"async\" class=\"aligncenter wp-image-3918\" src=\"https:\/\/rocketplay-slot.com\/wp-content\/uploads\/2024\/02\/soccer-player-ready-play-with-soccerball-stadium.jpg\" alt=\"Guide des paris sur le handball 2\" width=\"800\" height=\"534\" srcset=\"https:\/\/rocketplay-slot.com\/wp-content\/uploads\/2024\/02\/soccer-player-ready-play-with-soccerball-stadium.jpg 1000w, https:\/\/rocketplay-slot.com\/wp-content\/uploads\/2024\/02\/soccer-player-ready-play-with-soccerball-stadium-300x200.jpg 300w, https:\/\/rocketplay-slot.com\/wp-content\/uploads\/2024\/02\/soccer-player-ready-play-with-soccerball-stadium-768x512.jpg 768w\" sizes=\"auto, (max-width: 800px) 100vw, 800px\" \/><\/p>\n<h2>FAQ<\/h2>\n<p>Peu importe votre niveau d&rsquo;exp\u00e9rience en tant qu&rsquo;utilisateur, vous pouvez toujours avoir des questions sur le fonctionnement d&rsquo;une soci\u00e9t\u00e9 de paris. C&rsquo;est pourquoi nous avons rassembl\u00e9 quelques-uns des plus populaires et vous avons donn\u00e9 les r\u00e9ponses.<\/p>\n<h3>COMMENT SAVOIR SUR QUI PARIER ?<\/h3>\n<p>Vous ne pouvez pas conna\u00eetre \u00e0 100% le vainqueur avant le coup de sifflet final. Mais vous pouvez additionner tous les facteurs objectifs et subjectifs et essayer de d\u00e9terminer vous-m\u00eame le vainqueur du match \u00e0 venir. De temps en temps, m\u00eame les outsiders gagnent les leaders.<\/p>\n<h3>SUR QUELS \u00c9V\u00c9NEMENTS DOIS-JE PARIER ?<\/h3>\n<p>Certains tournois ne sont pas disponibles chez certains bookmakers. La plupart des matchs moins professionnels ne sont pas disponibles. Il vaut \u00e9galement la peine de parier sur une victoire pour l&rsquo;une des \u00e9quipes.<\/p>\n<h3>\u00c0 QUEL \u00c2GE PUIS-JE PARIER\u00a0?<\/h3>\n<p>Vous ne pouvez commencer \u00e0 jouer que lorsque vous atteignez l&rsquo;\u00e2ge de 18 ans. La loi le d\u00e9finit strictement et les soci\u00e9t\u00e9s de paris ne le violent pas.<\/p>\n","protected":false},"excerpt":{"rendered":"<p>Le handball n&rsquo;est pas un sport tr\u00e8s populaire, il n&rsquo;y a donc pas beaucoup d&rsquo;amateurs de paris sur le handball. Mais c&rsquo;est formidable parce que plus il y a de gens qui parient sur un \u00e9v\u00e9nement sp\u00e9cifique, plus les cotes sont faibles, et comme peu de gens parient sur le handball, les cotes sont plus&#8230;<\/p>\n","protected":false},"author":1,"featured_media":0,"parent":2778,"menu_order":0,"comment_status":"closed","ping_status":"closed","template":"","meta":{"_acf_changed":false,"_kad_post_transparent":"default","_kad_post_title":"default","_kad_post_layout":"default","_kad_post_sidebar_id":"","_kad_post_content_style":"default","_kad_post_vertical_padding":"default","_kad_post_feature":"","_kad_post_feature_position":"","_kad_post_header":false,"_kad_post_footer":false,"footnotes":""},"class_list":["post-2938","page","type-page","status-publish","hentry"],"acf":[],"rttpg_featured_image_url":null,"rttpg_author":{"display_name":"Elvis","author_link":"https:\/\/rocketplay-slot.com\/fr\/author\/pemvas95n89x\/"},"rttpg_comment":0,"rttpg_category":null,"rttpg_excerpt":"Le handball n&rsquo;est pas un sport tr\u00e8s populaire, il n&rsquo;y a donc pas beaucoup d&rsquo;amateurs de paris sur le handball. Mais c&rsquo;est formidable parce que plus il y a de gens qui parient sur un \u00e9v\u00e9nement sp\u00e9cifique, plus les cotes sont faibles, et comme peu de gens parient sur le handball, les cotes sont plus...","_links":{"self":[{"href":"https:\/\/rocketplay-slot.com\/fr\/wp-json\/wp\/v2\/pages\/2938","targetHints":{"allow":["GET"]}}],"collection":[{"href":"https:\/\/rocketplay-slot.com\/fr\/wp-json\/wp\/v2\/pages"}],"about":[{"href":"https:\/\/rocketplay-slot.com\/fr\/wp-json\/wp\/v2\/types\/page"}],"author":[{"embeddable":true,"href":"https:\/\/rocketplay-slot.com\/fr\/wp-json\/wp\/v2\/users\/1"}],"replies":[{"embeddable":true,"href":"https:\/\/rocketplay-slot.com\/fr\/wp-json\/wp\/v2\/comments?post=2938"}],"version-history":[{"count":3,"href":"https:\/\/rocketplay-slot.com\/fr\/wp-json\/wp\/v2\/pages\/2938\/revisions"}],"predecessor-version":[{"id":4528,"href":"https:\/\/rocketplay-slot.com\/fr\/wp-json\/wp\/v2\/pages\/2938\/revisions\/4528"}],"up":[{"embeddable":true,"href":"https:\/\/rocketplay-slot.com\/fr\/wp-json\/wp\/v2\/pages\/2778"}],"wp:attachment":[{"href":"https:\/\/rocketplay-slot.com\/fr\/wp-json\/wp\/v2\/media?parent=2938"}],"curies":[{"name":"wp","href":"https:\/\/api.w.org\/{rel}","templated":true}]}}