{"id":2990,"date":"2023-01-11T23:39:55","date_gmt":"2023-01-11T20:39:55","guid":{"rendered":"https:\/\/rocketplay-slot.com\/sports-betting\/football\/"},"modified":"2024-02-08T15:14:52","modified_gmt":"2024-02-08T12:14:52","slug":"football","status":"publish","type":"page","link":"https:\/\/rocketplay-slot.com\/fr\/sports-betting\/football\/","title":{"rendered":"Football &#8211; Guide des paris"},"content":{"rendered":"<p>Le football est l&rsquo;un des jeux les plus populaires au monde. Beaucoup de gens aiment ce jeu pour son dynamisme et non pour l&rsquo;analyse. C&rsquo;est plus compliqu\u00e9 que les \u00e9checs. En raison de tous ces facteurs, ce jeu est populaire aupr\u00e8s des bookmakers. Les variations de paris les plus importantes seront toujours sur le football. Nous \u00e9crivons cet article pour vous aider \u00e0 comprendre les paris sur le football.<\/p>\n<p><img loading=\"lazy\" decoding=\"async\" class=\"aligncenter wp-image-3948\" src=\"https:\/\/rocketplay-slot.com\/wp-content\/uploads\/2024\/02\/businessman-with-banknotes-around-holds-cellphone-his-hand-with-football-field-display.jpg\" alt=\"Football - Guide des paris 2\" width=\"800\" height=\"534\" srcset=\"https:\/\/rocketplay-slot.com\/wp-content\/uploads\/2024\/02\/businessman-with-banknotes-around-holds-cellphone-his-hand-with-football-field-display.jpg 1000w, https:\/\/rocketplay-slot.com\/wp-content\/uploads\/2024\/02\/businessman-with-banknotes-around-holds-cellphone-his-hand-with-football-field-display-300x200.jpg 300w, https:\/\/rocketplay-slot.com\/wp-content\/uploads\/2024\/02\/businessman-with-banknotes-around-holds-cellphone-his-hand-with-football-field-display-768x513.jpg 768w\" sizes=\"auto, (max-width: 800px) 100vw, 800px\" \/><\/p>\n<h2>LES CHANCES DU FOOTBALL EXPLIQU\u00c9ES<\/h2>\n<p>Les cotes jouent un r\u00f4le crucial dans le monde des paris. Les cotes d\u00e9terminent combien vous gagnerez pour votre pari. Et les chances d\u00e9pendent de plusieurs facteurs :<\/p>\n<ul>\n<li>la probabilit\u00e9 math\u00e9matique d&rsquo;un \u00e9v\u00e9nement sp\u00e9cifique. Plus un \u00e9v\u00e9nement est susceptible de se produire, plus les chances seront faibles. Les cotes math\u00e9matiques sont utilis\u00e9es pour les cotes initiales corrig\u00e9es par les paris des autres utilisateurs et les formules math\u00e9matiques apr\u00e8s des \u00e9v\u00e9nements qui modifient la disposition des forces.<\/li>\n<li>les paris des autres utilisateurs. Une formule math\u00e9matique ne peut pas tout calculer. Les cotes sont corrig\u00e9es en fonction des paris des autres utilisateurs pour garder l&rsquo;\u00e9quilibre.<\/li>\n<li>la marge d&rsquo;une soci\u00e9t\u00e9 de bookmaker. Cela d\u00e9pend de la fa\u00e7on dont les cotes favorables globales seront. Plus la marge de la soci\u00e9t\u00e9 de paris est petite, plus les utilisateurs gagnent, souvent, certaines soci\u00e9t\u00e9s de paris refusent de profiter de certains \u00e9v\u00e9nements et les utilisateurs obtiennent le maximum de profit pour eux-m\u00eames.<\/li>\n<\/ul>\n<p>Savoir calculer les cotes, faire des paris sera plus facile ; assurez-vous d&rsquo;utiliser nos conseils de paris sur le football.<\/p>\n<h2>LES TYPES DE PARIS SUR LE FOOTBALL EXPLIQU\u00c9S<\/h2>\n<p>Il existe de nombreux types de paris sur le football. Certains d&rsquo;entre eux peuvent \u00eatre difficiles \u00e0 comprendre pour les d\u00e9butants, nous avons donc d\u00e9cid\u00e9 de vous aider avec les types de base pour vous permettre de faire vos premiers paris plus facilement :<\/p>\n<ul>\n<li>un pari sur un r\u00e9sultat particulier. Le choix le plus simple est de parier sur la victoire, la d\u00e9faite ou le match nul de votre \u00e9quipe.<br \/>\nvous pouvez parier sur un score sp\u00e9cifique. Si vous \u00eates convaincu que le match se terminera par un r\u00e9sultat sp\u00e9cifique, vous pouvez parier dessus. Oui, c&rsquo;est un risque assez important, mais il paie aussi tr\u00e8s bien ;<\/li>\n<li>plus\/moins. Il s&rsquo;agit d&rsquo;un pari sur le fait qu&rsquo;un \u00e9v\u00e9nement particulier se produira plus ou moins de fois. Par exemple, vous pouvez<\/li>\n<li>parier que votre \u00e9quipe marquera plus d&rsquo;un but ;<\/li>\n<li>une cha\u00eene de paris. Vous pouvez placer plus de trois paris en un seul ch\u00e8que, et pour chaque pari successif, vos chances augmentent. Mais si l&rsquo;un de vos paris est faux, vous perdez.<\/li>\n<\/ul>\n<p>Conna\u00eetre ces types de paris de base vous permettra de faire votre premier pari beaucoup plus facilement. Vous pouvez essayer les paris gratuits sur le football si vous n&rsquo;\u00eates pas s\u00fbr.<\/p>\n<h2>PARIS \u00c0 LONG TERME ET SP\u00c9CIAUX<\/h2>\n<p>Les paris \u00e0 long terme ne sont pas faits pour un match mais pour toute la saison. De nombreux utilisateurs l&rsquo;appellent l&rsquo;inverse des paris en direct sur le football.<\/p>\n<p>Les paris \u00e0 long terme ne sont pas aussi populaires que les paris \u00e0 court terme, mais ce n&rsquo;est pas surprenant car tout le monde veut gagner ici et maintenant. Mais les paris \u00e0 long terme ont leurs avantages. Comme des cotes accrues par rapport aux paris r\u00e9guliers. Bien que sur les leaders, les paris ne sont toujours pas les plus gros. Parfois, les \u00e9v\u00e9nements longs sont plus simples \u00e0 analyser qu&rsquo;un match court.<\/p>\n<p>En effet, dans un match, vous pouvez perdre \u00e0 cause de divers accidents d\u00e9sagr\u00e9ables, mais tout le tournoi est difficile \u00e0 perdre par hasard. Dans ce cas, l&rsquo;approche syst\u00e9matique prime. Assurez-vous d&rsquo;essayer de parier sur la victoire de l&rsquo;une des \u00e9quipes dans un tournoi majeur. Vous allez l&rsquo;adorer.<\/p>\n<h2>COMMENT PLACER UN PARI SUR LE FOOTBALL\u00a0:<\/h2>\n<p>Pour parier sur le football, vous devez suivre nos petites mais simples instructions :<\/p>\n<ol>\n<li>Vous devez choisir votre application de paris sur le football pr\u00e9f\u00e9r\u00e9e. Cela peut \u00eatre fait en fonction des diff\u00e9rentes \u00e9valuations que vous pouvez trouver sur Internet.<\/li>\n<li>Apr\u00e8s cela, vous devez vous inscrire sur le site Web du bookmaker que vous avez choisi. Habituellement, le bouton d&rsquo;enregistrement se trouve dans le coin sup\u00e9rieur droit. Assurez-vous de ne sp\u00e9cifier que vos donn\u00e9es et votre adresse e-mail actuelles.<\/li>\n<li>Rechargez votre solde depuis votre carte bancaire ou crypto-monnaie.<\/li>\n<li>Ensuite, vous devez choisir le match sur lequel vous souhaitez parier.<\/li>\n<li>\u00c9tudiez attentivement le sujet du pari et vos possibilit\u00e9s de gagner. Si vous acceptez le risque auquel vous \u00eates confront\u00e9, placez votre pari.<\/li>\n<li>Attendez le r\u00e9sultat; si vous gagnez, le nombre de vos gains viendra sur votre solde.<\/li>\n<\/ol>\n<p>Cette instruction peut convenir aux d\u00e9butants, mais si vous \u00eates d\u00e9j\u00e0 un joueur exp\u00e9riment\u00e9, vous le savez vous-m\u00eame.<\/p>\n<h2>CONSEILS ET STRAT\u00c9GIES POUR PARIER SUR LE FOOTBALL<\/h2>\n<p>Lorsque vous faites vos premiers paris, vous devez savoir que si vous voulez vous lancer s\u00e9rieusement dans les paris, vous devez concevoir vos strat\u00e9gies de paris sur le football et vous y tenir. C&rsquo;est ce que font tous les joueurs exp\u00e9riment\u00e9s et obtiennent leurs meilleurs paris sur le football.<\/p>\n<p><img loading=\"lazy\" decoding=\"async\" class=\"aligncenter wp-image-3957\" src=\"https:\/\/rocketplay-slot.com\/wp-content\/uploads\/2024\/02\/football-scene-night-match-with-close-up-soccer-shoe-hitting-ball-with-power.jpg\" alt=\"Football - Guide des paris 2\" width=\"800\" height=\"450\" srcset=\"https:\/\/rocketplay-slot.com\/wp-content\/uploads\/2024\/02\/football-scene-night-match-with-close-up-soccer-shoe-hitting-ball-with-power.jpg 1000w, https:\/\/rocketplay-slot.com\/wp-content\/uploads\/2024\/02\/football-scene-night-match-with-close-up-soccer-shoe-hitting-ball-with-power-300x169.jpg 300w, https:\/\/rocketplay-slot.com\/wp-content\/uploads\/2024\/02\/football-scene-night-match-with-close-up-soccer-shoe-hitting-ball-with-power-768x432.jpg 768w\" sizes=\"auto, (max-width: 800px) 100vw, 800px\" \/><\/p>\n<h2>FAQ<\/h2>\n<p>On nous pose souvent des questions sur la fa\u00e7on de parier correctement sur le football en ligne, et nous avons d\u00e9cid\u00e9 de rassembler les plus populaires d&rsquo;entre elles et de vous donner les r\u00e9ponses dans cet article.<\/p>\n<h3>COMMENT SAVOIR QUELLE \u00c9QUIPE VA GAGNER\u00a0?<\/h3>\n<p>Vous ne pouvez jamais \u00eatre s\u00fbr que votre \u00e9quipe gagnera. Mais vous pouvez toujours analyser les donn\u00e9es agr\u00e9g\u00e9es sur les \u00e9quipes et faire votre pari.<\/p>\n<h3>COMMENT PARIER DEPUIS UN T\u00c9L\u00c9PHONE PORTABLE ?<\/h3>\n<p>Vous pouvez toujours utiliser le site Web de la soci\u00e9t\u00e9 de paris avec laquelle vous pariez. Tous sont bien optimis\u00e9s pour les t\u00e9l\u00e9phones portables. Vous pouvez \u00e9galement utiliser leurs applications mobiles, que vous pouvez \u00e9galement trouver sur le site Web.<\/p>\n<h3>PUIS-JE PARIER GRATUITEMENT ?<\/h3>\n<p>Oui, de nombreuses entreprises offrent un bonus de bienvenue dans les paris gratuits pour vous permettre de placer plus facilement votre premier pari avec elles.<\/p>\n","protected":false},"excerpt":{"rendered":"<p>Le football est l&rsquo;un des jeux les plus populaires au monde. Beaucoup de gens aiment ce jeu pour son dynamisme et non pour l&rsquo;analyse. C&rsquo;est plus compliqu\u00e9 que les \u00e9checs. En raison de tous ces facteurs, ce jeu est populaire aupr\u00e8s des bookmakers. Les variations de paris les plus importantes seront toujours sur le football&#8230;.<\/p>\n","protected":false},"author":1,"featured_media":0,"parent":2778,"menu_order":0,"comment_status":"closed","ping_status":"closed","template":"","meta":{"_acf_changed":false,"_kad_post_transparent":"default","_kad_post_title":"default","_kad_post_layout":"default","_kad_post_sidebar_id":"","_kad_post_content_style":"default","_kad_post_vertical_padding":"default","_kad_post_feature":"","_kad_post_feature_position":"","_kad_post_header":false,"_kad_post_footer":false,"footnotes":""},"class_list":["post-2990","page","type-page","status-publish","hentry"],"acf":[],"rttpg_featured_image_url":null,"rttpg_author":{"display_name":"Elvis","author_link":"https:\/\/rocketplay-slot.com\/fr\/author\/pemvas95n89x\/"},"rttpg_comment":0,"rttpg_category":null,"rttpg_excerpt":"Le football est l&rsquo;un des jeux les plus populaires au monde. Beaucoup de gens aiment ce jeu pour son dynamisme et non pour l&rsquo;analyse. C&rsquo;est plus compliqu\u00e9 que les \u00e9checs. En raison de tous ces facteurs, ce jeu est populaire aupr\u00e8s des bookmakers. Les variations de paris les plus importantes seront toujours sur le football....","_links":{"self":[{"href":"https:\/\/rocketplay-slot.com\/fr\/wp-json\/wp\/v2\/pages\/2990","targetHints":{"allow":["GET"]}}],"collection":[{"href":"https:\/\/rocketplay-slot.com\/fr\/wp-json\/wp\/v2\/pages"}],"about":[{"href":"https:\/\/rocketplay-slot.com\/fr\/wp-json\/wp\/v2\/types\/page"}],"author":[{"embeddable":true,"href":"https:\/\/rocketplay-slot.com\/fr\/wp-json\/wp\/v2\/users\/1"}],"replies":[{"embeddable":true,"href":"https:\/\/rocketplay-slot.com\/fr\/wp-json\/wp\/v2\/comments?post=2990"}],"version-history":[{"count":3,"href":"https:\/\/rocketplay-slot.com\/fr\/wp-json\/wp\/v2\/pages\/2990\/revisions"}],"predecessor-version":[{"id":4544,"href":"https:\/\/rocketplay-slot.com\/fr\/wp-json\/wp\/v2\/pages\/2990\/revisions\/4544"}],"up":[{"embeddable":true,"href":"https:\/\/rocketplay-slot.com\/fr\/wp-json\/wp\/v2\/pages\/2778"}],"wp:attachment":[{"href":"https:\/\/rocketplay-slot.com\/fr\/wp-json\/wp\/v2\/media?parent=2990"}],"curies":[{"name":"wp","href":"https:\/\/api.w.org\/{rel}","templated":true}]}}