{"id":3042,"date":"2023-01-12T00:10:18","date_gmt":"2023-01-11T21:10:18","guid":{"rendered":"https:\/\/rocketplay-slot.com\/sports-betting\/cricket\/"},"modified":"2024-02-08T15:24:01","modified_gmt":"2024-02-08T12:24:01","slug":"cricket","status":"publish","type":"page","link":"https:\/\/rocketplay-slot.com\/fr\/sports-betting\/cricket\/","title":{"rendered":"Tout sur les paris de cricket en ligne"},"content":{"rendered":"<p>Le cricket est le jeu le plus populaire au monde, mais il a toujours sa base de fans. Mais parce que le cricket ne parie pas aussi souvent que le football et d&rsquo;autres jeux populaires, les paris sur le cricket, les paris sont tr\u00e8s rentables. Il serait utile pour vous de conna\u00eetre quelques conseils sur les paris sur le cricket et d&rsquo;\u00e9crire cet article pour cela.<\/p>\n<p><img loading=\"lazy\" decoding=\"async\" class=\"aligncenter wp-image-3968\" src=\"https:\/\/rocketplay-slot.com\/wp-content\/uploads\/2024\/02\/cricketer-field-action.jpg\" alt=\"Tout sur les paris de cricket en ligne\" width=\"800\" height=\"534\" srcset=\"https:\/\/rocketplay-slot.com\/wp-content\/uploads\/2024\/02\/cricketer-field-action.jpg 1000w, https:\/\/rocketplay-slot.com\/wp-content\/uploads\/2024\/02\/cricketer-field-action-300x200.jpg 300w, https:\/\/rocketplay-slot.com\/wp-content\/uploads\/2024\/02\/cricketer-field-action-768x512.jpg 768w\" sizes=\"auto, (max-width: 800px) 100vw, 800px\" \/><\/p>\n<h2>DIFF\u00c9RENTS TYPES DE PARIS AU CRICKET<\/h2>\n<p>Chaque bookmaker a diff\u00e9rentes options de pari. Beaucoup d&rsquo;entre eux peuvent confondre l&rsquo;utilisateur, et il fera un faux pari. Cela signifie que la soci\u00e9t\u00e9 de bookmaker gagnera de l&rsquo;argent. Il existe \u00e9galement des paris simples, mais vous devez analyser les donn\u00e9es. Bien s\u00fbr, il y aura les paris sur le cricket avec les cotes gagnantes les plus importantes.<\/p>\n<p>Pour vous aider \u00e0 faire les bons paris, nous avons fait pour vous des conseils de paris cricket gratuits :<\/p>\n<ul>\n<li>un pari sur le gagnant. Vous pouvez parier sur l&rsquo;\u00e9quipe qui, selon vous, doit gagner ce match ;<\/li>\n<li>plus\/moins. Vous pouvez parier sur l&rsquo;\u00e9v\u00e9nement qui, selon vous, se produira plus ou moins de fois. Par exemple, vous pouvez dire que l&rsquo;\u00e9quipe \u00ab\u00a0A\u00a0\u00bb marquera plus de 5 points ;<\/li>\n<li>premier ballon\/premi\u00e8re r\u00e9ception &#8211; Ce pari est excellent pour ceux qui veulent obtenir un r\u00e9sultat le plus rapidement possible\u00a0;<\/li>\n<li>manches courues. Il s&rsquo;agit d&rsquo;un pari simple et vous devez deviner si l&rsquo;\u00e9quipe aura le nombre requis de courses. Vous n&rsquo;avez m\u00eame pas besoin de deviner le nombre exact. Cela doit juste \u00eatre suffisant;<\/li>\n<li>paris sur les joueurs. Vous pouvez parier non pas sur l&rsquo;\u00e9quipe mais sur un joueur en particulier. S&rsquo;il devient le joueur du match, vous gagnez.<\/li>\n<\/ul>\n<p>En suivant ce guide de paris sur le cricket, vous pouvez toujours faire votre pari.<\/p>\n<h2>STRAT\u00c9GIE DE PARIS SUR LE CRICKET<\/h2>\n<p>Chaque joueur professionnel lors d&rsquo;\u00e9v\u00e9nements sportifs a sa strat\u00e9gie. C&rsquo;est pourquoi nous vous recommandons de cr\u00e9er \u00e9galement le v\u00f4tre, mais pour vous, nous avons appris des conseils g\u00e9n\u00e9raux d&rsquo;utilisateurs exp\u00e9riment\u00e9s\u00a0:<\/p>\n<ul>\n<li>\u00e9tudiez toujours attentivement ce sur quoi vous pariez. Une bonne analyse peut vous indiquer des paris peu \u00e9vidents et tr\u00e8s rentables.<\/li>\n<li>regardez les matchs sur lesquels vous pariez. Cela vous permettra de recueillir plus de donn\u00e9es pour une analyse plus approfondie, ce qui signifie qu&rsquo;il y aura moins d&rsquo;erreurs dans les paris.<\/li>\n<li>ne buvez jamais d&rsquo;alcool en pariant. Cela peut vous emp\u00eacher de voir les choses objectivement et \u00e9quitablement. Vous pouvez faire plus d&rsquo;erreurs.<\/li>\n<li>n&rsquo;utilisez pas les paris comme moyen de gagner de l&rsquo;argent. Oui, vous pouvez gagner beaucoup ici, mais si votre chance tourne, vous risquez de tout perdre.<\/li>\n<li>ne faites pas de gros paris. Faites beaucoup de petits. Cela vous permettra de diff\u00e9rencier vos investissements et de les perdre tous d&rsquo;un coup. Vous avez beaucoup moins de chance.<\/li>\n<li>utilisez une application de paris sur le cricket \u00e9prouv\u00e9e, qui garantit des paiements \u00e9quitables, de bonnes cotes et d&rsquo;excellents bonus<\/li>\n<\/ul>\n<p>En suivant ces conseils simples, vous pouvez toujours passer un bon moment avec les paris en direct sur le cricket.<\/p>\n<h2>LES PARIS DE CRICKET LES PLUS POPULAIRES<\/h2>\n<p>Dans les paris sur le cricket, il existe de nombreuses variantes de la fa\u00e7on dont vous pouvez parier. Mais vous devez vous rappeler que plus un pari sp\u00e9cifique est populaire, moins les cotes sont favorables. Cela signifie que vous avez beaucoup moins de chances d&rsquo;obtenir une r\u00e9compense d\u00e9cente.<\/p>\n<p>C&rsquo;est pourquoi de nombreuses personnes utilisent des paris qui ne sont pas les plus populaires. Mais pour ce faire, il vaut la peine d&rsquo;\u00e9tudier les paris disponibles et d&rsquo;analyser les \u00e9quipes et les joueurs sur lesquels vous pouvez parier. De cette fa\u00e7on, vous pouvez d\u00e9couvrir beaucoup de choses qui n&rsquo;\u00e9taient pas imm\u00e9diatement \u00e9videntes.<\/p>\n<p>N&rsquo;oubliez pas non plus que dans les paris sur le cricket, l&rsquo;Australie gagne en popularit\u00e9 dans les paris \u00e0 long terme. Ils consistent dans le fait que vous pouvez parier non pas sur un match mais sur l&rsquo;ensemble du tournoi. Cela \u00e9limine la chance ou la malchance d&rsquo;\u00e9quipes sp\u00e9cifiques, et la performance syst\u00e9matique de l&rsquo;\u00e9quipe vient au premier plan, ce qui rend ces paris tr\u00e8s attractifs.<\/p>\n<h2>CONCLUSION<\/h2>\n<p>En conclusion, les paris sont un excellent compl\u00e9ment pour regarder votre sport pr\u00e9f\u00e9r\u00e9, ce qui peut vous rapporter des gains occasionnels et r\u00e9guliers. Bien entendu, pour gagner r\u00e9guli\u00e8rement, il vous faudra analyser en d\u00e9tail les matchs \u00e0 venir. Il est \u00e9galement essentiel de mettre de c\u00f4t\u00e9 tous les pr\u00e9jug\u00e9s du supporter moyen car un professionnel est rationnel, m\u00eame lorsqu&rsquo;il s&rsquo;agit de son \u00e9quipe favorite.<\/p>\n<p><img loading=\"lazy\" decoding=\"async\" class=\"aligncenter wp-image-3977\" src=\"https:\/\/rocketplay-slot.com\/wp-content\/uploads\/2024\/02\/man-watching-football-sports-game-digital-tablet.jpg\" alt=\"Tout sur les paris de cricket en ligne 2\" width=\"800\" height=\"534\" srcset=\"https:\/\/rocketplay-slot.com\/wp-content\/uploads\/2024\/02\/man-watching-football-sports-game-digital-tablet.jpg 1000w, https:\/\/rocketplay-slot.com\/wp-content\/uploads\/2024\/02\/man-watching-football-sports-game-digital-tablet-300x200.jpg 300w, https:\/\/rocketplay-slot.com\/wp-content\/uploads\/2024\/02\/man-watching-football-sports-game-digital-tablet-768x512.jpg 768w\" sizes=\"auto, (max-width: 800px) 100vw, 800px\" \/><\/p>\n<h2>FAQ<\/h2>\n<p>De nombreux d\u00e9butants ont du mal \u00e0 se familiariser rapidement avec les applications de paris. C&rsquo;est pourquoi nous cr\u00e9ons cette section o\u00f9 nous recueillons des questions populaires afin que vous puissiez apprendre leurs r\u00e9ponses.<\/p>\n<h3>COMMENT SAVOIR SUR QUEL MATCH JE PARIE ?<\/h3>\n<p>Vous choisissez toujours vous-m\u00eame sur quel match vous voulez parier. Nous vous recommandons de parier sur des matchs avec de bonnes cotes ou une marge minimale de la soci\u00e9t\u00e9 de paris. Ils sont souvent propos\u00e9s aux d\u00e9butants.<\/p>\n<h3>COMMENT CHOISIR SUR QUELLE \u00c9QUIPE PARIER ?<\/h3>\n<p>Choisissez l&rsquo;\u00e9quipe sur laquelle vous souhaitez parier. Vous devez collecter un tableau de donn\u00e9es pour vous aider \u00e0 analyser. Ceux-ci doivent n\u00e9cessairement \u00eatre les opinions de divers experts sur l&rsquo;\u00e9v\u00e9nement \u00e0 venir. Les r\u00e9sultats des rencontres pr\u00e9c\u00e9dentes de ces \u00e9quipes et des matchs des tours pr\u00e9c\u00e9dents pour voir la dynamique des \u00e9quipes. Vous devez recueillir des informations sur les blessures des principaux joueurs et si quelqu&rsquo;un peut les remplacer. Assurez-vous d&rsquo;\u00e9tudier attentivement ces questions et de faire votre pari.<\/p>\n<h3>QUEL DEVRAIT ETRE LE MONTANT DE MON PARI ?<\/h3>\n<p>Le montant du pari est principalement limit\u00e9 uniquement par votre solde. Bien s\u00fbr, il y a parfois des plafonds de la part des soci\u00e9t\u00e9s de paris, mais la plupart du temps, ce n&rsquo;est pas obligatoire car la majorit\u00e9 des joueurs ne misent pas sur les montants les plus importants. Habituellement, il est de 10 $ \u00e0 20 $. Si vous avez peur de perdre cet argent, r\u00e9duisez le montant de votre pari.<\/p>\n","protected":false},"excerpt":{"rendered":"<p>Le cricket est le jeu le plus populaire au monde, mais il a toujours sa base de fans. Mais parce que le cricket ne parie pas aussi souvent que le football et d&rsquo;autres jeux populaires, les paris sur le cricket, les paris sont tr\u00e8s rentables. Il serait utile pour vous de conna\u00eetre quelques conseils sur&#8230;<\/p>\n","protected":false},"author":1,"featured_media":0,"parent":2778,"menu_order":0,"comment_status":"closed","ping_status":"closed","template":"","meta":{"_acf_changed":false,"_kad_post_transparent":"default","_kad_post_title":"default","_kad_post_layout":"default","_kad_post_sidebar_id":"","_kad_post_content_style":"default","_kad_post_vertical_padding":"default","_kad_post_feature":"","_kad_post_feature_position":"","_kad_post_header":false,"_kad_post_footer":false,"footnotes":""},"class_list":["post-3042","page","type-page","status-publish","hentry"],"acf":[],"rttpg_featured_image_url":null,"rttpg_author":{"display_name":"Elvis","author_link":"https:\/\/rocketplay-slot.com\/fr\/author\/pemvas95n89x\/"},"rttpg_comment":0,"rttpg_category":null,"rttpg_excerpt":"Le cricket est le jeu le plus populaire au monde, mais il a toujours sa base de fans. Mais parce que le cricket ne parie pas aussi souvent que le football et d&rsquo;autres jeux populaires, les paris sur le cricket, les paris sont tr\u00e8s rentables. Il serait utile pour vous de conna\u00eetre quelques conseils sur...","_links":{"self":[{"href":"https:\/\/rocketplay-slot.com\/fr\/wp-json\/wp\/v2\/pages\/3042","targetHints":{"allow":["GET"]}}],"collection":[{"href":"https:\/\/rocketplay-slot.com\/fr\/wp-json\/wp\/v2\/pages"}],"about":[{"href":"https:\/\/rocketplay-slot.com\/fr\/wp-json\/wp\/v2\/types\/page"}],"author":[{"embeddable":true,"href":"https:\/\/rocketplay-slot.com\/fr\/wp-json\/wp\/v2\/users\/1"}],"replies":[{"embeddable":true,"href":"https:\/\/rocketplay-slot.com\/fr\/wp-json\/wp\/v2\/comments?post=3042"}],"version-history":[{"count":3,"href":"https:\/\/rocketplay-slot.com\/fr\/wp-json\/wp\/v2\/pages\/3042\/revisions"}],"predecessor-version":[{"id":4552,"href":"https:\/\/rocketplay-slot.com\/fr\/wp-json\/wp\/v2\/pages\/3042\/revisions\/4552"}],"up":[{"embeddable":true,"href":"https:\/\/rocketplay-slot.com\/fr\/wp-json\/wp\/v2\/pages\/2778"}],"wp:attachment":[{"href":"https:\/\/rocketplay-slot.com\/fr\/wp-json\/wp\/v2\/media?parent=3042"}],"curies":[{"name":"wp","href":"https:\/\/api.w.org\/{rel}","templated":true}]}}