{"id":3332,"date":"2023-08-17T12:12:34","date_gmt":"2023-08-17T09:12:34","guid":{"rendered":"https:\/\/rocketplay-slot.com\/wolf-treasure\/"},"modified":"2025-11-24T20:22:00","modified_gmt":"2025-11-24T17:22:00","slug":"wolf-treasure","status":"publish","type":"page","link":"https:\/\/rocketplay-slot.com\/fr\/wolf-treasure\/","title":{"rendered":"Revue de la machine \u00e0 sous Wolf Treasure"},"content":{"rendered":"<p>La machine \u00e0 sous Wolf Treasure est une machine \u00e0 sous en ligne passionnante du c\u00e9l\u00e8bre d\u00e9veloppeur de jeux Pragmatic Play. Il vous emm\u00e8nera dans les r\u00e9gions sauvages d&rsquo;Am\u00e9rique du Nord o\u00f9 vous rencontrerez des loups, des chasseurs de tr\u00e9sors et de nombreuses opportunit\u00e9s de r\u00e9compenses. Dans cette revue, nous examinerons les principales caract\u00e9ristiques de la machine \u00e0 sous Wolf Treasure, la possibilit\u00e9 de jouer gratuitement avec des tours gratuits, ainsi que les chances de gagner de l&rsquo;argent r\u00e9el Wolf Treasure dans les meilleurs casinos en ligne d&rsquo;Australie.<\/p>\n<p><img loading=\"lazy\" decoding=\"async\" class=\"aligncenter wp-image-3215 \" src=\"https:\/\/rocketplay-slot.com\/wp-content\/uploads\/2023\/08\/65.png\" alt=\"Wolf Treasure slot machine review 2\" width=\"805\" height=\"449\" srcset=\"https:\/\/rocketplay-slot.com\/wp-content\/uploads\/2023\/08\/65.png 1031w, https:\/\/rocketplay-slot.com\/wp-content\/uploads\/2023\/08\/65-300x167.png 300w, https:\/\/rocketplay-slot.com\/wp-content\/uploads\/2023\/08\/65-1024x571.png 1024w, https:\/\/rocketplay-slot.com\/wp-content\/uploads\/2023\/08\/65-768x428.png 768w\" sizes=\"auto, (max-width: 805px) 100vw, 805px\" \/><\/p>\n<h2>DESCRIPTION DE LA FENTE AU TR\u00c9SOR DU LOUP<\/h2>\n<p>Wolf Treasure Casino Australia est une machine \u00e0 sous en ligne \u00e0 cinq rouleaux et trente lignes avec un th\u00e8me color\u00e9 et attrayant. Les symboles incluent des loups, des aigles, des chevaux sauvages et des images avec des chiffres et des lettres. Le symbole du loup agit comme le symbole Wild, rempla\u00e7ant d&rsquo;autres symboles en plus du Scatter et de l&rsquo;Argent pour vous aider \u00e0 cr\u00e9er des combinaisons gagnantes. La machine \u00e0 sous en ligne Wolf Treasure pr\u00e9sente des graphismes magnifiquement d\u00e9taill\u00e9s, des effets sonores de qualit\u00e9 et des animations passionnantes qui cr\u00e9ent une atmosph\u00e8re de v\u00e9ritable aventure.<\/p>\n<h2>FREESPINS DANS LE JEU WOLF TREASURE<\/h2>\n<p>La machine \u00e0 sous Wolf Treasure propose une fonctionnalit\u00e9 de tours gratuits int\u00e9ressante, qui vous permet d&rsquo;obtenir des chances suppl\u00e9mentaires de gagner. Pour activer les tours gratuits de Wolf Treasure, vous devez collecter trois symboles Scatter (lune) sur les rouleaux. Lorsque vous faites cela, vous obtiendrez 5 tours gratuits, et vous aurez la possibilit\u00e9 d&rsquo;augmenter le nombre de tours gratuits si vous collectez \u00e0 nouveau des symboles Scatter pendant le tour de bonus.<\/p>\n<h2>ARGENT R\u00c9EL ET JEU GRATUIT<\/h2>\n<p>Wolf Treasure offre aux joueurs la possibilit\u00e9 de tenter leur chance \u00e0 la fois avec de l&rsquo;argent r\u00e9el et dans le mode de jeu gratuit Wolf Treasure. Si vous \u00eates d\u00e9butant ou souhaitez simplement profiter du jeu sans risque, vous pouvez choisir le mode gratuit et jouer avec des cr\u00e9dits virtuels. Cependant, les v\u00e9ritables \u00e9motions du jeu et les chances de gros gains vous seront r\u00e9v\u00e9l\u00e9es lorsque vous jouerez avec de l&rsquo;argent r\u00e9el.<\/p>\n<h2>O JOUER AU TR\u00c9SOR DU LOUP<\/h2>\n<p>La machine \u00e0 sous en ligne Wolf Treasure est disponible dans de nombreux casinos en ligne, et vous pouvez choisir celui qui vous convient le mieux en termes d&rsquo;offres et de bonus. Si vous \u00eates un r\u00e9sident australien, recherchez les casinos qui offrent des tours gratuits \u00e0 Wolf Treasure en Australie et des bonus de d\u00e9p\u00f4t pour les nouveaux joueurs. Certains casinos peuvent \u00e9galement proposer des promotions exclusives pour jouer \u00e0 cette machine \u00e0 sous populaire.<\/p>\n<p><img loading=\"lazy\" decoding=\"async\" class=\"aligncenter wp-image-3197\" src=\"https:\/\/rocketplay-slot.com\/wp-content\/uploads\/2023\/08\/22.png\" alt=\"Wolf Treasure slot machine review 2\" width=\"798\" height=\"386\" srcset=\"https:\/\/rocketplay-slot.com\/wp-content\/uploads\/2023\/08\/22.png 1026w, https:\/\/rocketplay-slot.com\/wp-content\/uploads\/2023\/08\/22-300x145.png 300w, https:\/\/rocketplay-slot.com\/wp-content\/uploads\/2023\/08\/22-1024x495.png 1024w, https:\/\/rocketplay-slot.com\/wp-content\/uploads\/2023\/08\/22-768x371.png 768w\" sizes=\"auto, (max-width: 798px) 100vw, 798px\" \/><\/p>\n<h2>Machine \u00e0 sous en ligne WOLF TREASURE &#8211; VOTRE VOYAGE AU TR\u00c9SOR<\/h2>\n<p>Wolf Treasure est une machine \u00e0 sous en ligne passionnante avec un th\u00e8me passionnant et de nombreuses opportunit\u00e9s de gagner. Le jeu avec des tours gratuits vous permettra de vivre des \u00e9motions suppl\u00e9mentaires, et la possibilit\u00e9 de jouer gratuitement vous aidera \u00e0 comprendre les r\u00e8gles et les strat\u00e9gies sans risquer votre \u00e9quilibre. La machine \u00e0 sous Wolf Treasure est disponible dans les meilleurs casinos en ligne d&rsquo;Australie et vous avez une opportunit\u00e9 unique de faire un voyage passionnant vers le tr\u00e9sor avec les loups.<\/p>\n","protected":false},"excerpt":{"rendered":"<p>La machine \u00e0 sous Wolf Treasure est une machine \u00e0 sous en ligne passionnante du c\u00e9l\u00e8bre d\u00e9veloppeur de jeux Pragmatic Play. Il vous emm\u00e8nera dans les r\u00e9gions sauvages d&rsquo;Am\u00e9rique du Nord o\u00f9 vous rencontrerez des loups, des chasseurs de tr\u00e9sors et de nombreuses opportunit\u00e9s de r\u00e9compenses. Dans cette revue, nous examinerons les principales caract\u00e9ristiques de&#8230;<\/p>\n","protected":false},"author":1,"featured_media":0,"parent":0,"menu_order":0,"comment_status":"closed","ping_status":"closed","template":"","meta":{"_acf_changed":false,"_kad_post_transparent":"default","_kad_post_title":"default","_kad_post_layout":"default","_kad_post_sidebar_id":"","_kad_post_content_style":"default","_kad_post_vertical_padding":"default","_kad_post_feature":"","_kad_post_feature_position":"","_kad_post_header":false,"_kad_post_footer":false,"footnotes":""},"class_list":["post-3332","page","type-page","status-publish","hentry"],"acf":[],"rttpg_featured_image_url":null,"rttpg_author":{"display_name":"Elvis","author_link":"https:\/\/rocketplay-slot.com\/fr\/author\/pemvas95n89x\/"},"rttpg_comment":0,"rttpg_category":null,"rttpg_excerpt":"La machine \u00e0 sous Wolf Treasure est une machine \u00e0 sous en ligne passionnante du c\u00e9l\u00e8bre d\u00e9veloppeur de jeux Pragmatic Play. Il vous emm\u00e8nera dans les r\u00e9gions sauvages d&rsquo;Am\u00e9rique du Nord o\u00f9 vous rencontrerez des loups, des chasseurs de tr\u00e9sors et de nombreuses opportunit\u00e9s de r\u00e9compenses. Dans cette revue, nous examinerons les principales caract\u00e9ristiques de...","_links":{"self":[{"href":"https:\/\/rocketplay-slot.com\/fr\/wp-json\/wp\/v2\/pages\/3332","targetHints":{"allow":["GET"]}}],"collection":[{"href":"https:\/\/rocketplay-slot.com\/fr\/wp-json\/wp\/v2\/pages"}],"about":[{"href":"https:\/\/rocketplay-slot.com\/fr\/wp-json\/wp\/v2\/types\/page"}],"author":[{"embeddable":true,"href":"https:\/\/rocketplay-slot.com\/fr\/wp-json\/wp\/v2\/users\/1"}],"replies":[{"embeddable":true,"href":"https:\/\/rocketplay-slot.com\/fr\/wp-json\/wp\/v2\/comments?post=3332"}],"version-history":[{"count":2,"href":"https:\/\/rocketplay-slot.com\/fr\/wp-json\/wp\/v2\/pages\/3332\/revisions"}],"predecessor-version":[{"id":3334,"href":"https:\/\/rocketplay-slot.com\/fr\/wp-json\/wp\/v2\/pages\/3332\/revisions\/3334"}],"wp:attachment":[{"href":"https:\/\/rocketplay-slot.com\/fr\/wp-json\/wp\/v2\/media?parent=3332"}],"curies":[{"name":"wp","href":"https:\/\/api.w.org\/{rel}","templated":true}]}}