{"id":3364,"date":"2023-08-17T12:14:12","date_gmt":"2023-08-17T09:14:12","guid":{"rendered":"https:\/\/rocketplay-slot.com\/9-coins\/"},"modified":"2023-10-07T19:46:35","modified_gmt":"2023-10-07T16:46:35","slug":"9-coins","status":"publish","type":"page","link":"https:\/\/rocketplay-slot.com\/fr\/9-coins\/","title":{"rendered":"Examen de la machine \u00e0 sous 9 Coins"},"content":{"rendered":"<p>La machine \u00e0 sous 9 Coins est une machine \u00e0 sous passionnante qui attire les joueurs avec son th\u00e8me unique et ses opportunit\u00e9s de gros gains. Dans cette revue, nous examinerons les principales caract\u00e9ristiques de la machine \u00e0 sous 9 Coins, fournirons un aper\u00e7u de la version d\u00e9mo du jeu et parlerons de la possibilit\u00e9 d&rsquo;obtenir des tours gratuits en Australie pour cette machine \u00e0 sous passionnante avec de l&rsquo;argent r\u00e9el.<\/p>\n<p><img loading=\"lazy\" decoding=\"async\" class=\"aligncenter wp-image-3226\" src=\"https:\/\/rocketplay-slot.com\/wp-content\/uploads\/2023\/08\/9-coins-ss.jpg\" alt=\"Review 9 Coins slot 1\" width=\"816\" height=\"445\" srcset=\"https:\/\/rocketplay-slot.com\/wp-content\/uploads\/2023\/08\/9-coins-ss.jpg 850w, https:\/\/rocketplay-slot.com\/wp-content\/uploads\/2023\/08\/9-coins-ss-300x164.jpg 300w, https:\/\/rocketplay-slot.com\/wp-content\/uploads\/2023\/08\/9-coins-ss-768x419.jpg 768w\" sizes=\"auto, (max-width: 816px) 100vw, 816px\" \/><\/p>\n<h2>DESCRIPTION DE LA FENTE 9 PI\u00c8CES<\/h2>\n<p>La revue de la machine \u00e0 sous 9 coins est une machine \u00e0 sous en ligne lumineuse et color\u00e9e avec un th\u00e8me de jeu int\u00e9ressant. Il comporte cinq rouleaux et neuf lignes de paiement, ce qui cr\u00e9e de nombreuses opportunit\u00e9s de gain. Les symboles de la machine \u00e0 sous incluent des pi\u00e8ces d&rsquo;or, des lingots, des symboles de dollars et d&rsquo;autres attributs porte-bonheur. De plus, la machine \u00e0 sous 9 Coins pr\u00e9sente des graphismes magnifiquement d\u00e9taill\u00e9s, des animations et une bande-son passionnante, qui cr\u00e9ent l&rsquo;atmosph\u00e8re d&rsquo;une v\u00e9ritable aventure de jeu.<\/p>\n<h2>REVUE DEMO SLOT 9 PI\u00c8CES<\/h2>\n<p>Pour les d\u00e9butants et ceux qui souhaitent essayer la slot sans risquer leur \u00e9quilibre, la version d\u00e9mo du jeu 9 Coins est disponible. La d\u00e9mo de la machine \u00e0 sous 9 pi\u00e8ces vous permet de jouer avec des cr\u00e9dits virtuels, et toutes les caract\u00e9ristiques et fonctions disponibles dans le jeu r\u00e9el sont conserv\u00e9es. C&rsquo;est une excellente occasion de vous familiariser avec les r\u00e8gles de la machine \u00e0 sous, d&rsquo;explorer les paiements et les bonus, et de d\u00e9velopper votre propre strat\u00e9gie de jeu.<\/p>\n<h2>FREESPINS DANS LA SLOT DE 9 PI\u00c8CES EN AUSTRALIE<\/h2>\n<p>Les joueurs australiens peuvent profiter de tours gratuits passionnants dans la machine \u00e0 sous 9 Coins. Les tours gratuits sont des tours gratuits qui sont offerts au joueur dans le cadre d&rsquo;une promotion ou d&rsquo;un bonus. Pour activer les tours gratuits dans la machine \u00e0 sous 9 Coins, les joueurs doivent g\u00e9n\u00e9ralement collecter un certain nombre de symboles Scatter (souvent des symboles de pi\u00e8ces) sur les rouleaux. Le nombre de tours gratuits et d\u2019\u00e9ventuels bonus suppl\u00e9mentaires peuvent varier d\u2019un casino \u00e0 l\u2019autre.<\/p>\n<h2>JOUER POUR DE L&rsquo;ARGENT R\u00c9EL DANS LA SLOT 9 PI\u00c8CES<\/h2>\n<p>Lorsque vous \u00eates pr\u00eat \u00e0 exp\u00e9rimenter de v\u00e9ritables sensations de jeu et de vrais gains, vous pouvez passer \u00e0 la machine \u00e0 sous en argent r\u00e9el \u00e0 9 pi\u00e8ces. Pour ce faire, vous devrez cr\u00e9er un compte dans l\u2019un des casinos en ligne agr\u00e9\u00e9s, effectuer un d\u00e9p\u00f4t et commencer \u00e0 parier de l\u2019argent r\u00e9el sur les lignes. Avec des fonctionnalit\u00e9s bonus uniques et des opportunit\u00e9s de gain, la machine \u00e0 sous 9 Coins offre de grandes chances aux joueurs.<\/p>\n<p><img loading=\"lazy\" decoding=\"async\" class=\"aligncenter wp-image-3235\" src=\"https:\/\/rocketplay-slot.com\/wp-content\/uploads\/2023\/08\/9coins1000editionslot.png\" alt=\"Review 9 Coins slot 2\" width=\"811\" height=\"356\" srcset=\"https:\/\/rocketplay-slot.com\/wp-content\/uploads\/2023\/08\/9coins1000editionslot.png 1898w, https:\/\/rocketplay-slot.com\/wp-content\/uploads\/2023\/08\/9coins1000editionslot-300x132.png 300w, https:\/\/rocketplay-slot.com\/wp-content\/uploads\/2023\/08\/9coins1000editionslot-1024x449.png 1024w, https:\/\/rocketplay-slot.com\/wp-content\/uploads\/2023\/08\/9coins1000editionslot-768x337.png 768w, https:\/\/rocketplay-slot.com\/wp-content\/uploads\/2023\/08\/9coins1000editionslot-1536x674.png 1536w\" sizes=\"auto, (max-width: 811px) 100vw, 811px\" \/><\/p>\n<h2>O\u00d9 JOUER \u00c0 LA SLOT 9 PI\u00c8CES POUR DE L&rsquo;ARGENT R\u00c9EL<\/h2>\n<p>Pour jouer \u00e0 la machine \u00e0 sous 9 Coins avec de l&rsquo;argent r\u00e9el en Australie, vous devrez choisir un casino en ligne fiable et agr\u00e9\u00e9. V\u00e9rifiez la r\u00e9putation du casino, la disponibilit\u00e9 des bonus et des tours gratuits de 9 pi\u00e8ces Australie, ainsi que la commodit\u00e9 de la plateforme de jeu. Une fois que vous aurez choisi le bon casino, vous pourrez vivre une aventure de jeu passionnante dans la machine \u00e0 sous 9 Coins et avoir des chances de gagner gros.<\/p>\n<h2>CONCLUSION<\/h2>\n<p>La machine \u00e0 sous 9 pi\u00e8ces est une machine \u00e0 sous passionnante avec un th\u00e8me int\u00e9ressant et de nombreuses opportunit\u00e9s de gain. Vous pouvez essayer la version d\u00e9mo du jeu pour comprendre les r\u00e8gles, ou vous lancer directement dans une aventure de jeu pour de l&rsquo;argent r\u00e9el dans les casinos en ligne d&rsquo;Australie. Les tours gratuits et les bonus uniques rendent la machine \u00e0 sous 9 Coins encore plus attrayante pour les joueurs, et vous avez une occasion unique de ressentir toute l&rsquo;atmosph\u00e8re de jeu du jeu dans cette machine \u00e0 sous passionnante.<\/p>\n","protected":false},"excerpt":{"rendered":"<p>La machine \u00e0 sous 9 Coins est une machine \u00e0 sous passionnante qui attire les joueurs avec son th\u00e8me unique et ses opportunit\u00e9s de gros gains. Dans cette revue, nous examinerons les principales caract\u00e9ristiques de la machine \u00e0 sous 9 Coins, fournirons un aper\u00e7u de la version d\u00e9mo du jeu et parlerons de la possibilit\u00e9&#8230;<\/p>\n","protected":false},"author":1,"featured_media":0,"parent":0,"menu_order":0,"comment_status":"closed","ping_status":"closed","template":"","meta":{"_acf_changed":false,"_kad_post_transparent":"default","_kad_post_title":"default","_kad_post_layout":"default","_kad_post_sidebar_id":"","_kad_post_content_style":"default","_kad_post_vertical_padding":"default","_kad_post_feature":"","_kad_post_feature_position":"","_kad_post_header":false,"_kad_post_footer":false,"footnotes":""},"class_list":["post-3364","page","type-page","status-publish","hentry"],"acf":[],"rttpg_featured_image_url":null,"rttpg_author":{"display_name":"Elvis","author_link":"https:\/\/rocketplay-slot.com\/fr\/author\/pemvas95n89x\/"},"rttpg_comment":0,"rttpg_category":null,"rttpg_excerpt":"La machine \u00e0 sous 9 Coins est une machine \u00e0 sous passionnante qui attire les joueurs avec son th\u00e8me unique et ses opportunit\u00e9s de gros gains. Dans cette revue, nous examinerons les principales caract\u00e9ristiques de la machine \u00e0 sous 9 Coins, fournirons un aper\u00e7u de la version d\u00e9mo du jeu et parlerons de la possibilit\u00e9...","_links":{"self":[{"href":"https:\/\/rocketplay-slot.com\/fr\/wp-json\/wp\/v2\/pages\/3364","targetHints":{"allow":["GET"]}}],"collection":[{"href":"https:\/\/rocketplay-slot.com\/fr\/wp-json\/wp\/v2\/pages"}],"about":[{"href":"https:\/\/rocketplay-slot.com\/fr\/wp-json\/wp\/v2\/types\/page"}],"author":[{"embeddable":true,"href":"https:\/\/rocketplay-slot.com\/fr\/wp-json\/wp\/v2\/users\/1"}],"replies":[{"embeddable":true,"href":"https:\/\/rocketplay-slot.com\/fr\/wp-json\/wp\/v2\/comments?post=3364"}],"version-history":[{"count":2,"href":"https:\/\/rocketplay-slot.com\/fr\/wp-json\/wp\/v2\/pages\/3364\/revisions"}],"predecessor-version":[{"id":3366,"href":"https:\/\/rocketplay-slot.com\/fr\/wp-json\/wp\/v2\/pages\/3364\/revisions\/3366"}],"wp:attachment":[{"href":"https:\/\/rocketplay-slot.com\/fr\/wp-json\/wp\/v2\/media?parent=3364"}],"curies":[{"name":"wp","href":"https:\/\/api.w.org\/{rel}","templated":true}]}}