{"id":3395,"date":"2023-08-17T12:16:08","date_gmt":"2023-08-17T09:16:08","guid":{"rendered":"https:\/\/rocketplay-slot.com\/gold-express\/"},"modified":"2023-10-08T10:52:26","modified_gmt":"2023-10-08T07:52:26","slug":"gold-express","status":"publish","type":"page","link":"https:\/\/rocketplay-slot.com\/fr\/gold-express\/","title":{"rendered":"Revue de la machine \u00e0 sous Gold Express"},"content":{"rendered":"<p>La machine \u00e0 sous Play Gold Express est une exp\u00e9rience passionnante pour les amateurs de jeux d&rsquo;argent. Cette machine \u00e0 sous lumineuse et passionnante offre de nombreuses opportunit\u00e9s de gagner et de profiter du jeu. Dans cet article, nous examinerons les principales fonctionnalit\u00e9s de Gold Express et vous expliquerons comment obtenir un acc\u00e8s gratuit au jeu et utiliser les bonus.<\/p>\n<p><img loading=\"lazy\" decoding=\"async\" class=\"aligncenter size-full wp-image-3246\" src=\"https:\/\/rocketplay-slot.com\/wp-content\/uploads\/2023\/08\/maxresdefault-1.jpg\" alt=\"Gold Express slot machine review 1\" width=\"951\" height=\"705\" srcset=\"https:\/\/rocketplay-slot.com\/wp-content\/uploads\/2023\/08\/maxresdefault-1.jpg 951w, https:\/\/rocketplay-slot.com\/wp-content\/uploads\/2023\/08\/maxresdefault-1-300x222.jpg 300w, https:\/\/rocketplay-slot.com\/wp-content\/uploads\/2023\/08\/maxresdefault-1-768x569.jpg 768w\" sizes=\"auto, (max-width: 951px) 100vw, 951px\" \/><\/p>\n<h2>FAMILIARISATION AVEC LA MACHINE \u00c0 SOUS GOLD EXPRESS<\/h2>\n<p>Gold Express est une machine \u00e0 sous \u00e0 cinq rouleaux avec 25 lignes de paiement, d\u00e9velopp\u00e9e par l&rsquo;un des principaux \u00e9diteurs de logiciels de jeu. Le th\u00e8me de la revue de la machine \u00e0 sous Gold Express Hold est bas\u00e9 sur la ru\u00e9e vers l&rsquo;or et l&rsquo;\u00e9poque de la prospection de l&rsquo;or. Des graphismes color\u00e9s, des effets sonores et des animations plongent le joueur dans un monde fascinant d&rsquo;aventures et de gains possibles.<\/p>\n<h2>BONUS ET R\u00c9COMPENSES<\/h2>\n<p>La machine \u00e0 sous Play Gold Express est non seulement int\u00e9ressante, mais aussi rentable. Pendant le jeu, vous pouvez rencontrer divers symboles bonus, tels que les symboles \u00ab Wild \u00bb et \u00ab Scatter \u00bb. Le symbole \u00ab\u00a0Wild\u00a0\u00bb est capable de remplacer d&rsquo;autres symboles sur les rouleaux, aidant ainsi \u00e0 collecter des combinaisons gagnantes. Et le symbole \u00ab Scatter \u00bb active le mode tours gratuits, qui vous donne des chances suppl\u00e9mentaires de gagner.<\/p>\n<h2>ACC\u00c8S GRATUIT AU JEU<\/h2>\n<p>Pour ceux qui souhaitent essayer Gold Express gratuitement, il est possible de jouer en mode d\u00e9mo. Free Gold Express vous donne la possibilit\u00e9 de vous familiariser avec les r\u00e8gles du jeu, d&rsquo;explorer les fonctionnalit\u00e9s et les bonus de la machine \u00e0 sous sans risquer vos fonds. C\u2019est un excellent moyen de d\u00e9terminer si cette machine vous convient et vaut un vrai pari.<\/p>\n<h2>BELLES CARACT\u00c9RISTIQUES DE GOLD EXPRESS<\/h2>\n<p>L&rsquo;une des fonctionnalit\u00e9s cl\u00e9s de Gold Express est le mode slot Hold. Lorsque des combinaisons gagnantes tombent sur les rouleaux, elles sont fig\u00e9es pendant que le reste des rouleaux effectue des relances. Cela vous donne des chances suppl\u00e9mentaires d\u2019obtenir des gains plus importants.<\/p>\n<p><img loading=\"lazy\" decoding=\"async\" class=\"aligncenter size-full wp-image-3255\" src=\"https:\/\/rocketplay-slot.com\/wp-content\/uploads\/2023\/08\/ss_671c8d840032a5051c396f539388da4cb8eacd97.1920x1080.jpg\" alt=\"Gold Express slot machine review 2\" width=\"1280\" height=\"720\" srcset=\"https:\/\/rocketplay-slot.com\/wp-content\/uploads\/2023\/08\/ss_671c8d840032a5051c396f539388da4cb8eacd97.1920x1080.jpg 1280w, https:\/\/rocketplay-slot.com\/wp-content\/uploads\/2023\/08\/ss_671c8d840032a5051c396f539388da4cb8eacd97.1920x1080-300x169.jpg 300w, https:\/\/rocketplay-slot.com\/wp-content\/uploads\/2023\/08\/ss_671c8d840032a5051c396f539388da4cb8eacd97.1920x1080-1024x576.jpg 1024w, https:\/\/rocketplay-slot.com\/wp-content\/uploads\/2023\/08\/ss_671c8d840032a5051c396f539388da4cb8eacd97.1920x1080-768x432.jpg 768w\" sizes=\"auto, (max-width: 1280px) 100vw, 1280px\" \/><\/p>\n<h2>CONSEILS ET STRAT\u00c9GIES DE JEU<\/h2>\n<p>Pour augmenter vos chances de gagner sur la machine \u00e0 sous gratuite Gold Express, il est recommand\u00e9 de d\u00e9finir des paris raisonnables, surtout lorsque vous jouez avec de l&rsquo;argent r\u00e9el. G\u00e9rez votre bankroll pour que le jeu soit long et enrichissant. Cela vaut \u00e9galement la peine d\u2019utiliser le bonus Gold Express et les promotions propos\u00e9es par le casino pour augmenter vos gains.<\/p>\n<h2>CONCLUSION<\/h2>\n<p>Comment gagner sur la machine \u00e0 sous Gold Express qui offre aux joueurs de nombreuses opportunit\u00e9s de gagner. Avec un acc\u00e8s gratuit au jeu en mode d\u00e9mo, vous pouvez vous familiariser avec le jeu sans risque et d\u00e9cider s&rsquo;il vous convient. Utilisez les bonus et la fonction de machine \u00e0 sous Hold pour augmenter vos chances de gagner gros. N&rsquo;oubliez pas de g\u00e9rer votre bankroll et de choisir des casinos en ligne fiables sur lesquels jouer.<\/p>\n<p>Donc, si vous \u00eates pr\u00eat \u00e0 vous lancer dans un voyage passionnant \u00e0 l&rsquo;\u00e9poque de la ru\u00e9e vers l&rsquo;or, alors jouer \u00e0 la machine \u00e0 sous Gold Express est un excellent choix pour vous !<\/p>\n","protected":false},"excerpt":{"rendered":"<p>La machine \u00e0 sous Play Gold Express est une exp\u00e9rience passionnante pour les amateurs de jeux d&rsquo;argent. Cette machine \u00e0 sous lumineuse et passionnante offre de nombreuses opportunit\u00e9s de gagner et de profiter du jeu. Dans cet article, nous examinerons les principales fonctionnalit\u00e9s de Gold Express et vous expliquerons comment obtenir un acc\u00e8s gratuit au&#8230;<\/p>\n","protected":false},"author":1,"featured_media":0,"parent":0,"menu_order":0,"comment_status":"closed","ping_status":"closed","template":"","meta":{"_acf_changed":false,"_kad_post_transparent":"default","_kad_post_title":"default","_kad_post_layout":"default","_kad_post_sidebar_id":"","_kad_post_content_style":"default","_kad_post_vertical_padding":"default","_kad_post_feature":"","_kad_post_feature_position":"","_kad_post_header":false,"_kad_post_footer":false,"footnotes":""},"class_list":["post-3395","page","type-page","status-publish","hentry"],"acf":[],"rttpg_featured_image_url":null,"rttpg_author":{"display_name":"Elvis","author_link":"https:\/\/rocketplay-slot.com\/fr\/author\/pemvas95n89x\/"},"rttpg_comment":0,"rttpg_category":null,"rttpg_excerpt":"La machine \u00e0 sous Play Gold Express est une exp\u00e9rience passionnante pour les amateurs de jeux d&rsquo;argent. Cette machine \u00e0 sous lumineuse et passionnante offre de nombreuses opportunit\u00e9s de gagner et de profiter du jeu. Dans cet article, nous examinerons les principales fonctionnalit\u00e9s de Gold Express et vous expliquerons comment obtenir un acc\u00e8s gratuit au...","_links":{"self":[{"href":"https:\/\/rocketplay-slot.com\/fr\/wp-json\/wp\/v2\/pages\/3395","targetHints":{"allow":["GET"]}}],"collection":[{"href":"https:\/\/rocketplay-slot.com\/fr\/wp-json\/wp\/v2\/pages"}],"about":[{"href":"https:\/\/rocketplay-slot.com\/fr\/wp-json\/wp\/v2\/types\/page"}],"author":[{"embeddable":true,"href":"https:\/\/rocketplay-slot.com\/fr\/wp-json\/wp\/v2\/users\/1"}],"replies":[{"embeddable":true,"href":"https:\/\/rocketplay-slot.com\/fr\/wp-json\/wp\/v2\/comments?post=3395"}],"version-history":[{"count":2,"href":"https:\/\/rocketplay-slot.com\/fr\/wp-json\/wp\/v2\/pages\/3395\/revisions"}],"predecessor-version":[{"id":3397,"href":"https:\/\/rocketplay-slot.com\/fr\/wp-json\/wp\/v2\/pages\/3395\/revisions\/3397"}],"wp:attachment":[{"href":"https:\/\/rocketplay-slot.com\/fr\/wp-json\/wp\/v2\/media?parent=3395"}],"curies":[{"name":"wp","href":"https:\/\/api.w.org\/{rel}","templated":true}]}}