{"id":3457,"date":"2023-08-17T12:20:18","date_gmt":"2023-08-17T09:20:18","guid":{"rendered":"https:\/\/rocketplay-slot.com\/lion-gems-hold-and-win\/"},"modified":"2023-10-08T13:25:49","modified_gmt":"2023-10-08T10:25:49","slug":"lion-gems-hold-and-win","status":"publish","type":"page","link":"https:\/\/rocketplay-slot.com\/fr\/lion-gems-hold-and-win\/","title":{"rendered":"Lion Gems : Revue de la machine \u00e0 sous Hold and Win"},"content":{"rendered":"<p>Machine \u00e0 sous Lion Gems: Hold and Win &#8211; une machine \u00e0 sous passionnante qui offre aux joueurs une occasion unique de plonger dans l&rsquo;atmosph\u00e8re de la prairie africaine et de ressentir l&rsquo;envie de jouer pour de l&rsquo;argent r\u00e9el Lion Gems Hold.<\/p>\n<p><img loading=\"lazy\" decoding=\"async\" class=\"aligncenter size-full wp-image-3294\" src=\"https:\/\/rocketplay-slot.com\/wp-content\/uploads\/2023\/08\/lion_gems__post_984x552.png\" alt=\"Lion Gems 1\" width=\"984\" height=\"552\" srcset=\"https:\/\/rocketplay-slot.com\/wp-content\/uploads\/2023\/08\/lion_gems__post_984x552.png 984w, https:\/\/rocketplay-slot.com\/wp-content\/uploads\/2023\/08\/lion_gems__post_984x552-300x168.png 300w, https:\/\/rocketplay-slot.com\/wp-content\/uploads\/2023\/08\/lion_gems__post_984x552-768x431.png 768w\" sizes=\"auto, (max-width: 984px) 100vw, 984px\" \/><\/p>\n<h2>GAMEPLAY EXCITANT LION GEMS\u00a0: TENEZ ET GAGNEZ<\/h2>\n<p>Lion Gems Hold and Win &#8211; une machine \u00e0 sous lumineuse et color\u00e9e avec cinq rouleaux et 25 lignes de paiement. Le th\u00e8me de la machine \u00e0 sous est d\u00e9di\u00e9 \u00e0 la vie dans la nature sauvage des terres africaines, et les symboles incluent des lions, des \u00e9l\u00e9phants, des girafes et d&rsquo;autres habitants de la savane. Des graphismes de qualit\u00e9 et un son atmosph\u00e9rique plongent les joueurs dans le monde merveilleux de la nature africaine.<\/p>\n<h2>CARACT\u00c9RISTIQUES ET BONUS DE LION GEMS\u00a0: TENEZ ET GAGNEZ<\/h2>\n<p>La revue Lion Gems\u00a0:\u00a0Hold and Win pr\u00e9sente diverses fonctionnalit\u00e9s et bonus int\u00e9ressants\u00a0:<\/p>\n<ul>\n<li>Bonus Hold and Win &#8211; lorsqu&rsquo;un certain nombre de symboles de pierres pr\u00e9cieuses tombent sur les rouleaux, le mode Hold and Win est activ\u00e9. Les joueurs ont la possibilit\u00e9 d&rsquo;obtenir d&rsquo;\u00e9normes gains et \u00e9galement de remporter l&rsquo;un des trois jackpots.<\/li>\n<li>Tours gratuits &#8211; lorsque trois symboles scatter ou plus tombent, les joueurs re\u00e7oivent des tours gratuits avec des chances accrues de gagner.<\/li>\n<\/ul>\n<h2>COMMENT JOUER \u00c0 LION GEMS\u00a0: TENEZ ET GAGNEZ UNE FENTE POUR DE L&rsquo;ARGENT R\u00c9EL<\/h2>\n<p>Pour jouer \u00e0 la machine \u00e0 sous Lion Gems: Hold and Win avec de l&rsquo;argent r\u00e9el, vous devez choisir un casino en ligne fiable qui propose cette machine. Ensuite, vous devez vous inscrire sur le site du casino, reconstituer votre compte de jeu et s\u00e9lectionner Lion Gems : Hold and Win dans la section machines \u00e0 sous.<\/p>\n<h2 style=\"font-family: Rubik, sans-serif;\"><img loading=\"lazy\" decoding=\"async\" class=\"aligncenter size-full wp-image-3285\" src=\"https:\/\/rocketplay-slot.com\/wp-content\/uploads\/2023\/08\/lion-gems-hold-and-win-ss.jpg\" alt=\"Lion Gems 2\" width=\"850\" height=\"483\" srcset=\"https:\/\/rocketplay-slot.com\/wp-content\/uploads\/2023\/08\/lion-gems-hold-and-win-ss.jpg 850w, https:\/\/rocketplay-slot.com\/wp-content\/uploads\/2023\/08\/lion-gems-hold-and-win-ss-300x170.jpg 300w, https:\/\/rocketplay-slot.com\/wp-content\/uploads\/2023\/08\/lion-gems-hold-and-win-ss-768x436.jpg 768w\" sizes=\"auto, (max-width: 850px) 100vw, 850px\" \/><\/h2>\n<h2>CONSEILS POUR AUGMENTER VOS GAINS<\/h2>\n<p>Pour augmenter vos chances de gagner sur la machine \u00e0 sous Lion Gems: Hold and Win, il est recommand\u00e9 de respecter les conseils suivants :<\/p>\n<ul>\n<li>D\u00e9finissez des paris optimaux &#8211; choisissez des paris qui correspondent \u00e0 votre budget et vous permettent de profiter du jeu pendant de longues p\u00e9riodes.<\/li>\n<li>Utilisez le bonus Hold and Win &#8211; participez activement au mode Hold and Win pour augmenter vos chances d&rsquo;obtenir de gros gains.<\/li>\n<li>Jouez de mani\u00e8re responsable \u2013 rappelez-vous que le jeu peut cr\u00e9er une d\u00e9pendance, alors jouez de mani\u00e8re responsable et fixez des limites de paris.<\/li>\n<\/ul>\n<h2>CONCLUSION<\/h2>\n<p>Lion Gems : Hold and Win est une machine \u00e0 sous passionnante avec des graphismes lumineux et un gameplay passionnant. Les bonus et les fonctionnalit\u00e9s de la machine \u00e0 sous permettent aux joueurs d&rsquo;obtenir de gros gains et de profiter pleinement de l&rsquo;excitation. Si vous recherchez un jeu de qualit\u00e9 avec la possibilit\u00e9 de gagner de l&rsquo;argent r\u00e9el, Lion Gems : Hold and Win m\u00e9rite votre attention. Jouez \u00e0 Lion Gems\u00a0: d\u00e9tenez et gagnez de mani\u00e8re responsable et bonne chance dans votre parcours de jeu\u00a0!<\/p>\n","protected":false},"excerpt":{"rendered":"<p>Machine \u00e0 sous Lion Gems: Hold and Win &#8211; une machine \u00e0 sous passionnante qui offre aux joueurs une occasion unique de plonger dans l&rsquo;atmosph\u00e8re de la prairie africaine et de ressentir l&rsquo;envie de jouer pour de l&rsquo;argent r\u00e9el Lion Gems Hold. GAMEPLAY EXCITANT LION GEMS\u00a0: TENEZ ET GAGNEZ Lion Gems Hold and Win &#8211;&#8230;<\/p>\n","protected":false},"author":1,"featured_media":0,"parent":0,"menu_order":0,"comment_status":"closed","ping_status":"closed","template":"","meta":{"_acf_changed":false,"_kad_post_transparent":"default","_kad_post_title":"default","_kad_post_layout":"default","_kad_post_sidebar_id":"","_kad_post_content_style":"default","_kad_post_vertical_padding":"default","_kad_post_feature":"","_kad_post_feature_position":"","_kad_post_header":false,"_kad_post_footer":false,"footnotes":""},"class_list":["post-3457","page","type-page","status-publish","hentry"],"acf":[],"rttpg_featured_image_url":null,"rttpg_author":{"display_name":"Elvis","author_link":"https:\/\/rocketplay-slot.com\/fr\/author\/pemvas95n89x\/"},"rttpg_comment":0,"rttpg_category":null,"rttpg_excerpt":"Machine \u00e0 sous Lion Gems: Hold and Win &#8211; une machine \u00e0 sous passionnante qui offre aux joueurs une occasion unique de plonger dans l&rsquo;atmosph\u00e8re de la prairie africaine et de ressentir l&rsquo;envie de jouer pour de l&rsquo;argent r\u00e9el Lion Gems Hold. GAMEPLAY EXCITANT LION GEMS\u00a0: TENEZ ET GAGNEZ Lion Gems Hold and Win &#8211;...","_links":{"self":[{"href":"https:\/\/rocketplay-slot.com\/fr\/wp-json\/wp\/v2\/pages\/3457","targetHints":{"allow":["GET"]}}],"collection":[{"href":"https:\/\/rocketplay-slot.com\/fr\/wp-json\/wp\/v2\/pages"}],"about":[{"href":"https:\/\/rocketplay-slot.com\/fr\/wp-json\/wp\/v2\/types\/page"}],"author":[{"embeddable":true,"href":"https:\/\/rocketplay-slot.com\/fr\/wp-json\/wp\/v2\/users\/1"}],"replies":[{"embeddable":true,"href":"https:\/\/rocketplay-slot.com\/fr\/wp-json\/wp\/v2\/comments?post=3457"}],"version-history":[{"count":2,"href":"https:\/\/rocketplay-slot.com\/fr\/wp-json\/wp\/v2\/pages\/3457\/revisions"}],"predecessor-version":[{"id":3459,"href":"https:\/\/rocketplay-slot.com\/fr\/wp-json\/wp\/v2\/pages\/3457\/revisions\/3459"}],"wp:attachment":[{"href":"https:\/\/rocketplay-slot.com\/fr\/wp-json\/wp\/v2\/media?parent=3457"}],"curies":[{"name":"wp","href":"https:\/\/api.w.org\/{rel}","templated":true}]}}