{"id":3514,"date":"2023-08-17T12:27:24","date_gmt":"2023-08-17T09:27:24","guid":{"rendered":"https:\/\/rocketplay-slot.com\/cash-pig\/"},"modified":"2025-11-24T20:19:28","modified_gmt":"2025-11-24T17:19:28","slug":"cash-pig","status":"publish","type":"page","link":"https:\/\/rocketplay-slot.com\/fr\/cash-pig\/","title":{"rendered":"Revue de la machine \u00e0 sous Cash Pig"},"content":{"rendered":"<p>Cash Pig est une machine \u00e0 sous en ligne passionnante qui permet aux joueurs de plonger dans un monde d&rsquo;aventure et de jeu passionnant. Dans cet article, nous allons vous expliquer comment jouer \u00e0 Cash Pig, passer en revue les fonctionnalit\u00e9s de cette machine \u00e0 sous, vous donner un aper\u00e7u des principales fonctionnalit\u00e9s et partager des astuces pour augmenter vos gains. Alors, commen\u00e7ons!<\/p>\n<p><img loading=\"lazy\" decoding=\"async\" class=\"aligncenter size-full wp-image-3315\" src=\"https:\/\/rocketplay-slot.com\/wp-content\/uploads\/2023\/08\/maxresdefault-2.jpg\" alt=\"Cash Pig slot machine review 1\" width=\"1273\" height=\"487\" srcset=\"https:\/\/rocketplay-slot.com\/wp-content\/uploads\/2023\/08\/maxresdefault-2.jpg 1273w, https:\/\/rocketplay-slot.com\/wp-content\/uploads\/2023\/08\/maxresdefault-2-300x115.jpg 300w, https:\/\/rocketplay-slot.com\/wp-content\/uploads\/2023\/08\/maxresdefault-2-1024x392.jpg 1024w, https:\/\/rocketplay-slot.com\/wp-content\/uploads\/2023\/08\/maxresdefault-2-768x294.jpg 768w\" sizes=\"auto, (max-width: 1273px) 100vw, 1273px\" \/><\/p>\n<h2>FAMILIARISATION AVEC LA MACHINE \u00c0 SOUS CASH PIG<\/h2>\n<p>Cash Pig est une machine \u00e0 sous lumineuse et color\u00e9e avec cinq rouleaux et 20 lignes de paiement. Le th\u00e8me de la machine \u00e0 sous est consacr\u00e9 aux aventures agricoles et les symboles incluent divers animaux, coffres au tr\u00e9sor et autres attributs de la vie \u00e0 la ferme. Des graphismes de haute qualit\u00e9 et une bande-son agr\u00e9able rendent le jeu \u00e0 Cash Pig particuli\u00e8rement excitant.<\/p>\n<h2>COMMENT JOUER \u00c0 CASH PIG<\/h2>\n<p>Jouer \u00e0 la machine \u00e0 sous en ligne Cash Pig est assez simple. Vous devez d\u2019abord choisir un casino en ligne fiable qui propose cette machine \u00e0 sous. Ensuite, vous devez vous inscrire sur le site Web du casino, approvisionner votre compte de jeu et s\u00e9lectionner Cash Pig dans la section machines \u00e0 sous. Vous pouvez \u00e9galement essayer de jouer gratuitement \u00e0 Cash Pig en mode d\u00e9mo pour vous familiariser avec les r\u00e8gles et les fonctionnalit\u00e9s du jeu.<\/p>\n<h2>CARACT\u00c9RISTIQUES ET BONUS DE CASH PIG<\/h2>\n<p>La revue de la machine \u00e0 sous Cash Pig Online pr\u00e9sente diverses fonctionnalit\u00e9s et bonus int\u00e9ressants\u00a0:<\/p>\n<ul>\n<li>Symboles bonus &#8211; des symboles sp\u00e9ciaux tombent sur les rouleaux qui activent des tours bonus et des tours gratuits.<\/li>\n<li>Symboles Wild &#8211; les symboles repr\u00e9sentant un cochon pygm\u00e9e sont des jokers et peuvent remplacer d&rsquo;autres symboles pour cr\u00e9er des combinaisons gagnantes.<\/li>\n<li>Tours gratuits &#8211; Lorsque trois symboles de coffre ou plus apparaissent, les joueurs obtiennent des tours gratuits avec des chances accrues de gagner.<\/li>\n<\/ul>\n<p><img loading=\"lazy\" decoding=\"async\" class=\"aligncenter size-full wp-image-3306\" src=\"https:\/\/rocketplay-slot.com\/wp-content\/uploads\/2023\/08\/cash-pig.jpg\" alt=\"Cash Pig slot machine review 2\" width=\"838\" height=\"449\" srcset=\"https:\/\/rocketplay-slot.com\/wp-content\/uploads\/2023\/08\/cash-pig.jpg 838w, https:\/\/rocketplay-slot.com\/wp-content\/uploads\/2023\/08\/cash-pig-300x161.jpg 300w, https:\/\/rocketplay-slot.com\/wp-content\/uploads\/2023\/08\/cash-pig-768x411.jpg 768w\" sizes=\"auto, (max-width: 838px) 100vw, 838px\" \/><\/p>\n<h2>CONSEILS POUR AUGMENTER VOS GAINS<\/h2>\n<p>Pour augmenter vos chances de gagner chez Cash Pig, il est recommand\u00e9 de s&rsquo;en tenir aux conseils suivants :<\/p>\n<ul>\n<li>Jouez avec des mises maximales &#8211; choisissez des paris qui correspondent \u00e0 votre budget et vous permettent de maximiser vos gains.<\/li>\n<li>Utilisez les tours bonus &#8211; participez activement aux tours bonus et aux tours gratuits pour augmenter vos chances d&rsquo;obtenir de gros gains.<\/li>\n<li>G\u00e9rez votre bankroll &#8211; gardez un \u0153il sur votre compte de jeu et fixez des limites de paris pour \u00e9viter de grosses pertes.<\/li>\n<\/ul>\n<h2>CONCLUSION<\/h2>\n<p>Il s&rsquo;agit d&rsquo;une machine \u00e0 sous Cash Pig passionnante et addictive qui donne aux joueurs la possibilit\u00e9 de vivre de l&rsquo;excitation et d&rsquo;augmenter leurs gains. Si vous recherchez un jeu int\u00e9ressant avec de bonnes chances de gagner, Cash Pig est un excellent choix. Jouez \u00e0 la machine \u00e0 sous Cash Pig et profitez des \u00e9motions vives et des gains impressionnants\u00a0!<\/p>\n","protected":false},"excerpt":{"rendered":"<p>Cash Pig est une machine \u00e0 sous en ligne passionnante qui permet aux joueurs de plonger dans un monde d&rsquo;aventure et de jeu passionnant. Dans cet article, nous allons vous expliquer comment jouer \u00e0 Cash Pig, passer en revue les fonctionnalit\u00e9s de cette machine \u00e0 sous, vous donner un aper\u00e7u des principales fonctionnalit\u00e9s et partager&#8230;<\/p>\n","protected":false},"author":1,"featured_media":0,"parent":0,"menu_order":0,"comment_status":"closed","ping_status":"closed","template":"","meta":{"_acf_changed":false,"_kad_post_transparent":"default","_kad_post_title":"default","_kad_post_layout":"default","_kad_post_sidebar_id":"","_kad_post_content_style":"default","_kad_post_vertical_padding":"default","_kad_post_feature":"","_kad_post_feature_position":"","_kad_post_header":false,"_kad_post_footer":false,"footnotes":""},"class_list":["post-3514","page","type-page","status-publish","hentry"],"acf":[],"rttpg_featured_image_url":null,"rttpg_author":{"display_name":"Elvis","author_link":"https:\/\/rocketplay-slot.com\/fr\/author\/pemvas95n89x\/"},"rttpg_comment":0,"rttpg_category":null,"rttpg_excerpt":"Cash Pig est une machine \u00e0 sous en ligne passionnante qui permet aux joueurs de plonger dans un monde d&rsquo;aventure et de jeu passionnant. Dans cet article, nous allons vous expliquer comment jouer \u00e0 Cash Pig, passer en revue les fonctionnalit\u00e9s de cette machine \u00e0 sous, vous donner un aper\u00e7u des principales fonctionnalit\u00e9s et partager...","_links":{"self":[{"href":"https:\/\/rocketplay-slot.com\/fr\/wp-json\/wp\/v2\/pages\/3514","targetHints":{"allow":["GET"]}}],"collection":[{"href":"https:\/\/rocketplay-slot.com\/fr\/wp-json\/wp\/v2\/pages"}],"about":[{"href":"https:\/\/rocketplay-slot.com\/fr\/wp-json\/wp\/v2\/types\/page"}],"author":[{"embeddable":true,"href":"https:\/\/rocketplay-slot.com\/fr\/wp-json\/wp\/v2\/users\/1"}],"replies":[{"embeddable":true,"href":"https:\/\/rocketplay-slot.com\/fr\/wp-json\/wp\/v2\/comments?post=3514"}],"version-history":[{"count":2,"href":"https:\/\/rocketplay-slot.com\/fr\/wp-json\/wp\/v2\/pages\/3514\/revisions"}],"predecessor-version":[{"id":3516,"href":"https:\/\/rocketplay-slot.com\/fr\/wp-json\/wp\/v2\/pages\/3514\/revisions\/3516"}],"wp:attachment":[{"href":"https:\/\/rocketplay-slot.com\/fr\/wp-json\/wp\/v2\/media?parent=3514"}],"curies":[{"name":"wp","href":"https:\/\/api.w.org\/{rel}","templated":true}]}}