{"id":3561,"date":"2024-01-22T20:04:42","date_gmt":"2024-01-22T17:04:42","guid":{"rendered":"https:\/\/rocketplay-slot.com\/about-us\/"},"modified":"2024-01-22T21:44:55","modified_gmt":"2024-01-22T18:44:55","slug":"about-us","status":"publish","type":"page","link":"https:\/\/rocketplay-slot.com\/fr\/about-us\/","title":{"rendered":"\u00c0 propos de nous"},"content":{"rendered":"<p>Bienvenue sur RocketPlay Casino, o\u00f9 l&rsquo;excitation atteint de nouveaux sommets et o\u00f9 le frisson du jeu d\u00e9colle ! Explorez un univers de divertissement comme jamais auparavant, o\u00f9 la technologie de pointe rencontre des exp\u00e9riences de jeu in\u00e9gal\u00e9es. Laissez-nous vous emmener dans un voyage \u00e0 travers le cosmos de RocketPlay Casino, o\u00f9 convergent l&rsquo;innovation, la s\u00e9curit\u00e9 et une galaxie de jeux.<\/p>\n<h2>Notre mission\u00a0: \u00e9lever le divertissement<\/h2>\n<p>Chez RocketPlay Casino, notre mission est d&rsquo;\u00e9lever le monde du jeu en ligne en fournissant une plateforme qui sort de l&rsquo;ordinaire. Nous nous effor\u00e7ons de cr\u00e9er un environnement immersif et \u00e9lectrisant o\u00f9 les joueurs peuvent s&rsquo;\u00e9vader dans un monde de possibilit\u00e9s. Notre engagement envers l&rsquo;excellence se refl\u00e8te dans tous les aspects de RocketPlay Casino, de la conception de notre plateforme \u00e0 la s\u00e9lection de jeux qui r\u00e9pondent aux divers go\u00fbts de nos joueurs.<\/p>\n<h2>Technologie innovante\u00a0: quand la science rencontre le jeu<\/h2>\n<p>RocketPlay Casino est \u00e0 la pointe de l&rsquo;innovation technologique, tirant parti des avanc\u00e9es de pointe pour offrir une exp\u00e9rience de jeu in\u00e9gal\u00e9e. Notre plateforme est aliment\u00e9e par un logiciel de pointe qui garantit une navigation fluide, un gameplay r\u00e9actif et des graphismes \u00e9poustouflants. Que vous soyez un joueur chevronn\u00e9 ou un nouveau venu, notre interface conviviale facilite l&rsquo;exploration et apporte la joie du jeu \u00e0 tous.<\/p>\n<h2>S\u00e9lection de jeux\u00a0: une galaxie de choix<\/h2>\n<p>Plongez dans une vaste galaxie de possibilit\u00e9s de jeu sur RocketPlay Casino. Nous comprenons que la vari\u00e9t\u00e9 est le piment de la vie, et notre vaste s\u00e9lection de jeux refl\u00e8te cette philosophie. Des jeux de table classiques aux derni\u00e8res machines \u00e0 sous vid\u00e9o, notre collection est organis\u00e9e pour r\u00e9pondre \u00e0 diff\u00e9rentes pr\u00e9f\u00e9rences et niveaux de comp\u00e9tence. Vivez la mont\u00e9e d&rsquo;adr\u00e9naline du poker \u00e0 enjeux \u00e9lev\u00e9s, la profondeur strat\u00e9gique du blackjack ou l&rsquo;excitation de faire tourner les rouleaux sur notre gamme diversifi\u00e9e de machines \u00e0 sous.<\/p>\n<h2>S\u00e9curit\u00e9\u00a0: votre s\u00e9curit\u00e9 est notre priorit\u00e9<\/h2>\n<p>RocketPlay Casino accorde la plus haute importance \u00e0 la s\u00e9curit\u00e9 et \u00e0 la confidentialit\u00e9 de nos joueurs. Notre plateforme est renforc\u00e9e par une technologie de cryptage avanc\u00e9e, garantissant que vos informations personnelles restent confidentielles. Nous op\u00e9rons avec transparence et int\u00e9grit\u00e9, en adh\u00e9rant aux normes strictes de l&rsquo;industrie pour cr\u00e9er un environnement de jeu s\u00e9curis\u00e9. Profitez du plaisir du jeu en toute tranquillit\u00e9 d&rsquo;esprit, sachant que RocketPlay Casino place votre s\u00e9curit\u00e9 au premier plan de tout ce que nous faisons.<\/p>\n<h2>Fair-play\u00a0: un engagement envers l&rsquo;int\u00e9grit\u00e9<\/h2>\n<p>Chez RocketPlay Casino, nous croyons au fair-play et \u00e0 la transparence. Nos jeux sont soumis \u00e0 des tests rigoureux par des auditeurs ind\u00e9pendants pour garantir que les r\u00e9sultats sont v\u00e9ritablement al\u00e9atoires et impartiaux. Nous sommes fiers d\u2019offrir des r\u00e8gles du jeu \u00e9quitables \u00e0 tous nos joueurs, en favorisant un environnement o\u00f9 l\u2019habilet\u00e9 et la chance s\u2019unissent dans une danse harmonieuse. Faites confiance \u00e0 RocketPlay Casino pour offrir des exp\u00e9riences de jeu non seulement passionnantes, mais \u00e9galement \u00e9quitables et dignes de confiance.<\/p>\n<h2>Bonus et promotions\u00a0: stimuler l&rsquo;enthousiasme<\/h2>\n<p>RocketPlay Casino adore r\u00e9compenser ses joueurs ! Pr\u00e9parez-vous au d\u00e9collage avec nos bonus et promotions passionnants pour am\u00e9liorer votre parcours de jeu. Des bonus de bienvenue qui font monter en fl\u00e8che votre d\u00e9p\u00f4t initial aux promotions r\u00e9guli\u00e8res qui maintiennent l&rsquo;excitation vivante, nous croyons qu&rsquo;il est important d&rsquo;ajouter une valeur suppl\u00e9mentaire \u00e0 chaque session de jeu. Restez \u00e0 l&rsquo;\u00e9coute des offres exclusives qui \u00e9l\u00e8vent votre exp\u00e9rience RocketPlay vers de nouveaux sommets.<\/p>\n<h2>Support client\u00a0: lancer l&rsquo;excellence<\/h2>\n<p>RocketPlay Casino est fier de son engagement envers la satisfaction de ses clients. Notre \u00e9quipe d&rsquo;assistance d\u00e9di\u00e9e est disponible 24h\/24 et 7j\/7 pour vous aider dans votre voyage de jeu. Que vous ayez des questions sur un jeu, que vous ayez besoin d&rsquo;aide avec votre compte ou que vous souhaitiez partager vos commentaires, notre service client est l\u00e0. Chez RocketPlay, nous croyons en l&rsquo;\u00e9tablissement de relations durables avec nos joueurs, en veillant \u00e0 ce que chaque interaction vous laisse sourire.<\/p>\n<h2>Jeux mobiles\u00a0: jouez \u00e0 tout moment, n&rsquo;importe o\u00f9<\/h2>\n<p>Le frisson de RocketPlay Casino ne se limite pas \u00e0 votre ordinateur de bureau. Vivez l&rsquo;excitation en d\u00e9placement avec notre plateforme de jeu mobile. Que vous soyez en d\u00e9placement, que vous attendiez un ami ou que vous vous d\u00e9tendiez simplement \u00e0 la maison, RocketPlay Casino est \u00e0 port\u00e9e de main. Profitez du m\u00eame gameplay fluide, des m\u00eames graphismes \u00e9clatants et de la m\u00eame atmosph\u00e8re palpitante sur votre appareil mobile, en mettant l&rsquo;exp\u00e9rience du casino \u00e0 port\u00e9e de main, o\u00f9 que vous soyez.<\/p>\n<h2>Jeu responsable\u00a0: naviguer en toute s\u00e9curit\u00e9<\/h2>\n<p>RocketPlay Casino s&rsquo;engage \u00e0 promouvoir des pratiques de jeu responsables. Nous encourageons nos joueurs \u00e0 profiter du plaisir du jeu de mani\u00e8re responsable et selon leurs moyens. Notre plateforme comprend des fonctionnalit\u00e9s qui permettent aux joueurs de fixer des limites sur leurs d\u00e9p\u00f4ts, leurs pertes et leur temps de jeu, vous permettant ainsi de garder le contr\u00f4le. Si jamais vous avez besoin d\u2019aide ou de conseils sur le jeu responsable, notre \u00e9quipe est l\u00e0 pour vous aider.<\/p>\n<h2>Embarquez pour un voyage inoubliable<\/h2>\n<p>RocketPlay Casino se distingue comme un mod\u00e8le d&rsquo;innovation, de s\u00e9curit\u00e9 et de divertissement sans pr\u00e9c\u00e9dent dans le vaste cosmos du jeu en ligne. Rejoignez-nous dans ce voyage exaltant o\u00f9 le frisson du jeu ne conna\u00eet pas de limites. De notre technologie de pointe \u00e0 notre galaxie de jeux, RocketPlay Casino est le lieu o\u00f9 l&rsquo;excitation prend son envol. Pr\u00e9parez-vous au d\u00e9collage \u2013 votre aventure commence ici !<\/p>\n","protected":false},"excerpt":{"rendered":"<p>Bienvenue sur RocketPlay Casino, o\u00f9 l&rsquo;excitation atteint de nouveaux sommets et o\u00f9 le frisson du jeu d\u00e9colle ! Explorez un univers de divertissement comme jamais auparavant, o\u00f9 la technologie de pointe rencontre des exp\u00e9riences de jeu in\u00e9gal\u00e9es. Laissez-nous vous emmener dans un voyage \u00e0 travers le cosmos de RocketPlay Casino, o\u00f9 convergent l&rsquo;innovation, la s\u00e9curit\u00e9&#8230;<\/p>\n","protected":false},"author":1,"featured_media":0,"parent":0,"menu_order":0,"comment_status":"closed","ping_status":"closed","template":"","meta":{"_acf_changed":false,"_kad_post_transparent":"default","_kad_post_title":"default","_kad_post_layout":"default","_kad_post_sidebar_id":"","_kad_post_content_style":"default","_kad_post_vertical_padding":"default","_kad_post_feature":"","_kad_post_feature_position":"","_kad_post_header":false,"_kad_post_footer":false,"footnotes":""},"class_list":["post-3561","page","type-page","status-publish","hentry"],"acf":[],"rttpg_featured_image_url":null,"rttpg_author":{"display_name":"Elvis","author_link":"https:\/\/rocketplay-slot.com\/fr\/author\/pemvas95n89x\/"},"rttpg_comment":0,"rttpg_category":null,"rttpg_excerpt":"Bienvenue sur RocketPlay Casino, o\u00f9 l&rsquo;excitation atteint de nouveaux sommets et o\u00f9 le frisson du jeu d\u00e9colle ! Explorez un univers de divertissement comme jamais auparavant, o\u00f9 la technologie de pointe rencontre des exp\u00e9riences de jeu in\u00e9gal\u00e9es. Laissez-nous vous emmener dans un voyage \u00e0 travers le cosmos de RocketPlay Casino, o\u00f9 convergent l&rsquo;innovation, la s\u00e9curit\u00e9...","_links":{"self":[{"href":"https:\/\/rocketplay-slot.com\/fr\/wp-json\/wp\/v2\/pages\/3561","targetHints":{"allow":["GET"]}}],"collection":[{"href":"https:\/\/rocketplay-slot.com\/fr\/wp-json\/wp\/v2\/pages"}],"about":[{"href":"https:\/\/rocketplay-slot.com\/fr\/wp-json\/wp\/v2\/types\/page"}],"author":[{"embeddable":true,"href":"https:\/\/rocketplay-slot.com\/fr\/wp-json\/wp\/v2\/users\/1"}],"replies":[{"embeddable":true,"href":"https:\/\/rocketplay-slot.com\/fr\/wp-json\/wp\/v2\/comments?post=3561"}],"version-history":[{"count":1,"href":"https:\/\/rocketplay-slot.com\/fr\/wp-json\/wp\/v2\/pages\/3561\/revisions"}],"predecessor-version":[{"id":3562,"href":"https:\/\/rocketplay-slot.com\/fr\/wp-json\/wp\/v2\/pages\/3561\/revisions\/3562"}],"wp:attachment":[{"href":"https:\/\/rocketplay-slot.com\/fr\/wp-json\/wp\/v2\/media?parent=3561"}],"curies":[{"name":"wp","href":"https:\/\/api.w.org\/{rel}","templated":true}]}}