{"id":3588,"date":"2024-01-22T21:35:23","date_gmt":"2024-01-22T18:35:23","guid":{"rendered":"https:\/\/rocketplay-slot.com\/aml-policy\/"},"modified":"2024-01-22T21:58:01","modified_gmt":"2024-01-22T18:58:01","slug":"aml-policy","status":"publish","type":"page","link":"https:\/\/rocketplay-slot.com\/fr\/aml-policy\/","title":{"rendered":"Politique AML"},"content":{"rendered":"<p>RocketPlay Casino reconna\u00eet l&rsquo;importance de cr\u00e9er un environnement exempt de crimes financiers, garantissant la protection \u00e0 la fois des joueurs et de la plateforme. La politique AML est un guide complet d\u00e9crivant les mesures visant \u00e0 identifier et \u00e0 att\u00e9nuer les risques potentiels associ\u00e9s au blanchiment d&rsquo;argent et \u00e0 d&rsquo;autres activit\u00e9s illicites.<\/p>\n<h2>Proc\u00e9dures de connaissance de votre client (KYC)<\/h2>\n<p>L&rsquo;une des pierres angulaires de la politique AML de RocketPlay Casino est la mise en \u0153uvre de proc\u00e9dures strictes de connaissance de votre client (KYC). Les joueurs doivent se soumettre \u00e0 un processus approfondi de v\u00e9rification d\u2019identit\u00e9 avant d\u2019autoriser toute transaction financi\u00e8re sur la plateforme. Cela implique de fournir des pi\u00e8ces d&rsquo;identit\u00e9 valides, un justificatif de domicile et, dans certains cas, la source des fonds. Ces mesures contribuent non seulement \u00e0 pr\u00e9venir le blanchiment d\u2019argent, mais contribuent \u00e9galement \u00e0 la s\u00e9curit\u00e9 globale de la communaut\u00e9 des joueurs.<\/p>\n<h2>Surveillance et reporting des transactions<\/h2>\n<p>RocketPlay Casino utilise des solutions technologiques avanc\u00e9es pour la surveillance des transactions en temps r\u00e9el. Cette approche proactive permet d\u2019identifier rapidement les activit\u00e9s suspectes. Toutes les transactions qui s\u2019\u00e9cartent des mod\u00e8les \u00e9tablis ou d\u00e9clenchent des signaux d\u2019alarme pr\u00e9d\u00e9finis font l\u2019objet d\u2019un examen plus approfondi. RocketPlay Casino adh\u00e8re \u00e0 un protocole de reporting strict pour d\u00e9tecter les transactions potentiellement illicites, en informant les autorit\u00e9s comp\u00e9tentes conform\u00e9ment aux exigences l\u00e9gales.<\/p>\n<h2>Strat\u00e9gies d&rsquo;\u00e9valuation et d&rsquo;att\u00e9nuation des risques<\/h2>\n<p>La politique AML de RocketPlay Casino implique une \u00e9valuation continue des risques pour garder une longueur d&rsquo;avance sur les menaces \u00e9mergentes. En \u00e9valuant le risque associ\u00e9 \u00e0 chaque joueur et transaction, le casino peut allouer efficacement les ressources pour att\u00e9nuer les vuln\u00e9rabilit\u00e9s potentielles. Cette position proactive garantit que les mesures de lutte contre le blanchiment d&rsquo;argent sont robustes et adaptables \u00e0 l&rsquo;\u00e9volution du paysage de la criminalit\u00e9 financi\u00e8re.<\/p>\n<h2>Formation et sensibilisation des employ\u00e9s<\/h2>\n<p>RocketPlay Casino comprend qu&rsquo;une \u00e9quipe bien inform\u00e9e est essentielle pour r\u00e9ussir la mise en \u0153uvre de toute politique AML. Ainsi, tous les collaborateurs suivent une formation compl\u00e8te pour les sensibiliser aux risques de blanchiment d\u2019argent et aux techniques de d\u00e9tection. Cela garantit que chaque membre du personnel, du support client \u00e0 la direction, joue un r\u00f4le dans le maintien de l&rsquo;engagement du casino en mati\u00e8re de conformit\u00e9 AML.<\/p>\n<h2>Collaboration avec les autorit\u00e9s r\u00e9glementaires<\/h2>\n<p>RocketPlay Casino collabore activement avec les autorit\u00e9s de r\u00e9gulation pour renforcer ses mesures AML. Le casino contribue \u00e0 l&rsquo;effort collectif de lutte contre le blanchiment d&rsquo;argent dans l&rsquo;industrie du jeu en ligne en partageant des informations et des id\u00e9es avec les organismes concern\u00e9s. Cette approche collaborative am\u00e9liore l&rsquo;efficacit\u00e9 de la politique AML de RocketPlay Casino et promeut les normes et les meilleures pratiques \u00e0 l&rsquo;\u00e9chelle du secteur.<\/p>\n<h2>Diligence raisonnable am\u00e9lior\u00e9e pour les joueurs \u00e0 haut risque<\/h2>\n<p>Conscient que certains joueurs peuvent pr\u00e9senter un risque plus \u00e9lev\u00e9 de se livrer \u00e0 des activit\u00e9s de blanchiment d&rsquo;argent, RocketPlay Casino a mis en place des mesures de diligence raisonnable renforc\u00e9es pour ces personnes. Cela peut inclure une documentation suppl\u00e9mentaire, un examen minutieux des transactions et une surveillance plus \u00e9troite des habitudes de jeu. En adaptant les mesures AML \u00e0 diff\u00e9rents profils de risque, RocketPlay Casino garantit une approche cibl\u00e9e et pratique.<\/p>\n<h2>Technologie et innovation en mati\u00e8re de conformit\u00e9 AML<\/h2>\n<p>RocketPlay Casino exploite une technologie et des innovations de pointe pour am\u00e9liorer ses efforts de conformit\u00e9 AML. Les algorithmes d\u2019apprentissage automatique, l\u2019analyse des donn\u00e9es et l\u2019intelligence artificielle sont essentiels pour identifier et pr\u00e9dire les risques potentiels. En restant \u00e0 la pointe des avanc\u00e9es technologiques, RocketPlay Casino garantit que sa politique AML reste agile et efficace face \u00e0 l&rsquo;\u00e9volution des menaces.<\/p>\n<h2>\u00c9ducation des joueurs et promotion du jeu responsable<\/h2>\n<p>Au-del\u00e0 de ses mesures internes AML, RocketPlay Casino sensibilise de mani\u00e8re proactive les joueurs \u00e0 l&rsquo;importance du jeu responsable. Des ressources d&rsquo;information, des guides et des outils sont fournis pour aider les joueurs \u00e0 reconna\u00eetre les risques potentiels et \u00e0 adopter des pratiques de jeu responsables. RocketPlay Casino contribue \u00e0 un \u00e9cosyst\u00e8me de jeu en ligne plus s\u00fbr en favorisant une communaut\u00e9 qui valorise le jeu responsable.<\/p>\n<h2>Am\u00e9lioration continue et adaptabilit\u00e9<\/h2>\n<p>RocketPlay Casino consid\u00e8re sa politique AML comme un cadre dynamique qui \u00e9volue avec le paysage industriel et r\u00e9glementaire. Des examens, mises \u00e0 jour et am\u00e9liorations r\u00e9guliers garantissent que la politique reste efficace et align\u00e9e sur les derni\u00e8res normes. En favorisant une culture d&rsquo;am\u00e9lioration continue, RocketPlay Casino s&rsquo;engage \u00e0 garder une longueur d&rsquo;avance sur les risques et les d\u00e9fis potentiels.<\/p>\n<p>En conclusion, la politique AML de RocketPlay Casino t\u00e9moigne de son engagement in\u00e9branlable \u00e0 fournir un environnement de jeu s\u00e9curis\u00e9 et responsable. Gr\u00e2ce \u00e0 des mesures globales, \u00e0 une collaboration avec les autorit\u00e9s r\u00e9glementaires et \u00e0 un engagement envers l&rsquo;am\u00e9lioration continue, RocketPlay Casino \u00e9tablit une r\u00e9f\u00e9rence en mati\u00e8re de conformit\u00e9 AML dans l&rsquo;industrie du jeu en ligne. Alors que les joueurs se lancent dans un voyage de jeu exaltant, ils peuvent le faire avec la certitude que leur s\u00fbret\u00e9 et leur s\u00e9curit\u00e9 sont primordiales au RocketPlay Casino.<\/p>\n","protected":false},"excerpt":{"rendered":"<p>RocketPlay Casino reconna\u00eet l&rsquo;importance de cr\u00e9er un environnement exempt de crimes financiers, garantissant la protection \u00e0 la fois des joueurs et de la plateforme. La politique AML est un guide complet d\u00e9crivant les mesures visant \u00e0 identifier et \u00e0 att\u00e9nuer les risques potentiels associ\u00e9s au blanchiment d&rsquo;argent et \u00e0 d&rsquo;autres activit\u00e9s illicites. Proc\u00e9dures de connaissance&#8230;<\/p>\n","protected":false},"author":1,"featured_media":0,"parent":0,"menu_order":0,"comment_status":"closed","ping_status":"closed","template":"","meta":{"_acf_changed":false,"_kad_post_transparent":"default","_kad_post_title":"default","_kad_post_layout":"default","_kad_post_sidebar_id":"","_kad_post_content_style":"default","_kad_post_vertical_padding":"default","_kad_post_feature":"","_kad_post_feature_position":"","_kad_post_header":false,"_kad_post_footer":false,"footnotes":""},"class_list":["post-3588","page","type-page","status-publish","hentry"],"acf":[],"rttpg_featured_image_url":null,"rttpg_author":{"display_name":"Elvis","author_link":"https:\/\/rocketplay-slot.com\/fr\/author\/pemvas95n89x\/"},"rttpg_comment":0,"rttpg_category":null,"rttpg_excerpt":"RocketPlay Casino reconna\u00eet l&rsquo;importance de cr\u00e9er un environnement exempt de crimes financiers, garantissant la protection \u00e0 la fois des joueurs et de la plateforme. La politique AML est un guide complet d\u00e9crivant les mesures visant \u00e0 identifier et \u00e0 att\u00e9nuer les risques potentiels associ\u00e9s au blanchiment d&rsquo;argent et \u00e0 d&rsquo;autres activit\u00e9s illicites. Proc\u00e9dures de connaissance...","_links":{"self":[{"href":"https:\/\/rocketplay-slot.com\/fr\/wp-json\/wp\/v2\/pages\/3588","targetHints":{"allow":["GET"]}}],"collection":[{"href":"https:\/\/rocketplay-slot.com\/fr\/wp-json\/wp\/v2\/pages"}],"about":[{"href":"https:\/\/rocketplay-slot.com\/fr\/wp-json\/wp\/v2\/types\/page"}],"author":[{"embeddable":true,"href":"https:\/\/rocketplay-slot.com\/fr\/wp-json\/wp\/v2\/users\/1"}],"replies":[{"embeddable":true,"href":"https:\/\/rocketplay-slot.com\/fr\/wp-json\/wp\/v2\/comments?post=3588"}],"version-history":[{"count":1,"href":"https:\/\/rocketplay-slot.com\/fr\/wp-json\/wp\/v2\/pages\/3588\/revisions"}],"predecessor-version":[{"id":3589,"href":"https:\/\/rocketplay-slot.com\/fr\/wp-json\/wp\/v2\/pages\/3588\/revisions\/3589"}],"wp:attachment":[{"href":"https:\/\/rocketplay-slot.com\/fr\/wp-json\/wp\/v2\/media?parent=3588"}],"curies":[{"name":"wp","href":"https:\/\/api.w.org\/{rel}","templated":true}]}}