{"id":3637,"date":"2024-01-22T20:16:05","date_gmt":"2024-01-22T17:16:05","guid":{"rendered":"https:\/\/rocketplay-slot.com\/contact-us\/"},"modified":"2024-01-22T22:45:08","modified_gmt":"2024-01-22T19:45:08","slug":"contact-us","status":"publish","type":"page","link":"https:\/\/rocketplay-slot.com\/fr\/contact-us\/","title":{"rendered":"Contactez-nous"},"content":{"rendered":"<p>Bienvenue sur RocketPlay Casino, o\u00f9 des exp\u00e9riences de jeu passionnantes rencontrent un support client de premier ordre. Notre engagement \u00e0 garantir votre satisfaction s\u2019\u00e9tend \u00e0 notre service d\u00e9di\u00e9 Contactez-nous. Que vous ayez des questions, des commentaires ou que vous ayez besoin d&rsquo;aide, nous sommes l\u00e0 pour rendre votre exp\u00e9rience RocketPlay fluide et agr\u00e9able.<\/p>\n<h2>Contactez-nous \u00e0 tout moment et en tout lieu<\/h2>\n<p>Chez RocketPlay Casino, nous comprenons que des questions peuvent surgir \u00e0 tout moment. C&rsquo;est pourquoi notre fonction Contactez-nous est disponible 24h\/24 et 7j\/7, vous permettant de nous contacter chaque fois que vous avez besoin d&rsquo;aide. Que vous soyez un oiseau de nuit profitant de tours nocturnes ou un l\u00e8ve-t\u00f4t attrapant le jackpot du matin, notre \u00e9quipe d&rsquo;assistance est pr\u00eate \u00e0 vous aider 24 heures sur 24.<\/p>\n<h2>Plusieurs canaux pour plus de commodit\u00e9<\/h2>\n<p>Nous appr\u00e9cions votre temps et comprenons que chacun a son moyen de communication pr\u00e9f\u00e9r\u00e9. C&rsquo;est pourquoi nous proposons plusieurs canaux pour nous contacter. Que vous pr\u00e9f\u00e9riez l&rsquo;imm\u00e9diatet\u00e9 du chat en direct, la formalit\u00e9 d&rsquo;un e-mail ou la familiarit\u00e9 d&rsquo;un appel t\u00e9l\u00e9phonique, RocketPlay Casino a ce qu&rsquo;il vous faut. Notre gamme diversifi\u00e9e d\u2019options de contact garantit que vous pouvez choisir la m\u00e9thode qui correspond le mieux \u00e0 vos besoins et pr\u00e9f\u00e9rences.<\/p>\n<h2>Assistance instantan\u00e9e avec le chat en direct<\/h2>\n<p>Notre fonctionnalit\u00e9 de chat en direct est votre option incontournable pour une assistance rapide et en temps r\u00e9el. Connectez-vous instantan\u00e9ment avec nos agents d\u2019assistance comp\u00e9tents, vous permettant de r\u00e9soudre toute question ou probl\u00e8me sans d\u00e9lai. Que vous ayez des questions sur les r\u00e8gles du jeu, la gestion de compte ou les promotions, notre assistance par chat en direct est con\u00e7ue pour fournir des solutions instantan\u00e9es \u00e0 port\u00e9e de main.<\/p>\n<h2>E-mail pour une assistance compl\u00e8te<\/h2>\n<p>Si vous pr\u00e9f\u00e9rez une explication plus d\u00e9taill\u00e9e ou si vous avez besoin de joindre des documents, notre support par e-mail est \u00e0 votre service. Veuillez nous envoyer un e-mail \u00e0 support@rocketplaycasino.com et notre \u00e9quipe d\u00e9di\u00e9e vous r\u00e9pondra dans les plus brefs d\u00e9lais. Qu&rsquo;il s&rsquo;agisse de v\u00e9rification de compte, de probl\u00e8mes de paiement ou de commentaires g\u00e9n\u00e9raux, notre assistance par e-mail garantit une assistance compl\u00e8te pour toutes vos demandes li\u00e9es au casino.<\/p>\n<h2>Parlez directement avec notre \u00e9quipe<\/h2>\n<p>Notre assistance t\u00e9l\u00e9phonique vous permet de parler directement avec notre \u00e9quipe d&rsquo;experts pour une touche plus personnelle. Composez notre num\u00e9ro gratuit et nos agents d&rsquo;assistance amicaux vous guideront \u00e0 travers tous les probl\u00e8mes que vous pourriez rencontrer. Des probl\u00e8mes techniques \u00e0 la gestion de compte, notre assistance t\u00e9l\u00e9phonique a pour objectif de vous fournir l&rsquo;assistance dont vous avez besoin de mani\u00e8re claire et concise.<\/p>\n<p>Contactez-nous de RocketPlay Casino n&rsquo;est pas seulement un service ; c&rsquo;est un engagement \u00e0 fournir un soutien in\u00e9gal\u00e9 et \u00e0 garantir que votre parcours de jeu avec nous soit exceptionnel. N&rsquo;h\u00e9sitez pas \u00e0 nous contacter \u2013 nous sommes l\u00e0 pour am\u00e9liorer votre exp\u00e9rience RocketPlay de toutes les mani\u00e8res possibles.<\/p>\n","protected":false},"excerpt":{"rendered":"<p>Bienvenue sur RocketPlay Casino, o\u00f9 des exp\u00e9riences de jeu passionnantes rencontrent un support client de premier ordre. Notre engagement \u00e0 garantir votre satisfaction s\u2019\u00e9tend \u00e0 notre service d\u00e9di\u00e9 Contactez-nous. Que vous ayez des questions, des commentaires ou que vous ayez besoin d&rsquo;aide, nous sommes l\u00e0 pour rendre votre exp\u00e9rience RocketPlay fluide et agr\u00e9able. Contactez-nous \u00e0&#8230;<\/p>\n","protected":false},"author":1,"featured_media":0,"parent":0,"menu_order":0,"comment_status":"closed","ping_status":"closed","template":"","meta":{"_acf_changed":false,"_kad_post_transparent":"default","_kad_post_title":"default","_kad_post_layout":"default","_kad_post_sidebar_id":"","_kad_post_content_style":"default","_kad_post_vertical_padding":"default","_kad_post_feature":"","_kad_post_feature_position":"","_kad_post_header":false,"_kad_post_footer":false,"footnotes":""},"class_list":["post-3637","page","type-page","status-publish","hentry"],"acf":[],"rttpg_featured_image_url":null,"rttpg_author":{"display_name":"Elvis","author_link":"https:\/\/rocketplay-slot.com\/fr\/author\/pemvas95n89x\/"},"rttpg_comment":0,"rttpg_category":null,"rttpg_excerpt":"Bienvenue sur RocketPlay Casino, o\u00f9 des exp\u00e9riences de jeu passionnantes rencontrent un support client de premier ordre. Notre engagement \u00e0 garantir votre satisfaction s\u2019\u00e9tend \u00e0 notre service d\u00e9di\u00e9 Contactez-nous. Que vous ayez des questions, des commentaires ou que vous ayez besoin d&rsquo;aide, nous sommes l\u00e0 pour rendre votre exp\u00e9rience RocketPlay fluide et agr\u00e9able. Contactez-nous \u00e0...","_links":{"self":[{"href":"https:\/\/rocketplay-slot.com\/fr\/wp-json\/wp\/v2\/pages\/3637","targetHints":{"allow":["GET"]}}],"collection":[{"href":"https:\/\/rocketplay-slot.com\/fr\/wp-json\/wp\/v2\/pages"}],"about":[{"href":"https:\/\/rocketplay-slot.com\/fr\/wp-json\/wp\/v2\/types\/page"}],"author":[{"embeddable":true,"href":"https:\/\/rocketplay-slot.com\/fr\/wp-json\/wp\/v2\/users\/1"}],"replies":[{"embeddable":true,"href":"https:\/\/rocketplay-slot.com\/fr\/wp-json\/wp\/v2\/comments?post=3637"}],"version-history":[{"count":1,"href":"https:\/\/rocketplay-slot.com\/fr\/wp-json\/wp\/v2\/pages\/3637\/revisions"}],"predecessor-version":[{"id":3638,"href":"https:\/\/rocketplay-slot.com\/fr\/wp-json\/wp\/v2\/pages\/3637\/revisions\/3638"}],"wp:attachment":[{"href":"https:\/\/rocketplay-slot.com\/fr\/wp-json\/wp\/v2\/media?parent=3637"}],"curies":[{"name":"wp","href":"https:\/\/api.w.org\/{rel}","templated":true}]}}