{"id":3717,"date":"2024-01-22T21:06:39","date_gmt":"2024-01-22T18:06:39","guid":{"rendered":"https:\/\/rocketplay-slot.com\/privacy-policy\/"},"modified":"2024-01-23T11:06:00","modified_gmt":"2024-01-23T08:06:00","slug":"privacy-policy","status":"publish","type":"page","link":"https:\/\/rocketplay-slot.com\/fr\/privacy-policy\/","title":{"rendered":"Politique de confidentialit\u00e9"},"content":{"rendered":"<p>Bienvenue sur RocketPlay Casino, o\u00f9 le divertissement rencontre le jeu responsable. RocketPlay s&rsquo;engage \u00e0 fournir aux utilisateurs un environnement de jeu s\u00fbr et agr\u00e9able. L&rsquo;une de nos principales priorit\u00e9s est d&rsquo;assurer la confidentialit\u00e9 et la s\u00e9curit\u00e9 de vos informations personnelles. Cette politique de confidentialit\u00e9 d\u00e9crit la mani\u00e8re dont nous collectons, utilisons et prot\u00e9geons vos donn\u00e9es, soulignant notre engagement en faveur de la transparence et de la confiance.<\/p>\n<h2>Informations que nous collectons<\/h2>\n<h3>Informations personnelles<\/h3>\n<p>Pour am\u00e9liorer votre exp\u00e9rience de jeu, nous collectons certaines informations personnelles lors du processus d&rsquo;inscription. Cela peut inclure votre nom, votre adresse e-mail, votre date de naissance et vos coordonn\u00e9es. Rassurez-vous, nous utilisons des technologies de cryptage avanc\u00e9es pour s\u00e9curiser ces informations et emp\u00eacher tout acc\u00e8s non autoris\u00e9.<\/p>\n<h3>Informations financi\u00e8res<\/h3>\n<p>Nous pouvons avoir besoin d&rsquo;informations financi\u00e8res telles que les d\u00e9tails de la carte de cr\u00e9dit ou d&rsquo;autres m\u00e9thodes de paiement pour des transactions et des paiements fluides. RocketPlay Casino donne la priorit\u00e9 \u00e0 la s\u00e9curit\u00e9 de vos donn\u00e9es financi\u00e8res, en mettant en \u0153uvre des protocoles standard du secteur pour vous prot\u00e9ger contre les activit\u00e9s frauduleuses.<\/p>\n<h3>Informations techniques<\/h3>\n<p>Comme sur de nombreuses plateformes en ligne, nous collectons automatiquement des informations techniques, notamment votre adresse IP, votre type d&rsquo;appareil, les d\u00e9tails de votre navigateur et votre syst\u00e8me d&rsquo;exploitation. Ces informations sont cruciales pour optimiser les performances de notre site Web, garantir la compatibilit\u00e9 entre diff\u00e9rents appareils et am\u00e9liorer votre exp\u00e9rience de jeu.<\/p>\n<h2>Comment nous utilisons vos informations<\/h2>\n<h3>Personnalisation de votre exp\u00e9rience<\/h3>\n<p>RocketPlay Casino utilise les donn\u00e9es collect\u00e9es pour personnaliser votre exp\u00e9rience de jeu. En analysant vos pr\u00e9f\u00e9rences et votre comportement, nous pouvons vous sugg\u00e9rer des jeux et des promotions personnalis\u00e9s, cr\u00e9ant ainsi un environnement plus agr\u00e9able et plus engageant pour vous.<\/p>\n<h3>Traitement des transactions<\/h3>\n<p>Les informations financi\u00e8res sont utilis\u00e9es uniquement pour traiter les transactions li\u00e9es \u00e0 vos activit\u00e9s de jeu. Cela inclut les d\u00e9p\u00f4ts, les retraits et toute autre transaction mon\u00e9taire. Nous travaillons en partenariat avec des processeurs de paiement r\u00e9put\u00e9s pour garantir la s\u00e9curit\u00e9 de vos donn\u00e9es financi\u00e8res.<\/p>\n<h3>Conformit\u00e9 l\u00e9gale<\/h3>\n<p>Nous pouvons utiliser vos informations pour v\u00e9rifier votre identit\u00e9 et confirmer votre \u00e2ge afin de garantir le respect des lois et r\u00e9glementations applicables. Il est crucial de maintenir un environnement de jeu responsable et d\u2019emp\u00eacher l\u2019acc\u00e8s des mineurs \u00e0 nos services.<\/p>\n<h2>Partage avec des tiers<\/h2>\n<p>RocketPlay Casino s&rsquo;engage \u00e0 prot\u00e9ger votre vie priv\u00e9e et nous ne vendons ni ne partageons vos informations personnelles avec des tiers \u00e0 des fins de marketing. Cependant, certains fournisseurs de services tiers peuvent avoir acc\u00e8s \u00e0 vos donn\u00e9es pour nous aider \u00e0 offrir une exp\u00e9rience de jeu fluide. Rassurez-vous, nous examinons soigneusement ces fournisseurs et appliquons des accords de confidentialit\u00e9 stricts pour prot\u00e9ger vos informations.<\/p>\n<h2>Mesures de s\u00e9curit\u00e9<\/h2>\n<p>Assurer la s\u00e9curit\u00e9 de vos informations est primordial pour RocketPlay Casino. Nous utilisons des mesures de s\u00e9curit\u00e9 de pointe, notamment des protocoles de cryptage, des pare-feu et la technologie SSL (Secure Socket Layer). Ces mesures sont continuellement mises \u00e0 jour pour garder une longueur d\u2019avance sur les menaces et vuln\u00e9rabilit\u00e9s \u00e9mergentes.<\/p>\n<h2>Cookies et technologies de suivi<\/h2>\n<p>RocketPlay Casino utilise des cookies et des technologies de suivi similaires pour am\u00e9liorer l&rsquo;exp\u00e9rience utilisateur et analyser le trafic du site Web. Ces technologies nous aident \u00e0 comprendre les pr\u00e9f\u00e9rences des utilisateurs, \u00e0 am\u00e9liorer les fonctionnalit\u00e9s du site et \u00e0 personnaliser les promotions. Vous pouvez g\u00e9rer les pr\u00e9f\u00e9rences en mati\u00e8re de cookies via les param\u00e8tres de votre navigateur, vous permettant ainsi de contr\u00f4ler les informations que vous partagez.<\/p>\n<h2>Vos droits et choix<\/h2>\n<h3>Acc\u00e8s et correction<\/h3>\n<p>Vous avez le droit d&rsquo;acc\u00e9der et de corriger toute inexactitude dans vos informations personnelles. RocketPlay Casino fournit des outils et des param\u00e8tres au sein de votre compte pour mettre \u00e0 jour vos informations et garantir l&rsquo;exactitude de vos donn\u00e9es.<\/p>\n<h3>D\u00e9sinscription<\/h3>\n<p>Vous pouvez vous d\u00e9sinscrire si vous ne souhaitez plus recevoir les communications promotionnelles de RocketPlay Casino. Ajustez vos pr\u00e9f\u00e9rences de communication dans les param\u00e8tres de votre compte et nous respecterons votre choix.<\/p>\n<h3>D\u00e9sactivation du compte<\/h3>\n<p>Vous pouvez demander la d\u00e9sactivation de compte si vous interrompez vos activit\u00e9s de jeu avec RocketPlay Casino. Nous supprimerons en toute s\u00e9curit\u00e9 vos informations personnelles, ne conservant que les donn\u00e9es n\u00e9cessaires \u00e0 la conformit\u00e9 l\u00e9gale et r\u00e9glementaire.<\/p>\n<h2>Modifications de la politique de confidentialit\u00e9<\/h2>\n<p>RocketPlay Casino se r\u00e9serve le droit de mettre \u00e0 jour et de modifier cette politique de confidentialit\u00e9 pour refl\u00e9ter les changements dans nos pratiques commerciales, les exigences l\u00e9gales ou les progr\u00e8s technologiques. Nous vous encourageons \u00e0 consulter cette politique p\u00e9riodiquement pour rester inform\u00e9 de la mani\u00e8re dont nous prot\u00e9geons vos informations.<\/p>\n<h2>Contactez-nous<\/h2>\n<p>Si vous avez des questions ou des pr\u00e9occupations concernant la politique de confidentialit\u00e9 de RocketPlay Casino, n&rsquo;h\u00e9sitez pas \u00e0 contacter notre \u00e9quipe d&rsquo;assistance d\u00e9di\u00e9e. Nous sommes l\u00e0 pour vous aider et garantir que votre exp\u00e9rience de jeu reste s\u00e9curis\u00e9e, agr\u00e9able et ax\u00e9e sur la confidentialit\u00e9.<\/p>\n<p>Chez RocketPlay Casino, nous ne nous engageons pas seulement \u00e0 offrir un divertissement de premier ordre ; nous nous engageons \u00e0 construire une communaut\u00e9 o\u00f9 la confidentialit\u00e9 et la s\u00e9curit\u00e9 sont primordiales. Rejoignez-nous dans le monde passionnant du jeu, sachant que vos informations sont en s\u00e9curit\u00e9.<\/p>\n","protected":false},"excerpt":{"rendered":"<p>Bienvenue sur RocketPlay Casino, o\u00f9 le divertissement rencontre le jeu responsable. RocketPlay s&rsquo;engage \u00e0 fournir aux utilisateurs un environnement de jeu s\u00fbr et agr\u00e9able. L&rsquo;une de nos principales priorit\u00e9s est d&rsquo;assurer la confidentialit\u00e9 et la s\u00e9curit\u00e9 de vos informations personnelles. Cette politique de confidentialit\u00e9 d\u00e9crit la mani\u00e8re dont nous collectons, utilisons et prot\u00e9geons vos donn\u00e9es,&#8230;<\/p>\n","protected":false},"author":1,"featured_media":0,"parent":0,"menu_order":0,"comment_status":"closed","ping_status":"closed","template":"","meta":{"_acf_changed":false,"_kad_post_transparent":"default","_kad_post_title":"default","_kad_post_layout":"default","_kad_post_sidebar_id":"","_kad_post_content_style":"default","_kad_post_vertical_padding":"default","_kad_post_feature":"","_kad_post_feature_position":"","_kad_post_header":false,"_kad_post_footer":false,"footnotes":""},"class_list":["post-3717","page","type-page","status-publish","hentry"],"acf":[],"rttpg_featured_image_url":null,"rttpg_author":{"display_name":"Elvis","author_link":"https:\/\/rocketplay-slot.com\/fr\/author\/pemvas95n89x\/"},"rttpg_comment":0,"rttpg_category":null,"rttpg_excerpt":"Bienvenue sur RocketPlay Casino, o\u00f9 le divertissement rencontre le jeu responsable. RocketPlay s&rsquo;engage \u00e0 fournir aux utilisateurs un environnement de jeu s\u00fbr et agr\u00e9able. L&rsquo;une de nos principales priorit\u00e9s est d&rsquo;assurer la confidentialit\u00e9 et la s\u00e9curit\u00e9 de vos informations personnelles. Cette politique de confidentialit\u00e9 d\u00e9crit la mani\u00e8re dont nous collectons, utilisons et prot\u00e9geons vos donn\u00e9es,...","_links":{"self":[{"href":"https:\/\/rocketplay-slot.com\/fr\/wp-json\/wp\/v2\/pages\/3717","targetHints":{"allow":["GET"]}}],"collection":[{"href":"https:\/\/rocketplay-slot.com\/fr\/wp-json\/wp\/v2\/pages"}],"about":[{"href":"https:\/\/rocketplay-slot.com\/fr\/wp-json\/wp\/v2\/types\/page"}],"author":[{"embeddable":true,"href":"https:\/\/rocketplay-slot.com\/fr\/wp-json\/wp\/v2\/users\/1"}],"replies":[{"embeddable":true,"href":"https:\/\/rocketplay-slot.com\/fr\/wp-json\/wp\/v2\/comments?post=3717"}],"version-history":[{"count":2,"href":"https:\/\/rocketplay-slot.com\/fr\/wp-json\/wp\/v2\/pages\/3717\/revisions"}],"predecessor-version":[{"id":3719,"href":"https:\/\/rocketplay-slot.com\/fr\/wp-json\/wp\/v2\/pages\/3717\/revisions\/3719"}],"wp:attachment":[{"href":"https:\/\/rocketplay-slot.com\/fr\/wp-json\/wp\/v2\/media?parent=3717"}],"curies":[{"name":"wp","href":"https:\/\/api.w.org\/{rel}","templated":true}]}}