{"id":3746,"date":"2024-01-22T20:29:31","date_gmt":"2024-01-22T17:29:31","guid":{"rendered":"https:\/\/rocketplay-slot.com\/responsible-gaming\/"},"modified":"2024-01-23T11:45:08","modified_gmt":"2024-01-23T08:45:08","slug":"responsible-gaming","status":"publish","type":"page","link":"https:\/\/rocketplay-slot.com\/fr\/responsible-gaming\/","title":{"rendered":"Jeu responsable"},"content":{"rendered":"<p>Le jeu responsable est une valeur fondamentale de RocketPlay Casino, ancr\u00e9e dans notre mission de fournir un environnement s\u00e9curis\u00e9 et agr\u00e9able \u00e0 nos joueurs. Nous reconnaissons les risques potentiels associ\u00e9s au jeu en ligne et nous nous engageons \u00e0 att\u00e9nuer ces risques gr\u00e2ce \u00e0 des mesures proactives. Notre initiative de jeu responsable est une approche globale qui vise \u00e0 prot\u00e9ger nos joueurs des impacts n\u00e9gatifs du jeu excessif tout en favorisant une culture de divertissement responsable.<\/p>\n<h2>\u00c9ducation et sensibilisation des joueurs<\/h2>\n<p>Chez RocketPlay Casino, les joueurs bien inform\u00e9s sont des joueurs autonomes. \u00c0 cette fin, nous fournissons de nombreuses ressources et informations sur le jeu responsable. Notre site Web propose du mat\u00e9riel p\u00e9dagogique qui couvre des sujets tels que l&rsquo;\u00e9tablissement de limites, la reconnaissance des signes de jeu probl\u00e9matique et l&rsquo;acc\u00e8s aux services d&rsquo;assistance. Nous encourageons nos joueurs \u00e0 utiliser ces ressources pour prendre des d\u00e9cisions \u00e9clair\u00e9es concernant leurs activit\u00e9s de jeu.<\/p>\n<h2>Fixation de limites et outils d&rsquo;auto-exclusion<\/h2>\n<p>Pour permettre \u00e0 nos joueurs de g\u00e9rer leurs activit\u00e9s de jeu de mani\u00e8re responsable, RocketPlay Casino propose une gamme d&rsquo;outils d&rsquo;autolimitation. Les joueurs peuvent d\u00e9finir des limites de d\u00e9p\u00f4t quotidiennes, hebdomadaires ou mensuelles, garantissant ainsi qu&rsquo;ils respectent leurs budgets pr\u00e9d\u00e9termin\u00e9s. De plus, notre fonction d&rsquo;auto-exclusion permet aux joueurs de faire une pause dans leurs jeux en bloquant l&rsquo;acc\u00e8s \u00e0 leurs comptes pendant une p\u00e9riode d\u00e9termin\u00e9e. Ces outils sont con\u00e7us pour donner aux joueurs le contr\u00f4le dont ils ont besoin pour faire des choix responsables.<\/p>\n<h2>V\u00e9rification de l&rsquo;\u00e2ge et s\u00e9curit\u00e9 du compte<\/h2>\n<p>Veiller \u00e0 ce que nos joueurs soient l\u00e9galement autoris\u00e9s \u00e0 participer aux jeux de hasard en ligne est un aspect fondamental du jeu responsable. RocketPlay Casino utilise des processus avanc\u00e9s de v\u00e9rification de l&rsquo;\u00e2ge pour garantir que seules les personnes majeures peuvent cr\u00e9er des comptes et participer \u00e0 des jeux en argent r\u00e9el. De plus, nous accordons la priorit\u00e9 \u00e0 la s\u00e9curit\u00e9 des comptes pour prot\u00e9ger nos joueurs contre tout acc\u00e8s non autoris\u00e9. Une authentification \u00e0 deux facteurs et des technologies de cryptage robustes sont en place pour prot\u00e9ger les informations des joueurs et maintenir un environnement de jeu s\u00e9curis\u00e9.<\/p>\n<h2>Collaboration avec les organisations de soutien<\/h2>\n<p>RocketPlay Casino collabore activement avec des organisations de soutien r\u00e9put\u00e9es sp\u00e9cialis\u00e9es dans l&rsquo;assistance aux personnes confront\u00e9es \u00e0 des probl\u00e8mes li\u00e9s au jeu. Nous fournissons des liens directs vers ces organisations sur notre site Web, permettant ainsi aux joueurs d&rsquo;acc\u00e9der facilement \u00e0 une aide professionnelle en cas de besoin. En favorisant les partenariats avec ces entit\u00e9s, nous contribuons \u00e0 un r\u00e9seau de ressources d\u00e9di\u00e9es \u00e0 la promotion de pratiques de jeu responsables et \u00e0 l&rsquo;assistance \u00e0 ceux qui en ont besoin.<\/p>\n<h2>Surveillance r\u00e9guli\u00e8re et audits de jeu responsable<\/h2>\n<p>RocketPlay Casino effectue une surveillance r\u00e9guli\u00e8re et des audits internes pour garantir l&rsquo;efficacit\u00e9 de nos mesures de jeu responsable. Nous analysons les mod\u00e8les de comportement des joueurs pour identifier les signes potentiels de jeu probl\u00e9matique et prenons les mesures appropri\u00e9es. Cette approche proactive nous permet d&rsquo;intervenir lorsque cela est n\u00e9cessaire, pour soutenir les acteurs qui pourraient \u00eatre \u00e0 risque. Notre engagement en faveur du jeu responsable n&rsquo;est pas simplement une d\u00e9claration mais un effort continu pour \u00e9voluer et am\u00e9liorer nos pratiques.<\/p>\n<h2>Promouvoir une culture du divertissement responsable<\/h2>\n<p>Au-del\u00e0 des aspects techniques du jeu responsable, RocketPlay Casino vise \u00e0 favoriser une culture de divertissement responsable au sein de la communaut\u00e9 des jeux en ligne. Nous encourageons les joueurs \u00e0 donner la priorit\u00e9 \u00e0 l&rsquo;\u00e9quilibre et \u00e0 la pleine conscience dans leurs activit\u00e9s de jeu gr\u00e2ce \u00e0 des campagnes promotionnelles et \u00e0 la sensibilisation de la communaut\u00e9. En soulignant l&rsquo;importance du jeu responsable, nous esp\u00e9rons contribuer \u00e0 un environnement de jeu positif et durable pour tous.<\/p>\n<h2>Notre engagement continu en faveur du jeu responsable<\/h2>\n<p>En conclusion, RocketPlay Casino est plus qu&rsquo;une simple plateforme de jeux en ligne ; c&rsquo;est une communaut\u00e9 engag\u00e9e \u00e0 promouvoir des pratiques de jeu responsables. Notre approche multidimensionnelle comprend l&rsquo;\u00e9ducation, l&rsquo;autonomisation des joueurs, la collaboration avec les organisations de soutien et une surveillance continue. \u00c0 mesure que le paysage du jeu en ligne \u00e9volue, notre engagement \u00e0 offrir \u00e0 nos joueurs une exp\u00e9rience de jeu s\u00fbre, agr\u00e9able et responsable \u00e9volue \u00e9galement. Chez RocketPlay Casino, le jeu responsable n\u2019est pas seulement une case \u00e0 cocher ; c&rsquo;est un aspect fondamental de notre mission de red\u00e9finir l&rsquo;exp\u00e9rience de casino en ligne. Rejoignez-nous pour vivre le frisson du divertissement responsable au RocketPlay Casino \u2013 o\u00f9 un engagement envers votre bien-\u00eatre accompagne l&rsquo;excitation.<\/p>\n","protected":false},"excerpt":{"rendered":"<p>Le jeu responsable est une valeur fondamentale de RocketPlay Casino, ancr\u00e9e dans notre mission de fournir un environnement s\u00e9curis\u00e9 et agr\u00e9able \u00e0 nos joueurs. Nous reconnaissons les risques potentiels associ\u00e9s au jeu en ligne et nous nous engageons \u00e0 att\u00e9nuer ces risques gr\u00e2ce \u00e0 des mesures proactives. Notre initiative de jeu responsable est une approche&#8230;<\/p>\n","protected":false},"author":1,"featured_media":0,"parent":0,"menu_order":0,"comment_status":"closed","ping_status":"closed","template":"","meta":{"_acf_changed":false,"_kad_post_transparent":"default","_kad_post_title":"default","_kad_post_layout":"default","_kad_post_sidebar_id":"","_kad_post_content_style":"default","_kad_post_vertical_padding":"default","_kad_post_feature":"","_kad_post_feature_position":"","_kad_post_header":false,"_kad_post_footer":false,"footnotes":""},"class_list":["post-3746","page","type-page","status-publish","hentry"],"acf":[],"rttpg_featured_image_url":null,"rttpg_author":{"display_name":"Elvis","author_link":"https:\/\/rocketplay-slot.com\/fr\/author\/pemvas95n89x\/"},"rttpg_comment":0,"rttpg_category":null,"rttpg_excerpt":"Le jeu responsable est une valeur fondamentale de RocketPlay Casino, ancr\u00e9e dans notre mission de fournir un environnement s\u00e9curis\u00e9 et agr\u00e9able \u00e0 nos joueurs. Nous reconnaissons les risques potentiels associ\u00e9s au jeu en ligne et nous nous engageons \u00e0 att\u00e9nuer ces risques gr\u00e2ce \u00e0 des mesures proactives. Notre initiative de jeu responsable est une approche...","_links":{"self":[{"href":"https:\/\/rocketplay-slot.com\/fr\/wp-json\/wp\/v2\/pages\/3746","targetHints":{"allow":["GET"]}}],"collection":[{"href":"https:\/\/rocketplay-slot.com\/fr\/wp-json\/wp\/v2\/pages"}],"about":[{"href":"https:\/\/rocketplay-slot.com\/fr\/wp-json\/wp\/v2\/types\/page"}],"author":[{"embeddable":true,"href":"https:\/\/rocketplay-slot.com\/fr\/wp-json\/wp\/v2\/users\/1"}],"replies":[{"embeddable":true,"href":"https:\/\/rocketplay-slot.com\/fr\/wp-json\/wp\/v2\/comments?post=3746"}],"version-history":[{"count":1,"href":"https:\/\/rocketplay-slot.com\/fr\/wp-json\/wp\/v2\/pages\/3746\/revisions"}],"predecessor-version":[{"id":3747,"href":"https:\/\/rocketplay-slot.com\/fr\/wp-json\/wp\/v2\/pages\/3746\/revisions\/3747"}],"wp:attachment":[{"href":"https:\/\/rocketplay-slot.com\/fr\/wp-json\/wp\/v2\/media?parent=3746"}],"curies":[{"name":"wp","href":"https:\/\/api.w.org\/{rel}","templated":true}]}}