{"id":3796,"date":"2024-01-22T21:12:25","date_gmt":"2024-01-22T18:12:25","guid":{"rendered":"https:\/\/rocketplay-slot.com\/underage-gaming-policy\/"},"modified":"2024-01-23T12:21:28","modified_gmt":"2024-01-23T09:21:28","slug":"underage-gaming-policy","status":"publish","type":"page","link":"https:\/\/rocketplay-slot.com\/fr\/underage-gaming-policy\/","title":{"rendered":"Politique de jeu pour les mineurs"},"content":{"rendered":"<p>Le jeu responsable est un principe fondamental de RocketPlay Casino, motiv\u00e9 par la compr\u00e9hension que le jeu doit \u00eatre une forme de divertissement pour les adultes capables de prendre des d\u00e9cisions \u00e9clair\u00e9es. Avec cette philosophie \u00e0 l\u2019esprit, RocketPlay a \u00e9labor\u00e9 des politiques compl\u00e8tes pour emp\u00eacher les mineurs d\u2019acc\u00e9der et de participer \u00e0 toute forme d\u2019activit\u00e9 de jeu en ligne.<\/p>\n<h2>Protocoles de v\u00e9rification de l&rsquo;\u00e2ge<\/h2>\n<p>RocketPlay Casino utilise des protocoles de v\u00e9rification de l&rsquo;\u00e2ge de pointe pour renforcer son engagement en faveur du jeu responsable. Ces protocoles sont con\u00e7us pour garantir que seules les personnes ayant atteint l&rsquo;\u00e2ge l\u00e9gal pour jouer dans leurs juridictions respectives peuvent cr\u00e9er des comptes et se livrer \u00e0 des activit\u00e9s de jeu en argent r\u00e9el. RocketPlay utilise des outils avanc\u00e9s de v\u00e9rification d&rsquo;identit\u00e9 et des r\u00e9f\u00e9rences crois\u00e9es avec des bases de donn\u00e9es officielles pour \u00e9tablir l&rsquo;\u00e2ge et l&rsquo;identit\u00e9 de chaque utilisateur.<\/p>\n<h2>Processus d&rsquo;inscription et documentation<\/h2>\n<p>Le processus d&rsquo;inscription sur RocketPlay Casino implique une proc\u00e9dure de v\u00e9rification m\u00e9ticuleuse. Les joueurs potentiels doivent soumettre des documents d&rsquo;identification valides, tels que des pi\u00e8ces d&rsquo;identit\u00e9 ou des passeports d\u00e9livr\u00e9s par le gouvernement, lors de l&rsquo;inscription. Cette documentation est cruciale pour confirmer l&rsquo;\u00e2ge et l&rsquo;identit\u00e9 du joueur. L&rsquo;adh\u00e9sion de RocketPlay Casino \u00e0 ces mesures de v\u00e9rification strictes garantit la protection contre les jeux de hasard pour les mineurs.<\/p>\n<h2>Application stricte des restrictions d&rsquo;\u00e2ge<\/h2>\n<p>RocketPlay Casino maintient un engagement ferme \u00e0 appliquer strictement les restrictions d&rsquo;\u00e2ge. Le casino utilise une technologie de g\u00e9olocalisation de pointe pour d\u00e9terminer l&#8217;emplacement physique de ses utilisateurs. Cette technologie, associ\u00e9e au suivi IP, permet de garantir que les joueurs acc\u00e8dent \u00e0 la plateforme depuis des juridictions o\u00f9 le jeu en ligne est l\u00e9gal et qu&rsquo;ils r\u00e9pondent aux exigences d&rsquo;\u00e2ge.<\/p>\n<h2>Initiatives \u00e9ducatives et sensibilisation<\/h2>\n<p>En plus de mesures d&rsquo;application strictes, RocketPlay Casino \u00e9duque de mani\u00e8re proactive ses utilisateurs sur des pratiques de jeu responsables. La plateforme fournit des informations compl\u00e8tes sur l&rsquo;\u00e2ge l\u00e9gal du jeu dans diverses juridictions et encourage les joueurs \u00e0 conna\u00eetre et \u00e0 respecter les lois et r\u00e9glementations locales.<\/p>\n<p>De plus, RocketPlay Casino se consacre \u00e0 la sensibilisation aux risques potentiels associ\u00e9s au jeu des mineurs. La plateforme diffuse des informations sur l\u2019importance de s\u00e9curiser les informations de connexion personnelles et les cons\u00e9quences possibles de l\u2019autorisation des mineurs \u00e0 acc\u00e9der aux plateformes de jeux de hasard. Cette initiative p\u00e9dagogique vise \u00e0 responsabiliser la communaut\u00e9 des joueurs du casino.<\/p>\n<h2>Contr\u00f4le parental et outils de filtrage<\/h2>\n<p>RocketPlay Casino reconna\u00eet le r\u00f4le que jouent les parents et tuteurs dans la protection des mineurs contre les m\u00e9faits potentiels du jeu en ligne. Le casino propose des contr\u00f4les parentaux et des outils de filtrage robustes pour soutenir cet effort. Ces outils permettent aux parents de restreindre l&rsquo;acc\u00e8s au site Internet du casino sur les appareils utilis\u00e9s par des mineurs. RocketPlay estime que le jeu responsable est une responsabilit\u00e9 partag\u00e9e, et ces fonctionnalit\u00e9s permettent aux parents de participer activement au maintien d&rsquo;un environnement en ligne s\u00e9curis\u00e9 pour leurs enfants.<\/p>\n<h2>M\u00e9canismes de signalement et services d&rsquo;assistance<\/h2>\n<p>RocketPlay Casino s&rsquo;engage \u00e0 cr\u00e9er un environnement utilisateur ouvert et transparent. La plateforme encourage la communaut\u00e9 \u00e0 signaler tout cas de jeu chez des mineurs. Un m\u00e9canisme de signalement facilement accessible permet aux utilisateurs de porter rapidement des violations potentielles \u00e0 l&rsquo;attention de l&rsquo;\u00e9quipe d&rsquo;assistance du casino. Le casino enqu\u00eate rapidement sur ces rapports et prend les mesures appropri\u00e9es pour garantir le respect de sa politique sur les jeux avec des mineurs.<\/p>\n<p>De plus, RocketPlay fournit des services d&rsquo;assistance \u00e0 ceux qui pourraient \u00eatre aux prises avec des probl\u00e8mes li\u00e9s au jeu. La plateforme collabore avec des organisations de jeu responsable pour offrir des ressources, des lignes d&rsquo;assistance t\u00e9l\u00e9phonique et des options d&rsquo;auto-exclusion aux joueurs cherchant de l&rsquo;aide pour g\u00e9rer leurs habitudes de jeu.<\/p>\n<h2>Am\u00e9lioration continue et adaptation<\/h2>\n<p>RocketPlay Casino s&rsquo;engage \u00e0 am\u00e9liorer continuellement ses pratiques de jeu responsable. La plateforme examine et met r\u00e9guli\u00e8rement \u00e0 jour sa politique relative aux jeux pour mineurs afin de s&rsquo;aligner sur les technologies \u00e9mergentes et les meilleures pratiques de l&rsquo;industrie. En gardant une longueur d&rsquo;avance, RocketPlay garantit que son engagement en faveur du jeu responsable reste au premier plan de ses op\u00e9rations.<\/p>\n<h2>Une approche holistique du jeu responsable<\/h2>\n<p>En conclusion, la politique de jeu des mineurs de RocketPlay Casino t\u00e9moigne de son engagement \u00e0 favoriser un environnement de jeu s\u00fbr et responsable. Gr\u00e2ce \u00e0 des protocoles stricts de v\u00e9rification de l&rsquo;\u00e2ge, des initiatives \u00e9ducatives, des contr\u00f4les parentaux et des services d&rsquo;assistance, RocketPlay fa\u00e7onne activement une communaut\u00e9 de joueurs qui donne la priorit\u00e9 \u00e0 une conduite responsable. \u00c0 mesure que le paysage du jeu en ligne \u00e9volue, RocketPlay reste fid\u00e8le \u00e0 son engagement \u00e0 respecter les normes les plus \u00e9lev\u00e9es en mati\u00e8re de jeu responsable, garantissant une exp\u00e9rience agr\u00e9able et s\u00e9curis\u00e9e \u00e0 tous les joueurs.<\/p>\n","protected":false},"excerpt":{"rendered":"<p>Le jeu responsable est un principe fondamental de RocketPlay Casino, motiv\u00e9 par la compr\u00e9hension que le jeu doit \u00eatre une forme de divertissement pour les adultes capables de prendre des d\u00e9cisions \u00e9clair\u00e9es. Avec cette philosophie \u00e0 l\u2019esprit, RocketPlay a \u00e9labor\u00e9 des politiques compl\u00e8tes pour emp\u00eacher les mineurs d\u2019acc\u00e9der et de participer \u00e0 toute forme d\u2019activit\u00e9&#8230;<\/p>\n","protected":false},"author":1,"featured_media":0,"parent":0,"menu_order":0,"comment_status":"closed","ping_status":"closed","template":"","meta":{"_acf_changed":false,"_kad_post_transparent":"default","_kad_post_title":"default","_kad_post_layout":"default","_kad_post_sidebar_id":"","_kad_post_content_style":"default","_kad_post_vertical_padding":"default","_kad_post_feature":"","_kad_post_feature_position":"","_kad_post_header":false,"_kad_post_footer":false,"footnotes":""},"class_list":["post-3796","page","type-page","status-publish","hentry"],"acf":[],"rttpg_featured_image_url":null,"rttpg_author":{"display_name":"Elvis","author_link":"https:\/\/rocketplay-slot.com\/fr\/author\/pemvas95n89x\/"},"rttpg_comment":0,"rttpg_category":null,"rttpg_excerpt":"Le jeu responsable est un principe fondamental de RocketPlay Casino, motiv\u00e9 par la compr\u00e9hension que le jeu doit \u00eatre une forme de divertissement pour les adultes capables de prendre des d\u00e9cisions \u00e9clair\u00e9es. Avec cette philosophie \u00e0 l\u2019esprit, RocketPlay a \u00e9labor\u00e9 des politiques compl\u00e8tes pour emp\u00eacher les mineurs d\u2019acc\u00e9der et de participer \u00e0 toute forme d\u2019activit\u00e9...","_links":{"self":[{"href":"https:\/\/rocketplay-slot.com\/fr\/wp-json\/wp\/v2\/pages\/3796","targetHints":{"allow":["GET"]}}],"collection":[{"href":"https:\/\/rocketplay-slot.com\/fr\/wp-json\/wp\/v2\/pages"}],"about":[{"href":"https:\/\/rocketplay-slot.com\/fr\/wp-json\/wp\/v2\/types\/page"}],"author":[{"embeddable":true,"href":"https:\/\/rocketplay-slot.com\/fr\/wp-json\/wp\/v2\/users\/1"}],"replies":[{"embeddable":true,"href":"https:\/\/rocketplay-slot.com\/fr\/wp-json\/wp\/v2\/comments?post=3796"}],"version-history":[{"count":1,"href":"https:\/\/rocketplay-slot.com\/fr\/wp-json\/wp\/v2\/pages\/3796\/revisions"}],"predecessor-version":[{"id":3797,"href":"https:\/\/rocketplay-slot.com\/fr\/wp-json\/wp\/v2\/pages\/3796\/revisions\/3797"}],"wp:attachment":[{"href":"https:\/\/rocketplay-slot.com\/fr\/wp-json\/wp\/v2\/media?parent=3796"}],"curies":[{"name":"wp","href":"https:\/\/api.w.org\/{rel}","templated":true}]}}