{"id":1385,"date":"2022-09-30T14:50:51","date_gmt":"2022-09-30T11:50:51","guid":{"rendered":"https:\/\/rocketplay-slot.com\/3-coins\/"},"modified":"2025-11-24T20:54:02","modified_gmt":"2025-11-24T17:54:02","slug":"3-coins","status":"publish","type":"page","link":"https:\/\/rocketplay-slot.com\/ga\/3-coins\/","title":{"rendered":"3 Coins Hold And Win L\u00e9irmheas"},"content":{"rendered":"<p><img loading=\"lazy\" decoding=\"async\" class=\"size-medium wp-image-411 alignleft\" src=\"https:\/\/rocketplay-slot.com\/wp-content\/uploads\/2022\/09\/3-coins-hold-and-win-300x300.png\" alt=\"3 Coins Hold And Win\" width=\"300\" height=\"300\" srcset=\"https:\/\/rocketplay-slot.com\/wp-content\/uploads\/2022\/09\/3-coins-hold-and-win-300x300.png 300w, https:\/\/rocketplay-slot.com\/wp-content\/uploads\/2022\/09\/3-coins-hold-and-win-150x150.png 150w, https:\/\/rocketplay-slot.com\/wp-content\/uploads\/2022\/09\/3-coins-hold-and-win.png 425w\" sizes=\"auto, (max-width: 300px) 100vw, 300px\" \/>T\u00e1 leathn\u00fa ollmh\u00f3r \u00f3 dhuine de na cruthaitheoir\u00ed is m\u00f3 ar domhan maidir le h\u00e1bhar cearrbhachais, Booongo, le f\u00e1il i measc an \u00e9ags\u00falacht cluich\u00ed ar an tairseach. Is cinnte gur fi\u00fa d\u2019aird agus d\u2019am an sliot\u00e1n bonn Rocket Play 3. Bliain tar \u00e9is an ch\u00e9ad scaoileadh, bh\u00ed an cluiche thar a bheith adored ag na m\u00edlte custaim\u00e9ir\u00ed. Agus gach l\u00e1, n\u00ed mh\u00e9ada\u00edonn arm lucht lean\u00fana na sliot\u00e1n ach amh\u00e1in. B\u00ed i do connoisseur ar an siamsa\u00edocht agus cuir t\u00fas le do chuid eachtra\u00ed l\u00e1ithreach.<\/p>\n<h2>3 Coins Hold and Win ATHBHREITHNI\u00da Sliot\u00e1n<\/h2>\n<p>Cuirimid i l\u00e1thair d&#8217;aird athbhreithni\u00fa sliot\u00e1n boinn Rocket Play 3. T\u00e1 an t-eolas suimi\u00fail ar fad faoin gcl\u00e1r agus f\u00edric\u00ed t\u00e1bhachtacha a bheidh \u00fas\u00e1ideach mar chuid d\u00e1r gcur s\u00edos gairid. Le haghaidh cur i l\u00e1thair agus tuiscint n\u00edos fearr ar gach rud a bhfuil tionchar aige, l\u00e9igh an t\u00e1bla.<\/p>\n<table border=\"0\" cellspacing=\"0\" cellpadding=\"0\">\n<tbody>\n<tr>\n<td><b>Forbr\u00f3ir <\/b><\/td>\n<td><b>Booongo<\/b><\/td>\n<\/tr>\n<tr>\n<td>D\u00e1ta an chuma<\/td>\n<td>2021<\/td>\n<\/tr>\n<tr>\n<td>L\u00ednte<\/td>\n<td>5<\/td>\n<\/tr>\n<tr>\n<td>Rotha\u00ed<\/td>\n<td>3<\/td>\n<\/tr>\n<tr>\n<td>Sraitheanna<\/td>\n<td>3<\/td>\n<\/tr>\n<tr>\n<td>B\u00f3nais<\/td>\n<td>dhi\u00faltaigh ;<\/p>\n<p>Gn\u00e9 b\u00f3nas<\/td>\n<\/tr>\n<tr>\n<td>RTP<\/td>\n<td>95,82%<\/td>\n<\/tr>\n<tr>\n<td>Diapason geallt\u00f3ireachta<\/td>\n<td>0.01-80 EUR<\/td>\n<\/tr>\n<\/tbody>\n<\/table>\n<p>&nbsp;<\/p>\n<p>Tar \u00e9is staid\u00e9ar a dh\u00e9anamh ar an gcluiche, is f\u00e9idir leat a l\u00e1n point\u00ed dearfacha a thabhairt faoi deara a fh\u00e1gann go n-\u00e9ireoidh s\u00e9 chomh rath\u00fail i measc \u00fas\u00e1ideoir\u00ed. Seo gameplay thar a bheith \u00e1isi\u00fail agus tapa. T\u00e1 gach rud iomasach. N\u00ed bheidh ach c\u00fapla n\u00f3im\u00e9ad ag teast\u00e1il \u00f3 thosaitheoir\u00ed at\u00e1 ag pl\u00e9 le sliot\u00e1in den ch\u00e9ad uair chun eolas a chur ar fheidhmeanna an phr\u00edomh-roghchl\u00e1ir agus \u00e9 a fhoghlaim. Ina theannta sin, m\u00e1 t\u00e1 aon cheist agat, is f\u00e9idir leat breathn\u00fa i gc\u00f3na\u00ed ar na leideanna, a chuirfidh s\u00edos go mion ar na feidhmeanna, na deilbh\u00edn\u00ed agus na siombail\u00ed riachtanacha go l\u00e9ir den chluiche.<\/p>\n<p>T\u00e1 sraith b\u00f3nais l\u00e1idir anseo. Is cinnte nach bhf\u00e1gfaidh ceithre aischur agus babhta breise t\u00fa gan imprisean. Deiseanna iontacha le haghaidh buaite dochreidte! Fi\u00fa le geall \u00edosta de 10 cent, is f\u00e9idir leat a fh\u00e1il duais maith go leor.<\/p>\n<h2>CONAS NA 3 Coins CLUICHE Sliot\u00e1n na h\u00c9igipte a imirt<\/h2>\n<p>T\u00e1 dh\u00e1 bhealach a imirt ar an tairseach:<\/p>\n<ul>\n<li>Sliot\u00e1n 3 boinn saor in aisce do Rocket Play;<\/li>\n<li>Sliot\u00e1n 3 boinn le f\u00edor-airgead a imirt rocket.<\/li>\n<\/ul>\n<p>T\u00e1 an ch\u00e9ad rogha ar f\u00e1il do gach cuairteoir tairseach gan chl\u00e1r\u00fa n\u00f3 \u00e9arlais. \u00c9il\u00edonn an dara rogha araon. Mar sin f\u00e9in, oscla\u00edonn s\u00e9 an bealach chun buaite dochreidte. Cl\u00e1raigh, d\u00e9an \u00e9arlais le do chuntas, roghnaigh an sliot\u00e1n seo agus cuir t\u00fas leis. Le haghaidh rothl\u00fa rath\u00fail, is fi\u00fa:<\/p>\n<ol>\n<li>socraigh m\u00e9id an gheall;<\/li>\n<li>roghnaigh l\u00edon na l\u00ednte;<\/li>\n<li>br\u00faigh t\u00fas;<\/li>\n<li>fan go gcr\u00edochn\u00f3idh an rothl\u00fa.<\/li>\n<\/ol>\n<p>R\u00edomhtar gach teaglaim bhuaiteach go huathoibr\u00edoch, agus cuirtear na cist\u00ed i dtaisce l\u00e1ithreach i do chuntas.<\/p>\n<p style=\"text-align: center;\"><img loading=\"lazy\" decoding=\"async\" class=\"aligncenter wp-image-413 size-full\" src=\"https:\/\/rocketplay-slot.com\/wp-content\/uploads\/2022\/09\/3-coins--e1664538849251.jpeg\" alt=\"3 coins RocketPlay\" width=\"680\" height=\"406\" srcset=\"https:\/\/rocketplay-slot.com\/wp-content\/uploads\/2022\/09\/3-coins--e1664538849251.jpeg 680w, https:\/\/rocketplay-slot.com\/wp-content\/uploads\/2022\/09\/3-coins--e1664538849251-300x179.jpeg 300w\" sizes=\"auto, (max-width: 680px) 100vw, 680px\" \/><\/p>\n<h2>3 Coins GN\u00c9ITHE MEAIS\u00cdN Sliot\u00e1n na h\u00c9igipte<\/h2>\n<p>Is siamsa\u00edocht clasaiceach agus eolach \u00e9 sliot\u00e1n ar l\u00edne Rocket Play 3 boinn do chearrbhachas a bhfuil taith\u00ed acu. M\u00e1 labhairt linn go sonrach faoi ghn\u00e9ithe na sliot\u00e1n, is \u00e9 an ch\u00e9ad rud a thagann chun cuimhne l\u00e1ithreacht 4 respins. Cabhr\u00f3idh siad le dul ar aghaidh chuig babhta\u00ed uath\u00fala gan ach deilbh\u00edn\u00ed speisialta, costasacha. Cabhr\u00f3idh s\u00e9 seo leat brab\u00fas dochreidte a fh\u00e1il. Is f\u00e9idir leis an \u00edoca\u00edocht is airde a bheith suas le 500 uair an geall tosaigh.<\/p>\n<p>F\u00edric suimi\u00fail eile faoin sliot\u00e1n n\u00e1 an fh\u00e9idearthacht iolraitheoir randamach a fh\u00e1il. Is f\u00e9idir a luach a athr\u00fa \u00f3 1 go 20. Cuid\u00edonn s\u00e9 seo ar\u00eds le brab\u00fas ollmh\u00f3r a fh\u00e1il le h\u00edosmh\u00e9id infheist\u00edochta caipitil.<\/p>\n<h2>CC<\/h2>\n<h3>AN F\u00c9IDIR LEAT A IMIR SAOR IN AISCE?<\/h3>\n<p>Sea, ag roghn\u00fa an leagan taispe\u00e1na den sliot\u00e1n, is f\u00e9idir leat imirt saor in aisce, gan \u00e9arlais, agus fi\u00fa gan chl\u00e1r\u00fa. Is deis iontach \u00ed seo mura bhfuil t\u00fa r\u00e9idh f\u00f3s le f\u00edor-airgead a infheisti\u00fa i gcearrbhachas.<\/p>\n<h3>CAD AT\u00c1 SPEISIALTA FAOI AN SLIOM?<\/h3>\n<p>Gn\u00e9 de pokies is ea an cumas 4 athshn\u00edomh a \u00fas\u00e1id ann, rud a oscla\u00edonn rochtain ar bhabhta\u00ed b\u00f3nais. T\u00e1 iolraitheoir randamach ann freisin a thiteann go randamach agus a mh\u00e9ada\u00edonn l\u00edon na mbuaiteoir\u00ed \u00f3 1 go 20 uair.<\/p>\n<h3>CAD \u00c9 AN PHR\u00cdOMH-MH\u00cdBHUNT\u00c1ISTE DEN SLOOT?<\/h3>\n<p>N\u00edor thugamar faoi deara lochtanna den s\u00f3rt sin tar \u00e9is athbhreithni\u00fa a dh\u00e9anamh ar an gcluiche. Is \u00e9 an t-aon rud is f\u00e9idir a thabhairt faoi deara, n\u00ed fi\u00fa mar mh\u00edbhunt\u00e1iste ach mar nuance beag, n\u00e1 go bhfuil feidhmeanna \u00e1irithe in easnamh ar leagan bun\u00fasach an chluiche.<\/p>\n<p><strong>L\u00e9igh freisin faoi:<\/strong><\/p>\n<ul>\n<li><a href=\"https:\/\/rocketplay-slot.com\/ga\/aloha-king-elvis\/\">Aloha King Elvis<\/a><\/li>\n<li><a href=\"https:\/\/rocketplay-slot.com\/ga\/black-wolf\/\">Black Wolf<\/a><\/li>\n<\/ul>\n","protected":false},"excerpt":{"rendered":"<p>T\u00e1 leathn\u00fa ollmh\u00f3r \u00f3 dhuine de na cruthaitheoir\u00ed is m\u00f3 ar domhan maidir le h\u00e1bhar cearrbhachais, Booongo, le f\u00e1il i measc an \u00e9ags\u00falacht cluich\u00ed ar an tairseach. Is cinnte gur fi\u00fa d\u2019aird agus d\u2019am an sliot\u00e1n bonn Rocket Play 3. Bliain tar \u00e9is an ch\u00e9ad scaoileadh, bh\u00ed an cluiche thar a bheith adored ag na&#8230;<\/p>\n","protected":false},"author":1,"featured_media":0,"parent":0,"menu_order":0,"comment_status":"closed","ping_status":"closed","template":"","meta":{"_acf_changed":false,"_kad_post_transparent":"default","_kad_post_title":"default","_kad_post_layout":"default","_kad_post_sidebar_id":"","_kad_post_content_style":"default","_kad_post_vertical_padding":"default","_kad_post_feature":"","_kad_post_feature_position":"","_kad_post_header":false,"_kad_post_footer":false,"footnotes":""},"class_list":["post-1385","page","type-page","status-publish","hentry"],"acf":[],"rttpg_featured_image_url":null,"rttpg_author":{"display_name":"Elvis","author_link":"https:\/\/rocketplay-slot.com\/ga\/author\/pemvas95n89x\/"},"rttpg_comment":0,"rttpg_category":null,"rttpg_excerpt":"T\u00e1 leathn\u00fa ollmh\u00f3r \u00f3 dhuine de na cruthaitheoir\u00ed is m\u00f3 ar domhan maidir le h\u00e1bhar cearrbhachais, Booongo, le f\u00e1il i measc an \u00e9ags\u00falacht cluich\u00ed ar an tairseach. Is cinnte gur fi\u00fa d\u2019aird agus d\u2019am an sliot\u00e1n bonn Rocket Play 3. Bliain tar \u00e9is an ch\u00e9ad scaoileadh, bh\u00ed an cluiche thar a bheith adored ag na...","_links":{"self":[{"href":"https:\/\/rocketplay-slot.com\/ga\/wp-json\/wp\/v2\/pages\/1385","targetHints":{"allow":["GET"]}}],"collection":[{"href":"https:\/\/rocketplay-slot.com\/ga\/wp-json\/wp\/v2\/pages"}],"about":[{"href":"https:\/\/rocketplay-slot.com\/ga\/wp-json\/wp\/v2\/types\/page"}],"author":[{"embeddable":true,"href":"https:\/\/rocketplay-slot.com\/ga\/wp-json\/wp\/v2\/users\/1"}],"replies":[{"embeddable":true,"href":"https:\/\/rocketplay-slot.com\/ga\/wp-json\/wp\/v2\/comments?post=1385"}],"version-history":[{"count":3,"href":"https:\/\/rocketplay-slot.com\/ga\/wp-json\/wp\/v2\/pages\/1385\/revisions"}],"predecessor-version":[{"id":2392,"href":"https:\/\/rocketplay-slot.com\/ga\/wp-json\/wp\/v2\/pages\/1385\/revisions\/2392"}],"wp:attachment":[{"href":"https:\/\/rocketplay-slot.com\/ga\/wp-json\/wp\/v2\/media?parent=1385"}],"curies":[{"name":"wp","href":"https:\/\/api.w.org\/{rel}","templated":true}]}}