{"id":1393,"date":"2022-09-30T15:52:03","date_gmt":"2022-09-30T12:52:03","guid":{"rendered":"https:\/\/rocketplay-slot.com\/aloha-king-elvis\/"},"modified":"2025-11-20T16:45:45","modified_gmt":"2025-11-20T13:45:45","slug":"aloha-king-elvis","status":"publish","type":"page","link":"https:\/\/rocketplay-slot.com\/ga\/aloha-king-elvis\/","title":{"rendered":"L\u00e9irmheas Aloha King Elvis"},"content":{"rendered":"<p><img loading=\"lazy\" decoding=\"async\" class=\"aligncenter wp-image-425 size-full\" src=\"https:\/\/rocketplay-slot.com\/wp-content\/uploads\/2022\/09\/aloha-king-elvis.jpeg\" alt=\"Aloha King Elvis\" width=\"720\" height=\"240\" srcset=\"https:\/\/rocketplay-slot.com\/wp-content\/uploads\/2022\/09\/aloha-king-elvis.jpeg 720w, https:\/\/rocketplay-slot.com\/wp-content\/uploads\/2022\/09\/aloha-king-elvis-300x100.jpeg 300w\" sizes=\"auto, (max-width: 720px) 100vw, 720px\" \/><\/p>\n<p>M\u00e1s mian leat dathanna geala a chur le do ghn\u00e1thamh, ansin is \u00e9 sliot\u00e1n ar l\u00edne Rocket Play Aloha King Elvis an m\u00e9id at\u00e1 uait. N\u00ed ligfidh frog cheerful duit a bheith leamh. Is cinnte nach bhf\u00e1gfaidh t\u00e9ama\u00ed c\u00f3isire Hav\u00e1\u00eds le damhsa d\u00dasachtach agus spraoi, chomh maith le buachan dochreidte, t\u00fa indifferent.<\/p>\n<p>Bh\u00ed an chuma ar an gcluiche le d\u00e9ana\u00ed, ach rinne a monar\u00f3ir, an chuideachta BGaming, gach iarracht \u00e9 a dh\u00e9anamh i gcuimhne agus thaitin le go leor \u00fas\u00e1ideoir\u00ed. Cuirimid d\u2019aird ar an athbhreithni\u00fa sliot\u00e1n Rocket Play Aloha King Elvis, a bhu\u00edochas sin beidh t\u00fa in ann aithne a chur ar an siamsa\u00edocht seo, na sonra\u00ed go l\u00e9ir a fhoghlaim, agus tos\u00fa ag tuilleamh l\u00e1ithreach.<\/p>\n<p>Eis\u00edodh an Rocket Play Aloha King Elvis f\u00edor-airgead i samhradh na bliana 2021, agus thaitin go leor \u00fas\u00e1ideoir\u00ed l\u00e1ithreach \u00e9. Bhuaigh an dearadh geal, an plota neamhfheice\u00e1lach, agus an tairiscint b\u00f3nais den scoth cro\u00edthe go leor gamblers.<\/p>\n<table border=\"0\" cellspacing=\"0\" cellpadding=\"0\">\n<tbody>\n<tr>\n<td>Forbr\u00f3ir<\/td>\n<td><b>BGaming<\/b><\/td>\n<\/tr>\n<tr>\n<td>D\u00e1ta an chuma<\/td>\n<td>2021<\/td>\n<\/tr>\n<tr>\n<td>L\u00ednte<\/td>\n<td>20<\/td>\n<\/tr>\n<tr>\n<td>Rotha\u00ed<\/td>\n<td>5<\/td>\n<\/tr>\n<tr>\n<td>Sraitheanna<\/td>\n<td>3<\/td>\n<\/tr>\n<tr>\n<td>B\u00f3nais<\/td>\n<td>seolta\u00ed saor in aisce;<\/p>\n<p>3 pota \u00f3ir<\/td>\n<\/tr>\n<tr>\n<td>RTP<\/td>\n<td>94,9%<\/td>\n<\/tr>\n<tr>\n<td>Uath-imirt<\/td>\n<td>+<\/td>\n<\/tr>\n<tr>\n<td>Comhartha\u00ed speisialta<\/td>\n<td>Scaip<\/p>\n<p>Fi\u00e1in<\/td>\n<\/tr>\n<tr>\n<td>Diapason geallt\u00f3ireachta<\/td>\n<td>0.25-50 AUD<\/td>\n<\/tr>\n<\/tbody>\n<\/table>\n<p>&nbsp;<\/p>\n<p>N\u00ed bheidh aon chearrbhachas ar aon intinn faoi na h\u00edoca\u00edochta\u00ed dochreidte agus na heachtra\u00ed spreag\u00fala at\u00e1 ag fanacht air anseo.<\/p>\n<p>T\u00e1 sraith b\u00f3nais l\u00e1idir anseo. M\u00e1s rud \u00e9 nach ionadh ar gamblers a thuilleadh spins saor in aisce Rocket Play Aloha King Elvis n\u00f3 siombail\u00ed scaipthe speisialta, ansin t\u00e1 na forbr\u00f3ir\u00ed cluiche i bhfolach c\u00fapla cleasanna n\u00edos m\u00f3 suas a sleeves. Is cinnte nach bhf\u00e1gfaidh ceithre phota \u00f3ir bhuana agus mionbhabhta breise t\u00fa gan imprisean. Deiseanna iontacha le haghaidh buaite dochreidte! Fi\u00fa le geall \u00edosta de 25 cent, is f\u00e9idir leat a fh\u00e1il duais maith go leor.<\/p>\n<h2>IMIR CLUICHE<\/h2>\n<p>Tar \u00e9is staid\u00e9ar a dh\u00e9anamh ar shliot\u00e1n Rocket Play Aloha King Elvis saor in aisce, is f\u00e9idir leat a l\u00e1n point\u00ed dearfacha a thabhairt faoi deara a fh\u00e1gann go n-\u00e9ireoidh s\u00e9 chomh maith sin i measc \u00fas\u00e1ideoir\u00ed. Seo gameplay thar a bheith \u00e1isi\u00fail agus tapa. T\u00e1 gach rud iomasach. N\u00ed bheidh ach c\u00fapla n\u00f3im\u00e9ad ag teast\u00e1il \u00f3 thosaitheoir\u00ed at\u00e1 ag pl\u00e9 le sliot\u00e1in den ch\u00e9ad uair chun eolas a chur ar fheidhmeanna an phr\u00edomh-roghchl\u00e1ir agus \u00e9 a fhoghlaim.<\/p>\n<p>T\u00e1 dearadh na sliot\u00e1n taitneamhach \u00f3 thaobh amhairc. Sa ch\u00falra, feiceann imreoir\u00ed n\u00e1d\u00far tr\u00f3paiceach agus tr\u00e9ithe p\u00e1irt\u00ed, agus spraoi Hav\u00e1\u00eds dochreidte: De r\u00e9ir an t\u00e9ama, is \u00e9ard at\u00e1 sna teaglama\u00ed buaiteacha \u00edomh\u00e1nna t\u00e9amacha de phearsantachta\u00ed. Seo iad a chur i l\u00e1thair:<\/p>\n<ul>\n<li>Frog cheerful le giot\u00e1r (fi\u00e1in);<\/li>\n<li>Cail\u00edn frog le cocktail;<\/li>\n<li>totem greannmhar (sc\u00e1t\u00e1la\u00ed);<\/li>\n<li>veain b\u00e1ndearg;<\/li>\n<li>Giot\u00e1r;<\/li>\n<li>Druma\u00ed;<\/li>\n<li>Boinn Bailigh;<\/li>\n<li>Litreacha A, Q, K, agus J i bl\u00e1thanna!<\/li>\n<\/ul>\n<p>T\u00e1 fuaimrianta a oireann don t\u00e9ama ag gabh\u00e1il leis an ngn\u00edomh beoga cearrbhachais seo.<\/p>\n<p>T\u00e1 rialacha agus coinn\u00edollacha comhionanna ag an d\u00e1 mhodh, seachas an chomhph\u00e1irt airgeadais sa leagan taispe\u00e1na. D\u00e9antar geallta ar chist\u00ed f\u00edor\u00fala, agus d\u00e1 r\u00e9ir sin, faightear buaiteanna san airgeadra c\u00e9anna. In aon mhodh, is f\u00e9idir le gamblers uath-imirt a \u00fas\u00e1id.<\/p>\n<h2>GN\u00c9ITHE<\/h2>\n<p>Rocket Play Is siamsa\u00edocht clasaiceach \u00e9 sliot\u00e1n Aloha King Elvis le 5 roth agus 3 shraith. M\u00e1 labhra\u00edmid go sonrach faoi ghn\u00e9ithe na sliot\u00e1n, is \u00e9 an ch\u00e9ad rud a thagann chun cuimhne l\u00e1ithreacht:<\/p>\n<ul>\n<li>3 Pota \u00d3ir;<\/li>\n<li>Seoladh saor in aisce;<\/li>\n<li>Respins;<\/li>\n<li>Deilbh\u00edn\u00ed ollmh\u00f3ra!<\/li>\n<\/ul>\n<p>Cabhr\u00f3idh na tr\u00e9ithe seo go l\u00e9ir leat brab\u00fas dochreidte a fh\u00e1il. Is f\u00e9idir leis an \u00edoca\u00edocht is airde a bheith suas le 2200 uair an geall tosaigh.<\/p>\n<p><img loading=\"lazy\" decoding=\"async\" class=\"aligncenter wp-image-426 size-large\" style=\"text-align: center; font-family: var(--global-body-font-family); letter-spacing: 0em;\" src=\"https:\/\/rocketplay-slot.com\/wp-content\/uploads\/2022\/09\/aloha-king-elvis-slot-e1664541573948-1024x514.jpeg\" alt=\"Aloha King Elvis slot\" width=\"1024\" height=\"514\" srcset=\"https:\/\/rocketplay-slot.com\/wp-content\/uploads\/2022\/09\/aloha-king-elvis-slot-e1664541573948-1024x514.jpeg 1024w, https:\/\/rocketplay-slot.com\/wp-content\/uploads\/2022\/09\/aloha-king-elvis-slot-e1664541573948-300x151.jpeg 300w, https:\/\/rocketplay-slot.com\/wp-content\/uploads\/2022\/09\/aloha-king-elvis-slot-e1664541573948-768x386.jpeg 768w, https:\/\/rocketplay-slot.com\/wp-content\/uploads\/2022\/09\/aloha-king-elvis-slot-e1664541573948.jpeg 1455w\" sizes=\"auto, (max-width: 1024px) 100vw, 1024px\" \/><\/p>\n<h2>CONCL\u00daID<\/h2>\n<p>Mar fhocal scoir, is f\u00e9idir rud amh\u00e1in a thabhairt faoi deara &#8211; is siamsa\u00edocht iontach agus suimi\u00fail \u00e9 seo. T\u00e1 gach rud intuigthe anseo, mar sin t\u00e1 an gameplay \u00e9asca, fi\u00fa do thosaitheoir\u00ed. T\u00e1 na l\u00ednte agus na r\u00edleanna is gn\u00e1ch. T\u00e1 rois\u00edn\u00ed, trialacha saor in aisce agus mionbhabhta breise ann freisin. T\u00e1 s\u00e1r-phota \u00f3ir ann a fh\u00e9adfaidh f\u00e1s 2200 uair. T\u00e1 raon na ngeallta thar a bheith leathan &#8211; \u00f3 25 cent go 50 dollar in aghaidh an casadh. Mar sin f\u00e9in, fi\u00fa le hinfheist\u00edocht chaipitil \u00edosta, is f\u00e9idir leat a l\u00e1n airgid a bhuachan. Is cinnte gur fi\u00fa d\u2019aird agus d\u2019am an cluiche seo.<\/p>\n<p><strong>L\u00e9igh freisin faoi:<\/strong><\/p>\n<ul>\n<li><a href=\"https:\/\/rocketplay-slot.com\/ga\/black-wolf\/\">Black Wolf<\/a><\/li>\n<li><a href=\"https:\/\/rocketplay-slot.com\/ga\/buffalo-power-hold-and-win\/\">Buffalo Power Hold And Win<\/a><\/li>\n<\/ul>\n","protected":false},"excerpt":{"rendered":"<p>M\u00e1s mian leat dathanna geala a chur le do ghn\u00e1thamh, ansin is \u00e9 sliot\u00e1n ar l\u00edne Rocket Play Aloha King Elvis an m\u00e9id at\u00e1 uait. N\u00ed ligfidh frog cheerful duit a bheith leamh. Is cinnte nach bhf\u00e1gfaidh t\u00e9ama\u00ed c\u00f3isire Hav\u00e1\u00eds le damhsa d\u00dasachtach agus spraoi, chomh maith le buachan dochreidte, t\u00fa indifferent. Bh\u00ed an chuma&#8230;<\/p>\n","protected":false},"author":1,"featured_media":0,"parent":0,"menu_order":0,"comment_status":"closed","ping_status":"closed","template":"","meta":{"_acf_changed":false,"_kad_post_transparent":"default","_kad_post_title":"default","_kad_post_layout":"default","_kad_post_sidebar_id":"","_kad_post_content_style":"default","_kad_post_vertical_padding":"default","_kad_post_feature":"","_kad_post_feature_position":"","_kad_post_header":false,"_kad_post_footer":false,"footnotes":""},"class_list":["post-1393","page","type-page","status-publish","hentry"],"acf":[],"rttpg_featured_image_url":null,"rttpg_author":{"display_name":"Elvis","author_link":"https:\/\/rocketplay-slot.com\/ga\/author\/pemvas95n89x\/"},"rttpg_comment":0,"rttpg_category":null,"rttpg_excerpt":"M\u00e1s mian leat dathanna geala a chur le do ghn\u00e1thamh, ansin is \u00e9 sliot\u00e1n ar l\u00edne Rocket Play Aloha King Elvis an m\u00e9id at\u00e1 uait. N\u00ed ligfidh frog cheerful duit a bheith leamh. Is cinnte nach bhf\u00e1gfaidh t\u00e9ama\u00ed c\u00f3isire Hav\u00e1\u00eds le damhsa d\u00dasachtach agus spraoi, chomh maith le buachan dochreidte, t\u00fa indifferent. Bh\u00ed an chuma...","_links":{"self":[{"href":"https:\/\/rocketplay-slot.com\/ga\/wp-json\/wp\/v2\/pages\/1393","targetHints":{"allow":["GET"]}}],"collection":[{"href":"https:\/\/rocketplay-slot.com\/ga\/wp-json\/wp\/v2\/pages"}],"about":[{"href":"https:\/\/rocketplay-slot.com\/ga\/wp-json\/wp\/v2\/types\/page"}],"author":[{"embeddable":true,"href":"https:\/\/rocketplay-slot.com\/ga\/wp-json\/wp\/v2\/users\/1"}],"replies":[{"embeddable":true,"href":"https:\/\/rocketplay-slot.com\/ga\/wp-json\/wp\/v2\/comments?post=1393"}],"version-history":[{"count":3,"href":"https:\/\/rocketplay-slot.com\/ga\/wp-json\/wp\/v2\/pages\/1393\/revisions"}],"predecessor-version":[{"id":2398,"href":"https:\/\/rocketplay-slot.com\/ga\/wp-json\/wp\/v2\/pages\/1393\/revisions\/2398"}],"wp:attachment":[{"href":"https:\/\/rocketplay-slot.com\/ga\/wp-json\/wp\/v2\/media?parent=1393"}],"curies":[{"name":"wp","href":"https:\/\/api.w.org\/{rel}","templated":true}]}}