{"id":1401,"date":"2022-06-15T09:01:36","date_gmt":"2022-06-15T06:01:36","guid":{"rendered":"https:\/\/rocketplay-slot.com\/live-baccarat\/"},"modified":"2026-02-28T00:39:51","modified_gmt":"2026-02-27T21:39:51","slug":"live-baccarat","status":"publish","type":"page","link":"https:\/\/rocketplay-slot.com\/ga\/live-baccarat\/","title":{"rendered":"Baccarat ar l\u00edne ag RocketPlay Casino"},"content":{"rendered":"<p>Is f\u00e9idir Baccarat a dtugtar go s\u00e1bh\u00e1ilte ar cheann de na cluich\u00ed Casino clasaiceach a mbeidh t\u00f3ir i gc\u00f3na\u00ed ag lucht f\u00e9achana leathan na n-imreoir\u00ed \u00f3 ar fud an domhain. Ar dt\u00fas cluiche seans go heisiach do na huaisle, n\u00ed hamh\u00e1in gur cluiche don scothaicme \u00e9 baccarat a thuilleadh &#8211; n\u00edl aon srianta ar c\u00e9 at\u00e1 in ann \u00e9 a imirt. Mar sin, cuireann ceasa\u00edneonna ar l\u00edne cluich\u00ed \u00e9ags\u00fala ar f\u00e1il inniu is f\u00e9idir leat a imirt ar a laghad geallta. Ag an am c\u00e9anna, n\u00edor chaill meais\u00edn\u00ed sliot\u00e1n baccarat a charm, sult agus seans iontach f\u00edor-airgead a bhuachan. T\u00e1 an dara ceann mar gheall ar riail shimpl\u00ed an chluiche agus seans iontach a bhuaigh don imreoir.<\/p>\n<p>T\u00e1 <a href=\"https:\/\/rocketplay-slot.com\/ga\">RocketPlay ar l\u00edne<\/a> baccarat beo ar cheann de na cluich\u00ed is \u00e9asca ina bhfuil t\u00fa d\u00edreach chun geall a dh\u00e9anamh agus sin \u00e9. Murab ionann agus cluich\u00ed ceasa\u00edneo eile, is f\u00e9idir le rannph\u00e1irtithe geall a chur ar an imreoir, ar an mbainc\u00e9ir, n\u00f3 ar an d\u00e1 cheann. N\u00edl aon rialacha casta n\u00f3 teaglaim casta ann, mar sin n\u00ed g\u00e1 duit do chuid ama a chur am\u00fa ag foghlaim na teoirice. Is \u00e9 sprioc an chluiche buille faoi thuairim c\u00e9 a rinne na geallta ceart: an t-imreoir n\u00f3 an bainc\u00e9ir. Chomh maith leis sin, is f\u00e9idir leat geall ar an d\u00e1, is f\u00e9idir a thabhairt duit freisin airgead sa chluiche.<\/p>\n<p>Mura raibh t\u00fa riamh ag imirt baccarat <a href=\"https:\/\/rocketplay-slot.com\/ga\/live-casino\/\">casino beo<\/a> RocketPlay agus nach bhfuil a fhios agat c\u00e9n f\u00e1th ar cheart duit an cluiche seo a thriail, t\u00e1 roinnt arg\u00f3int\u00ed agus molta\u00ed againn duit;<\/p>\n<ul>\n<li>M\u00e1s mian leat a fheice\u00e1il an bhfuil an t-\u00e1dh leat inniu, is \u00e9 baccarat an cluiche is fearr duit. I baccarat, t\u00e1 rath 100% arna chinneadh ag do luck;<\/li>\n<li>Sa chluiche seo, t\u00e1 an bunt\u00e1iste is l\u00fa ag an Casino thar an imreoir, ach 1.06%;<br \/>\nRaon geallta Baccarat \u00f3 $0.15 go $1000.<\/li>\n<\/ul>\n<p>Agus t\u00fa ag imirt, n\u00ed m\u00f3r duit a choinne\u00e1il i gcuimhne c\u00e9 go bhfuil bunt\u00e1iste \u00edseal ag an gceasa\u00edneo, d\u00e1 fhad a imr\u00edonn t\u00fa, is l\u00fa an seans go mbuafaidh t\u00fa.<\/p>\n<p>Mura bhfuil t\u00fa ag fiach le haghaidh buaite, ach gur mhaith leat spraoi a bheith agat ag imirt do chluiche is fearr leat, ansin is f\u00e9idir leat RocketPlay beo baccarat Astr\u00e1il a imirt. T\u00e1 gameplay corraitheach agus raon leathan cluich\u00ed r\u00e1thaithe duit. Sula dtosa\u00edonn t\u00fa ar do sheisi\u00fan, tabhair faoi deara na molta\u00ed seo a leanas \u00f3 shaineolaithe baccarat:<\/p>\n<ul>\n<li>T\u00e1 n\u00edos m\u00f3 bunt\u00e1ist\u00ed ag baint le geallt\u00f3ireacht ar an mbainc\u00e9ir i gcompar\u00e1id le geallt\u00f3ireacht ar an imreoir. Mar chompar\u00e1id, is \u00e9 1.29% an bunt\u00e1iste imreoir agus is \u00e9 1.01% an bunt\u00e1iste bainc\u00e9ir. Ag an am c\u00e9anna, is \u00e9 geallt\u00f3ireacht ar an d\u00e1 cheann is l\u00fa rath.<\/li>\n<li>D\u00e1 mh\u00e9ad deiceanna at\u00e1 p\u00e1irteach sa chluiche, is amhlaidh is l\u00fa fabhar don imreoir.<\/li>\n<li>Braitheann do rogha buaite freisin ar an m\u00e9id airgid a bheidh agat m\u00e1 dh\u00e9anann t\u00fa geall leis an mbainc\u00e9ir. Roghnaigh cluiche ina bhfuil an c\u00e9atad\u00e1n seo n\u00edos \u00edsle n\u00e1 4%.<\/li>\n<li>D\u00e9an geallta r\u00e9as\u00fanta, ach chomh luath agus a thosa\u00edonn t\u00fa a bhuachan, stop an cluiche l\u00e1ithreach.<\/li>\n<\/ul>\n<p>De ghn\u00e1th, cuireann ceasa\u00edneonna ar l\u00edne leagan clasaiceach den chluiche ar f\u00e1il. Mar sin f\u00e9in, is eisceacht muid maidir leis seo. Ar \u00e1r su\u00edomh is f\u00e9idir leat a roghn\u00fa \u00f3 \u00e9ags\u00falacht na Baccarat \u00e9ags\u00falachta\u00ed, go l\u00e9ir ar f\u00e1il gan chl\u00e1r\u00fa agus a chl\u00fada\u00edonn na leaganacha is fearr den chluiche.<\/p>\n<p><span style=\"font-family: var(--global-body-font-family); letter-spacing: 0em;\"> \u00a0 \u00a0 \u00a0 \u00a0 \u00a0 \u00a0 \u00a0 \u00a0\u00a0<\/span><\/p>\n<p><span style=\"font-weight: 400;\"><img loading=\"lazy\" decoding=\"async\" class=\"aligncenter wp-image-272\" src=\"https:\/\/rocketplay-slot.com\/wp-content\/uploads\/2022\/06\/second_bonus_nonlog-300x148.png\" alt=\"\" width=\"600\" height=\"295\" srcset=\"https:\/\/rocketplay-slot.com\/wp-content\/uploads\/2022\/06\/second_bonus_nonlog-300x148.png 300w, https:\/\/rocketplay-slot.com\/wp-content\/uploads\/2022\/06\/second_bonus_nonlog-1024x504.png 1024w, https:\/\/rocketplay-slot.com\/wp-content\/uploads\/2022\/06\/second_bonus_nonlog-768x378.png 768w, https:\/\/rocketplay-slot.com\/wp-content\/uploads\/2022\/06\/second_bonus_nonlog.png 1300w\" sizes=\"auto, (max-width: 600px) 100vw, 600px\" \/><\/span><\/p>\n<h2>NA BUNT\u00c1IST\u00cd A BHAINEANN LE BACCARAT A DH\u00c9ANAMH AR L\u00cdNE<\/h2>\n<p>Is eol do gach duine a bhfuil an-spraoi acu go bhfuil cluich\u00ed c\u00e1rta\u00ed spreag\u00fail agus nach f\u00e9idir a thuar. T\u00e1 an cine\u00e1l seo siamsa\u00edochta t\u00f3ir ar fud an domhain le blianta fada. Fi\u00fa sa l\u00e1 at\u00e1 inniu ann, nuair is f\u00e9idir le himreoir\u00ed cluich\u00ed cos\u00fail le sliot\u00e1in agus poker f\u00edse\u00e1in a imirt, n\u00edor chaill baccarat a t\u00f3ir.<\/p>\n<p>Ach is \u00e9 an rud is fearr faoin gcluiche seo n\u00e1 an seans ard a bhuaigh, chomh maith leis na m\u00e9ideanna is f\u00e9idir leat a bhuachan mar phr\u00edomhdhuais an chluiche. I dtaca leis seo, is cluiche an-tempting baccarat.<\/p>\n<p>N\u00edl m\u00e9 cinnte an bhfuil ciall leis RocketPlay b\u00f3nas baccarat beo a imirt ar \u00e1r l\u00e1ithre\u00e1n gr\u00e9as\u00e1in? Cuirimid go leor c\u00faiseanna ar f\u00e1il chun an cluiche seo a thriail linn. Agus n\u00edl anseo ach cuid acu:<\/p>\n<ul>\n<li>Raon leathan cluich\u00ed &#8211; Chomh maith leis an leagan clasaiceach den chluiche, is f\u00e9idir leat 15 \u00e9ags\u00falachta\u00ed baccarat eile a imirt. Baccarat Gold, Baccarat High Roller, Baccarat Pro, agus Baccarat Pro &#8211; Teorainn VIP bhfuil ach cuid de na roghanna;<\/li>\n<li>Bogearra\u00ed cearrbhachais ardchaighde\u00e1in &#8211; N\u00ed \u00fas\u00e1idimid ach bogearra\u00ed cearrbhachais ardchaighde\u00e1in \u00f3 na monar\u00f3ir\u00ed is m\u00f3 le r\u00e1 ar domhan &#8211; Microgaming, OneTouch agus NetEnt;<\/li>\n<li>RocketPlay ar l\u00edne casino beo baccarat f\u00edor-airgead &#8211; M\u00e1 shocra\u00edonn t\u00fa troid ar son an phr\u00edomhdhuais, is cinnte go mbainfidh t\u00fa taitneamh as imirt linn;<\/li>\n<li>Roghanna m\u00f3ra le buachan &#8211; Cuirimid ceann de na roghanna is airde ar f\u00e1il ag baccarat, idir 94% agus 97%;<br \/>\nRocketPlay Simpl\u00ed Imirt baccarat beo ar l\u00edne saor in aisce &#8211; n\u00ed g\u00e1 duit am a chaitheamh ag foghlaim na rialacha an chluiche. Foghlaim na rialacha tr\u00edd an gcluiche a imirt;<\/li>\n<li>Cinnt\u00edonn ginead\u00f3ir uimhreacha randamacha cothrom na f\u00e9inne &#8211; Gan dabht aon bhaol go gcaillf\u00ed;<\/li>\n<li>Gan srianta. Is cuma c\u00e9n t\u00edr ina gc\u00f3na\u00edonn t\u00fa, is f\u00e9idir leat rochtain a fh\u00e1il ar \u00e1r gCeasa\u00edneo agus aon chluiche a imirt ar l\u00edne;<\/li>\n<li>N\u00ed baol duit aon rud nuair a imr\u00edonn t\u00fa ag \u00e1r gceasa\u00edneo ar l\u00edne. N\u00edl ann ach an \u00e1it iontach do imreoir\u00ed nua agus Seaimp\u00edn\u00ed baccarat a bhfuil taith\u00ed acu.<\/li>\n<\/ul>\n<p>Is f\u00e9idir Baccarat a dtugtar go s\u00e1bh\u00e1ilte ar cheann de na cluich\u00ed Casino clasaiceach a mbeidh t\u00f3ir i gc\u00f3na\u00ed ag lucht f\u00e9achana leathan na n-imreoir\u00ed \u00f3 ar fud an domhain. Ar dt\u00fas cluiche seans go heisiach do na huaisle, n\u00ed hamh\u00e1in gur cluiche don scothaicme \u00e9 baccarat a thuilleadh &#8211; n\u00edl aon srianta ar c\u00e9 at\u00e1 in ann \u00e9 a imirt. Mar sin, cuireann ceasa\u00edneonna ar l\u00edne cluich\u00ed \u00e9ags\u00fala ar f\u00e1il inniu is f\u00e9idir leat a imirt ar a laghad geallta. Ag an am c\u00e9anna, n\u00edor chaill meais\u00edn\u00ed sliot\u00e1n baccarat a charm, sult agus seans iontach f\u00edor-airgead a bhuachan. T\u00e1 an dara ceann mar gheall ar riail shimpl\u00ed an chluiche agus seans iontach a bhuaigh don imreoir.<\/p>\n<p>T\u00e1 RocketPlay ar l\u00edne baccarat beo ar cheann de na cluich\u00ed is \u00e9asca ina bhfuil t\u00fa d\u00edreach chun geall a dh\u00e9anamh agus sin \u00e9. Murab ionann agus cluich\u00ed ceasa\u00edneo eile, is f\u00e9idir le rannph\u00e1irtithe geall a chur ar an imreoir, ar an mbainc\u00e9ir, n\u00f3 ar an d\u00e1 cheann. N\u00edl aon rialacha casta n\u00f3 teaglaim casta ann, mar sin n\u00ed g\u00e1 duit do chuid ama a chur am\u00fa ag foghlaim na teoirice. Is \u00e9 sprioc an chluiche buille faoi thuairim c\u00e9 a rinne na geallta ceart: an t-imreoir n\u00f3 an bainc\u00e9ir. Chomh maith leis sin, is f\u00e9idir leat geall ar an d\u00e1, is f\u00e9idir a thabhairt duit freisin airgead sa chluiche.<\/p>\n<p>Mura raibh t\u00fa riamh ag imirt baccarat casino beo RocketPlay agus nach bhfuil a fhios agat c\u00e9n f\u00e1th ar cheart duit an cluiche seo a thriail, t\u00e1 roinnt arg\u00f3int\u00ed agus molta\u00ed againn duit;<\/p>\n<p>M\u00e1s mian leat a fheice\u00e1il an bhfuil an t-\u00e1dh leat inniu, is \u00e9 baccarat an cluiche is fearr duit. I baccarat, t\u00e1 rath 100% arna chinneadh ag do luck;<\/p>\n<p>Sa chluiche seo, t\u00e1 an bunt\u00e1iste is l\u00fa ag an Casino thar an imreoir, ach 1.06%;<\/p>\n<p>Raon geallta Baccarat \u00f3 $0.15 go $1000.<\/p>\n<p>Agus t\u00fa ag imirt, n\u00ed m\u00f3r duit a choinne\u00e1il i gcuimhne c\u00e9 go bhfuil bunt\u00e1iste \u00edseal ag an gceasa\u00edneo, d\u00e1 fhad a imr\u00edonn t\u00fa, is l\u00fa an seans go mbuafaidh t\u00fa.<\/p>\n<p>Mura bhfuil t\u00fa ag fiach le haghaidh buaite, ach gur mhaith leat spraoi a bheith agat ag imirt do chluiche is fearr leat, ansin is f\u00e9idir leat RocketPlay beo baccarat Astr\u00e1il a imirt. T\u00e1 gameplay corraitheach agus raon leathan cluich\u00ed r\u00e1thaithe duit. Sula dtosa\u00edonn t\u00fa ar do sheisi\u00fan, tabhair faoi deara na molta\u00ed seo a leanas \u00f3 shaineolaithe baccarat:<\/p>\n<p>T\u00e1 n\u00edos m\u00f3 bunt\u00e1ist\u00ed ag baint le geallt\u00f3ireacht ar an mbainc\u00e9ir i gcompar\u00e1id le geallt\u00f3ireacht ar an imreoir. Mar chompar\u00e1id, is \u00e9 1.29% an bunt\u00e1iste imreoir agus is \u00e9 1.01% an bunt\u00e1iste bainc\u00e9ir. Ag an am c\u00e9anna, is \u00e9 geallt\u00f3ireacht ar an d\u00e1 cheann is l\u00fa rath.<\/p>\n<p>D\u00e1 mh\u00e9ad deiceanna at\u00e1 p\u00e1irteach sa chluiche, is amhlaidh is l\u00fa fabhar don imreoir.<\/p>\n<p>Braitheann do rogha buaite freisin ar an m\u00e9id airgid a bheidh agat m\u00e1 dh\u00e9anann t\u00fa geall leis an mbainc\u00e9ir. Roghnaigh cluiche ina bhfuil an c\u00e9atad\u00e1n seo n\u00edos \u00edsle n\u00e1 4%.<\/p>\n<p>D\u00e9an geallta r\u00e9as\u00fanta, ach chomh luath agus a thosa\u00edonn t\u00fa a bhuachan, stop an cluiche l\u00e1ithreach.<\/p>\n<p>De ghn\u00e1th, cuireann ceasa\u00edneonna ar l\u00edne leagan clasaiceach den chluiche ar f\u00e1il. Mar sin f\u00e9in, is eisceacht muid maidir leis seo. Ar \u00e1r su\u00edomh is f\u00e9idir leat a roghn\u00fa \u00f3 \u00e9ags\u00falacht na Baccarat \u00e9ags\u00falachta\u00ed, go l\u00e9ir ar f\u00e1il gan chl\u00e1r\u00fa agus a chl\u00fada\u00edonn na leaganacha is fearr den chluiche.<\/p>\n\t<div class=\"alao-sidebar-box alao-sidebar-box-\">\n\t\t<a href=\"\" class=\"alao-sidebar-box__link\">\n\t\t\t<span class=\"alao-sidebar-box__thumb\">\n\t\t\t\t<img decoding=\"async\" src=\"https:\/\/rocketplay-slot.com\/wp-content\/uploads\/2022\/06\/second_bonus_nonlog.png\" alt=\"An ch\u00e9ad b\u00f3nas taisce\">\n\t\t\t<\/span>\n\t\t\t<span class=\"alao-sidebar-box__info\">\n\t\t\t\t<span class=\"alao-sidebar-box__info-wrap\">\n\t\t\t\t\t<span class=\"alao-sidebar-box__head\">An ch\u00e9ad b\u00f3nas taisce<\/span>\n\t\t\t\t\t<span class=\"alao-sidebar-box__desc\">100% + 100 FS DO T\u00daS FOIRFE<\/span>\n\t\t\t\t\t<span class=\"alao-sidebar-box__button\">Faigh Anois<\/span>\n\t\t\t\t<\/span>\n\t\t\t<\/span>\n\t\t<\/a>\n\t<\/div>\n\t\n<h2>NA CLUICH\u00cd BACCARAT IS FEARR<\/h2>\n<p>Is cluiche c\u00e1rta\u00ed forleathan \u00e9 Baccarat, a thairgtear i ngach ceasa\u00edneo traidisi\u00fanta agus ceasa\u00edneonna ar l\u00edne ar fud an domhain. Ar nd\u00f3igh, mar gheall ar a t\u00f3ir, chomh maith lena stair fhada, t\u00e1 cine\u00e1lacha \u00e9ags\u00fala den chluiche seo &#8211; is iad na cinn is coitianta agus is coitianta n\u00e1 Baccarat Meirice\u00e1nach, Mini Baccara, Punto Banco, Macao agus naoi. T\u00e1 siad difri\u00fail \u00f3na ch\u00e9ile:<\/p>\n<ul>\n<li>na rialacha a bhaineann le d\u00e9ile\u00e1il le c\u00e1rta\u00ed agus le d\u00e1ileadh;<\/li>\n<li>l\u00edon na deiceanna a bhfuil baint acu leis an gcluiche;<\/li>\n<li>c\u00e9atad\u00e1n na ngeallta;<\/li>\n<li>l\u00edon na n-imreoir\u00ed;<\/li>\n<li>Na buaigh;<\/li>\n<li>l\u00edon na gc\u00e1rta\u00ed;<\/li>\n<li>na rialacha a bhaineann leis an 3\u00fa c\u00e1rta.<\/li>\n<\/ul>\n<p>Smaoinigh ar na leaganacha is coitianta den chluiche seo, ar f\u00e9idir leat baccarat beo RocketPlay a imirt in\u00e1r gceasa\u00edneo.<\/p>\n<h2>BACCARAT EORPACH<\/h2>\n<p>Is cine\u00e1l clasaiceach cluiche \u00e9 baccarat Eorpach. I baccarat Eorpach, is \u00e9 an ceasa\u00edneo a chinneann na buaiteanna, agus braitheann l\u00edon na rannph\u00e1irtithe ar mh\u00e9id ioml\u00e1n na ngeallta go l\u00e9ir a dh\u00e9antar sa bhabhta. Agus geallt\u00f3ireacht \u00e1 d\u00e9anamh ar bhainc\u00e9ir, gearrtar t\u00e1ille ar imreoir\u00ed (m\u00e1 bhuann siad), is \u00e9 sin thart ar 5% de ghn\u00e1th. Seachas sin, t\u00e1 rialacha uile an chluiche comhionann le baccarat clasaiceach.<\/p>\n<h2>BACCARAT FRAINCE (CHEMIN DE FER)<\/h2>\n<p>Is cine\u00e1l eile cluiche coitianta \u00e9 baccarat na Fraince. T\u00e1 a rialacha bun\u00fasacha mar an gc\u00e9anna leis an leagan clasaiceach den chluiche, ach is \u00e9 a phr\u00edomhghn\u00e9 nach bhfuil baint ag an Casino leis an gcluiche. Mar sin, imr\u00edonn imreoir\u00ed i gcoinne a ch\u00e9ile. Sa ch\u00e1s seo, gn\u00edomha\u00edonn an ceasa\u00edneo mar bhreathnad\u00f3ir agus d\u00e9anann s\u00e9 cinnte go leanann na himreoir\u00ed na rialacha go l\u00e9ir agus, ar nd\u00f3igh, gearrann s\u00e9 coimisi\u00fan ar gach taobh.<\/p>\n<h2>MINI BACCARAT<\/h2>\n<p>T\u00e1 Mini baccarat den chuid is m\u00f3 t\u00f3ir sna St\u00e1it Aontaithe. Is \u00e9 an cluiche beagnach mar an gc\u00e9anna leis na leaganacha clasaiceach, ach amh\u00e1in go bhfuil an cluiche ar si\u00fal ag t\u00e1bla beag. Mar sin, i mion-baccarat, is f\u00e9idir le seachtar ar a mh\u00e9ad imirt ag bord amh\u00e1in. Lena n-\u00e1ir\u00edtear baccarat d\u00e9ile\u00e1la\u00ed beo RocketPlay, at\u00e1 freagrach as an ngn\u00edomh go l\u00e9ir agus geallt\u00f3ireachta a tharla\u00edonn le linn an cluiche minibaccarat. Feidhm\u00edonn s\u00e9 freisin mar an bainc\u00e9ir.<\/p>\n<p><img loading=\"lazy\" decoding=\"async\" class=\"aligncenter wp-image-247\" src=\"https:\/\/rocketplay-slot.com\/wp-content\/uploads\/2022\/06\/vip_header_icon1-300x300.png\" alt=\"\" width=\"600\" height=\"600\" srcset=\"https:\/\/rocketplay-slot.com\/wp-content\/uploads\/2022\/06\/vip_header_icon1-300x300.png 300w, https:\/\/rocketplay-slot.com\/wp-content\/uploads\/2022\/06\/vip_header_icon1-150x150.png 150w, https:\/\/rocketplay-slot.com\/wp-content\/uploads\/2022\/06\/vip_header_icon1.png 552w\" sizes=\"auto, (max-width: 600px) 100vw, 600px\" \/><\/p>\n<h2>PUNTO BANCO<\/h2>\n<p>T\u00e1 cluiche Punto Banco an-chos\u00fail leis an leagan clasaiceach de baccarat. Is \u00e9 an t-aon difr\u00edocht n\u00e1 in ionad geallt\u00f3ireacht a dh\u00e9anamh ar an imreoir agus ar an mbainc\u00e9ir, geall leis na rannph\u00e1irtithe ar Punto (imreoir) n\u00f3 Banco (bainc\u00e9ir). I bhfocail eile, t\u00e1 na hainmneacha difri\u00fail &#8211; t\u00e1 cro\u00edl\u00e1r an chluiche mar an gc\u00e9anna.<\/p>\n<p>Is cuma c\u00e9n cluiche a roghna\u00edonn t\u00fa, is f\u00e9idir leat \u00e9 a imirt gan chl\u00e1r\u00fa ar \u00e1r l\u00e1ithre\u00e1n gr\u00e9as\u00e1in. Gan srianta, raon leathan cluich\u00ed &#8211; is iad seo ach cuid de na bunt\u00e1ist\u00ed a bhaineann le baccarat a imirt ar RocketPlay.<\/p>\n<p>Is cluiche c\u00e1rta\u00ed forleathan \u00e9 Baccarat, a thairgtear i ngach ceasa\u00edneo traidisi\u00fanta agus ceasa\u00edneonna ar l\u00edne ar fud an domhain. Ar nd\u00f3igh, mar gheall ar a t\u00f3ir, chomh maith lena stair fhada, t\u00e1 cine\u00e1lacha \u00e9ags\u00fala den chluiche seo &#8211; is iad na cinn is coitianta agus is coitianta n\u00e1 Baccarat Meirice\u00e1nach, Mini Baccara, Punto Banco, Macao agus naoi. T\u00e1 siad difri\u00fail \u00f3na ch\u00e9ile:<\/p>\n<ul>\n<li>na rialacha a bhaineann le d\u00e9ile\u00e1il le c\u00e1rta\u00ed agus le d\u00e1ileadh;<\/li>\n<li>l\u00edon na deiceanna a bhfuil baint acu leis an gcluiche;<\/li>\n<li>c\u00e9atad\u00e1n na ngeallta;<\/li>\n<li>l\u00edon na n-imreoir\u00ed;<\/li>\n<li>Na buaigh;<\/li>\n<li>l\u00edon na gc\u00e1rta\u00ed;<\/li>\n<li>na rialacha a bhaineann leis an 3\u00fa c\u00e1rta.<\/li>\n<\/ul>\n<p>Smaoinigh ar na leaganacha is coitianta den chluiche seo, ar f\u00e9idir leat baccarat beo RocketPlay a imirt in\u00e1r gceasa\u00edneo.<\/p>\n<h2>BACCARAT EORPACH<\/h2>\n<p>Is cine\u00e1l clasaiceach cluiche \u00e9 baccarat Eorpach. I baccarat Eorpach, is \u00e9 an ceasa\u00edneo a chinneann na buaiteanna, agus braitheann l\u00edon na rannph\u00e1irtithe ar mh\u00e9id ioml\u00e1n na ngeallta go l\u00e9ir a dh\u00e9antar sa bhabhta. Agus geallt\u00f3ireacht \u00e1 d\u00e9anamh ar bhainc\u00e9ir, gearrtar t\u00e1ille ar imreoir\u00ed (m\u00e1 bhuann siad), is \u00e9 sin thart ar 5% de ghn\u00e1th. Seachas sin, t\u00e1 rialacha uile an chluiche comhionann le baccarat clasaiceach.<\/p>\n<h2>BACCARAT FRAINCE (CHEMIN DE FER)<\/h2>\n<p>Is cine\u00e1l eile cluiche coitianta \u00e9 baccarat na Fraince. T\u00e1 a rialacha bun\u00fasacha mar an gc\u00e9anna leis an leagan clasaiceach den chluiche, ach is \u00e9 a phr\u00edomhghn\u00e9 nach bhfuil baint ag an Casino leis an gcluiche. Mar sin, imr\u00edonn imreoir\u00ed i gcoinne a ch\u00e9ile. Sa ch\u00e1s seo, gn\u00edomha\u00edonn an ceasa\u00edneo mar bhreathnad\u00f3ir agus d\u00e9anann s\u00e9 cinnte go leanann na himreoir\u00ed na rialacha go l\u00e9ir agus, ar nd\u00f3igh, gearrann s\u00e9 coimisi\u00fan ar gach taobh.<\/p>\n<h2>MINI BACCARAT<\/h2>\n<p>T\u00e1 Mini baccarat den chuid is m\u00f3 t\u00f3ir sna St\u00e1it Aontaithe. Is \u00e9 an cluiche beagnach mar an gc\u00e9anna leis na leaganacha clasaiceach, ach amh\u00e1in go bhfuil an cluiche ar si\u00fal ag t\u00e1bla beag. Mar sin, i mion-baccarat, is f\u00e9idir le seachtar ar a mh\u00e9ad imirt ag bord amh\u00e1in. Lena n-\u00e1ir\u00edtear baccarat d\u00e9ile\u00e1la\u00ed beo RocketPlay, at\u00e1 freagrach as an ngn\u00edomh go l\u00e9ir agus geallt\u00f3ireachta a tharla\u00edonn le linn an cluiche minibaccarat. Feidhm\u00edonn s\u00e9 freisin mar an bainc\u00e9ir.<\/p>\n<h2>PUNTO BANCO<\/h2>\n<p>T\u00e1 cluiche Punto Banco an-chos\u00fail leis an leagan clasaiceach de baccarat. Is \u00e9 an t-aon difr\u00edocht n\u00e1 in ionad geallt\u00f3ireacht a dh\u00e9anamh ar an imreoir agus ar an mbainc\u00e9ir, geall leis na rannph\u00e1irtithe ar Punto (imreoir) n\u00f3 Banco (bainc\u00e9ir). I bhfocail eile, t\u00e1 na hainmneacha difri\u00fail &#8211; t\u00e1 cro\u00edl\u00e1r an chluiche mar an gc\u00e9anna.<\/p>\n<p>Is cuma c\u00e9n cluiche a roghna\u00edonn t\u00fa, is f\u00e9idir leat \u00e9 a imirt gan chl\u00e1r\u00fa ar \u00e1r l\u00e1ithre\u00e1n gr\u00e9as\u00e1in. Gan srianta, raon leathan cluich\u00ed &#8211; is iad seo ach cuid de na bunt\u00e1ist\u00ed a bhaineann le baccarat a imirt ar RocketPlay.<\/p>\n","protected":false},"excerpt":{"rendered":"<p>Is f\u00e9idir Baccarat a dtugtar go s\u00e1bh\u00e1ilte ar cheann de na cluich\u00ed Casino clasaiceach a mbeidh t\u00f3ir i gc\u00f3na\u00ed ag lucht f\u00e9achana leathan na n-imreoir\u00ed \u00f3 ar fud an domhain. Ar dt\u00fas cluiche seans go heisiach do na huaisle, n\u00ed hamh\u00e1in gur cluiche don scothaicme \u00e9 baccarat a thuilleadh &#8211; n\u00edl aon srianta ar c\u00e9&#8230;<\/p>\n","protected":false},"author":1,"featured_media":0,"parent":0,"menu_order":0,"comment_status":"closed","ping_status":"closed","template":"","meta":{"_acf_changed":false,"_kad_post_transparent":"default","_kad_post_title":"default","_kad_post_layout":"default","_kad_post_sidebar_id":"","_kad_post_content_style":"default","_kad_post_vertical_padding":"default","_kad_post_feature":"","_kad_post_feature_position":"","_kad_post_header":false,"_kad_post_footer":false,"footnotes":""},"class_list":["post-1401","page","type-page","status-publish","hentry"],"acf":[],"rttpg_featured_image_url":null,"rttpg_author":{"display_name":"Elvis","author_link":"https:\/\/rocketplay-slot.com\/ga\/author\/pemvas95n89x\/"},"rttpg_comment":0,"rttpg_category":null,"rttpg_excerpt":"Is f\u00e9idir Baccarat a dtugtar go s\u00e1bh\u00e1ilte ar cheann de na cluich\u00ed Casino clasaiceach a mbeidh t\u00f3ir i gc\u00f3na\u00ed ag lucht f\u00e9achana leathan na n-imreoir\u00ed \u00f3 ar fud an domhain. Ar dt\u00fas cluiche seans go heisiach do na huaisle, n\u00ed hamh\u00e1in gur cluiche don scothaicme \u00e9 baccarat a thuilleadh &#8211; n\u00edl aon srianta ar c\u00e9...","_links":{"self":[{"href":"https:\/\/rocketplay-slot.com\/ga\/wp-json\/wp\/v2\/pages\/1401","targetHints":{"allow":["GET"]}}],"collection":[{"href":"https:\/\/rocketplay-slot.com\/ga\/wp-json\/wp\/v2\/pages"}],"about":[{"href":"https:\/\/rocketplay-slot.com\/ga\/wp-json\/wp\/v2\/types\/page"}],"author":[{"embeddable":true,"href":"https:\/\/rocketplay-slot.com\/ga\/wp-json\/wp\/v2\/users\/1"}],"replies":[{"embeddable":true,"href":"https:\/\/rocketplay-slot.com\/ga\/wp-json\/wp\/v2\/comments?post=1401"}],"version-history":[{"count":3,"href":"https:\/\/rocketplay-slot.com\/ga\/wp-json\/wp\/v2\/pages\/1401\/revisions"}],"predecessor-version":[{"id":7889,"href":"https:\/\/rocketplay-slot.com\/ga\/wp-json\/wp\/v2\/pages\/1401\/revisions\/7889"}],"wp:attachment":[{"href":"https:\/\/rocketplay-slot.com\/ga\/wp-json\/wp\/v2\/media?parent=1401"}],"curies":[{"name":"wp","href":"https:\/\/api.w.org\/{rel}","templated":true}]}}