{"id":1411,"date":"2022-09-30T15:12:17","date_gmt":"2022-09-30T12:12:17","guid":{"rendered":"https:\/\/rocketplay-slot.com\/black-wolf\/"},"modified":"2025-11-20T16:41:59","modified_gmt":"2025-11-20T13:41:59","slug":"black-wolf","status":"publish","type":"page","link":"https:\/\/rocketplay-slot.com\/ga\/black-wolf\/","title":{"rendered":"Black Wolf: Coinnigh agus Buaigh"},"content":{"rendered":"<p><img loading=\"lazy\" decoding=\"async\" class=\"size-medium wp-image-421 alignleft\" src=\"https:\/\/rocketplay-slot.com\/wp-content\/uploads\/2022\/09\/black-wolf-hold-and-win-300x300.png\" alt=\"Black Wolf hold and win\" width=\"300\" height=\"300\" srcset=\"https:\/\/rocketplay-slot.com\/wp-content\/uploads\/2022\/09\/black-wolf-hold-and-win-300x300.png 300w, https:\/\/rocketplay-slot.com\/wp-content\/uploads\/2022\/09\/black-wolf-hold-and-win-150x150.png 150w, https:\/\/rocketplay-slot.com\/wp-content\/uploads\/2022\/09\/black-wolf-hold-and-win.png 425w\" sizes=\"auto, (max-width: 300px) 100vw, 300px\" \/><\/p>\n<p>Tar \u00e9is \u00e9 a bheith eisithe ag deireadh 2021, rinne sliot\u00e1n ar l\u00edne Rocket Play Black Wolf splancsc\u00e1ile\u00e1n f\u00edor i measc pobail chearrbhachais agus fuair s\u00e9 t\u00f3ir n\u00edos m\u00f3 n\u00f3 n\u00edos l\u00fa. Tugann na m\u00edlte \u00fas\u00e1ideoir\u00ed faoi deara a saintr\u00e9ithe teicneola\u00edochta ard agus feidhmeanna dochreidte. Rinne forbr\u00f3ir\u00ed na sliot\u00e1n, an chuideachta Booongo, a nd\u00edcheall i nd\u00e1ir\u00edre agus chruthaigh siad tionscadal iontach fionnuar.<\/p>\n<p>Chun tuilleadh a fhoghlaim faoin sc\u00e9al nua cearrbhachais seo, cuirimid athbhreithni\u00fa sliot\u00e1n Rocket Play Black Wolf ar f\u00e1il duit. N\u00edl ann ach faisn\u00e9is \u00fas\u00e1ideach agus f\u00edoraithe, f\u00edric\u00ed suimi\u00fala agus leideanna \u00fas\u00e1ideacha. B\u00edg\u00ed linn agus foghlaim n\u00edos m\u00f3!<\/p>\n<h2>R\u00c9AMHR\u00c1 DON DUBH DUBH<\/h2>\n<p>Chun aithne a chur ar sliot\u00e1n Rocket Play Black Wolf chomh rath\u00fail agus chomh brab\u00fasach agus is f\u00e9idir, molaimid duit eolas a chur ar phr\u00edomhthr\u00e9ithe an chluiche.<\/p>\n<p>&nbsp;<\/p>\n<table border=\"0\" cellspacing=\"0\" cellpadding=\"0\">\n<tbody>\n<tr>\n<td>Forbr\u00f3ir<\/td>\n<td><b>Booongo<\/b><\/td>\n<\/tr>\n<tr>\n<td>D\u00e1ta an chuma<\/td>\n<td>2021<\/td>\n<\/tr>\n<tr>\n<td>L\u00ednte<\/td>\n<td>25<\/td>\n<\/tr>\n<tr>\n<td>Rotha\u00ed<\/td>\n<td>5<\/td>\n<\/tr>\n<tr>\n<td>Sraitheanna<\/td>\n<td>4<\/td>\n<\/tr>\n<tr>\n<td>B\u00f3nais<\/td>\n<td>Sliot\u00e1n Rocket Play Black Wolf spins saor in aisce;<\/p>\n<p>Babhta b\u00f3nais<\/p>\n<p>Il-imreoir<\/td>\n<\/tr>\n<tr>\n<td>RTP<\/td>\n<td>95.65%<\/td>\n<\/tr>\n<tr>\n<td>Uath-imirt<\/td>\n<td>+<\/td>\n<\/tr>\n<tr>\n<td>Comhartha\u00ed speisialta<\/td>\n<td>Scaip<\/p>\n<p>Fi\u00e1in<\/td>\n<\/tr>\n<tr>\n<td>Diapason geallt\u00f3ireachta<\/td>\n<td>0.25-60 AUD<\/td>\n<\/tr>\n<\/tbody>\n<\/table>\n<p>&nbsp;<\/p>\n<p>N\u00ed bheidh aon chearrbhachas ar aon intinn faoi na h\u00edoca\u00edochta\u00ed dochreidte agus na heachtra\u00ed spreag\u00fala at\u00e1 ag fanacht air anseo.<\/p>\n<p>T\u00e1 sraith b\u00f3nais l\u00e1idir anseo. M\u00e1s rud \u00e9 nach bhfuil iontas ar chearrbhachas a thuilleadh le trialacha breise saor in aisce n\u00f3 le siombail\u00ed scaipthe speisialta, ansin t\u00e1 roinnt cleasanna breise curtha i bhfolach ag forbr\u00f3ir\u00ed an chluiche. Is cinnte nach bhf\u00e1gfaidh il-imreora agus mionbhabhta breise t\u00fa gan imprisean. Deiseanna iontacha le haghaidh buaite dochreidte! Fi\u00fa le geall \u00edosta de 25 cent, is f\u00e9idir leat a fh\u00e1il duais maith go leor.<\/p>\n<h2>GLUAISEACHT AGUS GN\u00c9ITHE<\/h2>\n<p>Tar \u00e9is staid\u00e9ar a dh\u00e9anamh ar an gcluiche, is f\u00e9idir leat a l\u00e1n point\u00ed dearfacha a thabhairt faoi deara a fh\u00e1gann go n-\u00e9ireoidh s\u00e9 chomh rath\u00fail i measc \u00fas\u00e1ideoir\u00ed. Seo gameplay thar a bheith \u00e1isi\u00fail agus tapa. T\u00e1 gach rud iomasach. N\u00ed bheidh ach c\u00fapla n\u00f3im\u00e9ad ag teast\u00e1il \u00f3 thosaitheoir\u00ed at\u00e1 ag pl\u00e9 le sliot\u00e1in den ch\u00e9ad uair chun eolas a chur ar fheidhmeanna an phr\u00edomh-roghchl\u00e1ir agus \u00e9 a fhoghlaim.<\/p>\n<p>T\u00e1 dearadh na sliot\u00e1n taitneamhach \u00f3 thaobh amhairc. Sa ch\u00falra, feiceann imreoir\u00ed n\u00e1d\u00far dochreidte agus dusk sna sl\u00e9ibhte. De r\u00e9ir an t\u00e9ama, is \u00e9ard at\u00e1 sna teaglama\u00ed buaiteacha \u00edomh\u00e1nna t\u00e9amacha d&#8217;ainmhithe. Seo iad a chur i l\u00e1thair:<\/p>\n<ul>\n<li>Elk;<\/li>\n<li>Mac t\u00edre (fi\u00e1in);<\/li>\n<li>Sealg\u00f3ir mn\u00e1 (sc\u00e1t\u00e1la\u00ed);<\/li>\n<li>Lynx;<\/li>\n<li>Iolar;<\/li>\n<li>Ulchabh\u00e1n.<\/li>\n<\/ul>\n<p>Chomh maith le h\u00edomh\u00e1nna t\u00e9amacha, t\u00e1 na siombail\u00ed is gn\u00e1ch \u00f3 dheic na gc\u00e1rta\u00ed.<\/p>\n<p>T\u00e1 dh\u00e1 rogha cluiche anseo:<\/p>\n<ul>\n<li>Sliot\u00e1n Rocket Play Black Wolf ar airgead f\u00edor;<\/li>\n<li>Rocket Seinn Black Wolf sliot\u00e1n saor in aisce.<\/li>\n<\/ul>\n<p>T\u00e1 rialacha agus coinn\u00edollacha comhionanna ag an d\u00e1 mhodh, seachas an chomhph\u00e1irt airgeadais sa leagan taispe\u00e1na. D\u00e9antar geallta ar chist\u00ed f\u00edor\u00fala, agus d\u00e1 r\u00e9ir sin, faightear buaiteanna san airgeadra c\u00e9anna. In aon mhodh, is f\u00e9idir le gamblers uath-imirt a \u00fas\u00e1id.<\/p>\n<p style=\"text-align: center;\"><img loading=\"lazy\" decoding=\"async\" class=\"aligncenter wp-image-422 size-full\" src=\"https:\/\/rocketplay-slot.com\/wp-content\/uploads\/2022\/09\/black-wolf-slot.png\" alt=\"Black Wolf slot\" width=\"1280\" height=\"720\" srcset=\"https:\/\/rocketplay-slot.com\/wp-content\/uploads\/2022\/09\/black-wolf-slot.png 1280w, https:\/\/rocketplay-slot.com\/wp-content\/uploads\/2022\/09\/black-wolf-slot-300x169.png 300w, https:\/\/rocketplay-slot.com\/wp-content\/uploads\/2022\/09\/black-wolf-slot-1024x576.png 1024w, https:\/\/rocketplay-slot.com\/wp-content\/uploads\/2022\/09\/black-wolf-slot-768x432.png 768w\" sizes=\"auto, (max-width: 1280px) 100vw, 1280px\" \/><\/p>\n<h2>CONAS A BHUAILL AG AN DUBH DUBH AGUS spins SAOR IN AISCE A \u00c9ILEAMH<\/h2>\n<p>Chun do sheansanna buaite agus ard-\u00edoca\u00edochta a fh\u00e1il a uasmh\u00e9ad\u00fa, n\u00ed m\u00f3r duit na b\u00f3nais agus na gn\u00e9ithe breise go l\u00e9ir a \u00fas\u00e1id. Gc\u00e9ad dul s\u00edos, fi\u00e1in &#8211; an \u00edomh\u00e1 de mac t\u00edre &#8211; a bheith \u00fas\u00e1ideach. Tagann s\u00e9 in ionad aon siombail eile ach amh\u00e1in an scaip. Ligeann s\u00e9 seo duit an measc\u00e1n buaite a dh\u00e9anamh leis an \u00edoca\u00edocht is airde chomh tapa agus is f\u00e9idir.<\/p>\n<p>Ar an dara dul s\u00edos, tar \u00e9is 3 scaipthe a bhaili\u00fa, faigheann an t-imreoir 8 spins breise saor in aisce. M\u00e9ada\u00edonn s\u00e9 seo go hid\u00e9alach an seans a bhuaigh mar gheall ar na hiarrachta\u00ed n\u00edos m\u00f3, is amhlaidh is m\u00f3 an seans go n-\u00e9ireoidh le ceann amh\u00e1in acu.<\/p>\n<h2>CC<\/h2>\n<h3>CONAS AN CLUICHE A BHAINT AGUS A BHFUIL \u00cdOCA\u00cdOCHTA\u00cd UasTA A FH\u00c1IL?<\/h3>\n<p>Bain \u00fas\u00e1id as na deiseanna agus na tairiscint\u00ed b\u00f3nais go l\u00e9ir a chabhr\u00f3idh leat a bheith i do bhuaiteoir. Cuirtear deilbh\u00edn\u00ed eile in ionad Wilds, rud a ligeann duit an measc\u00e1n at\u00e1 ag teast\u00e1il a fh\u00e1il n\u00edos tap\u00fala. D\u00edghlas\u00e1lann scaipeoir\u00ed spins saor in aisce breise. T\u00e1 babhta breise ann freisin, a mh\u00e9ada\u00edonn go suntasach do seansanna a bhuaigh freisin.<\/p>\n<h3>AN F\u00c9IDIR LIOM SPREAGADH SAOR IN AISCE?<\/h3>\n<p>Sea, a bhu\u00edochas leis an leagan taispe\u00e1na saor in aisce, is f\u00e9idir leat imirt le haghaidh boinn fh\u00edor\u00fala. Chun seo, n\u00ed g\u00e1 duit taisc\u00ed a dh\u00e9anamh n\u00f3 fi\u00fa a bheith i do chliant oifigi\u00fail den tairseach.<\/p>\n<h3>CAD \u00c9 AN GTE IS \u00cdOS F\u00c9IDIR LIOM A DH\u00c9ANAMH?<\/h3>\n<p>T\u00e1 raon na r\u00e1ta\u00ed an-mh\u00f3r. Is \u00e9 an m\u00e9id is l\u00fa is f\u00e9idir a geall ar casadh amh\u00e1in ach 25 cent.<\/p>\n<p><strong>L\u00e9igh freisin faoi:<\/strong><\/p>\n<ul>\n<li><a href=\"https:\/\/rocketplay-slot.com\/ga\/buffalo-power-hold-and-win\/\">Buffalo Power Coinnigh Agus Buaigh<\/a><\/li>\n<li><a href=\"https:\/\/rocketplay-slot.com\/ga\/magic-spins\/\">Magic Spins<\/a><\/li>\n<\/ul>\n","protected":false},"excerpt":{"rendered":"<p>Tar \u00e9is \u00e9 a bheith eisithe ag deireadh 2021, rinne sliot\u00e1n ar l\u00edne Rocket Play Black Wolf splancsc\u00e1ile\u00e1n f\u00edor i measc pobail chearrbhachais agus fuair s\u00e9 t\u00f3ir n\u00edos m\u00f3 n\u00f3 n\u00edos l\u00fa. Tugann na m\u00edlte \u00fas\u00e1ideoir\u00ed faoi deara a saintr\u00e9ithe teicneola\u00edochta ard agus feidhmeanna dochreidte. Rinne forbr\u00f3ir\u00ed na sliot\u00e1n, an chuideachta Booongo, a nd\u00edcheall i&#8230;<\/p>\n","protected":false},"author":1,"featured_media":0,"parent":0,"menu_order":0,"comment_status":"closed","ping_status":"closed","template":"","meta":{"_acf_changed":false,"_kad_post_transparent":"default","_kad_post_title":"default","_kad_post_layout":"default","_kad_post_sidebar_id":"","_kad_post_content_style":"default","_kad_post_vertical_padding":"default","_kad_post_feature":"","_kad_post_feature_position":"","_kad_post_header":false,"_kad_post_footer":false,"footnotes":""},"class_list":["post-1411","page","type-page","status-publish","hentry"],"acf":[],"rttpg_featured_image_url":null,"rttpg_author":{"display_name":"Elvis","author_link":"https:\/\/rocketplay-slot.com\/ga\/author\/pemvas95n89x\/"},"rttpg_comment":0,"rttpg_category":null,"rttpg_excerpt":"Tar \u00e9is \u00e9 a bheith eisithe ag deireadh 2021, rinne sliot\u00e1n ar l\u00edne Rocket Play Black Wolf splancsc\u00e1ile\u00e1n f\u00edor i measc pobail chearrbhachais agus fuair s\u00e9 t\u00f3ir n\u00edos m\u00f3 n\u00f3 n\u00edos l\u00fa. Tugann na m\u00edlte \u00fas\u00e1ideoir\u00ed faoi deara a saintr\u00e9ithe teicneola\u00edochta ard agus feidhmeanna dochreidte. Rinne forbr\u00f3ir\u00ed na sliot\u00e1n, an chuideachta Booongo, a nd\u00edcheall i...","_links":{"self":[{"href":"https:\/\/rocketplay-slot.com\/ga\/wp-json\/wp\/v2\/pages\/1411","targetHints":{"allow":["GET"]}}],"collection":[{"href":"https:\/\/rocketplay-slot.com\/ga\/wp-json\/wp\/v2\/pages"}],"about":[{"href":"https:\/\/rocketplay-slot.com\/ga\/wp-json\/wp\/v2\/types\/page"}],"author":[{"embeddable":true,"href":"https:\/\/rocketplay-slot.com\/ga\/wp-json\/wp\/v2\/users\/1"}],"replies":[{"embeddable":true,"href":"https:\/\/rocketplay-slot.com\/ga\/wp-json\/wp\/v2\/comments?post=1411"}],"version-history":[{"count":2,"href":"https:\/\/rocketplay-slot.com\/ga\/wp-json\/wp\/v2\/pages\/1411\/revisions"}],"predecessor-version":[{"id":1413,"href":"https:\/\/rocketplay-slot.com\/ga\/wp-json\/wp\/v2\/pages\/1411\/revisions\/1413"}],"wp:attachment":[{"href":"https:\/\/rocketplay-slot.com\/ga\/wp-json\/wp\/v2\/media?parent=1411"}],"curies":[{"name":"wp","href":"https:\/\/api.w.org\/{rel}","templated":true}]}}