{"id":1461,"date":"2022-09-30T13:41:51","date_gmt":"2022-09-30T10:41:51","guid":{"rendered":"https:\/\/rocketplay-slot.com\/bonus\/loyalty-program\/"},"modified":"2025-11-24T20:27:13","modified_gmt":"2025-11-24T17:27:13","slug":"loyalty-program","status":"publish","type":"page","link":"https:\/\/rocketplay-slot.com\/ga\/bonus\/loyalty-program\/","title":{"rendered":"Cl\u00e1r d\u00edlseachta RocketPlay"},"content":{"rendered":"<p>Is \u00e9 an rud is fearr ar f\u00e9idir leat smaoineamh air do chustaim\u00e9ir\u00ed buna\u00edochta\u00ed cearrbhachais n\u00e1 cl\u00e1r uath\u00fail a chruth\u00fa le bronntanais agus dreasachta\u00ed. T\u00e1 s\u00e9 an-spreag\u00fail agus spreag\u00fail an oiread ama agus is f\u00e9idir a chaitheamh ar an ngn\u00edomha\u00edocht is fearr leat. Cuid\u00edonn s\u00e9 freisin gan creideamh a chailleadh i mbua an duine, gan a bheith chomh tr\u00edna ch\u00e9ile le teipeanna, agus m\u00e9ada\u00edonn s\u00e9 seans bua.<\/p>\n<h2>CAD IAD CL\u00c1IR D\u00cdlseacht CAISIN?<\/h2>\n<p>Is \u00e9 an ch\u00e9ad rud a thuiscint n\u00e1 a fh\u00e1il amach cad \u00e9 cl\u00e1r d\u00edlseachta. Is fi\u00fa freisin na pribhl\u00e9id\u00ed uile a bhaineann le cl\u00e1r d\u00edlseachta Rocket Play a fhiosr\u00fa agus tuiscint a fh\u00e1il ar cad a dh\u00e9anann s\u00e9 uath\u00fail agus tarraingteach.<\/p>\n<p>Is deis bhreise \u00e9 an cl\u00e1r d\u00edlseachta chun b\u00f3nais, duaiseanna, luach saothair n\u00f3 aisairgead a fh\u00e1il. I gc\u00e1s na hinstiti\u00faide seo, is deis \u00e9 m\u00e9id \u00e1irithe cist\u00ed a \u00fas\u00e1idtear le haghaidh geallta a thabhairt ar ais. De r\u00e9ir th\u00e9arma\u00ed na hais\u00edoca\u00edochta, is f\u00e9idir le gamblers 10 go 15% den mh\u00e9id a chaitear ar shliot\u00e1in agus ar chluich\u00ed beo a fh\u00e1il.<\/p>\n<p><img loading=\"lazy\" decoding=\"async\" class=\"aligncenter wp-image-4156\" src=\"https:\/\/rocketplay-slot.com\/wp-content\/uploads\/2024\/02\/2222.png\" alt=\"Cl\u00e1r d\u00edlseachta RocketPlay\" width=\"800\" height=\"193\" srcset=\"https:\/\/rocketplay-slot.com\/wp-content\/uploads\/2024\/02\/2222.png 1213w, https:\/\/rocketplay-slot.com\/wp-content\/uploads\/2024\/02\/2222-300x72.png 300w, https:\/\/rocketplay-slot.com\/wp-content\/uploads\/2024\/02\/2222-1024x247.png 1024w, https:\/\/rocketplay-slot.com\/wp-content\/uploads\/2024\/02\/2222-768x185.png 768w\" sizes=\"auto, (max-width: 800px) 100vw, 800px\" \/><\/p>\n<h2>NA PR\u00cdOMHSHOCHAIR A BHAINEANN LEIS NA CL\u00c1R D\u00cdL\u00cdONTACHTA A CHUR CHUN CINN ROIC\u00c9AD<\/h2>\n<p>Is iad na pr\u00edomhbhunt\u00e1ist\u00ed a bhaineann le cl\u00e1r d\u00edlseachta Casino ar l\u00edne Rocket Play n\u00e1 an cumas c\u00e9atad\u00e1n \u00e1irithe de na cist\u00ed a chaitear ar gheallta a thabhairt ar ais chuig do chuntas. Is tairiscint uath\u00fail \u00e9 seo a thugann aire do do bhuis\u00e9ad agus a shol\u00e1thra\u00edonn deiseanna breise le haghaidh fi\u00fa n\u00edos m\u00f3 geallta agus buaite, faoi seach.<\/p>\n<p>Cuireann an institi\u00faid dh\u00e1 chine\u00e1l cl\u00e1r d\u00edlseachta ar f\u00e1il d\u00e1 chustaim\u00e9ir\u00ed. Mar sin f\u00e9in, tagra\u00edonn siad go l\u00e9ir do thabhairt ar ais cist\u00ed caite. N\u00ed hionann ach an m\u00e9id ais-airgid agus na coinn\u00edollacha chun \u00e9 a fh\u00e1il.<\/p>\n<ul>\n<li>suas le 15% de na cist\u00ed a chaitear ar shliot\u00e1in, a fhabhra\u00edtear gach Luan agus at\u00e1 bail\u00ed ar feadh 3 l\u00e1;<\/li>\n<li>Cuirtear suas le 10% airgead ar ais ar chluich\u00ed beo chun sochair gach D\u00e9ardaoin.<\/li>\n<\/ul>\n<p>Braitheann an m\u00e9id airgid a thabharfar ar ais don chliant ar a st\u00e1das cearrbhachais. D\u00e1 airde \u00e9, is m\u00f3 an m\u00e9id. Mar sin, is fi\u00fa a bheith i d\u2019\u00fas\u00e1ideoir gn\u00edomhach agus an cuntas a athl\u00e1n\u00fa i gc\u00f3na\u00ed. Tabhair faoi deara le do thoil nach nd\u00e9antar ach f\u00edorchist\u00ed a r\u00edomh, agus n\u00ed chuirtear b\u00f3nais n\u00e1 buaite san \u00e1ireamh. Ar an l\u00e1 cu\u00ed (D\u00e9 Luain n\u00f3 D\u00e9ardaoin), tarla\u00edonn an n\u00f3s imeachta ais\u00edoca\u00edocht airgid ioml\u00e1n go huathoibr\u00edoch. Is \u00e9 an t-uasmh\u00e9id ais\u00edoca\u00edochta n\u00e1 5,000 euro n\u00f3 8,000 dollar na hAstr\u00e1ile.<\/p>\n<h2>CONAS A BHEITH C\u00c1ILITHE DO CHL\u00c1R D\u00cdlseacht CAISIN?<\/h2>\n<p>Chun iarratas a dh\u00e9anamh ar chl\u00e1r d\u00edlseachta Casino Rocket Play Australia, n\u00ed m\u00f3r duit clo\u00ed leis na t\u00e9arma\u00ed agus na coinn\u00edollacha go l\u00e9ir chun b\u00f3nais a dheon\u00fa. Sa ch\u00e1s seo, is fabhr\u00fa airgid ar ais \u00e9. Ar dt\u00fas, n\u00ed m\u00f3r duit a bheith i do chliant at\u00e1 cl\u00e1raithe go hoifigi\u00fail ar an tairseach agus do chuntas f\u00e9in agus do chuntas cluiche a bheith agat. Ar an dara dul s\u00edos, n\u00ed m\u00f3r duit taisc\u00ed a dh\u00e9anamh chuig do chuntas. Ar an tr\u00ed\u00fa dul s\u00edos, is g\u00e1 geallta a dh\u00e9anamh ag baint \u00fas\u00e1ide as f\u00edorbhuis\u00e9ad. Tar \u00e9is an tsaoil, is as na cist\u00ed seo a asbhainfear m\u00e9id na hais\u00edoca\u00edochta.<\/p>\n<h2>CONCL\u00daID<\/h2>\n<p>Ag achoimre ar an m\u00e9id thuas, is f\u00e9idir linn a thabhairt i gcr\u00edch gur tairiscint dochreidte \u00e9 an cl\u00e1r d\u00edlseachta ceasa\u00edneo is fearr do chliaint oifigi\u00fala na tairs\u00ed Rocket Play a chabhr\u00f3idh le cuid de na cist\u00ed caite a thabhairt ar ais. Is f\u00e9idir leat ais\u00edoca\u00edocht suas le 15% a fh\u00e1il ar gheallta sliot\u00e1n, agus suas le 10% ar chaitheamh siamsa\u00edochta beo. Ardaigh do st\u00e1das cluiche agus faigh tuairisce\u00e1in uasta. D\u00e9antar an m\u00e9id a r\u00edomh agus a chur chun sochair go huathoibr\u00edoch chuig an gcuntas cluiche gach Luan agus D\u00e9ardaoin.<\/p>\n<p><strong>L\u00e9igh freisin faoi:<\/strong><\/p>\n<ul>\n<li><a href=\"https:\/\/rocketplay-slot.com\/ga\/bonus\/regular-bonuses\/\">B\u00f3nais Rialta<\/a><\/li>\n<li><a href=\"https:\/\/rocketplay-slot.com\/ga\/bonus\/vip-program\/\">Cl\u00e1r VIP<\/a><\/li>\n<\/ul>\n","protected":false},"excerpt":{"rendered":"<p>Is \u00e9 an rud is fearr ar f\u00e9idir leat smaoineamh air do chustaim\u00e9ir\u00ed buna\u00edochta\u00ed cearrbhachais n\u00e1 cl\u00e1r uath\u00fail a chruth\u00fa le bronntanais agus dreasachta\u00ed. T\u00e1 s\u00e9 an-spreag\u00fail agus spreag\u00fail an oiread ama agus is f\u00e9idir a chaitheamh ar an ngn\u00edomha\u00edocht is fearr leat. Cuid\u00edonn s\u00e9 freisin gan creideamh a chailleadh i mbua an duine, gan&#8230;<\/p>\n","protected":false},"author":1,"featured_media":0,"parent":1419,"menu_order":0,"comment_status":"closed","ping_status":"closed","template":"","meta":{"_acf_changed":false,"_kad_post_transparent":"default","_kad_post_title":"default","_kad_post_layout":"default","_kad_post_sidebar_id":"","_kad_post_content_style":"default","_kad_post_vertical_padding":"default","_kad_post_feature":"","_kad_post_feature_position":"","_kad_post_header":false,"_kad_post_footer":false,"footnotes":""},"class_list":["post-1461","page","type-page","status-publish","hentry"],"acf":[],"rttpg_featured_image_url":null,"rttpg_author":{"display_name":"Elvis","author_link":"https:\/\/rocketplay-slot.com\/ga\/author\/pemvas95n89x\/"},"rttpg_comment":0,"rttpg_category":null,"rttpg_excerpt":"Is \u00e9 an rud is fearr ar f\u00e9idir leat smaoineamh air do chustaim\u00e9ir\u00ed buna\u00edochta\u00ed cearrbhachais n\u00e1 cl\u00e1r uath\u00fail a chruth\u00fa le bronntanais agus dreasachta\u00ed. T\u00e1 s\u00e9 an-spreag\u00fail agus spreag\u00fail an oiread ama agus is f\u00e9idir a chaitheamh ar an ngn\u00edomha\u00edocht is fearr leat. Cuid\u00edonn s\u00e9 freisin gan creideamh a chailleadh i mbua an duine, gan...","_links":{"self":[{"href":"https:\/\/rocketplay-slot.com\/ga\/wp-json\/wp\/v2\/pages\/1461","targetHints":{"allow":["GET"]}}],"collection":[{"href":"https:\/\/rocketplay-slot.com\/ga\/wp-json\/wp\/v2\/pages"}],"about":[{"href":"https:\/\/rocketplay-slot.com\/ga\/wp-json\/wp\/v2\/types\/page"}],"author":[{"embeddable":true,"href":"https:\/\/rocketplay-slot.com\/ga\/wp-json\/wp\/v2\/users\/1"}],"replies":[{"embeddable":true,"href":"https:\/\/rocketplay-slot.com\/ga\/wp-json\/wp\/v2\/comments?post=1461"}],"version-history":[{"count":3,"href":"https:\/\/rocketplay-slot.com\/ga\/wp-json\/wp\/v2\/pages\/1461\/revisions"}],"predecessor-version":[{"id":4663,"href":"https:\/\/rocketplay-slot.com\/ga\/wp-json\/wp\/v2\/pages\/1461\/revisions\/4663"}],"up":[{"embeddable":true,"href":"https:\/\/rocketplay-slot.com\/ga\/wp-json\/wp\/v2\/pages\/1419"}],"wp:attachment":[{"href":"https:\/\/rocketplay-slot.com\/ga\/wp-json\/wp\/v2\/media?parent=1461"}],"curies":[{"name":"wp","href":"https:\/\/api.w.org\/{rel}","templated":true}]}}