{"id":1477,"date":"2022-09-30T12:39:29","date_gmt":"2022-09-30T09:39:29","guid":{"rendered":"https:\/\/rocketplay-slot.com\/bonus\/regular-bonuses\/"},"modified":"2024-02-08T18:20:04","modified_gmt":"2024-02-08T15:20:04","slug":"regular-bonuses","status":"publish","type":"page","link":"https:\/\/rocketplay-slot.com\/ga\/bonus\/regular-bonuses\/","title":{"rendered":"B\u00f3nais rialta RocketPlay"},"content":{"rendered":"<p>T\u00e1 s\u00e9 fionnuar comhoibri\u00fa le hinstiti\u00faid a oibr\u00edonn do chustaim\u00e9ir\u00ed agus a dh\u00e9anann gach rud is f\u00e9idir as a gcuid compord, s\u00e1stachta agus tairbhe. Sin \u00e9 an f\u00e1th molaimid duit aird a thabhairt ar an gcl\u00e1r b\u00f3nais Casino Rocket Play. Is institi\u00faid uath\u00fail \u00e9 seo a bhfuil c\u00e1il air as a bronntanais flaithi\u00fala. T\u00e1 go leor custaim\u00e9ir\u00ed ina n-\u00fas\u00e1ideoir\u00ed d\u00edlse den tairseach seo mar gheall ar choinn\u00edollacha fabhracha b\u00f3nais den s\u00f3rt sin agus raon leathan tairiscint\u00ed.<\/p>\n<h2>GACH FAOI B\u00d3NAS RIALTACHTA AG ROCKET PLAY CASINO<\/h2>\n<p>B\u00f3nas ceasa\u00edneo Rocket Play T\u00e1 b\u00f3nais rialta ag an Astr\u00e1il ar ch\u00f3ir duit a bheith ar an eolas f\u00fathu agus bunt\u00e1iste ioml\u00e1n a bhaint astu. Mar a deir siad, &#8220;Iontaobhas i nDia, ach freisin iarracht a dh\u00e9anamh t\u00fa f\u00e9in.&#8221; Mar sin, n\u00e1 b\u00ed leisci\u00fail agus l\u00e9igh ar aghaidh. Bail\u00edtear an fhaisn\u00e9is riachtanach go l\u00e9ir a theasta\u00edonn uait a bheith agat faoi b\u00f3nais rialta anseo.<\/p>\n<p>Is pointe t\u00e1bhachtach \u00e9 go gcaithfidh t\u00fa a bheith i do chustaim\u00e9ir at\u00e1 cl\u00e1raithe go hoifigi\u00fail chun b\u00f3nais, tairiscint\u00ed agus pribhl\u00e9id\u00ed uile na tairs\u00ed a \u00fas\u00e1id. T\u00e9igh tr\u00ed n\u00f3s imeachta cl\u00e1r\u00fach\u00e1in simpl\u00ed tapa, cruthaigh do phr\u00f3if\u00edl agus bain sult as na bunt\u00e1ist\u00ed agus na d\u00edbhinn\u00ed go l\u00e9ir.<\/p>\n<p>Chomh maith leis sin, n\u00e1 d\u00e9an dearmad cur leis an gcuntas cluiche leis an m\u00e9id \u00edosta. Oscl\u00f3idh s\u00e9 seo an bealach duit n\u00ed hamh\u00e1in le geallta f\u00edor agus buaiteanna uasta ach freisin do gach b\u00f3nais is f\u00e9idir. D\u00e1 ghn\u00edomha\u00ed a bhreiseann t\u00fa do chuntas, is amhlaidh is m\u00f3 pribhl\u00e9id\u00ed a gheobhaidh t\u00fa d\u00f3.<\/p>\n<p style=\"text-align: center;\"><img loading=\"lazy\" decoding=\"async\" class=\"aligncenter wp-image-4205\" src=\"https:\/\/rocketplay-slot.com\/wp-content\/uploads\/2024\/02\/32352252.png\" alt=\"bonus RocketPlay\" width=\"800\" height=\"304\" \/><\/p>\n<h2>CINE\u00c1LACHA B\u00d3NAS CASINO<\/h2>\n<p>Cuireann an institi\u00faid roinnt cine\u00e1lacha b\u00f3nais ar f\u00e1il d\u00e1 custaim\u00e9ir\u00ed:<\/p>\n<ul>\n<li>Ar an Aoine, is spins bronntanais iad seo le haghaidh r\u00f3-ual\u00fa;<\/li>\n<li>Gach Domhnach, is 50% breise \u00e9 seo don chuntas;<\/li>\n<li>C\u00f3id cur chun cinn Rocket Play.<\/li>\n<\/ul>\n<p>T\u00e1 gach ceann acu an-bhrab\u00fasach agus oscla\u00edonn siad deiseanna nua don chearrbhachas. Mar sin f\u00e9in, \u00e9il\u00edonn gach ceann de na b\u00f3nais seo comhl\u00edonadh coinn\u00edollacha \u00e1irithe. Fan linn agus l\u00e9igh cad at\u00e1 ag teast\u00e1il chuige seo.<\/p>\n<p><img loading=\"lazy\" decoding=\"async\" class=\"alignright wp-image-4195\" src=\"https:\/\/rocketplay-slot.com\/wp-content\/uploads\/2024\/02\/333.png\" alt=\"bonus RocketPlay 2\" width=\"600\" height=\"299\" srcset=\"https:\/\/rocketplay-slot.com\/wp-content\/uploads\/2024\/02\/333.png 626w, https:\/\/rocketplay-slot.com\/wp-content\/uploads\/2024\/02\/333-300x150.png 300w\" sizes=\"auto, (max-width: 600px) 100vw, 600px\" \/><\/p>\n<h2>CONAS AN B\u00d3NAS CAISIN A FH\u00c1IL<\/h2>\n<p>Chun b\u00f3nais a fh\u00e1il, n\u00ed g\u00e1 duit aon rud neamhghn\u00e1ch a dh\u00e9anamh. Ar dt\u00fas, n\u00ed m\u00f3r duit a bheith i do chliant at\u00e1 cl\u00e1raithe go hoifigi\u00fail agus do chuntas f\u00e9in agus do chuntas pearsanta a bheith agat.<\/p>\n<p>Chomh maith leis sin, chun bronntanais a fh\u00e1il, n\u00ed m\u00f3r duit do chuid f\u00edor-airgead f\u00e9in a thaisceadh sa chuntas cluiche. Mar sin f\u00e9in, is gn\u00f3 mar is gn\u00e1ch \u00e9 seo do chearrbhachas. Tar \u00e9is an tsaoil, d&#8217;fhonn geall a dh\u00e9anamh agus deis airgead a bhuachan, is g\u00e1 taisc\u00ed a dh\u00e9anamh. D\u00e9an iad i gceart, in am, agus sa chainn\u00edocht riachtanach, agus gheobhaidh t\u00fa bronntanais bhreise as seo.<\/p>\n<h2>T\u00c9ARMA\u00cd AGUS COINN\u00cdOLLACHA B\u00d3NAS RIALAITHE<\/h2>\n<p>D&#8217;fhonn tuiscint n\u00edos fearr a fh\u00e1il ar na bunt\u00e1ist\u00ed uile a bhaineann le bronntanais den s\u00f3rt sin a fh\u00e1il agus cad at\u00e1 riachtanach d\u00f3 seo, l\u00e9igh an t\u00e1bla th\u00edos. D\u00e9anann s\u00e9 cur s\u00edos go mion ar an eolas riachtanach ar fad.<\/p>\n<table border=\"0\" cellspacing=\"0\" cellpadding=\"0\">\n<tbody>\n<tr>\n<td><strong>B\u00f3nas<\/strong><\/td>\n<td><strong>Coinn\u00edollacha<\/strong><\/td>\n<\/tr>\n<tr>\n<td>D\u00e9 hAoine Athl\u00f3d\u00e1il<\/td>\n<td>M\u00e1s rud \u00e9 D\u00e9 hAoine m\u00e1 athl\u00e1na\u00edonn t\u00fa an cuntas cluiche faoin \u00edosmh\u00e9id ar a laghad (20 EUR n\u00f3 30 dollar na hAstr\u00e1ile), ansin gheobhaidh t\u00fa spins saor in aisce Rocket Play ar an m\u00e9id at\u00e1 comhionann le do rann\u00edoca\u00edocht (20, 50 n\u00f3 100).<\/td>\n<\/tr>\n<tr>\n<td>tairiscint D\u00e9 Domhnaigh<\/td>\n<td>M\u00e1s rud \u00e9 ar an Domhnach athl\u00e1na\u00edonn t\u00fa an cuntas cluiche faoin \u00edosmh\u00e9id ar a laghad (20 EUR n\u00f3 30 dollar na hAstr\u00e1ile), ansin gheobhaidh t\u00fa 50% breise den mh\u00e9id taiscthe.<\/td>\n<\/tr>\n<tr>\n<td>C\u00f3id b\u00f3nas Rocket Play (promo)<\/td>\n<td>Cuir m\u00e9id 350 euro n\u00f3 300 dollar na hAstr\u00e1ile le do chuntas agus cuir isteach an c\u00f3d promo speisialta HIGHROLLER ag an bhfuinneog tic\u00e9ad amach. Chun seo, gheobhaidh t\u00fa 50% breise den mh\u00e9id taiscthe.<\/td>\n<\/tr>\n<\/tbody>\n<\/table>\n<p>Mar a fheiceann t\u00fa, t\u00e1 na coinn\u00edollacha simpl\u00ed go leor, ach t\u00e1 na bronntanais thar a bheith brab\u00fasach. D\u00e9anann t\u00fa taisc\u00ed ar aon n\u00f3s, mar sin d\u00e9an iad i gceart agus in am. N\u00e1 moill toisc go bhfuil buaiteanna craice\u00e1ilte ag fanacht leat cheana f\u00e9in!<\/p>\n<h2>CC<\/h2>\n<h3>CAD IAD NA B\u00d3NAS RIALTACHTA DO IMREOIR\u00cd?<\/h3>\n<p>T\u00e1 b\u00f3nais seachtaini\u00fala ann do chliaint na tairs\u00ed &#8211; ar an gC\u00e9adaoin, t\u00e1 bronntanais le hathl\u00f3d\u00e1il, agus gach Domhnach, is f\u00e9idir leat 50% breise den \u00e9arlais a fh\u00e1il. Is f\u00e9idir leat c\u00f3d cur chun cinn speisialta a \u00fas\u00e1id freisin agus, faoi r\u00e9ir coinn\u00edollacha \u00e1irithe, 50% eile a bhaint as do chuntas.<\/p>\n<h3>C\u00c9N F\u00c1TH A DH\u00c9ANAMH LE B\u00d3NAS A FH\u00c1IL?<\/h3>\n<p>Is iad na 2 choinn\u00edoll is t\u00e1bhachta\u00ed nach m\u00f3r a chomhl\u00edonadh chun b\u00f3nais a fh\u00e1il n\u00e1: a bheith i do chustaim\u00e9ir at\u00e1 cl\u00e1raithe go hoifigi\u00fail agus do chist\u00ed r\u00e9adacha f\u00e9in a thaisceadh go tr\u00e9imhsi\u00fail isteach sa chuntas cluiche.<\/p>\n<h3>AN F\u00c9IDIR LE hIMREOIR AMH\u00c1IN GACH B\u00d3NAS A FH\u00c1IL AMH\u00c1IN?<\/h3>\n<p>T\u00e1. Is f\u00e9idir le gach cliant a fh\u00e1il go hioml\u00e1n gach cine\u00e1l na b\u00f3nais i l\u00e1thair.<\/p>\n<p><strong>L\u00e9igh freisin faoi:<\/strong><\/p>\n<ul>\n<li><a href=\"https:\/\/rocketplay-slot.com\/ga\/bonus\/welcome-offer\/\">Tairiscint F\u00e1ilte<\/a><\/li>\n<li><a href=\"https:\/\/rocketplay-slot.com\/ga\/bonus\/vip-program\/\">Cl\u00e1r VIP<\/a><\/li>\n<\/ul>\n","protected":false},"excerpt":{"rendered":"<p>T\u00e1 s\u00e9 fionnuar comhoibri\u00fa le hinstiti\u00faid a oibr\u00edonn do chustaim\u00e9ir\u00ed agus a dh\u00e9anann gach rud is f\u00e9idir as a gcuid compord, s\u00e1stachta agus tairbhe. Sin \u00e9 an f\u00e1th molaimid duit aird a thabhairt ar an gcl\u00e1r b\u00f3nais Casino Rocket Play. Is institi\u00faid uath\u00fail \u00e9 seo a bhfuil c\u00e1il air as a bronntanais flaithi\u00fala. T\u00e1 go&#8230;<\/p>\n","protected":false},"author":1,"featured_media":0,"parent":1419,"menu_order":0,"comment_status":"closed","ping_status":"closed","template":"","meta":{"_acf_changed":false,"_kad_post_transparent":"default","_kad_post_title":"default","_kad_post_layout":"default","_kad_post_sidebar_id":"","_kad_post_content_style":"default","_kad_post_vertical_padding":"default","_kad_post_feature":"","_kad_post_feature_position":"","_kad_post_header":false,"_kad_post_footer":false,"footnotes":""},"class_list":["post-1477","page","type-page","status-publish","hentry"],"acf":[],"rttpg_featured_image_url":null,"rttpg_author":{"display_name":"Elvis","author_link":"https:\/\/rocketplay-slot.com\/ga\/author\/pemvas95n89x\/"},"rttpg_comment":0,"rttpg_category":null,"rttpg_excerpt":"T\u00e1 s\u00e9 fionnuar comhoibri\u00fa le hinstiti\u00faid a oibr\u00edonn do chustaim\u00e9ir\u00ed agus a dh\u00e9anann gach rud is f\u00e9idir as a gcuid compord, s\u00e1stachta agus tairbhe. Sin \u00e9 an f\u00e1th molaimid duit aird a thabhairt ar an gcl\u00e1r b\u00f3nais Casino Rocket Play. Is institi\u00faid uath\u00fail \u00e9 seo a bhfuil c\u00e1il air as a bronntanais flaithi\u00fala. T\u00e1 go...","_links":{"self":[{"href":"https:\/\/rocketplay-slot.com\/ga\/wp-json\/wp\/v2\/pages\/1477","targetHints":{"allow":["GET"]}}],"collection":[{"href":"https:\/\/rocketplay-slot.com\/ga\/wp-json\/wp\/v2\/pages"}],"about":[{"href":"https:\/\/rocketplay-slot.com\/ga\/wp-json\/wp\/v2\/types\/page"}],"author":[{"embeddable":true,"href":"https:\/\/rocketplay-slot.com\/ga\/wp-json\/wp\/v2\/users\/1"}],"replies":[{"embeddable":true,"href":"https:\/\/rocketplay-slot.com\/ga\/wp-json\/wp\/v2\/comments?post=1477"}],"version-history":[{"count":4,"href":"https:\/\/rocketplay-slot.com\/ga\/wp-json\/wp\/v2\/pages\/1477\/revisions"}],"predecessor-version":[{"id":1479,"href":"https:\/\/rocketplay-slot.com\/ga\/wp-json\/wp\/v2\/pages\/1477\/revisions\/1479"}],"up":[{"embeddable":true,"href":"https:\/\/rocketplay-slot.com\/ga\/wp-json\/wp\/v2\/pages\/1419"}],"wp:attachment":[{"href":"https:\/\/rocketplay-slot.com\/ga\/wp-json\/wp\/v2\/media?parent=1477"}],"curies":[{"name":"wp","href":"https:\/\/api.w.org\/{rel}","templated":true}]}}