{"id":1495,"date":"2022-09-30T14:05:28","date_gmt":"2022-09-30T11:05:28","guid":{"rendered":"https:\/\/rocketplay-slot.com\/bonus\/vip-program\/"},"modified":"2024-02-08T18:15:38","modified_gmt":"2024-02-08T15:15:38","slug":"vip-program","status":"publish","type":"page","link":"https:\/\/rocketplay-slot.com\/ga\/bonus\/vip-program\/","title":{"rendered":"Cl\u00e1r VIP RocketPlay"},"content":{"rendered":"<p>N\u00ed f\u00e9idir ach le buna\u00edochta\u00ed cearrbhachais den scoth a bheith br\u00f3d\u00fail as c\u00f3ras dreasachta speisialta a bheith acu do chustaim\u00e9ir\u00ed. M\u00e1 roghnaigh t\u00fa an institi\u00faid seo le haghaidh comhair, t\u00e1 an rogha ceart d\u00e9anta agat mar go bhfuil custaim\u00e9ir\u00ed gn\u00edomhacha anseo ag fanacht leis an gcl\u00e1r VIP is fearr ag Casino Rocket Play agus b\u00f3nais agus bronntanais lean\u00fanacha chun an st\u00e1das cearrbhachais a mh\u00e9ad\u00fa. Gheobhaidh muid amach cad \u00e9 go d\u00edreach an cl\u00e1r seo agus cad iad na bunt\u00e1ist\u00ed a bhaineann leis. B\u00edg\u00ed linn agus foghlaim n\u00edos m\u00f3!<\/p>\n<h2>CAD \u00c9 AN CL\u00c1R VIP I gC\u00c1S\u00d3N ROCKET PLAY?<\/h2>\n<p>Is tairiscint uath\u00fail \u00e9 cl\u00e1r VIP Casino Rocket Play a thugann deis chun an st\u00e1das cearrbhachais a mh\u00e9ad\u00fa. D\u00e1 airde an st\u00e1das seo, is fearr na coinn\u00edollacha maidir le comhar agus bronntanais agus b\u00f3nais n\u00edos luachmhaire. T\u00e1 10 leibh\u00e9al san ioml\u00e1n. Is \u00e9 an ch\u00e9ad cheann acu iarann, a fhaigheann an t-imreoir a luaithe a chr\u00edochna\u00edonn s\u00e9 an pr\u00f3iseas cl\u00e1r\u00fach\u00e1in go rath\u00fail.<\/p>\n<p>Ansin, n\u00ed m\u00f3r duit Point\u00ed Comp a thuilleamh &#8211; point\u00ed f\u00edor\u00fala, agus feabhs\u00f3idh an carnadh sin do st\u00e1das. Is \u00e9 an ch\u00e9ad leibh\u00e9al cr\u00e9-umha, agus nuair a shroicheann t\u00fa \u00e9, gheobhaidh t\u00fa 10 spins saor in aisce ar pokies barr. Is \u00e9 Finsc\u00e9al Diamond an st\u00e1das is airde. Oscla\u00edonn s\u00e9 bunt\u00e1ist\u00ed dochreidte don chearrbhachas &#8211; ais\u00edoca\u00edocht seachtaini\u00fail 15%, chomh maith le suas le 15 m\u00edle euro n\u00f3 22.5 m\u00edle dollar na hAstr\u00e1ile i mb\u00f3nas gan taisce.<\/p>\n<p>T\u00e1 coinn\u00edollacha fabhraithe Point\u00ed Comp an-simpl\u00ed. Cuirtear chun sochair iad go huathoibr\u00edoch chuig cuntas cluiche speisialta le haghaidh gach geall sliot\u00e1n a dh\u00e9antar le f\u00edor-airgead. Is \u00e9 an coibh\u00e9is fabhraithe n\u00e1 1 bhonn f\u00edor\u00fail in aghaidh gach \u20ac20\/30AUD a chaitear ar geall.<\/p>\n<p style=\"text-align: center;\"><img loading=\"lazy\" decoding=\"async\" class=\"aligncenter wp-image-4215\" src=\"https:\/\/rocketplay-slot.com\/wp-content\/uploads\/2024\/02\/r3463463.png\" alt=\"VIP RocketPlay\" width=\"1000\" height=\"333\" srcset=\"https:\/\/rocketplay-slot.com\/wp-content\/uploads\/2024\/02\/r3463463.png 1568w, https:\/\/rocketplay-slot.com\/wp-content\/uploads\/2024\/02\/r3463463-300x100.png 300w, https:\/\/rocketplay-slot.com\/wp-content\/uploads\/2024\/02\/r3463463-1024x341.png 1024w, https:\/\/rocketplay-slot.com\/wp-content\/uploads\/2024\/02\/r3463463-768x256.png 768w, https:\/\/rocketplay-slot.com\/wp-content\/uploads\/2024\/02\/r3463463-1536x511.png 1536w\" sizes=\"auto, (max-width: 1000px) 100vw, 1000px\" \/><\/p>\n<h2>NA SOCHAIR A BHFUIL I GCEANN\u00c1N VIP AG CAIS\u00cdNI\u00da ROIC\u00c9AD Imeartha<\/h2>\n<p>Is l\u00e9ir na bunt\u00e1ist\u00ed a bhaineann le cl\u00e1r VIP Casino Rocket Play Astr\u00e1il. Tabharfaidh gach st\u00e1das nua t\u00e9arma\u00ed comhair n\u00edos fearr agus b\u00f3nais n\u00edos brab\u00fasa\u00ed. Ar nd\u00f3igh, braitheann gach rud ar an st\u00e1das, ach fi\u00fa tar \u00e9is na ch\u00e9ad leibh\u00e9il a fh\u00e1il, beidh an gambler s\u00e1sta dreasachta\u00ed breise a fh\u00e1il. Ag brath ar an leibh\u00e9al, t\u00e1 s\u00e9:<\/p>\n<ul>\n<li>Spins saor in aisce breise i sliot\u00e1n (\u00f3 10 le haghaidh leibh\u00e9al Cr\u00e9-umha go 300 le haghaidh Finsc\u00e9al Airgid);<\/li>\n<li>Airgead ar ais (\u00f3 3% le haghaidh Airgid go 15% le haghaidh Finsc\u00e9al Diamond);<\/li>\n<li>Gan B\u00f3nas Taisce (\u00f3 \u20ac1.5k\/AUD$2.3k le haghaidh Finsc\u00e9al \u00d3ir go \u20ac15k\/AUD$22.5k le haghaidh Finsc\u00e9al D\u00e9imean).<\/li>\n<\/ul>\n<p>Mar a fheiceann t\u00fa, t\u00e1 na t\u00e9arma\u00ed agus na bunt\u00e1ist\u00ed n\u00edos fearr f\u00f3s n\u00e1 mar is f\u00e9idir leat a shamhl\u00fa. Ina theannta sin, chun an st\u00e1das a mh\u00e9ad\u00fa, n\u00ed g\u00e1 duit aon rud speisialta a dh\u00e9anamh &#8211; ach do chuntas f\u00e9in a athl\u00e1n\u00fa agus geallta a dh\u00e9anamh ar an bhf\u00edorbhuis\u00e9ad. Mar sin f\u00e9in, is \u00e9 cro\u00edl\u00e1r an chearrbhachais seo. D\u00e9an gn\u00e1thghn\u00edomhartha agus faigh d\u00edbhinn\u00ed ina leith.<\/p>\n<h2>BUNT\u00c1IST\u00cd AGUS M\u00cdBHUNT\u00c1IST\u00cd<\/h2>\n<p>T\u00e1 bunt\u00e1ist\u00ed iomad\u00fala agus m\u00edbhunt\u00e1ist\u00ed ag baint leis an gcl\u00e1r casino ar l\u00edne Rocket Play vip, ar ch\u00f3ir a thabhairt faoi deara ar mhaithe le cothroime.<\/p>\n<table border=\"0\" cellspacing=\"0\" cellpadding=\"0\">\n<tbody>\n<tr>\n<td><strong>Bunt\u00e1ist\u00ed<\/strong><\/td>\n<td>Cons<\/td>\n<\/tr>\n<tr>\n<td>Cur i l\u00e1thair saor in aisce ar an TOP pokies<\/td>\n<td>Teorainn ama le haghaidh b\u00f3nais (5 l\u00e1)<\/td>\n<\/tr>\n<tr>\n<td>ais\u00edoca\u00edocht \u00f3 3% go 15%<\/td>\n<td>T\u00e1 an pr\u00f3iseas chun gach leibh\u00e9al nua a bhaint amach fada go leor<\/td>\n<\/tr>\n<tr>\n<td>Gan aon b\u00f3nais Taisce<\/td>\n<td><\/td>\n<\/tr>\n<\/tbody>\n<\/table>\n<p>N\u00ed chuireann m\u00edbhunt\u00e1ist\u00ed beaga ar ceal go f\u00f3ill na bunt\u00e1ist\u00ed dochreidte a fhaigheann cliant na tairs\u00ed le gach leibh\u00e9al nua.<\/p>\n<h2>CC<\/h2>\n<h3>CONAS LEIBH\u00c9AL NUA CLUICHE A FH\u00c1IL?<\/h3>\n<p>Chun seo a dh\u00e9anamh, is g\u00e1 an cuntas a athl\u00e1n\u00fa le cist\u00ed f\u00edor agus geallta a dh\u00e9anamh ag baint \u00fas\u00e1ide as an gcaipiteal seo.<\/p>\n<h3>C\u00c9ARD A GHLACFAR LIOM NUAIR A sroicheann m\u00e9 an t-uasleibh\u00e9al VIP?<\/h3>\n<p>Sa ch\u00e1s seo, gheobhaidh t\u00fa airgead ar ais 15% agus m\u00e9id suntasach de bh\u00f3nas gan taisce.<\/p>\n<h3>CONAS 1 BHONN F\u00cdOR\u00daIL A THILLEADH?<\/h3>\n<p>Cuirtear gach pointe nua chun sochair tar \u00e9is don cham\u00f3g geall \u20ac20 n\u00f3 30 AUD a dh\u00e9anamh.<\/p>\n<p><strong>L\u00e9igh freisin faoi:<\/strong><\/p>\n<ul>\n<li><a href=\"https:\/\/rocketplay-slot.com\/ga\/bonus\/welcome-offer\/\">Tairiscint F\u00e1ilte<\/a><\/li>\n<\/ul>\n","protected":false},"excerpt":{"rendered":"<p>N\u00ed f\u00e9idir ach le buna\u00edochta\u00ed cearrbhachais den scoth a bheith br\u00f3d\u00fail as c\u00f3ras dreasachta speisialta a bheith acu do chustaim\u00e9ir\u00ed. M\u00e1 roghnaigh t\u00fa an institi\u00faid seo le haghaidh comhair, t\u00e1 an rogha ceart d\u00e9anta agat mar go bhfuil custaim\u00e9ir\u00ed gn\u00edomhacha anseo ag fanacht leis an gcl\u00e1r VIP is fearr ag Casino Rocket Play agus b\u00f3nais&#8230;<\/p>\n","protected":false},"author":1,"featured_media":0,"parent":1419,"menu_order":0,"comment_status":"closed","ping_status":"closed","template":"","meta":{"_acf_changed":false,"_kad_post_transparent":"default","_kad_post_title":"default","_kad_post_layout":"default","_kad_post_sidebar_id":"","_kad_post_content_style":"default","_kad_post_vertical_padding":"default","_kad_post_feature":"","_kad_post_feature_position":"","_kad_post_header":false,"_kad_post_footer":false,"footnotes":""},"class_list":["post-1495","page","type-page","status-publish","hentry"],"acf":[],"rttpg_featured_image_url":null,"rttpg_author":{"display_name":"Elvis","author_link":"https:\/\/rocketplay-slot.com\/ga\/author\/pemvas95n89x\/"},"rttpg_comment":0,"rttpg_category":null,"rttpg_excerpt":"N\u00ed f\u00e9idir ach le buna\u00edochta\u00ed cearrbhachais den scoth a bheith br\u00f3d\u00fail as c\u00f3ras dreasachta speisialta a bheith acu do chustaim\u00e9ir\u00ed. M\u00e1 roghnaigh t\u00fa an institi\u00faid seo le haghaidh comhair, t\u00e1 an rogha ceart d\u00e9anta agat mar go bhfuil custaim\u00e9ir\u00ed gn\u00edomhacha anseo ag fanacht leis an gcl\u00e1r VIP is fearr ag Casino Rocket Play agus b\u00f3nais...","_links":{"self":[{"href":"https:\/\/rocketplay-slot.com\/ga\/wp-json\/wp\/v2\/pages\/1495","targetHints":{"allow":["GET"]}}],"collection":[{"href":"https:\/\/rocketplay-slot.com\/ga\/wp-json\/wp\/v2\/pages"}],"about":[{"href":"https:\/\/rocketplay-slot.com\/ga\/wp-json\/wp\/v2\/types\/page"}],"author":[{"embeddable":true,"href":"https:\/\/rocketplay-slot.com\/ga\/wp-json\/wp\/v2\/users\/1"}],"replies":[{"embeddable":true,"href":"https:\/\/rocketplay-slot.com\/ga\/wp-json\/wp\/v2\/comments?post=1495"}],"version-history":[{"count":3,"href":"https:\/\/rocketplay-slot.com\/ga\/wp-json\/wp\/v2\/pages\/1495\/revisions"}],"predecessor-version":[{"id":4644,"href":"https:\/\/rocketplay-slot.com\/ga\/wp-json\/wp\/v2\/pages\/1495\/revisions\/4644"}],"up":[{"embeddable":true,"href":"https:\/\/rocketplay-slot.com\/ga\/wp-json\/wp\/v2\/pages\/1419"}],"wp:attachment":[{"href":"https:\/\/rocketplay-slot.com\/ga\/wp-json\/wp\/v2\/media?parent=1495"}],"curies":[{"name":"wp","href":"https:\/\/api.w.org\/{rel}","templated":true}]}}