{"id":1503,"date":"2022-09-29T18:12:36","date_gmt":"2022-09-29T15:12:36","guid":{"rendered":"https:\/\/rocketplay-slot.com\/bonus\/welcome-offer\/"},"modified":"2025-11-24T20:45:55","modified_gmt":"2025-11-24T17:45:55","slug":"welcome-offer","status":"publish","type":"page","link":"https:\/\/rocketplay-slot.com\/ga\/bonus\/welcome-offer\/","title":{"rendered":"F\u00e1ilte thairiscint RocketPlay"},"content":{"rendered":"<p>T\u00e1 gach cearrbhach ag iarraidh na coinn\u00edollacha is fearr a fh\u00e1il le haghaidh comhair. Is d\u00f3cha gurb \u00e9 seo ceann de na pr\u00edomhphoint\u00ed agus cinneadh \u00e1 dh\u00e9anamh chun dul isteach i mbuna\u00edocht cearrbhachais. Mar sin f\u00e9in, n\u00ed fh\u00e1gann b\u00f3nais f\u00e1ilte roimh Rocket Play ag ceasa\u00edneo ar l\u00edne fanacht fada ort agus amhras a bheith ort faoi cheart an chinnidh.<\/p>\n<p>Is f\u00e9idir le newbies a chinneann a bheith ar an bhfoireann super na gcliant tairseach brath ar bronntanais dochreidte a bheidh ina t\u00fas maith le haghaidh \u00e9achta\u00ed breise. Is fi\u00fa d\u2019aird aird a thabhairt ar thairiscint f\u00e1ilte Casino Rocket Play. Sin \u00e9 an f\u00e1th go bhfuil s\u00e9 inmholta n\u00edos m\u00f3 a fhoghlaim faoin tairiscint uath\u00fail seo, a d\u00e9arfaimid leat n\u00edos d\u00e9ana\u00ed.<\/p>\n<p style=\"text-align: center;\"><img loading=\"lazy\" decoding=\"async\" class=\"aligncenter wp-image-4234\" src=\"https:\/\/rocketplay-slot.com\/wp-content\/uploads\/2024\/02\/wtyeuyr453.png\" alt=\"F\u00e1ilte thairiscint RocketPlay\" width=\"1000\" height=\"303\" srcset=\"https:\/\/rocketplay-slot.com\/wp-content\/uploads\/2024\/02\/wtyeuyr453.png 1047w, https:\/\/rocketplay-slot.com\/wp-content\/uploads\/2024\/02\/wtyeuyr453-300x91.png 300w, https:\/\/rocketplay-slot.com\/wp-content\/uploads\/2024\/02\/wtyeuyr453-1024x310.png 1024w, https:\/\/rocketplay-slot.com\/wp-content\/uploads\/2024\/02\/wtyeuyr453-768x233.png 768w\" sizes=\"auto, (max-width: 1000px) 100vw, 1000px\" \/><\/p>\n<h2>CINE\u00c1LACHA DIFRI\u00daLA TAIRISCINT\u00cd F\u00c1ILTE<\/h2>\n<p>N\u00ed haon ionadh go bhfuil na b\u00f3nais f\u00e1ilte is fearr ag Rocket Play chomh coitianta i measc gambl\u00f3ir\u00ed.<\/p>\n<p>Is \u00e9 an sprioc at\u00e1 ag gach tairiscint f\u00e1ilte roimh Rocket Play Astr\u00e1il n\u00e1 an t-\u00fas\u00e1ideoir a thabhairt isteach ar an tairseach, chomh maith leis an mbealach chun an bua a \u00e9asc\u00fa. Ar nd\u00f3igh, i saol an chearrbhachais, is pointe l\u00e1rnach agus an-t\u00e1bhachtach \u00e9 an t-\u00e1dh, ach is f\u00e9idir leat iarracht a dh\u00e9anamh i gc\u00f3na\u00ed do seans \u00e1dh a mh\u00e9ad\u00fa. Mar a deir siad, &#8220;muin\u00edn i nDia, ach n\u00e1 su\u00ed idly leat f\u00e9in.&#8221;<\/p>\n<p>Tar \u00e9is cl\u00e1r\u00fa rath\u00fail ar an tairseach, beidh an tairiscint f\u00e1ilte ceasa\u00edneo is fearr Rocket Play ar f\u00e1il do gach cliant den tairseach. T\u00e1 dh\u00e1 chuid sa dreasacht seo, mar sin is f\u00e9idir na cine\u00e1lacha bronntanais f\u00e1ilte seo a leanas a idirdheal\u00fa.<\/p>\n<ol>\n<li>Bronntanas don ch\u00e9ad \u00e9arlais. Is tairiscint iontach \u00e9 seo mar n\u00edl sa mh\u00e9id \u00edosta breisithe ach 20 \u20ac n\u00f3 30 AUD. Faigheann an t-imreoir an d\u00edbhinn fhlaithi\u00fail seo d\u00edreach tar \u00e9is d\u00f3 an cuntas a athl\u00e1n\u00fa. Cuirtear 100% breise den mh\u00e9id taiscthe chun sochair an chuntais chluiche. Ina theannta sin, faigheann an gambler 100 spins saor in aisce ar na meais\u00edn\u00ed is fearr. D\u00e9antar 20 iarracht a chomhaireamh l\u00e1ithreach. Cuirtear an chuid eile de na spins chun sochair thar na 4 l\u00e1 at\u00e1 romhainn.<\/li>\n<li>Tar \u00e9is an dara breisi\u00fa, beidh bronntanais n\u00edos fuaire f\u00f3s ag fanacht leat. M\u00e1 thaisceann t\u00fa m\u00e9id idir 50 agus 200 euro n\u00f3 dollar, ansin cuirfidh siad 200% eile den mh\u00e9id at\u00e1 i dtaisce leat. Is \u00e9 50 EUR n\u00f3 AUD an t-\u00edosmh\u00e9id chun an b\u00f3nas a \u00e9ileamh, mar sin b\u00ed ar an eolas faoin gcoinn\u00edoll seo agus n\u00e1 caill do sheans.<\/li>\n<\/ol>\n<p>Mar a fheiceann t\u00fa, oibr\u00edonn polasa\u00ed na hinstiti\u00faide i bhfabhar an chliaint \u00f3 na ch\u00e9ad n\u00f3im\u00e9ad tar \u00e9is cl\u00e1r\u00fach\u00e1in. Is beag \u00e1iteanna inniu inar f\u00e9idir leat coinn\u00edollacha fabhracha den s\u00f3rt sin a fh\u00e1il. D\u00e1 bhr\u00ed sin, n\u00e1 b\u00ed ag lorg rud \u00e9igin n\u00edos fearr nuair a bh\u00edonn an id\u00e9alach os do chomhair cheana f\u00e9in.<\/p>\n<p><img loading=\"lazy\" decoding=\"async\" class=\"alignright wp-image-4243\" src=\"https:\/\/rocketplay-slot.com\/wp-content\/uploads\/2024\/02\/45345435435.png\" alt=\"F\u00e1ilte thairiscint RocketPlay 2\" width=\"600\" height=\"304\" srcset=\"https:\/\/rocketplay-slot.com\/wp-content\/uploads\/2024\/02\/45345435435.png 615w, https:\/\/rocketplay-slot.com\/wp-content\/uploads\/2024\/02\/45345435435-300x152.png 300w\" sizes=\"auto, (max-width: 600px) 100vw, 600px\" \/><\/p>\n<h2>CONAS IS F\u00c9IDIR LIOM TAIRISCINT F\u00c1ILTE A \u00c9ILEAMH?<\/h2>\n<p>T\u00e1 na coinn\u00edollacha maidir le pac\u00e1iste f\u00e1ilte a shol\u00e1thar an-simpl\u00ed. Lean iad, agus beidh t\u00fa s\u00e1sta.<\/p>\n<ol>\n<li>Ar dt\u00fas, n\u00ed m\u00f3r duit an pr\u00f3iseas cl\u00e1r\u00fach\u00e1in a chomhl\u00e1n\u00fa go rath\u00fail. N\u00ed f\u00e9idir ach le cliaint oifigi\u00fala gach sochar a \u00e9ileamh \u00f3 chomhar leis an institi\u00faid.<\/li>\n<li>Ar an dara dul s\u00edos, tar \u00e9is cl\u00e1r\u00fach\u00e1in, t\u00e1 s\u00e9 f\u00edor-riachtanach do chist\u00ed f\u00e9in a thaisceadh isteach sa chuntas cluiche. N\u00ed chuirfear cist\u00ed breise agus spins saor in aisce chun sochair ach amh\u00e1in tar \u00e9is an taisce. T\u00e1 s\u00e9 an-simpl\u00ed. Chun seo a dh\u00e9anamh, \u00fas\u00e1id cuid speisialta den roghchl\u00e1r i do chuntas pearsanta. N\u00edl sa \u00e9arlais \u00edosta ach 30 AUD don ch\u00e9ad bhreisi\u00fa agus 50 UAD don dara ceann. Fanann siad ar do chuntas pearsanta ar aon n\u00f3s. Mar sin f\u00e9in, d\u00e1 mh\u00e9ad cist\u00ed a tugadh, is amhlaidh is m\u00f3 airgid a bhronnfar. Tabhair aird ar seo.<\/li>\n<\/ol>\n<p>N\u00edl ach c\u00fapla r\u00e9amhriachtanas agus pac\u00e1iste ioml\u00e1n bronntanais f\u00e1ilte i do l\u00e1mha. N\u00e1 faill\u00ed an deis seo. Bain \u00fas\u00e1id as gach deis chun do leasa f\u00e9in. Fortune bhfabhar an lean\u00fanach.<\/p>\n<h2>CC<\/h2>\n<h3>CONAS B\u00d3NAS F\u00c1ILTE A FH\u00c1IL?<\/h3>\n<p>Chun pac\u00e1iste bronntanais f\u00e1ilte a fh\u00e1il, n\u00ed m\u00f3r duit a bheith i do chliaint at\u00e1 cl\u00e1raithe go hoifigi\u00fail ar an tairseach. Is \u00e9 an dara coinn\u00edoll \u00e9igeantach an cuntas cluiche a athl\u00e1n\u00fa ag an \u00edosmh\u00e9id ar a laghad. Tar \u00e9is an ch\u00e9ad \u00edoca\u00edocht rath\u00fail, cuirfear bronntanais chun sochair l\u00e1ithreach chuig do chuntas.<\/p>\n<h3>CAD A CHUIREANN S\u00cd I bhF\u00c1TH AN PAC\u00c1ISTE F\u00c1ILTE?<\/h3>\n<p>\u00c1ir\u00edtear leis an bpac\u00e1iste bronntanais f\u00e1ilte cist\u00ed breise don chuntas, agus cuirtear t\u00fas le 100 sliot\u00e1n saor in aisce. Faigheann t\u00fa caipiteal b\u00f3nais tar \u00e9is an ch\u00e9ad agus an dara breisi\u00fa. Tar \u00e9is an ch\u00e9ad, i bhfoirm 100% den mh\u00e9id, tar \u00e9is an dara &#8211; an oiread agus is 200%.<\/p>\n<h3>CAD \u00c9 AN M\u00c9ID TAISCE \u00cdOSTA?<\/h3>\n<p>Braitheann s\u00e9 ar an airgeadra a roghna\u00edonn t\u00fa. Sea, m\u00e1 roghnaigh t\u00fa euro i socruithe do phr\u00f3if\u00edle, caithfidh an ch\u00e9ad taisce a bheith 20 euro ar a laghad. M\u00e1 dh\u00e9antar idirbhearta airgeadais i ndollair na hAstr\u00e1ile n\u00f3 i gCeanada, is ionann \u00e9 agus $30.<\/p>\n<p><strong>L\u00e9igh freisin faoi:<\/strong><\/p>\n<ul>\n<li><a href=\"https:\/\/rocketplay-slot.com\/ga\/bonus\/loyalty-program\/\">Cl\u00e1r D\u00edlseachta<\/a><\/li>\n<li><a href=\"https:\/\/rocketplay-slot.com\/ga\/bonus\/regular-bonuses\/\">B\u00f3nais Rialta<\/a><\/li>\n<\/ul>\n","protected":false},"excerpt":{"rendered":"<p>T\u00e1 gach cearrbhach ag iarraidh na coinn\u00edollacha is fearr a fh\u00e1il le haghaidh comhair. Is d\u00f3cha gurb \u00e9 seo ceann de na pr\u00edomhphoint\u00ed agus cinneadh \u00e1 dh\u00e9anamh chun dul isteach i mbuna\u00edocht cearrbhachais. Mar sin f\u00e9in, n\u00ed fh\u00e1gann b\u00f3nais f\u00e1ilte roimh Rocket Play ag ceasa\u00edneo ar l\u00edne fanacht fada ort agus amhras a bheith ort&#8230;<\/p>\n","protected":false},"author":1,"featured_media":0,"parent":1419,"menu_order":0,"comment_status":"closed","ping_status":"closed","template":"","meta":{"_acf_changed":false,"_kad_post_transparent":"default","_kad_post_title":"default","_kad_post_layout":"default","_kad_post_sidebar_id":"","_kad_post_content_style":"default","_kad_post_vertical_padding":"default","_kad_post_feature":"","_kad_post_feature_position":"","_kad_post_header":false,"_kad_post_footer":false,"footnotes":""},"class_list":["post-1503","page","type-page","status-publish","hentry"],"acf":[],"rttpg_featured_image_url":null,"rttpg_author":{"display_name":"Elvis","author_link":"https:\/\/rocketplay-slot.com\/ga\/author\/pemvas95n89x\/"},"rttpg_comment":0,"rttpg_category":null,"rttpg_excerpt":"T\u00e1 gach cearrbhach ag iarraidh na coinn\u00edollacha is fearr a fh\u00e1il le haghaidh comhair. Is d\u00f3cha gurb \u00e9 seo ceann de na pr\u00edomhphoint\u00ed agus cinneadh \u00e1 dh\u00e9anamh chun dul isteach i mbuna\u00edocht cearrbhachais. Mar sin f\u00e9in, n\u00ed fh\u00e1gann b\u00f3nais f\u00e1ilte roimh Rocket Play ag ceasa\u00edneo ar l\u00edne fanacht fada ort agus amhras a bheith ort...","_links":{"self":[{"href":"https:\/\/rocketplay-slot.com\/ga\/wp-json\/wp\/v2\/pages\/1503","targetHints":{"allow":["GET"]}}],"collection":[{"href":"https:\/\/rocketplay-slot.com\/ga\/wp-json\/wp\/v2\/pages"}],"about":[{"href":"https:\/\/rocketplay-slot.com\/ga\/wp-json\/wp\/v2\/types\/page"}],"author":[{"embeddable":true,"href":"https:\/\/rocketplay-slot.com\/ga\/wp-json\/wp\/v2\/users\/1"}],"replies":[{"embeddable":true,"href":"https:\/\/rocketplay-slot.com\/ga\/wp-json\/wp\/v2\/comments?post=1503"}],"version-history":[{"count":3,"href":"https:\/\/rocketplay-slot.com\/ga\/wp-json\/wp\/v2\/pages\/1503\/revisions"}],"predecessor-version":[{"id":4635,"href":"https:\/\/rocketplay-slot.com\/ga\/wp-json\/wp\/v2\/pages\/1503\/revisions\/4635"}],"up":[{"embeddable":true,"href":"https:\/\/rocketplay-slot.com\/ga\/wp-json\/wp\/v2\/pages\/1419"}],"wp:attachment":[{"href":"https:\/\/rocketplay-slot.com\/ga\/wp-json\/wp\/v2\/media?parent=1503"}],"curies":[{"name":"wp","href":"https:\/\/api.w.org\/{rel}","templated":true}]}}