{"id":1525,"date":"2022-09-30T14:22:20","date_gmt":"2022-09-30T11:22:20","guid":{"rendered":"https:\/\/rocketplay-slot.com\/buffalo-power-hold-and-win\/"},"modified":"2022-12-24T01:16:22","modified_gmt":"2022-12-23T22:16:22","slug":"buffalo-power-hold-and-win","status":"publish","type":"page","link":"https:\/\/rocketplay-slot.com\/ga\/buffalo-power-hold-and-win\/","title":{"rendered":"Buffalo Power Hold And Win L\u00e9irmheas"},"content":{"rendered":"<p><img loading=\"lazy\" decoding=\"async\" class=\"alignleft wp-image-405\" src=\"https:\/\/rocketplay-slot.com\/wp-content\/uploads\/2022\/09\/buffalo-power-hold-and-win-150x150.png\" alt=\"Buffalo Power Hold And Win\" width=\"200\" height=\"200\" srcset=\"https:\/\/rocketplay-slot.com\/wp-content\/uploads\/2022\/09\/buffalo-power-hold-and-win-150x150.png 150w, https:\/\/rocketplay-slot.com\/wp-content\/uploads\/2022\/09\/buffalo-power-hold-and-win-300x300.png 300w, https:\/\/rocketplay-slot.com\/wp-content\/uploads\/2022\/09\/buffalo-power-hold-and-win.png 380w\" sizes=\"auto, (max-width: 200px) 100vw, 200px\" \/><\/p>\n<p>T\u00e1 forbairt dochreidte \u00f3 cheann de na cruthaitheoir\u00ed is m\u00f3 ar domhan d&#8217;\u00e1bhar cearrbhachais, Playson, le f\u00e1il i measc an \u00e9ags\u00falacht cluich\u00ed ar an tairseach. T\u00e1 \u00e9ileamh go leor ar shliot\u00e1n Buffalo Power Hold and Win Rocket Play, agus is f\u00e9idir leat am a chaitheamh air. 2 bhliain tar \u00e9is an ch\u00e9ad scaoileadh, bh\u00ed an-gr\u00e1 ag an gcluiche ag na m\u00edlte \u00fas\u00e1ideoir\u00ed. Agus gach l\u00e1, n\u00ed mh\u00e9ada\u00edonn arm lucht lean\u00fana na sliot\u00e1n ach amh\u00e1in. B\u00ed i do connoisseur ar an siamsa\u00edocht agus cuir t\u00fas le do chuid eachtra\u00ed l\u00e1ithreach.<\/p>\n<p>Cuirimid i l\u00e1thair d&#8217;aird ar athbhreithni\u00fa Rocket Play Buffalo Power Hold and Win. T\u00e1 an t-eolas suimi\u00fail ar fad faoin gcl\u00e1r agus f\u00edric\u00ed t\u00e1bhachtacha a bheidh \u00fas\u00e1ideach mar chuid d\u00e1r gcur s\u00edos gairid. Le haghaidh cur i l\u00e1thair agus tuiscint n\u00edos fearr ar gach rud riachtanach, l\u00e9igh an t\u00e1bla.<\/p>\n<table border=\"0\" cellspacing=\"0\" cellpadding=\"0\">\n<tbody>\n<tr>\n<td><strong>Forbr\u00f3ir<\/strong><\/td>\n<td><b>Playson<\/b><\/td>\n<\/tr>\n<tr>\n<td>D\u00e1ta an chuma<\/td>\n<td>2020<\/td>\n<\/tr>\n<tr>\n<td>L\u00ednte<\/td>\n<td>20<\/td>\n<\/tr>\n<tr>\n<td>Rotha\u00ed<\/td>\n<td>5<\/td>\n<\/tr>\n<tr>\n<td>Sraitheanna<\/td>\n<td>3<\/td>\n<\/tr>\n<tr>\n<td>B\u00f3nais<\/td>\n<td>seoladh saor in aisce;<\/p>\n<p>4 pota \u00f3ir<\/td>\n<\/tr>\n<tr>\n<td>RTP<\/td>\n<td>95%<\/td>\n<\/tr>\n<tr>\n<td>Uath-imirt<\/td>\n<td>+<\/td>\n<\/tr>\n<tr>\n<td>Comhartha\u00ed speisialta<\/td>\n<td>Scaip<\/p>\n<p>Fi\u00e1in<\/td>\n<\/tr>\n<tr>\n<td>Diapason geallt\u00f3ireachta<\/td>\n<td>0.20-100 EUR<\/td>\n<\/tr>\n<\/tbody>\n<\/table>\n<p>Tar \u00e9is staid\u00e9ar a dh\u00e9anamh ar an gcluiche, is f\u00e9idir leat a l\u00e1n point\u00ed dearfacha a thabhairt faoi deara a fh\u00e1gann go n-\u00e9ireoidh s\u00e9 chomh rath\u00fail i measc \u00fas\u00e1ideoir\u00ed. Seo gameplay thar a bheith \u00e1isi\u00fail agus tapa. T\u00e1 gach rud iomasach. N\u00ed bheidh ach c\u00fapla n\u00f3im\u00e9ad ag teast\u00e1il \u00f3 thosaitheoir\u00ed at\u00e1 ag pl\u00e9 le sliot\u00e1in den ch\u00e9ad uair chun eolas a chur ar fheidhmeanna an phr\u00edomh-roghchl\u00e1ir agus \u00e9 a fhoghlaim. Ina theannta sin, m\u00e1 t\u00e1 aon cheist agat, is f\u00e9idir leat breathn\u00fa i gc\u00f3na\u00ed ar na leideanna, a chuirfidh s\u00edos go mion ar na feidhmeanna, na deilbh\u00edn\u00ed agus na siombail\u00ed riachtanacha go l\u00e9ir den chluiche.<\/p>\n<p>N\u00ed f\u00e9idir le duine cabhr\u00fa ach a bheith s\u00e1sta le gn\u00e9ithe breise an chluiche. T\u00e1 sraith b\u00f3nais l\u00e1idir anseo. M\u00e1s rud \u00e9 nach bhfuil iontas ar chearrbhachas a thuilleadh le trialacha breise saor in aisce n\u00f3 le siombail\u00ed scaipthe speisialta, ansin t\u00e1 roinnt cleasanna breise curtha i bhfolach ag forbr\u00f3ir\u00ed an chluiche. Is cinnte nach bhf\u00e1gfaidh ceithre phota \u00f3ir agus mionbhabhta breise t\u00fa gan imprisean. Deiseanna iontacha le haghaidh buaite dochreidte! Fi\u00fa le geall \u00edosta de 20 cent, is f\u00e9idir leat a fh\u00e1il duais maith go leor.<\/p>\n<h2>T\u00c9AMA, GRAFAIC &amp; Fuaimrian<\/h2>\n<p>T\u00e1 \u00e1it speisialta i gcro\u00edl\u00e1r \u00e1itithe ag grafaic\u00ed, soundtracks, agus an t\u00e9ama an chluiche. Rocket Play Sliot\u00e1n ar l\u00edne a shealbh\u00fa agus a bhuachan cumhacht Buffalo le ch\u00e9ile go comhchu\u00ed siombail\u00ed ainmhithe agus mais\u00edochta\u00ed fuaime agus grafacha speisialta. \u00d3n gc\u00e9ad soicind tar \u00e9is an tseolta, b\u00edonn s\u00e9 soil\u00e9ir c\u00e9 chomh inni\u00fail agus a d&#8217;oibrigh na forbr\u00f3ir\u00ed ar na tr\u00ed ghn\u00e9 seo a chomhcheangal.<\/p>\n<p>Cheana f\u00e9in \u00f3n ainm f\u00e9in, b\u00edonn s\u00e9 soil\u00e9ir go mbeidh ort deilbh\u00edn\u00ed traidisi\u00fanta le hainmhithe agus na siombail\u00ed c\u00e1rta\u00ed is gn\u00e1ch a fheice\u00e1il anseo. Chun teaglaim bhuaiteacha a dh\u00e9anamh agus do dhuaiseanna a bhaili\u00fa, beidh ort tr\u00ed shiombail ar a laghad a bhaili\u00fa:<\/p>\n<ul>\n<li>tairbh;<\/li>\n<li>Bears;<\/li>\n<li>Cougars;<\/li>\n<li>wolves;<\/li>\n<li>Iolar;<\/li>\n<li>Siombail\u00ed c\u00e1rta\u00ed bun\u00fasacha!<\/li>\n<\/ul>\n<p>T\u00e1 a luach f\u00e9in ag gach comhartha. Chomh maith leis sin, b\u00edonn tionchar ag an l\u00edon ioml\u00e1n sa l\u00edne ar mh\u00e9id deiridh na mbuaiteoir\u00ed. Is f\u00e9idir le siombail\u00ed breise spins saor in aisce, babhta mion, agus ceann amh\u00e1in de 4 n\u00f3 fi\u00fa na Pota \u00d3ir a thabhairt.<\/p>\n<h2>RTP AGUS ATHR\u00da<\/h2>\n<p>T\u00e1 luach an RTP beag\u00e1n n\u00edos m\u00f3 n\u00e1 95%. Ar nd\u00f3igh, ba mhaith linn na t\u00e1scair\u00ed seo a fheabhs\u00fa, ach n\u00edl s\u00e9 seo r\u00edth\u00e1bhachtach. Fi\u00fa amh\u00e1in leis na luachanna seo, is fi\u00fa an siamsa\u00edocht a mholadh.<\/p>\n<p><img loading=\"lazy\" decoding=\"async\" class=\"aligncenter wp-image-406 size-full\" style=\"text-align: center; font-family: var(--global-body-font-family); letter-spacing: 0em;\" src=\"https:\/\/rocketplay-slot.com\/wp-content\/uploads\/2022\/09\/buffalo-power-hold-and-win-slot.jpeg\" alt=\"Buffalo Power Hold And Win slot\" width=\"1280\" height=\"720\" srcset=\"https:\/\/rocketplay-slot.com\/wp-content\/uploads\/2022\/09\/buffalo-power-hold-and-win-slot.jpeg 1280w, https:\/\/rocketplay-slot.com\/wp-content\/uploads\/2022\/09\/buffalo-power-hold-and-win-slot-300x169.jpeg 300w, https:\/\/rocketplay-slot.com\/wp-content\/uploads\/2022\/09\/buffalo-power-hold-and-win-slot-1024x576.jpeg 1024w, https:\/\/rocketplay-slot.com\/wp-content\/uploads\/2022\/09\/buffalo-power-hold-and-win-slot-768x432.jpeg 768w\" sizes=\"auto, (max-width: 1280px) 100vw, 1280px\" \/><\/p>\n<h2>CONAS A IMIRT<\/h2>\n<p>T\u00e1 dh\u00e1 bhealach a imirt ar an tairseach Buffalo Play Rocket power shealbh\u00fa agus a bhuachan saor in aisce. T\u00e1 an ch\u00e9ad rogha ar f\u00e1il do gach cuairteoir tairseach gan chl\u00e1r\u00fa n\u00f3 \u00e9arlais. \u00c9il\u00edonn an dara rogha araon. Mar sin f\u00e9in, oscla\u00edonn s\u00e9 an bealach chun buaite dochreidte. Cl\u00e1raigh, d\u00e9an \u00e9arlais le do chuntas, roghnaigh an sliot\u00e1n seo agus cuir t\u00fas leis. Le haghaidh rothl\u00fa rath\u00fail, is fi\u00fa:<\/p>\n<ol>\n<li>socraigh m\u00e9id an gheall;<\/li>\n<li>roghnaigh l\u00edon na l\u00ednte;<\/li>\n<li>br\u00faigh t\u00fas;<\/li>\n<li>fan go gcr\u00edochn\u00f3idh an rothl\u00fa.<\/li>\n<\/ol>\n<p>R\u00edomhtar gach teaglaim bhuaiteach go huathoibr\u00edoch, agus cuirtear na cist\u00ed i dtaisce l\u00e1ithreach i do chuntas.<\/p>\n<h2>CC<\/h2>\n<h3>AN F\u00c9IDIR LEAT A IMIR SAOR IN AISCE?<\/h3>\n<p>Sea, ag roghn\u00fa an leagan taispe\u00e1na den chumhacht Rocket Play Buffalo a shealbh\u00fa agus a bhuachan f\u00edor-airgead, is f\u00e9idir leat imirt saor in aisce, gan \u00e9arlais, agus fi\u00fa gan chl\u00e1r\u00fa.<\/p>\n<h3>CAD AT\u00c1 SPEISIALTA FAOI AN SLIOM?<\/h3>\n<p>T\u00e1 4 Pota \u00d3ir, babhta mion, spins breise, agus go leor ruda\u00ed n\u00edos suimi\u00fala fi\u00fa d&#8217;aird.<\/p>\n<p><strong>L\u00e9igh freisin faoi:<\/strong><\/p>\n<ul>\n<li><a href=\"https:\/\/rocketplay-slot.com\/ga\/magic-spins\/\">Magic Spins<\/a><\/li>\n<li><a href=\"https:\/\/rocketplay-slot.com\/ga\/3-coins\/\">3 Coins<\/a><\/li>\n<\/ul>\n","protected":false},"excerpt":{"rendered":"<p>T\u00e1 forbairt dochreidte \u00f3 cheann de na cruthaitheoir\u00ed is m\u00f3 ar domhan d&#8217;\u00e1bhar cearrbhachais, Playson, le f\u00e1il i measc an \u00e9ags\u00falacht cluich\u00ed ar an tairseach. T\u00e1 \u00e9ileamh go leor ar shliot\u00e1n Buffalo Power Hold and Win Rocket Play, agus is f\u00e9idir leat am a chaitheamh air. 2 bhliain tar \u00e9is an ch\u00e9ad scaoileadh, bh\u00ed an-gr\u00e1&#8230;<\/p>\n","protected":false},"author":1,"featured_media":0,"parent":0,"menu_order":0,"comment_status":"closed","ping_status":"closed","template":"","meta":{"_acf_changed":false,"_kad_post_transparent":"default","_kad_post_title":"default","_kad_post_layout":"default","_kad_post_sidebar_id":"","_kad_post_content_style":"default","_kad_post_vertical_padding":"default","_kad_post_feature":"","_kad_post_feature_position":"","_kad_post_header":false,"_kad_post_footer":false,"footnotes":""},"class_list":["post-1525","page","type-page","status-publish","hentry"],"acf":[],"rttpg_featured_image_url":null,"rttpg_author":{"display_name":"Elvis","author_link":"https:\/\/rocketplay-slot.com\/ga\/author\/pemvas95n89x\/"},"rttpg_comment":0,"rttpg_category":null,"rttpg_excerpt":"T\u00e1 forbairt dochreidte \u00f3 cheann de na cruthaitheoir\u00ed is m\u00f3 ar domhan d&#8217;\u00e1bhar cearrbhachais, Playson, le f\u00e1il i measc an \u00e9ags\u00falacht cluich\u00ed ar an tairseach. T\u00e1 \u00e9ileamh go leor ar shliot\u00e1n Buffalo Power Hold and Win Rocket Play, agus is f\u00e9idir leat am a chaitheamh air. 2 bhliain tar \u00e9is an ch\u00e9ad scaoileadh, bh\u00ed an-gr\u00e1...","_links":{"self":[{"href":"https:\/\/rocketplay-slot.com\/ga\/wp-json\/wp\/v2\/pages\/1525","targetHints":{"allow":["GET"]}}],"collection":[{"href":"https:\/\/rocketplay-slot.com\/ga\/wp-json\/wp\/v2\/pages"}],"about":[{"href":"https:\/\/rocketplay-slot.com\/ga\/wp-json\/wp\/v2\/types\/page"}],"author":[{"embeddable":true,"href":"https:\/\/rocketplay-slot.com\/ga\/wp-json\/wp\/v2\/users\/1"}],"replies":[{"embeddable":true,"href":"https:\/\/rocketplay-slot.com\/ga\/wp-json\/wp\/v2\/comments?post=1525"}],"version-history":[{"count":3,"href":"https:\/\/rocketplay-slot.com\/ga\/wp-json\/wp\/v2\/pages\/1525\/revisions"}],"predecessor-version":[{"id":2405,"href":"https:\/\/rocketplay-slot.com\/ga\/wp-json\/wp\/v2\/pages\/1525\/revisions\/2405"}],"wp:attachment":[{"href":"https:\/\/rocketplay-slot.com\/ga\/wp-json\/wp\/v2\/media?parent=1525"}],"curies":[{"name":"wp","href":"https:\/\/api.w.org\/{rel}","templated":true}]}}