{"id":1610,"date":"2022-09-30T15:05:52","date_gmt":"2022-09-30T12:05:52","guid":{"rendered":"https:\/\/rocketplay-slot.com\/magic-spins\/"},"modified":"2025-11-24T20:20:55","modified_gmt":"2025-11-24T17:20:55","slug":"magic-spins","status":"publish","type":"page","link":"https:\/\/rocketplay-slot.com\/ga\/magic-spins\/","title":{"rendered":"Magic Spins L\u00e9irmheas"},"content":{"rendered":"<p>Bu\u00edochas le forbr\u00f3ir na sliot\u00e1n, an chuideachta Wazdan, as cruth\u00fa chomh suimi\u00fail agus neamhghn\u00e1ch, agus cruthaitheach. N\u00ed hamh\u00e1in go bhfuil an dearadh agus na deiseanna nua is f\u00e9idir a \u00fas\u00e1id ach freisin l\u00edon na mbuaiteoir\u00ed f\u00e9ideartha go hiontach. M\u00e1 thagann miongh\u00e1ire ort, m\u00e9ad\u00f3idh do dhuais go 2,500 uair n\u00edos m\u00f3 n\u00e1 an geall tosaigh.<\/p>\n<p>D\u00e9anfaimid labhairt faoi luach saothair urghn\u00e1ch, agus gn\u00e9ithe iontacha eile den chluiche in\u00e1r n-athbhreithni\u00fa sliot\u00e1n Rocket Play Magic Spins. Fan linn, agus n\u00ed bheidh aif\u00e9ala ort mar is leis an duine ar leis an fhaisn\u00e9is an domhan.<\/p>\n<p style=\"text-align: center;\"><img loading=\"lazy\" decoding=\"async\" class=\"aligncenter wp-image-417 size-full\" src=\"https:\/\/rocketplay-slot.com\/wp-content\/uploads\/2022\/09\/magic-spins.png\" alt=\"Magic Spins\" width=\"595\" height=\"150\" srcset=\"https:\/\/rocketplay-slot.com\/wp-content\/uploads\/2022\/09\/magic-spins.png 595w, https:\/\/rocketplay-slot.com\/wp-content\/uploads\/2022\/09\/magic-spins-300x76.png 300w\" sizes=\"auto, (max-width: 595px) 100vw, 595px\" \/><\/p>\n<h2>ATHBHREITHNI\u00da Magic SPINS<\/h2>\n<p>Cuirtear pr\u00edomhphoint\u00ed sliot\u00e1n Rocket Play Magic Spins ar ch\u00f3ir go mbeadh a fhios ag gach gambler roimh thos\u00fa an chluiche a chur i l\u00e1thair agus a thuairisc\u00edtear sa t\u00e1bla.<\/p>\n<p>&nbsp;<\/p>\n<table border=\"0\" cellspacing=\"0\" cellpadding=\"0\">\n<tbody>\n<tr>\n<td><strong>Forbr\u00f3ir<\/strong><\/td>\n<td><b>Wazdan<\/b><\/td>\n<\/tr>\n<tr>\n<td>D\u00e1ta an chuma<\/td>\n<td>2022<\/td>\n<\/tr>\n<tr>\n<td>B\u00f3nais<\/td>\n<td>Spins saor in aisce sliot\u00e1n Rocket Play Magic Spins;<\/p>\n<p>pota\u00ed \u00f3ir<\/td>\n<\/tr>\n<tr>\n<td>RTP<\/td>\n<td>95%<\/td>\n<\/tr>\n<tr>\n<td>Comhartha\u00ed speisialta<\/td>\n<td>Bailigh go Infinity;<\/p>\n<p>Bhailitheoir<\/td>\n<\/tr>\n<tr>\n<td>Bua uasta<\/td>\n<td>x2500<\/td>\n<\/tr>\n<\/tbody>\n<\/table>\n<p>&nbsp;<\/p>\n<p>\u00d3n gc\u00e9ad breathn\u00fa ar an gcluiche, is f\u00e9idir leat a thuiscint cheana f\u00e9in go bhfuil rud \u00e9igin speisialta agus neamhghn\u00e1ch ag fanacht leat. Is \u00e9 2023 d\u00e1ta eisi\u00fana na sliot\u00e1n; is \u00e9 sin, t\u00e1 s\u00e9 f\u00f3s ar an nuacht is d\u00e9ana\u00ed i saol an chearrbhachais, ar fi\u00fa d&#8217;aird.<\/p>\n<p>C\u00e9 go bhf\u00e9adfadh s\u00e9 a bheith cos\u00fail ag an am c\u00e9anna go bhfuil an gameplay casta agus doil\u00e9ir, n\u00ed h\u00e9 seo an c\u00e1s ar chor ar bith. Cheana f\u00e9in sa chluiche bun\u00fasach, is f\u00e9idir leat a fh\u00e1il duais le iolraitheoir de 150 ar siombail\u00ed rialta. Agus \u00fas\u00e1id \u00e1 baint agat as deilbh\u00edn\u00ed speisialta, is f\u00e9idir leat an Pota \u00d3ir uasta agus airgead d\u00dasachtach a bhuachan.<\/p>\n<p>Gn\u00e9 eile den sliot\u00e1n is ea an ghn\u00e9 paitinnithe nua CollectToInfinity. S\u00edlim gur chuireamar ina lu\u00ed ort triail a bhaint as. Ach fi\u00fa m\u00e1 t\u00e1 amhras ort f\u00f3s, bain leas as Rocket Play Magic Spins a imirt saor in aisce agus cuir aithne ar chruth\u00fa nua Wazdan gan do chaipiteal f\u00e9in a chur i mbaol.<\/p>\n<h2>GN\u00c9ITHE CLUICHE CUR CHUN CINN DRA\u00cdOCHT<\/h2>\n<p>D&#8217;fhonn measc\u00e1n buaiteach a dh\u00e9anamh, n\u00ed m\u00f3r duit 10 n-\u00edomh\u00e1nna comhionanna ar a laghad a bhaili\u00fa. N\u00edl aon l\u00ednte agus r\u00edleanna is gn\u00e1ch, ionas gur f\u00e9idir iad a bhaili\u00fa in aon \u00e1it ar an bp\u00e1irc imeartha. Cabhr\u00f3idh siombail\u00ed scaipthe speisialta a chuirtear in ionad \u00edomh\u00e1nna bun\u00fasacha eile (seachas cinn speisialta) chun do sheans a mh\u00e9ad\u00fa tuilleadh agus go n-\u00e9ireoidh leat. M\u00e1 thiteann 6 dheilbh\u00edn b\u00f3nais n\u00f3 n\u00edos m\u00f3 amach, seolfar an cluiche b\u00f3nais.<\/p>\n<p>T\u00e1 f\u00edor-airgead sliot\u00e1n Rocket Play Magic Spins spreag\u00fail freisin, agus an deis ann luach saothair neamhghn\u00e1ch a fh\u00e1il &#8211; 2500 uair n\u00edos m\u00f3 n\u00e1 an geall tosaigh.<\/p>\n<p>Gn\u00e9 eile de pokies is ea an cumas ceann de na ceithre luaineacht at\u00e1 ar f\u00e1il a cheannach:<\/p>\n<ul>\n<li>\u00cdseal;<\/li>\n<li>Caighde\u00e1n;<\/li>\n<li>Ard;<\/li>\n<li>Extreme!<\/li>\n<\/ul>\n<p>N\u00edor cuireadh deis d\u00e1 leith\u00e9id i l\u00e1thair go f\u00f3ill. Is gn\u00e9 iontach \u00e9 seo, ach is fi\u00fa a thabhairt faoi deara nach dtagann s\u00e9 saor. Chun an leibh\u00e9al is airde, t\u00e1 s\u00e9 riachtanach a \u00edoc 500 uair n\u00edos m\u00f3 n\u00e1 an m\u00e9id de na geall. Mar sin f\u00e9in, uaireanta is fi\u00fa \u00e9.<\/p>\n<p style=\"text-align: center;\"><img loading=\"lazy\" decoding=\"async\" class=\"aligncenter wp-image-418 size-full\" src=\"https:\/\/rocketplay-slot.com\/wp-content\/uploads\/2022\/09\/magic-spins-e1664539322637.jpeg\" alt=\"Magic Spins slot\" width=\"900\" height=\"546\" srcset=\"https:\/\/rocketplay-slot.com\/wp-content\/uploads\/2022\/09\/magic-spins-e1664539322637.jpeg 900w, https:\/\/rocketplay-slot.com\/wp-content\/uploads\/2022\/09\/magic-spins-e1664539322637-300x182.jpeg 300w, https:\/\/rocketplay-slot.com\/wp-content\/uploads\/2022\/09\/magic-spins-e1664539322637-768x466.jpeg 768w\" sizes=\"auto, (max-width: 900px) 100vw, 900px\" \/><\/p>\n<h2>T\u00c9AMA &amp; DEARADH<\/h2>\n<p>T\u00e1 dearadh neamhghn\u00e1ch ach taitneamhach \u00f3 thaobh amhairc ag sliot\u00e1n ar l\u00edne Rocket Play Magic Spins. Sa ch\u00falra, f\u00e9achann gamblers ar an sp\u00e9ir r\u00e9altach ina dtarla\u00edonn an dra\u00edocht. T\u00e1 an sc\u00e1ile\u00e1n oibre roinnte ina cheithre dheighleog sim\u00e9adrach i bhfoirm tras. Is iontu a thiteann na siombail\u00ed a thugann buaite amach.<\/p>\n<p>N\u00edl gn\u00e1th druma\u00ed anseo. T\u00e1 na h\u00edomh\u00e1nna le feice\u00e1il ar an sc\u00e1ile\u00e1n ioml\u00e1n agus cuireann siad suas leis an l\u00edon ioml\u00e1n. Chomh maith leis na deilbh\u00edn\u00ed t\u00e9ama\u00ed de GEMS daite mystical, gn\u00e9ithe an cluiche na siombail\u00ed c\u00e1rta\u00ed is gn\u00e1ch.<\/p>\n<h2>CONCL\u00daID<\/h2>\n<p>Mar fhocal scoir, is f\u00e9idir rud amh\u00e1in a thabhairt faoi deara &#8211; is siamsa\u00edocht speisialta agus neamhghn\u00e1ch \u00e9 seo. T\u00e1 gach rud difri\u00fail anseo, mar sin d&#8217;fh\u00e9adfadh an gameplay cos\u00fail le beag\u00e1n casta agus mearbhall ar an gc\u00e9ad amharc. N\u00edl aon l\u00ednte agus r\u00edleanna ann, agus t\u00e1 an sc\u00e1ile\u00e1n deighilte. Mar sin f\u00e9in, t\u00e1 Pota \u00d3ir Super ann a fh\u00e9adfaidh f\u00e1s 2500 uair.<\/p>\n<p>Ach fi\u00fa gan Pota \u00d3ir, cheana f\u00e9in sa chluiche bun\u00fasach, is f\u00e9idir l\u00edon na mbuaiteoir\u00ed a bheith x150. Chomh maith leis sin, is f\u00e9idir leis an gambler a cheannach ar an leibh\u00e9al luaineachta agus a roghn\u00fa an luas an chluiche. T\u00e1 5 phota \u00f3ir sa sliot\u00e1n, ach ar an drochuair, cuirtear na cinn roimhe seo ar fad ar ceal m\u00e1 bhuann an t-imreoir an ceann is m\u00f3 acu.<\/p>\n<p><strong>L\u00e9igh freisin faoi:<\/strong><\/p>\n<ul>\n<li><a href=\"https:\/\/rocketplay-slot.com\/ga\/3-coins\/\">3 Coins<\/a><\/li>\n<li><a href=\"https:\/\/rocketplay-slot.com\/ga\/aloha-king-elvis\/\">Aloha King Elvis<\/a><\/li>\n<\/ul>\n","protected":false},"excerpt":{"rendered":"<p>Bu\u00edochas le forbr\u00f3ir na sliot\u00e1n, an chuideachta Wazdan, as cruth\u00fa chomh suimi\u00fail agus neamhghn\u00e1ch, agus cruthaitheach. N\u00ed hamh\u00e1in go bhfuil an dearadh agus na deiseanna nua is f\u00e9idir a \u00fas\u00e1id ach freisin l\u00edon na mbuaiteoir\u00ed f\u00e9ideartha go hiontach. M\u00e1 thagann miongh\u00e1ire ort, m\u00e9ad\u00f3idh do dhuais go 2,500 uair n\u00edos m\u00f3 n\u00e1 an geall tosaigh. D\u00e9anfaimid&#8230;<\/p>\n","protected":false},"author":1,"featured_media":0,"parent":0,"menu_order":0,"comment_status":"closed","ping_status":"closed","template":"","meta":{"_acf_changed":false,"_kad_post_transparent":"default","_kad_post_title":"default","_kad_post_layout":"default","_kad_post_sidebar_id":"","_kad_post_content_style":"default","_kad_post_vertical_padding":"default","_kad_post_feature":"","_kad_post_feature_position":"","_kad_post_header":false,"_kad_post_footer":false,"footnotes":""},"class_list":["post-1610","page","type-page","status-publish","hentry"],"acf":[],"rttpg_featured_image_url":null,"rttpg_author":{"display_name":"Elvis","author_link":"https:\/\/rocketplay-slot.com\/ga\/author\/pemvas95n89x\/"},"rttpg_comment":0,"rttpg_category":null,"rttpg_excerpt":"Bu\u00edochas le forbr\u00f3ir na sliot\u00e1n, an chuideachta Wazdan, as cruth\u00fa chomh suimi\u00fail agus neamhghn\u00e1ch, agus cruthaitheach. N\u00ed hamh\u00e1in go bhfuil an dearadh agus na deiseanna nua is f\u00e9idir a \u00fas\u00e1id ach freisin l\u00edon na mbuaiteoir\u00ed f\u00e9ideartha go hiontach. M\u00e1 thagann miongh\u00e1ire ort, m\u00e9ad\u00f3idh do dhuais go 2,500 uair n\u00edos m\u00f3 n\u00e1 an geall tosaigh. D\u00e9anfaimid...","_links":{"self":[{"href":"https:\/\/rocketplay-slot.com\/ga\/wp-json\/wp\/v2\/pages\/1610","targetHints":{"allow":["GET"]}}],"collection":[{"href":"https:\/\/rocketplay-slot.com\/ga\/wp-json\/wp\/v2\/pages"}],"about":[{"href":"https:\/\/rocketplay-slot.com\/ga\/wp-json\/wp\/v2\/types\/page"}],"author":[{"embeddable":true,"href":"https:\/\/rocketplay-slot.com\/ga\/wp-json\/wp\/v2\/users\/1"}],"replies":[{"embeddable":true,"href":"https:\/\/rocketplay-slot.com\/ga\/wp-json\/wp\/v2\/comments?post=1610"}],"version-history":[{"count":3,"href":"https:\/\/rocketplay-slot.com\/ga\/wp-json\/wp\/v2\/pages\/1610\/revisions"}],"predecessor-version":[{"id":2412,"href":"https:\/\/rocketplay-slot.com\/ga\/wp-json\/wp\/v2\/pages\/1610\/revisions\/2412"}],"wp:attachment":[{"href":"https:\/\/rocketplay-slot.com\/ga\/wp-json\/wp\/v2\/media?parent=1610"}],"curies":[{"name":"wp","href":"https:\/\/api.w.org\/{rel}","templated":true}]}}