{"id":1626,"date":"2022-08-11T20:10:48","date_gmt":"2022-08-11T17:10:48","guid":{"rendered":"https:\/\/rocketplay-slot.com\/baccarat\/"},"modified":"2022-11-01T00:18:48","modified_gmt":"2022-10-31T21:18:48","slug":"baccarat","status":"publish","type":"page","link":"https:\/\/rocketplay-slot.com\/ga\/baccarat\/","title":{"rendered":"Cluiche Baccarat a imirt ar airgead f\u00edor"},"content":{"rendered":"<p><img loading=\"lazy\" decoding=\"async\" class=\" wp-image-311 aligncenter\" src=\"https:\/\/rocketplay-slot.com\/wp-content\/uploads\/2022\/08\/online-baccarat-1-300x146.jpg\" alt=\"baccarat online\" width=\"596\" height=\"290\" srcset=\"https:\/\/rocketplay-slot.com\/wp-content\/uploads\/2022\/08\/online-baccarat-1-300x146.jpg 300w, https:\/\/rocketplay-slot.com\/wp-content\/uploads\/2022\/08\/online-baccarat-1-1024x497.jpg 1024w, https:\/\/rocketplay-slot.com\/wp-content\/uploads\/2022\/08\/online-baccarat-1-768x372.jpg 768w, https:\/\/rocketplay-slot.com\/wp-content\/uploads\/2022\/08\/online-baccarat-1.jpg 1200w\" sizes=\"auto, (max-width: 596px) 100vw, 596px\" \/><\/p>\n<p>Casino Baccarat Is cluiche a bhfuil c\u00e1il dhomhanda air <a href=\"https:\/\/rocketplay-slot.com\/ga\">RocketPlay<\/a>. Is bre\u00e1 l\u00e9i na milli\u00fain daoine i go leor t\u00edortha. Is f\u00e9idir leat \u00e9 a fh\u00e1il i gceasa\u00edneo ar l\u00edne agus i mbuna\u00edocht clasaiceach st\u00e1isean\u00f3ireachta. T\u00e1 s\u00ed i gceannas. T\u00e1 atmaisf\u00e9ar aisteach ag an siamsa\u00edocht chearrbhachais seo, a bhu\u00edochas sin is f\u00e9idir leat dearmad a dh\u00e9anamh ar gach rud ar domhan.<\/p>\n<p>Aristocrats thaitin a imirt air, ina su\u00ed ag an mbord ar feadh uaireanta. D&#8217;fh\u00e9adfadh an gameplay dul ar aghaidh ar feadh i bhfad. T\u00e1 na rialacha i nd\u00e1ir\u00edre an-simpl\u00ed. Ach fi\u00fa i gcluiche simpl\u00ed den s\u00f3rt sin, t\u00e1 strait\u00e9is\u00ed aisteacha ann a \u00fas\u00e1ideann imreoir\u00ed le buachan. N\u00ed f\u00e9idir a n-\u00e9ifeachtacht a th\u00e1st\u00e1il ach amh\u00e1in ar a dtaith\u00ed f\u00e9in.<\/p>\n<p>Is f\u00e9idir leat Casino ar l\u00edne RocketPlay a imirt le baccarat. T\u00e1 modh traidisi\u00fanta ann le roghn\u00fa as, chomh maith le beo. Beo buailfidh t\u00fa le <a href=\"https:\/\/rocketplay-slot.com\/ga\/live-baccarat\/\">croupier beo<\/a>. Mar sin, is f\u00e9idir leat a bhraitheann cos\u00fail i dteach cearrbhachais f\u00edor, imbued leis an atmaisf\u00e9ar.<\/p>\n<p>N\u00ed f\u00e9idir m\u00f3d beo a thriail ach amh\u00e1in ag \u00fas\u00e1ideoir\u00ed l\u00e1n-chuimsitheach a chruthaigh cuntas, ag sol\u00e1thar an fhaisn\u00e9is go l\u00e9ir is g\u00e1, agus a dh\u00e9anann \u00e9arlais. M\u00e1 t\u00e1 t\u00fa ag bunleibh\u00e9al ioml\u00e1n agus nach bhfuil iarracht d\u00e9anta f\u00f3s a imirt seo, ach go d\u00e1ir\u00edre cinneadh chun t\u00fas a imirt, ansin seice\u00e1il amach go l\u00e9ir an nuances. C\u00e9 nach bhfuil na rialacha r\u00f3-chasta, n\u00ed m\u00f3r duit iad a bheith ar an eolas f\u00f3s.<\/p>\n<h2>CONAS BACCARAT A IMIR<\/h2>\n<p>Bain triail as do l\u00e1mh ag an casino is fearr baccarat ar l\u00edne RocketPlay. N\u00edl le d\u00e9anamh ag na rannph\u00e1irtithe sa chluiche seo n\u00e1 naoi bpointe a fh\u00e1il. bhuel, n\u00f3 rud \u00e9igin mar sin. Ag an t\u00fas, faigheann na himreoir\u00ed, chomh maith leis an d\u00e9ile\u00e1la\u00ed f\u00e9in, p\u00e9ire c\u00e1rta\u00ed. Anseo ba ch\u00f3ir duit a bheith c\u00faramach go h\u00e1irithe:<\/p>\n<ul>\n<li>Deich agus c\u00e1rta\u00ed n\u00edos sine &#8211; faigheann siad nialas d\u00f3ibh;<\/li>\n<li>Chun anseo &#8211; ceann amh\u00e1in;<\/li>\n<li>\u00d3 dh\u00e1 go naoi &#8211; tagann s\u00e9 amach mar go bhfuil s\u00e9 ar aghaidhluach na gc\u00e1rta\u00ed seo.<\/li>\n<\/ul>\n<p>M\u00e1 sc\u00f3r\u00e1iltear n\u00edos m\u00f3 n\u00e1 deich bpointe n\u00f3 n\u00edos m\u00f3, n\u00ed dh\u00e9antar ach deich gcinn a dheal\u00fa \u00f3n toradh. Agus beidh an m\u00e9id at\u00e1 f\u00e1gtha na point\u00ed deiridh. M\u00e1 fuair t\u00fa dh\u00e1 cheann d\u00e9ag, ansin ag deal\u00fa deich, gheobhaimid 2. Seo \u00e9 do thoradh. Nuair a bh\u00edonn a gcuid tortha\u00ed ar eolas ag na rannph\u00e1irtithe go l\u00e9ir. Mura n-imr\u00edtear an geall, beidh g\u00e1 le tr\u00ed\u00fa c\u00e1rta freisin. Mura dtugann 2 ch\u00e1rta n\u00edos m\u00f3 n\u00e1 s\u00e9 phointe, beidh c\u00e1rta eile ag teast\u00e1il. T\u00e1 gach rud simpl\u00ed. Tar \u00e9is roinnt cluich\u00ed, beidh t\u00fa ag cuimhneamh ar na subtleties. Iad si\u00fad a bhfuil cur amach acu ar na rialacha go l\u00e9ir, t\u00e1 seans n\u00edos m\u00f3 acu imirt baccarat casino ar l\u00edne RocketPlay a bhuachan.<\/p>\n<h2>LEIDEANNA BUANNACHA DO CHLUICH\u00cd C\u00c1RTA BACCARA<\/h2>\n<p>T\u00e1 gach duine difri\u00fail, ach t\u00e1 rud \u00e9igin i gcoiteann acu f\u00f3s. N\u00f3 in \u00e1it, ina s\u00edceola\u00edocht. I gc\u00e1s gach duine againn, t\u00e1 s\u00e9 an-t\u00e1bhachtach an c\u00e1s a rial\u00fa. Mar gheall air seo, is minic a bh\u00edonn strus orainn. Maidir le RocketPlay ceasa\u00edneo baccarat, n\u00edl aon phointe ag baint le teannas speisialta, n\u00ed f\u00e9idir ach le h\u00e1dh cur isteach ar an bua sa ch\u00e1s seo. Ach t\u00e1 go leor tosaitheoir\u00ed, chomh maith leo si\u00fad a bh\u00ed ag imirt ar feadh i bhfad, i gc\u00f3na\u00ed ag iarraidh modhanna \u00e9ags\u00fala a \u00fas\u00e1id chun deireadh a chur le cinni\u00faint ar bhealach \u00e9igin. Go traidisi\u00fanta, is f\u00e9idir na cleasanna seo go l\u00e9ir mar a thugtar orthu a roinnt ina ndul chun cinn \u00e1irithe, ar f\u00e9idir leo a bheith di\u00faltach n\u00f3 dearfach.<\/p>\n<p>Maidir leis na cinn dearfacha, t\u00e1 s\u00e9 tipici\u00fail an geall a mh\u00e9ad\u00fa m\u00e1 t\u00e1 \u00e1dh ar thaobh an imreora, ar shl\u00ed eile &#8211; a laghd\u00fa. T\u00e1 dul chun cinn di\u00faltach an-difri\u00fail. M\u00e1 iompa\u00edonn an t-\u00e1dh, arda\u00edonn an geall, agus i gc\u00e1s \u00e1dh, tarla\u00edonn gach rud an bealach eile timpeall.<\/p>\n<p>T\u00e1 rud eile. C\u00f3ras eile, ar a dtugtar \u00e1ras\u00e1n. M\u00e1 \u00fas\u00e1ideann t\u00fa an modh seo, ansin n\u00ed m\u00f3r an t-airgead a sh\u00e1bh\u00e1il ar feadh r\u00e9 ioml\u00e1n an chluiche. Is \u00e9 an pointe a bhaineann le strait\u00e9is den s\u00f3rt sin n\u00e1 go bhfanann an m\u00e9id geall cobhsa\u00ed. M\u00e1s tosaitheoir t\u00fa agus nach bhfuil cur amach agat ar an gcluiche go hioml\u00e1n, ansin ar dt\u00fas beidh na modhanna seo go l\u00e9ir cuma aisteach agus dothuigthe duit. Ach \u00fas\u00e1ideann na m\u00edlte daoine iad. B&#8217;fh\u00e9idir go gcuid\u00edonn siad le duine \u00e9igin. Is iad seo na cinn is c\u00e1ili\u00fala acu.<\/p>\n<p>N\u00e1 b\u00ed ag brath an iomarca ar aon cheann de na strait\u00e9is\u00ed. Tar \u00e9is an tsaoil, n\u00ed thabharfaidh aon cheann de na modhanna seo gn\u00f3thachan c\u00e9ad faoin gc\u00e9ad duit. Roghna\u00edonn gach gambler \u00e9 ach amh\u00e1in le haghaidh a muin\u00edn f\u00e9in. Agus n\u00edor cheart d\u00f3 dearmad a dh\u00e9anamh ar chearrbhachas freagrach. M\u00e1 thairgtear aon chomhairle \u00edoctha duit, n\u00e1 creid \u00e9. N\u00edl uathu ach t\u00fa a mhealladh, ag baint leasa as do chuid easpa taith\u00ed.<\/p>\n<p><img loading=\"lazy\" decoding=\"async\" class=\" wp-image-314 aligncenter\" src=\"https:\/\/rocketplay-slot.com\/wp-content\/uploads\/2022\/08\/bac5-300x169.jpg\" alt=\"rocketplay baccarat\" width=\"561\" height=\"316\" srcset=\"https:\/\/rocketplay-slot.com\/wp-content\/uploads\/2022\/08\/bac5-300x169.jpg 300w, https:\/\/rocketplay-slot.com\/wp-content\/uploads\/2022\/08\/bac5-1024x576.jpg 1024w, https:\/\/rocketplay-slot.com\/wp-content\/uploads\/2022\/08\/bac5-768x432.jpg 768w, https:\/\/rocketplay-slot.com\/wp-content\/uploads\/2022\/08\/bac5.jpg 1200w\" sizes=\"auto, (max-width: 561px) 100vw, 561px\" \/><\/p>\n<h2>CC<\/h2>\n<h3>C\u00c9N F\u00c1TH A ROGHN\u00da BACCARAT?<\/h3>\n<p>T\u00e1 na c\u00e9adta m\u00edlte duine ar fud an domhain tugtha don chluiche seo. Tar \u00e9is an tsaoil, taispe\u00e1nann s\u00e9 f\u00edor-mhoth\u00fach\u00e1in. Chomh maith leis an bhf\u00edric go bhfuil a bhu\u00edochas leis, is f\u00e9idir leat a bheith am iontach, a bheith distracted \u00f3 fadhbanna an tsaoil, is f\u00e9idir leat a bhuachan freisin airgead maith. M\u00e1 t\u00e1 an t-\u00e1dh ort, ar nd\u00f3igh. Ach fi\u00fa amh\u00e1in m\u00e1s rud \u00e9 nach bhfuil, aon d\u00e9ile\u00e1il go m\u00f3r. Tar \u00e9is an tsaoil, beidh t\u00fa f\u00f3s taith\u00ed moth\u00fach\u00e1in beoga agus excitement f\u00edor, a bhfuil a \u00e9ifeacht cos\u00fail le druga. N\u00ed Just n\u00e1 d\u00e9an dearmad faoi f\u00e9in-rial\u00fa. gan r\u00f3-fhreagairt leis an toradh.<\/p>\n<h3>C\u00c9N F\u00c1TH N\u00c1 CH\u00d3IR T\u00da Geall a dh\u00e9anamh ar Tharaingt I mBACARAT?<\/h3>\n<p>Sa ch\u00e1s seo, is minic a bh\u00edonn an d\u00f3ch\u00falacht \u00edseal. D\u00e1 bhr\u00ed sin, n\u00edor ch\u00f3ir duit geall a dh\u00e9anamh ar tharraingt. Go tipici\u00fail, is tosaitheoir\u00ed gan taith\u00ed a dh\u00e9anann an bot\u00fan seo, a ghlacann riosca gan smaoineamh go rialta, rud a chailleann a gcuid airgid go l\u00e9ir. Is fearr \u00e9isteacht le comhairle \u00f3 imreoir\u00ed a bhfuil taith\u00ed acu agus eolas a fh\u00e1il ar na strait\u00e9is\u00ed is c\u00e1ili\u00fala. Le himeacht ama, beidh fi\u00fa tosaitheoir a bheith ina gambler taith\u00ed. Ach \u00e9il\u00edonn s\u00e9 seo eolas agus taith\u00ed. Facht\u00f3ir t\u00e1bhachtach le haghaidh geallt\u00f3ireachta is ea an sciar de bhuaiteoir\u00ed na hinstiti\u00faide. Ar an imreoir go bhfuil s\u00e9 1.26%, ar an bainc\u00e9ir &#8211; 1.06%, agus ar tharraingt &#8211; suas go dt\u00ed 14.4%. Is \u00e9 seo go d\u00edreach at\u00e1imid ag caint faoi. D\u00e1 bhr\u00ed sin, a bheith r\u00e9as\u00fanta.<\/p>\n<h3>CAD IAD NA Geallta TAOBH I BACCARAT?<\/h3>\n<p>Uaireanta b\u00edonn c\u00e1sanna ann nuair a shol\u00e1thra\u00edonn ceasa\u00edneonna leagan leathnaithe den chluiche seo. Cialla\u00edonn s\u00e9 seo go bhfuil geallta eile seachas na cinn clasaiceach. Is f\u00e9idir leat geall ar an leas a bhaint as point\u00ed \u00f3 cheann de na rannph\u00e1irtithe, n\u00f3 teaglaim ar leith de ch\u00e1rta\u00ed. T\u00e1 geall an-choitianta ar p\u00e9ire foirfe. Is \u00e9 an l\u00edne bun, beidh c\u00e1rta p\u00e9ire ag an bainc\u00e9ir n\u00f3 gambler. Tairgtear geall den s\u00f3rt sin le comh\u00e9ifeacht d\u00e9ag go ceann. Is baol d\u00e1ir\u00edre \u00e9 seo. N\u00edl an rogha seo ach le haghaidh an taith\u00ed.<\/p>\n","protected":false},"excerpt":{"rendered":"<p>Casino Baccarat Is cluiche a bhfuil c\u00e1il dhomhanda air RocketPlay. Is bre\u00e1 l\u00e9i na milli\u00fain daoine i go leor t\u00edortha. Is f\u00e9idir leat \u00e9 a fh\u00e1il i gceasa\u00edneo ar l\u00edne agus i mbuna\u00edocht clasaiceach st\u00e1isean\u00f3ireachta. T\u00e1 s\u00ed i gceannas. T\u00e1 atmaisf\u00e9ar aisteach ag an siamsa\u00edocht chearrbhachais seo, a bhu\u00edochas sin is f\u00e9idir leat dearmad a&#8230;<\/p>\n","protected":false},"author":1,"featured_media":0,"parent":0,"menu_order":0,"comment_status":"closed","ping_status":"closed","template":"","meta":{"_acf_changed":false,"_kad_post_transparent":"default","_kad_post_title":"default","_kad_post_layout":"default","_kad_post_sidebar_id":"","_kad_post_content_style":"default","_kad_post_vertical_padding":"default","_kad_post_feature":"","_kad_post_feature_position":"","_kad_post_header":false,"_kad_post_footer":false,"footnotes":""},"class_list":["post-1626","page","type-page","status-publish","hentry"],"acf":[],"rttpg_featured_image_url":null,"rttpg_author":{"display_name":"Elvis","author_link":"https:\/\/rocketplay-slot.com\/ga\/author\/pemvas95n89x\/"},"rttpg_comment":0,"rttpg_category":null,"rttpg_excerpt":"Casino Baccarat Is cluiche a bhfuil c\u00e1il dhomhanda air RocketPlay. Is bre\u00e1 l\u00e9i na milli\u00fain daoine i go leor t\u00edortha. Is f\u00e9idir leat \u00e9 a fh\u00e1il i gceasa\u00edneo ar l\u00edne agus i mbuna\u00edocht clasaiceach st\u00e1isean\u00f3ireachta. T\u00e1 s\u00ed i gceannas. T\u00e1 atmaisf\u00e9ar aisteach ag an siamsa\u00edocht chearrbhachais seo, a bhu\u00edochas sin is f\u00e9idir leat dearmad a...","_links":{"self":[{"href":"https:\/\/rocketplay-slot.com\/ga\/wp-json\/wp\/v2\/pages\/1626","targetHints":{"allow":["GET"]}}],"collection":[{"href":"https:\/\/rocketplay-slot.com\/ga\/wp-json\/wp\/v2\/pages"}],"about":[{"href":"https:\/\/rocketplay-slot.com\/ga\/wp-json\/wp\/v2\/types\/page"}],"author":[{"embeddable":true,"href":"https:\/\/rocketplay-slot.com\/ga\/wp-json\/wp\/v2\/users\/1"}],"replies":[{"embeddable":true,"href":"https:\/\/rocketplay-slot.com\/ga\/wp-json\/wp\/v2\/comments?post=1626"}],"version-history":[{"count":2,"href":"https:\/\/rocketplay-slot.com\/ga\/wp-json\/wp\/v2\/pages\/1626\/revisions"}],"predecessor-version":[{"id":1628,"href":"https:\/\/rocketplay-slot.com\/ga\/wp-json\/wp\/v2\/pages\/1626\/revisions\/1628"}],"wp:attachment":[{"href":"https:\/\/rocketplay-slot.com\/ga\/wp-json\/wp\/v2\/media?parent=1626"}],"curies":[{"name":"wp","href":"https:\/\/api.w.org\/{rel}","templated":true}]}}