{"id":1634,"date":"2022-06-15T08:06:23","date_gmt":"2022-06-15T05:06:23","guid":{"rendered":"https:\/\/rocketplay-slot.com\/live-blackjack\/"},"modified":"2024-02-08T17:40:06","modified_gmt":"2024-02-08T14:40:06","slug":"live-blackjack","status":"publish","type":"page","link":"https:\/\/rocketplay-slot.com\/ga\/live-blackjack\/","title":{"rendered":"Seinn blackjack saor in aisce ag RocketPlay"},"content":{"rendered":"<p>Mura bhfuil t\u00fa r\u00e9idh go leor chun blackjack beo RocketPlay a imirt ar airgead f\u00edor go f\u00f3ill, n\u00f3 m\u00e1s mian leat ach imirt saor in aisce, is fearr is f\u00e9idir leat \u00e9 sin a dh\u00e9anamh tr\u00ed do scileanna sna cluich\u00ed saor in aisce a fheabhs\u00fa. N\u00ed g\u00e1 duit cl\u00e1r\u00fa, do chuntas r\u00edomhphoist n\u00f3 faisn\u00e9is phearsanta eile a shol\u00e1thar le himirt. N\u00ed g\u00e1 ach clice\u00e1il ar ainmn\u00edocht na sliseanna is mian leat a imirt agus clice\u00e1il ar an gcnaipe d\u00e9ile\u00e1il.<\/p>\n<p>R\u00c9AMHR\u00c1 DUBH<\/p>\n<p>Blackjack beo Astr\u00e1il Is \u00e9 RocketPlay, gan dabht, an cluiche cearrbhachas boird is coitianta, ag t\u00e1bla\u00ed ceasa\u00edneo ar talamh agus i measc cluich\u00ed boird i gceasa\u00edneonna ar l\u00edne. Ach t\u00e1 sraith \u00e1irithe rialacha ag blackjack, cos\u00fail le haon chluiche seans eile, a chaithfidh t\u00fa a lean\u00faint chun an cluiche seo a imirt i gceart agus fanacht sa chluiche blackjack i gcoinne an Casino sa deireadh. Casino blackjack beo D\u00e9anann <a href=\"https:\/\/rocketplay-slot.com\/ga\">RocketPlay<\/a> go leor airgid ar na himreoir\u00ed sin nach bhfuil an-eolach ar conas blackjack a imirt, agus mura bhfuil ionat ach duine de na himreoir\u00ed sin, t\u00f3g roinnt ama chun cusp\u00f3ir agus rialacha an chluiche seo a thuiscint.<\/p>\n\t<div class=\"alao-sidebar-box alao-sidebar-box-\">\n\t\t<a href=\"https:\/\/rocketplay-slot.com\/go-casino\/\" class=\"alao-sidebar-box__link\">\n\t\t\t<span class=\"alao-sidebar-box__thumb\">\n\t\t\t\t<img decoding=\"async\" src=\"https:\/\/rocketplay-slot.com\/wp-content\/uploads\/2022\/06\/second_bonus_nonlog.png\" alt=\"An ch\u00e9ad b\u00f3nas taisce\">\n\t\t\t<\/span>\n\t\t\t<span class=\"alao-sidebar-box__info\">\n\t\t\t\t<span class=\"alao-sidebar-box__info-wrap\">\n\t\t\t\t\t<span class=\"alao-sidebar-box__head\">An ch\u00e9ad b\u00f3nas taisce<\/span>\n\t\t\t\t\t<span class=\"alao-sidebar-box__desc\">100% + 100 FS DO T\u00daS FOIRFE<\/span>\n\t\t\t\t\t<span class=\"alao-sidebar-box__button\">Faigh Anois<\/span>\n\t\t\t\t<\/span>\n\t\t\t<\/span>\n\t\t<\/a>\n\t<\/div>\n\t\n<h2>AN CR\u00cdOCH DUBH<\/h2>\n<p>Chomh maith leis an r\u00e1cad\u00f3ir, is f\u00e9idir le 1 go 7 imreoir\u00ed p\u00e1irt a ghlacadh sa chluiche blackjack beo RocketPlay ar l\u00edne. Mar sin f\u00e9in, imr\u00edonn gach duine acu i gcoinne an chr\u00fapaire, beag beann ar na himreoir\u00ed eile ag an mbord. D&#8217;fhonn l\u00e1mh a bhuachan, caithfidh suim na bpoint\u00ed ar l\u00e1mh an imreora a bheith 21 n\u00f3 n\u00edos gaire don uimhir sin n\u00e1 suim na bpoint\u00ed de l\u00e1imh an d\u00e9ile\u00e1la\u00ed beo blackjack RocketPlay, ach gan dul thar bord. Meastar go bhfuil l\u00e1mh a bhfuil n\u00edos m\u00f3 n\u00e1 21 pointe aici marbh agus cailleann s\u00e9 an geall.<\/p>\n<h2>LUACH C\u00c1RTA<\/h2>\n<p><img loading=\"lazy\" decoding=\"async\" class=\"aligncenter wp-image-282\" src=\"https:\/\/rocketplay-slot.com\/wp-content\/uploads\/2022\/06\/rocketplaynodep-1024x384.jpg\" alt=\"Seinn blackjack saor in aisce ag RocketPlay\" width=\"709\" height=\"266\" srcset=\"https:\/\/rocketplay-slot.com\/wp-content\/uploads\/2022\/06\/rocketplaynodep-1024x384.jpg 1024w, https:\/\/rocketplay-slot.com\/wp-content\/uploads\/2022\/06\/rocketplaynodep-300x113.jpg 300w, https:\/\/rocketplay-slot.com\/wp-content\/uploads\/2022\/06\/rocketplaynodep-768x288.jpg 768w, https:\/\/rocketplay-slot.com\/wp-content\/uploads\/2022\/06\/rocketplaynodep.jpg 1140w\" sizes=\"auto, (max-width: 709px) 100vw, 709px\" \/><\/p>\n<p>Is \u00e9 luach l\u00e1mh an imreora, chomh maith le l\u00e1mh an d\u00e9ile\u00e1la\u00ed, suim aghaidhluach na gc\u00e1rta\u00ed at\u00e1 comhdh\u00e9anta de. T\u00e1 luach 10 ag gach c\u00e1rta picti\u00far, lena n-\u00e1ir\u00edtear r\u00ed, banr\u00edon agus seac. T\u00e1 luach ag c\u00e1rta\u00ed \u00f3 2 go 10 de r\u00e9ir na huimhreach. Is f\u00e9idir Ace a imirt mar 1 n\u00f3 11, ag brath ar an bhfoirm a dh\u00e9anfaidh s\u00e9 an l\u00e1mh is fearr. M\u00e1 imr\u00edtear ace mar 11, meastar go bhfuil s\u00e9 &#8220;bog,&#8221; ach m\u00e1 sheintear mar 1 \u00e9, tugtar &#8220;crua.&#8221; Is \u00e9 an difr\u00edocht n\u00e1 nach f\u00e9idir leat r\u00f3ghlao ar l\u00e1mh bhog m\u00e1 ghlacann t\u00fa c\u00e1rta picti\u00far eile, ar an taobh eile d&#8217;fh\u00e9adfadh go dtiocfadh r\u00f3ghlao as l\u00e1mh chrua. Is f\u00e9idir leat smaoineamh n\u00edos fearr a fh\u00e1il ar an gcluiche playplay RocketPlay saor \u00f3 dh\u00e9ile\u00e1la\u00ed beo blackjack ar l\u00edne tr\u00edd an gcluiche a imirt, at\u00e1 ar cheann de go leor cluich\u00ed cearrbhachais nach f\u00e9idir a \u00edosl\u00f3d\u00e1il.<\/p>\n<h2>PR\u00d3ISEAS AN CHLUICH\u00cd<\/h2>\n<p>Roimh th\u00fas an chluiche, caithfidh gach imreoir geallta a dh\u00e9anamh. Faigheann gach imreoir, an r\u00e1cad\u00f3ir san \u00e1ireamh, dh\u00e1 ch\u00e1rta, oscailte n\u00f3 d\u00fanta. Tugtar deis ansin do gach imreoir \u2018buail\u2019 a dh\u00e9anamh, is \u00e9 sin, c\u00e1rta eile a tharraingt le s\u00fail a l\u00e1mh a fheabhs\u00fa. Mar mhalairt air sin, f\u00e9adfaidh imreoir rogha a dh\u00e9anamh \u2018fanacht\u2019 a imirt agus gan aon ch\u00e1rta\u00ed breise a ghlacadh, tugtar pas air seo uaireanta freisin. Is minic a leanann an r\u00e1cad\u00f3ir ag glacadh c\u00e1rta\u00ed go dt\u00ed go dt\u00f3gann s\u00e9 suas a l\u00e1mh mar sholad 16. Caithfidh an r\u00e1cad\u00f3ir stopadh nuair a tharraing\u00edonn s\u00e9 17.<\/p>\n<h2>DUBH<\/h2>\n<p>Is \u00e9 <a href=\"https:\/\/rocketplay-slot.com\/ga\/bonus\/\">b\u00f3nas<\/a> Blackjack go d\u00edreach an \u00e1it a dtagann an cluiche seo a ainm. Is \u00e9 Blackjack an ch\u00e9ad d\u00e1 ch\u00e1rta a fhaigheann an t-imreoir (n\u00f3 r\u00e1cad\u00f3ir) n\u00e1 Ace agus c\u00e1rta picti\u00far, a bheidh 21. Ar an me\u00e1n, beidh an l\u00e1mh \u00e1dh seo ag titim thart ar uair amh\u00e1in in aghaidh an 20 l\u00e1mh. Cinnt\u00edonn Blackjack go mbeidh an bua ag an imreoir agus tugann s\u00e9 \u00edoca\u00edocht 3:2 in ionad an 1:1 caighde\u00e1nach mura bhfuil blackjack ag an r\u00e1cad\u00f3ir ag an am c\u00e9anna leis an imreoir. I gc\u00e1s comhionannas v\u00f3ta\u00ed, fanfaidh na sliseanna ar fad a chuir an t-imreoir ar an l\u00e1mh sin sa bhosca agus measfar gur comhionannas v\u00f3ta\u00ed an l\u00e1mh.<\/p>\n<p><span style=\"font-weight: 400;\"><img loading=\"lazy\" decoding=\"async\" class=\"aligncenter wp-image-4146 size-full\" src=\"https:\/\/rocketplay-slot.com\/wp-content\/uploads\/2024\/02\/11111.png\" alt=\"Seinn blackjack saor in aisce ag RocketPlay 2\" width=\"897\" height=\"606\" srcset=\"https:\/\/rocketplay-slot.com\/wp-content\/uploads\/2024\/02\/11111.png 897w, https:\/\/rocketplay-slot.com\/wp-content\/uploads\/2024\/02\/11111-300x203.png 300w, https:\/\/rocketplay-slot.com\/wp-content\/uploads\/2024\/02\/11111-768x519.png 768w\" sizes=\"auto, (max-width: 897px) 100vw, 897px\" \/><\/span><\/p>\n<h2>Scoilt<\/h2>\n<p>Is c\u00e1s \u00e9 P\u00e9ir\u00ed Scoilte a d\u2019fh\u00e9adfadh tarl\u00fa sa ch\u00e9ad bhabhta imeartha m\u00e1 bh\u00edonn dh\u00e1 ch\u00e1rta chomhionanna ag imreoir. M\u00e1 tharla\u00edonn s\u00e9 seo, f\u00e9adfaidh an t-imreoir roghn\u00fa na c\u00e1rta\u00ed sin a roinnt ina dh\u00e1 l\u00e1mh \u00e9ags\u00fala agus gach l\u00e1mh a imirt ar leithligh. Mar sin f\u00e9in, beidh geall eile ag teast\u00e1il \u00f3n dara l\u00e1imhe agus ag brath ar an gceasa\u00edneo, beidh an t-imreoir in ann roinnt scoilteanna a dh\u00e9anamh i ndiaidh a ch\u00e9ile, suas le 3 n\u00f3 4, m\u00e1 leanann s\u00e9 ag f\u00e1il na c\u00e1rta\u00ed c\u00e9anna. Is \u00e9 an eisceacht don riail seo n\u00e1 dh\u00e1 aces, nach mbeadh an t-imreoir in ann ach c\u00e1rta amh\u00e1in breise a tharraingt tar \u00e9is an scoilte.<\/p>\n<h2>DUBAL<\/h2>\n<p>Is ionann d\u00fabailte agus dh\u00e1 oiread an geall ar do ch\u00e9ad d\u00e1 ch\u00e1rta. Coinnigh i gcuimhne, \u00e1fach, nuair a \u00fas\u00e1ideann t\u00fa an rogha seo, n\u00ed f\u00e9idir leat a tharraingt ach c\u00e1rta amh\u00e1in n\u00edos m\u00f3 tar \u00e9is an geall. Moltar an rogha seo m\u00e1 t\u00e1 l\u00e1mh agat nach f\u00e9idir a chailleadh le r\u00f3-shots, n\u00f3 m\u00e1 t\u00e1 l\u00e1mh ag an d\u00edolt\u00f3ir is f\u00e9idir leis dul thar f\u00f3ir go h\u00e9asca.<\/p>\n<h2>SARRENDER<\/h2>\n<p>Is \u00e9ard at\u00e1 i gceist le Sarrender n\u00e1 nuair a shocra\u00edonn t\u00fa gan lean\u00faint ar aghaidh ag imirt l\u00e1mh le drochl\u00e1 sula mbeidh c\u00e1rta eile roghnaithe agat fi\u00fa. N\u00ed cheada\u00edonn gach ceasa\u00edneo imreoir\u00ed leas a bhaint as an rogha seo. M\u00e1 roghna\u00edonn t\u00fa Sarrender, tugann t\u00fa suas leath de do geall bunaidh, ach i gc\u00e1sanna \u00e1irithe is f\u00e9idir \u00e9 a bheith n\u00edos fearr n\u00e1 \u00e9 a chailleadh.<\/p>\n<h2>\u00c1RACHAS<\/h2>\n<p>Tairgtear \u00e1rachas sa ch\u00e1s go bhfaigheann an d\u00e9ile\u00e1la\u00ed Ace in the Open. Is f\u00e9idir leat leath de do bhungheall a \u00edoc mar \u00e1rachas ar eagla go mbail\u00edonn an d\u00e9ile\u00e1la\u00ed Blackjack. \u00cdocfar an t-\u00e1rachas leat ag teacht salach ar 2:1 m\u00e1 bhail\u00edonn an d\u00e9ile\u00e1la\u00ed blackjack i nd\u00e1ir\u00edre. Mar sin f\u00e9in, measann imreoir\u00ed a bhfuil taith\u00ed acu nach bhfuil aon chiall leis an ngeall seo agus n\u00ed mholann siad \u00e9 (murab ionann agus ceasa\u00edneonna), mar sin m\u00e1 thairgtear \u00e1rachas duit, meath go m\u00fainte.<\/p>\n<p>D&#8217;fhonn stair blackjack a thuiscint agus conas a bhaineann s\u00e9 leis an gcluiche a imr\u00edmid inniu, n\u00ed m\u00f3r duit a thuiscint gur f\u00e9idir le rialacha eile a bheith ag blackjack seachas na cinn a pl\u00e9adh thuas. F\u00e9adfaidh ceasa\u00edneonna \u00e9ags\u00falachta\u00ed \u00e9ags\u00fala den chluiche seo a thairiscint, ach beidh an fhorm\u00e1id bhun\u00fasach mar an gc\u00e9anna in aon t\u00edr agus in aon bhuna\u00edocht. Cib\u00e9 an bhfuil t\u00fa ag imirt app blackjack beo RocketPlay n\u00f3 i gceasa\u00edneo tal\u00fan-bhunaithe, t\u00e1 s\u00e9 t\u00e1bhachtach go mbeadh a fhios agat bunghn\u00e9ithe an chluiche seo chun go mbeidh t\u00fa in ann do seansanna a bhuachan.<\/p>\n<h2>CONAS A BHAINT AMACH AG DUBH AR L\u00cdNE?<\/h2>\n<p>Chun na tortha\u00ed is fearr a fh\u00e1il sa chluiche c\u00e1rta\u00ed RocketPlay soghluaiste blackjack beo sa Casino, ba ch\u00f3ir do thosaitheoir\u00ed clo\u00ed leis an bplean seo a leanas.<\/p>\n<ul>\n<li>Go cr\u00edochn\u00fail a fhoghlaim go l\u00e9ir intricacies na rialacha.<\/li>\n<li>Chun m\u00e1istreacht a fh\u00e1il ar an teoiric agus foghlaim conas an strait\u00e9is bhun\u00fasach a chur i bhfeidhm go praitici\u00fail.<\/li>\n<li>Faigh na cine\u00e1lacha blackjack is brab\u00fasa\u00ed le raon oiri\u00fanach geallta.<\/li>\n<li>Roghnaigh an strait\u00e9is is fearr a oireann is fearr do rialacha an tsamhail roghnaithe.<\/li>\n<li>An ch\u00e9ad chleachtadh i m\u00f3d oili\u00fana &#8220;le haghaidh spraoi&#8221;.<\/li>\n<li>Foghlaim conas do bankroll a bhainisti\u00fa.<\/li>\n<\/ul>\n<p>D\u00e9anann imreoir\u00ed gairmi\u00fala c\u00e1rta\u00ed a chomhaireamh freisin, s\u00fail a choinne\u00e1il ar aces sna decks, agus \u00fas\u00e1id a bhaint as cleasanna eile a bhfuil bunt\u00e1iste matamaitice acu thar an mbuna\u00edocht. Ach n\u00ed f\u00e9idir an chuid is m\u00f3 de na teicn\u00edc\u00ed sofaistici\u00fala seo a \u00fas\u00e1id ag tairseacha sliot\u00e1n ar l\u00edne, fi\u00fa m\u00e1s <a href=\"https:\/\/rocketplay-slot.com\/ga\/live-casino\/\">ceasa\u00edneo beo<\/a> \u00e9 le r\u00e1cad\u00f3ir\u00ed f\u00edor.<\/p>\n","protected":false},"excerpt":{"rendered":"<p>Mura bhfuil t\u00fa r\u00e9idh go leor chun blackjack beo RocketPlay a imirt ar airgead f\u00edor go f\u00f3ill, n\u00f3 m\u00e1s mian leat ach imirt saor in aisce, is fearr is f\u00e9idir leat \u00e9 sin a dh\u00e9anamh tr\u00ed do scileanna sna cluich\u00ed saor in aisce a fheabhs\u00fa. N\u00ed g\u00e1 duit cl\u00e1r\u00fa, do chuntas r\u00edomhphoist n\u00f3 faisn\u00e9is phearsanta&#8230;<\/p>\n","protected":false},"author":1,"featured_media":0,"parent":0,"menu_order":0,"comment_status":"closed","ping_status":"closed","template":"front-page.php","meta":{"_acf_changed":false,"_kad_post_transparent":"default","_kad_post_title":"default","_kad_post_layout":"default","_kad_post_sidebar_id":"","_kad_post_content_style":"default","_kad_post_vertical_padding":"default","_kad_post_feature":"","_kad_post_feature_position":"","_kad_post_header":false,"_kad_post_footer":false,"footnotes":""},"class_list":["post-1634","page","type-page","status-publish","hentry"],"acf":[],"rttpg_featured_image_url":null,"rttpg_author":{"display_name":"Elvis","author_link":"https:\/\/rocketplay-slot.com\/ga\/author\/pemvas95n89x\/"},"rttpg_comment":0,"rttpg_category":null,"rttpg_excerpt":"Mura bhfuil t\u00fa r\u00e9idh go leor chun blackjack beo RocketPlay a imirt ar airgead f\u00edor go f\u00f3ill, n\u00f3 m\u00e1s mian leat ach imirt saor in aisce, is fearr is f\u00e9idir leat \u00e9 sin a dh\u00e9anamh tr\u00ed do scileanna sna cluich\u00ed saor in aisce a fheabhs\u00fa. N\u00ed g\u00e1 duit cl\u00e1r\u00fa, do chuntas r\u00edomhphoist n\u00f3 faisn\u00e9is phearsanta...","_links":{"self":[{"href":"https:\/\/rocketplay-slot.com\/ga\/wp-json\/wp\/v2\/pages\/1634","targetHints":{"allow":["GET"]}}],"collection":[{"href":"https:\/\/rocketplay-slot.com\/ga\/wp-json\/wp\/v2\/pages"}],"about":[{"href":"https:\/\/rocketplay-slot.com\/ga\/wp-json\/wp\/v2\/types\/page"}],"author":[{"embeddable":true,"href":"https:\/\/rocketplay-slot.com\/ga\/wp-json\/wp\/v2\/users\/1"}],"replies":[{"embeddable":true,"href":"https:\/\/rocketplay-slot.com\/ga\/wp-json\/wp\/v2\/comments?post=1634"}],"version-history":[{"count":3,"href":"https:\/\/rocketplay-slot.com\/ga\/wp-json\/wp\/v2\/pages\/1634\/revisions"}],"predecessor-version":[{"id":4627,"href":"https:\/\/rocketplay-slot.com\/ga\/wp-json\/wp\/v2\/pages\/1634\/revisions\/4627"}],"wp:attachment":[{"href":"https:\/\/rocketplay-slot.com\/ga\/wp-json\/wp\/v2\/media?parent=1634"}],"curies":[{"name":"wp","href":"https:\/\/api.w.org\/{rel}","templated":true}]}}