{"id":1645,"date":"2022-08-11T20:17:19","date_gmt":"2022-08-11T17:17:19","guid":{"rendered":"https:\/\/rocketplay-slot.com\/blackjack\/"},"modified":"2022-12-24T01:20:05","modified_gmt":"2022-12-23T22:20:05","slug":"blackjack","status":"publish","type":"page","link":"https:\/\/rocketplay-slot.com\/ga\/blackjack\/","title":{"rendered":"Seinn blackjack ar l\u00edne le haghaidh f\u00edor airgead"},"content":{"rendered":"<p><img loading=\"lazy\" decoding=\"async\" class=\" wp-image-318 aligncenter\" src=\"https:\/\/rocketplay-slot.com\/wp-content\/uploads\/2022\/08\/h.9_blackjack_webimage-_690x418-300x182.jpg\" alt=\"blackjack online\" width=\"610\" height=\"370\" srcset=\"https:\/\/rocketplay-slot.com\/wp-content\/uploads\/2022\/08\/h.9_blackjack_webimage-_690x418-300x182.jpg 300w, https:\/\/rocketplay-slot.com\/wp-content\/uploads\/2022\/08\/h.9_blackjack_webimage-_690x418.jpg 690w\" sizes=\"auto, (max-width: 610px) 100vw, 610px\" \/><\/p>\n<p>N\u00ed roghna\u00edonn \u00fas\u00e1ideoir\u00ed nua \u00a0<a href=\"https:\/\/rocketplay-slot.com\/ga\">RocketPlay<\/a> casino blackjack ar l\u00edne l\u00e1ithreach, toisc go bhf\u00e9adfadh go leor cluich\u00ed cearrbhachais ar l\u00edne a bheith ag an su\u00edomh ceasa\u00edneo a bhfuil suim acu iontu le tairiscint\u00ed <a href=\"https:\/\/rocketplay-slot.com\/de\/bonus\/\">b\u00f3nais<\/a> agus dinimic cluich\u00ed. Ar nd\u00f3igh, d\u00e9anann an chuid is m\u00f3 de na gamblers cinneadh a dh\u00e9anamh ar chearrbhachas ar l\u00edne, n\u00ed hamh\u00e1in le haghaidh an deis a bheith acu dea-am ag imirt, ach freisin chun airgead f\u00edor n\u00f3 f\u00edor\u00fail a bhuachan. T\u00e1 s\u00e9 simpl\u00ed go leor a imirt ar airgead f\u00edor, ach n\u00ed m\u00f3r duit liosta \u00e1irithe coinn\u00edollacha a chomhl\u00edonadh.<\/p>\n<p>Is f\u00e9idir leat casino blackjack ar l\u00edne a imirt RocketPlay ar airgead f\u00edor ach amh\u00e1in tar \u00e9is an cl\u00e1r\u00fa traidisi\u00fanta a chr\u00edochn\u00fa do gach \u00fas\u00e1ideoir gan eisceacht. T\u00e1 an n\u00f3s imeachta seo simpl\u00ed go leor agus n\u00ed th\u00f3gann s\u00e9 m\u00f3r\u00e1n ama. T\u00e9ann cearrbhachas a bhfuil taith\u00ed acu ar chearrbhachas ar l\u00edne tr\u00edd an n\u00f3s imeachta seo n\u00edos tap\u00fala f\u00f3s, mar anois t\u00e1 a fhios acu go cinnte c\u00e9n modh cl\u00e1r\u00fach\u00e1in is fearr a oireann d\u00f3ibh agus c\u00e9n f\u00e1th ar ch\u00f3ir d\u00f3ibh dul faoi fh\u00edor\u00fa d\u00edreach tar \u00e9is cl\u00e1r\u00fach\u00e1in.<\/p>\n<p>Is f\u00e9idir leat cl\u00e1r\u00fa n\u00ed amh\u00e1in tr\u00ed r\u00edomhaire, ach freisin tr\u00ed gl\u00e9asanna soghluaiste. Leis an bhfeidhmchl\u00e1r ceasa\u00edneo soghluaiste t\u00e1 s\u00e9 n\u00edos \u00e1isi\u00fala cluich\u00ed cearrbhachais ar l\u00edne a imirt, lena n-\u00e1ir\u00edtear blackjack. Ach t\u00e1 m\u00edbhunt\u00e1iste soil\u00e9ir amh\u00e1in ag baint leis an bhfeidhmchl\u00e1r soghluaiste &#8211; is leagan simplithe de shu\u00edomh Gr\u00e9as\u00e1in oifigi\u00fail an cheasa\u00edneo \u00e9, mar sin n\u00edl gach feidhmi\u00falacht ar taispe\u00e1int i leagan soghluaiste an cheasa\u00edneo. Le haghaidh cluiche tapa 24\/7, n\u00edl an fheidhmi\u00falacht go l\u00e9ir ag teast\u00e1il, ach t\u00e1 an fhaisn\u00e9is seo riachtanach do na gamblers sin a bhfuil s\u00e9 beartaithe acu \u00fas\u00e1id na gceasa\u00edneonna a thr\u00e9igean go hioml\u00e1n tr\u00ed r\u00edomhaire.<\/p>\n<h2>CONAS DUBH A IMIR AR L\u00cdNE?<\/h2>\n<p>Is f\u00e9idir le h\u00fas\u00e1ideoir\u00ed rialta n\u00f3 nua rialacha blackjack Casino RocketPlay athbhreithni\u00fa a dh\u00e9anamh ar rialacha an chluiche blackjack d\u00edreach roimh thos\u00fa ar an gcluiche. Ach n\u00ed d\u00f3cha go mbeidh \u00fas\u00e1ideoir\u00ed den s\u00f3rt sin nach raibh a fhios acu rud ar bith faoi chluiche blackjack n\u00f3 21, n\u00f3 pointe. T\u00e1 s\u00e9 ar cheann de na cluich\u00ed boird is coitianta i gceasa\u00edneonna ar l\u00edne agus is f\u00e9idir le 1 go 7 imreoir \u00e9 a imirt. C\u00e9 leis a bhfuil an t-\u00fas\u00e1ideoir ag imirt ina choinne? Imr\u00edtear an cluiche i gcoinne an chr\u00fapaire. Chun an cluiche a fh\u00e1g\u00e1il mar bhuaiteoir, n\u00ed m\u00f3r duit 21 pointe a bheith i do l\u00e1mh, n\u00f3 ar a laghad n\u00edos m\u00f3 point\u00ed a sc\u00f3r\u00e1il n\u00e1 an duine a bhfuil t\u00fa ag imirt ina aghaidh. Meastar go bhfuil l\u00e1mh le n\u00edos m\u00f3 n\u00e1 21 pointe marbh le haghaidh s\u00fagartha, mar sin cailleann s\u00e9 an geall go huathoibr\u00edoch.<\/p>\n<p>N\u00edl gach rud chomh simpl\u00ed nuair a thagann s\u00e9 chun cluiche blackjack a roghn\u00fa. Tairgeann ceasa\u00edneonna \u00e9ags\u00fala leaganacha nua-aimseartha agus clasaiceacha den chluiche. Ar nd\u00f3igh, t\u00e1 rialacha an chluiche f\u00f3s cos\u00fail le ch\u00e9ile, ach \u00e9ags\u00fail i m\u00e9id na ngeallta, l\u00edon na gc\u00e1rta\u00ed oscailte n\u00f3 d\u00fanta at\u00e1 leagtha amach ar an mbord imeartha ag t\u00fas an chluiche.<\/p>\n<p>Le linn an chluiche, is f\u00e9idir leis an \u00fas\u00e1ideoir, cos\u00fail le r\u00e1cad\u00f3ir, c\u00e1rta\u00ed a roghn\u00fa chun luach a l\u00e1mh f\u00e9in a mh\u00e9ad\u00fa. T\u00e1 a saintr\u00e9ithe f\u00e9in ag gach leagan den chluiche blackjack maidir le roghn\u00fa c\u00e1rta\u00ed, agus ba cheart \u00e9 seo a chur san \u00e1ireamh. Tugtar blackjack ar an imreoir a bhfuil an bunt\u00e1iste aige sa l\u00e1mh. Murar \u00e9irigh le haon cheann de na himreoir\u00ed n\u00edos m\u00f3 a charnadh agus go bhfuil a gcuid point\u00ed comhionann, n\u00edl aon blackjack ann, ach t\u00e1 tarraingt n\u00f3 br\u00fa ann.<\/p>\n<p>Cuirtear an geall a rinne an rannph\u00e1irt\u00ed ag t\u00fas an chluiche ar ais go simpl\u00ed i gc\u00e1s comhionannas v\u00f3ta\u00ed. N\u00ed f\u00e9idir le imreoir airgead breise a thuilleamh ach amh\u00e1in m\u00e1 t\u00e1 bunt\u00e1iste soil\u00e9ir aige sa l\u00e1mh le c\u00e1rta\u00ed, eadhon blackjack.<\/p>\n<h2>IMIR DUBH GAN TAISCE<\/h2>\n<p>Casino blackjack saor in aisce Is rogha cluiche \u00e9 RocketPlay at\u00e1 ar f\u00e1il do gach \u00fas\u00e1ideoir ceasa\u00edneo, cib\u00e9 an bhfuil siad cl\u00e1raithe ar an su\u00edomh ceasa\u00edneo n\u00f3 nach bhfuil. Tar \u00e9is an tsaoil, n\u00edl gach \u00fas\u00e1ideoir r\u00e9idh l\u00e1ithreach chun a gc\u00e9ad geallta \u00edosta n\u00f3 uasta a dh\u00e9anamh. A imirt ar airgead f\u00edor, n\u00ed m\u00f3r duit a bheith ar a laghad roinnt smaoineamh mar gheall ar an cluiche agus dul tr\u00ed chl\u00e1r\u00fa. D\u00e1 bhr\u00ed sin, a imirt ar airgead f\u00edor is g\u00e1 duit a ullmh\u00fa. Sin \u00e9 an f\u00e1th go bhfuil cluiche gan \u00e9arlais n\u00f3 saor in aisce.<\/p>\n<p>Mura gcuireann an t-\u00fas\u00e1ideoir rud ar bith i mbaol, n\u00ed f\u00e9idir leis rud ar bith a bhuachan. Tar \u00e9is an tsaoil, n\u00ed hamh\u00e1in go bhfuil gamblers ag lorg an Pota \u00d3ir n\u00f3 airgead breise. Is lucht cuardaigh sult iad, na heisp\u00e9iris sin at\u00e1 thar a bheith deacair a fh\u00e1il sa saol f\u00edor. D\u00e1 bhr\u00ed sin, gan \u00e9arlais, n\u00ed bheidh an cluiche chomh dian go moth\u00fach\u00e1nach, ach t\u00e1 s\u00e9 f\u00f3s ina eisp\u00e9ireas riachtanach chun leomh cluiche tromch\u00faiseach a imirt ar airgead f\u00edor.<\/p>\n<p><img loading=\"lazy\" decoding=\"async\" class=\" wp-image-319 aligncenter\" src=\"https:\/\/rocketplay-slot.com\/wp-content\/uploads\/2022\/08\/illuminate-philkesten-header-30-1-1160x386-1-300x100.jpeg\" alt=\"blackjack game\" width=\"660\" height=\"220\" srcset=\"https:\/\/rocketplay-slot.com\/wp-content\/uploads\/2022\/08\/illuminate-philkesten-header-30-1-1160x386-1-300x100.jpeg 300w, https:\/\/rocketplay-slot.com\/wp-content\/uploads\/2022\/08\/illuminate-philkesten-header-30-1-1160x386-1-1024x341.jpeg 1024w, https:\/\/rocketplay-slot.com\/wp-content\/uploads\/2022\/08\/illuminate-philkesten-header-30-1-1160x386-1-768x256.jpeg 768w, https:\/\/rocketplay-slot.com\/wp-content\/uploads\/2022\/08\/illuminate-philkesten-header-30-1-1160x386-1.jpeg 1160w\" sizes=\"auto, (max-width: 660px) 100vw, 660px\" \/><\/p>\n<h2>STRAIT\u00c9IS\u00cd AGUS LEIDEANNA DUBH<\/h2>\n<p>Is cuma c\u00e9n strait\u00e9is blackjack Casino RocketPlay, n\u00ed bheidh gach ceann acu buaite do gach \u00fas\u00e1ideoir gan eisceacht. Go minic, is obair torth\u00fail \u00e9 an bua, mar n\u00ed m\u00f3r duit gach strait\u00e9is cluiche f\u00e9ideartha a th\u00e1st\u00e1il agus na cinn is fearr a oireann do luas an chluiche aonair agus do chumais airgeadais a roghn\u00fa.<\/p>\n<p>Molann gambl\u00f3ir\u00ed a bhfuil taith\u00ed acu at\u00e1 ag imirt blackjack ar feadh n\u00edos m\u00f3 n\u00e1 bliain r\u00edomhaireachta\u00ed matamaitice a dh\u00e9anamh. Tar \u00e9is an tsaoil, nach bhfuil s\u00e9 faoi luck, c\u00e9 nach bhfuil aon rud gan \u00e9 i gambling ar l\u00edne, ach an cumas a r\u00edomh i gceart nuair is g\u00e1 duit a dh\u00fabailt an geall, scoilt na c\u00e1rta\u00ed n\u00f3 a thabhairt suas.<\/p>\n<p>Cad \u00e9 faoi? Is cinneadh s\u00e1ch deacair \u00e9 scoilt, n\u00f3 scaradh c\u00e1rta\u00ed, toisc go bogann an t-\u00fas\u00e1ideoir go muin\u00edneach chun bua. Mar sin socra\u00edonn s\u00e9 dh\u00e1 l\u00e1mh a dh\u00e9anamh seachas l\u00e1mh amh\u00e1in chun a sheansanna buaite a dh\u00fabailt. Sa ch\u00e1s seo, beidh na l\u00e1mha go hioml\u00e1n neamhsple\u00e1ch. N\u00ed f\u00e9idir c\u00e1rta\u00ed a roinnt ina dh\u00e1 l\u00e1mh ach amh\u00e1in nuair a bh\u00edonn sraith \u00e1irithe c\u00e1rta\u00ed ag an imreoir, mar shampla dh\u00e1 sh\u00e9 n\u00f3 r\u00ed agus deich, etc. Chun tuiscint a fh\u00e1il go beacht ar conas a roinntear na c\u00e1rta\u00ed, n\u00ed m\u00f3r duit eolas a chur ar na rialacha blackjack \u00e1bhartha don rogha cluiche at\u00e1 roghnaithe ag an \u00fas\u00e1ideoir.<\/p>\n<p>N\u00e1 underestimate an fh\u00e9idearthacht a thabhairt suas sa chluiche. Tar \u00e9is an tsaoil, uaireanta t\u00e1 s\u00e9 n\u00edos fearr a thabhairt suas n\u00e1 gach rud a chailleadh gan an fh\u00e9idearthacht cist\u00ed breise a bhuachan cheana f\u00e9in sa ch\u00e9ad chluiche eile. Chun \u00e9 a thabhairt suas, n\u00ed m\u00f3r duit do chumas a mheas i gceart. Is rogha chomhfhiosach \u00e9 seo agus c\u00e9im br\u00ed. M\u00e1 gh\u00e9illeann an t-\u00fas\u00e1ideoir, t\u00e1 an rogha aige cuid den airgead a fh\u00e1il ar ais, mar shampla 50% den m\u00e9id a d&#8217;infheistigh s\u00e9 sa chluiche.<\/p>\n<p>Uaireanta t\u00e1 leath n\u00edos fearr n\u00e1 rud ar bith. T\u00e1 s\u00e9 t\u00e1bhachtach a thuiscint cathain is ceart c\u00e1rta\u00ed a tharraingt agus cathain is ceart c\u00e1rta\u00ed breise a thabhairt suas. D&#8217;fhonn blackjack a imirt go muin\u00edneach, n\u00ed m\u00f3r duit n\u00ed hamh\u00e1in taith\u00ed, ach freisin tuiscint ar rialacha an chluiche.<\/p>\n","protected":false},"excerpt":{"rendered":"<p>N\u00ed roghna\u00edonn \u00fas\u00e1ideoir\u00ed nua \u00a0RocketPlay casino blackjack ar l\u00edne l\u00e1ithreach, toisc go bhf\u00e9adfadh go leor cluich\u00ed cearrbhachais ar l\u00edne a bheith ag an su\u00edomh ceasa\u00edneo a bhfuil suim acu iontu le tairiscint\u00ed b\u00f3nais agus dinimic cluich\u00ed. Ar nd\u00f3igh, d\u00e9anann an chuid is m\u00f3 de na gamblers cinneadh a dh\u00e9anamh ar chearrbhachas ar l\u00edne, n\u00ed hamh\u00e1in&#8230;<\/p>\n","protected":false},"author":1,"featured_media":0,"parent":0,"menu_order":0,"comment_status":"closed","ping_status":"closed","template":"","meta":{"_acf_changed":false,"_kad_post_transparent":"default","_kad_post_title":"default","_kad_post_layout":"default","_kad_post_sidebar_id":"","_kad_post_content_style":"default","_kad_post_vertical_padding":"default","_kad_post_feature":"","_kad_post_feature_position":"","_kad_post_header":false,"_kad_post_footer":false,"footnotes":""},"class_list":["post-1645","page","type-page","status-publish","hentry"],"acf":[],"rttpg_featured_image_url":null,"rttpg_author":{"display_name":"Elvis","author_link":"https:\/\/rocketplay-slot.com\/ga\/author\/pemvas95n89x\/"},"rttpg_comment":0,"rttpg_category":null,"rttpg_excerpt":"N\u00ed roghna\u00edonn \u00fas\u00e1ideoir\u00ed nua \u00a0RocketPlay casino blackjack ar l\u00edne l\u00e1ithreach, toisc go bhf\u00e9adfadh go leor cluich\u00ed cearrbhachais ar l\u00edne a bheith ag an su\u00edomh ceasa\u00edneo a bhfuil suim acu iontu le tairiscint\u00ed b\u00f3nais agus dinimic cluich\u00ed. Ar nd\u00f3igh, d\u00e9anann an chuid is m\u00f3 de na gamblers cinneadh a dh\u00e9anamh ar chearrbhachas ar l\u00edne, n\u00ed hamh\u00e1in...","_links":{"self":[{"href":"https:\/\/rocketplay-slot.com\/ga\/wp-json\/wp\/v2\/pages\/1645","targetHints":{"allow":["GET"]}}],"collection":[{"href":"https:\/\/rocketplay-slot.com\/ga\/wp-json\/wp\/v2\/pages"}],"about":[{"href":"https:\/\/rocketplay-slot.com\/ga\/wp-json\/wp\/v2\/types\/page"}],"author":[{"embeddable":true,"href":"https:\/\/rocketplay-slot.com\/ga\/wp-json\/wp\/v2\/users\/1"}],"replies":[{"embeddable":true,"href":"https:\/\/rocketplay-slot.com\/ga\/wp-json\/wp\/v2\/comments?post=1645"}],"version-history":[{"count":3,"href":"https:\/\/rocketplay-slot.com\/ga\/wp-json\/wp\/v2\/pages\/1645\/revisions"}],"predecessor-version":[{"id":2416,"href":"https:\/\/rocketplay-slot.com\/ga\/wp-json\/wp\/v2\/pages\/1645\/revisions\/2416"}],"wp:attachment":[{"href":"https:\/\/rocketplay-slot.com\/ga\/wp-json\/wp\/v2\/media?parent=1645"}],"curies":[{"name":"wp","href":"https:\/\/api.w.org\/{rel}","templated":true}]}}