{"id":1672,"date":"2022-06-15T00:06:54","date_gmt":"2022-06-14T21:06:54","guid":{"rendered":"https:\/\/rocketplay-slot.com\/live-bingo\/"},"modified":"2022-11-01T01:16:30","modified_gmt":"2022-10-31T22:16:30","slug":"live-bingo","status":"publish","type":"page","link":"https:\/\/rocketplay-slot.com\/ga\/live-bingo\/","title":{"rendered":"Seinn bingo beo ag RocketPlay"},"content":{"rendered":"<p>Sa chluiche seo, braitheann gach rud ar sheans. Faigheann gach imreoir c\u00e1rta ar a bhfuil uimhreacha priont\u00e1ilte in ord randamach. T\u00f3gann an t-\u00f3stach na huimhreacha ar a seal ag tarraingt amach, agus seice\u00e1lann an duine an c\u00e1rta le haghaidh na n-uimhreacha at\u00e1 ann. Is \u00e9 an t-imreoir a raibh a ch\u00e1rta ar an gc\u00e9ad cheann a raibh an teaglaim bhuaiteach ann, a bhuaigh. Faigheann imreoir\u00ed le huimhreacha meaitse\u00e1la as a ch\u00e9ile, roinnt sraitheanna n\u00f3 bloc an bua. I gcluich\u00ed biong\u00f3 beo <a href=\"https:\/\/rocketplay-slot.com\/ga\">RocketPlay<\/a>, roghna\u00edonn cl\u00e1r at\u00e1 bunaithe ar ghinead\u00f3ir uimhreacha randamacha na huimhreacha in ionad ceannaire.<br \/>\n<span style=\"font-weight: 400;\"><img loading=\"lazy\" decoding=\"async\" class=\"aligncenter wp-image-215\" src=\"https:\/\/rocketplay-slot.com\/wp-content\/uploads\/2022\/06\/nvpl6ximfjejhyr5duzzhoww2mtzxdvyfv7bm5b6.jpeg\" alt=\"\" width=\"600\" height=\"600\" srcset=\"https:\/\/rocketplay-slot.com\/wp-content\/uploads\/2022\/06\/nvpl6ximfjejhyr5duzzhoww2mtzxdvyfv7bm5b6.jpeg 300w, https:\/\/rocketplay-slot.com\/wp-content\/uploads\/2022\/06\/nvpl6ximfjejhyr5duzzhoww2mtzxdvyfv7bm5b6-150x150.jpeg 150w\" sizes=\"auto, (max-width: 600px) 100vw, 600px\" \/><\/span><\/p>\n<h2>STAIR GAIRDE<\/h2>\n<p>N\u00ed hamh\u00e1in go bhfuil pasta, p\u00edotsa agus f\u00edon faoi chomaoin ag na hIod\u00e1laigh orainne ach t\u00e1 bingo againn freisin. Ar ais sa 16\u00fa haois, chum siad cluiche ar a dtugtar bingo, a imr\u00edtear f\u00f3s inniu. Thar na blianta, scaipeadh an cluiche ar fud na hEorpa agus n\u00edos d\u00e9ana\u00ed th\u00e1inig go Meirice\u00e1 Thuaidh. Ag an am, tugadh &#8220;bino&#8221; air agus rinneadh &#8220;bingo&#8221; de thimpiste nuair a mheasc duine de na himreoir\u00ed, a fuair an teaglaim a bhuaigh, an t-ainm de thaisme agus scairt s\u00e9 &#8220;bingo.&#8221; Sa Bhreatain, n\u00edl an cluiche seo n\u00edos l\u00fa t\u00f3ir. I 1960, rinneadh dleathach \u00e9 agus \u00f3 shin i leith thosaigh s\u00e9 ag baili\u00fa na m\u00edlte Briotanach, agus \u00e9 ina chaitheamh aimsire is fearr leat. N\u00edos d\u00e9ana\u00ed, shroich a raon feidhme chomh sc\u00e1la sin, \u00f3 l\u00e1r na 80id\u00ed, i go leor t\u00edortha le feice\u00e1il i go leor t\u00edortha crannchuir n\u00e1isi\u00fanta le buaiteanna imill-dollar. \u00d3 2000 i leith, t\u00e1 bingo, n\u00f3 biong\u00f3, imithe ar l\u00edne, rud a ligeann do dhaoine ar fud an domhain imirt, buachan agus bualadh le d\u00edograiseoir\u00ed biong\u00f3 eile.<\/p>\n<h2>C\u00c9N F\u00c1TH BINGO AR L\u00cdNE?<\/h2>\n<ul>\n<li>\u00cdoca\u00edochta\u00ed ard;<\/li>\n<li>Infhaighteacht cluich\u00ed ag aon am den l\u00e1 n\u00f3 den o\u00edche;<\/li>\n<li>T\u00e1 imirt cluiche n\u00edos tap\u00fala;<\/li>\n<li>Is f\u00e9idir leat cluich\u00ed iolracha n\u00f3 seomra\u00ed a imirt ag an am c\u00e9anna;<\/li>\n<li>R\u00e9imse leathan de chine\u00e1lacha de bingo <a href=\"https:\/\/rocketplay-slot.com\/ga\/live-casino\/\">Casino beo<\/a> RocketPlay agus l\u00edon na n-imreoir\u00ed;<\/li>\n<li>Is f\u00e9idir leat imirt saor in aisce.<\/li>\n<\/ul>\n<h2>RIALACHA BUN\u00daSACHA<\/h2>\n<p>Ar an gc\u00e9ad dul s\u00edos, n\u00ed m\u00f3r duit an cine\u00e1l cluiche a roghn\u00fa: t\u00e1 75 liathr\u00f3id ag an leagan Meirice\u00e1nach; t\u00e1 \u00e9ags\u00falachta\u00ed ann freisin le 30 liathr\u00f3id. T\u00e1 90 liathr\u00f3id i gceist le cluiche traidisi\u00fanta na RA. Breathna\u00edmid ar rialacha an chluiche at\u00e1 bunaithe air.<\/p>\n<p>T\u00e1 an tic\u00e9ad don chluiche le 90 uimhir fh\u00e9ideartha roinnte ina 3 shraith agus 9 gcol\u00fan, rud a thugann 27 cearnach san ioml\u00e1n. T\u00e1 15 uimhir i ngach sraith. Is \u00e9ard at\u00e1 i ngach tic\u00e9ad caighde\u00e1nach n\u00e1 6 thic\u00e9ad n\u00edos l\u00fa, ar a dtugtar &#8220;stiallacha.&#8221; Go bun\u00fasach, t\u00e1 na huimhreacha go l\u00e9ir \u00f3 1 go 90 sna s\u00e9 thic\u00e9ad seo, eagraithe in ord difri\u00fail.<\/p>\n<p>Anois go bhfuil a fhios agat c\u00e9n chuma at\u00e1 ar thic\u00e9ad bingo caighde\u00e1nach, bogaimis ar aghaidh go dt\u00ed an cluiche f\u00e9in.<\/p>\n<p>Rogha Cluiche. Braitheann buaiteanna bingo ar an gcine\u00e1l cluiche, m\u00e9id na ngeallta, agus l\u00edon na dtic\u00e9ad. Chun troid ar son na nduaiseanna is m\u00f3, is gn\u00e1ch go n-iarrann <a href=\"https:\/\/rocketplay-slot.com\/ga\/casino\/\">ceasa\u00edneonna ar l\u00edne<\/a> ar an imreoir faisn\u00e9is faoin modh \u00edoca\u00edochta a shol\u00e1thar. F\u00e9adfaidh s\u00e9 seo a bheith ina fhaisn\u00e9is c\u00e1rta bainc n\u00f3 rud \u00e9igin eile.<\/p>\n<p>Ceannach tic\u00e9ad. Nuair a roghna\u00edonn t\u00fa cluiche oiri\u00fanach, cuirfear tic\u00e9id ar f\u00e1il duit. Is minic is f\u00e9idir leat n\u00edos m\u00f3 n\u00e1 tic\u00e9ad amh\u00e1in a cheannach, ach is minic a bh\u00edonn s\u00e9 dh\u00e1 cheann ar a mh\u00e9ad. Agus n\u00edl aon mheicn\u00edocht cruthaithe anseo &#8211; braitheann s\u00e9 go l\u00e9ir ar do luck. Tabhair faoi deara, fi\u00fa m\u00e1 imr\u00edonn t\u00fa an cluiche saor in aisce, caithfidh t\u00fa tic\u00e9ad a &#8220;cheannach&#8221; f\u00f3s. N\u00e1 b\u00edodh eagla ort leis an bhfocal seo, n\u00ed \u00e9il\u00edonn an cluiche saor in aisce duit aon rud a dh\u00e9anamh. Tar \u00e9is sin, tosa\u00edonn an chuid spraoi.<\/p>\n<p>F\u00f3gra\u00edocht na n-uimhreacha. I gceasa\u00edneonna ar l\u00edne, roghna\u00edtear na liathr\u00f3id\u00ed le ginead\u00f3ir uimhreacha randamacha. Murab ionann agus an cluiche traidisi\u00fanta, sa leagan ar l\u00edne spreagann an r\u00edomhaire t\u00fa \u00e1it a bhfuil cluich\u00ed agat n\u00f3 fi\u00fa trasna\u00edonn s\u00e9 cluich\u00ed go huathoibr\u00edoch, rud a fh\u00e1gann go mbeidh n\u00edos m\u00f3 ama agat chun idirghn\u00edomh\u00fa le himreoir\u00ed eile. Is f\u00e9idir leat aistri\u00fa go m\u00f3d uathoibr\u00edoch n\u00f3 na huimhreacha a thrasn\u00fa t\u00fa f\u00e9in. Sl\u00ed amh\u00e1in n\u00f3 sl\u00ed, laghda\u00edtear an baol go gcaillfidh t\u00fa d\u2019uimhir \u2013 comhaireamh an r\u00edomhaire na meaitseanna i do thic\u00e9ad f\u00f3s.<\/p>\n<p>An buaiteoir a fh\u00f3gairt. Chomh luath agus a bh\u00edonn buaiteoir, sosanna an cluiche. Faigheann an t-imreoir buaiteach na pr\u00edomhbhuaiteacha, agus is f\u00e9idir leis na daoine eile a fheice\u00e1il an bhfuil comhcheangail bhuaiteacha ar a dtic\u00e9ad. Fi\u00fa mura tusa an t\u00e9 a d\u00fairt &#8220;Bingo!&#8221; seans go bhfaighidh t\u00fa duais deas. Is \u00ed an eochair n\u00e1 teaglaim d\u2019uimhreacha meaitse\u00e1la a bheith ar do thic\u00e9ad, amhail col\u00fain iolracha n\u00f3 cearn\u00f3g uimhreacha. T\u00e1 a chomhcheangail bhuaigh f\u00e9in ag gach cine\u00e1l bingo, at\u00e1 le f\u00e1il ar shu\u00edomh Gr\u00e9as\u00e1in na gceasa\u00edneonna ar l\u00edne.<\/p>\n\t<div class=\"alao-sidebar-box alao-sidebar-box-rose\">\n\t\t<a href=\"\" class=\"alao-sidebar-box__link\">\n\t\t\t<span class=\"alao-sidebar-box__thumb\">\n\t\t\t\t<img decoding=\"async\" src=\"https:\/\/rocketplay-slot.com\/wp-content\/uploads\/2022\/06\/second_bonus_nonlog.png\" alt=\"B\u00f3nas promocode le haghaidh rolla ard\">\n\t\t\t<\/span>\n\t\t\t<span class=\"alao-sidebar-box__info\">\n\t\t\t\t<span class=\"alao-sidebar-box__info-wrap\">\n\t\t\t\t\t<span class=\"alao-sidebar-box__head\">B\u00f3nas promocode le haghaidh rolla ard<\/span>\n\t\t\t\t\t<span class=\"alao-sidebar-box__desc\">50% B\u00d3NAS HIGHROLLER<\/span>\n\t\t\t\t\t<span class=\"alao-sidebar-box__button\">Faigh Anois<\/span>\n\t\t\t\t<\/span>\n\t\t\t<\/span>\n\t\t<\/a>\n\t<\/div>\n\t\n<h2>CINE\u00c1LACHA BING\u00d3<\/h2>\n<p>T\u00e1 go leor samhlacha sa chluiche seo. Smaoinigh ar an chuid is m\u00f3 t\u00f3ir acu.<\/p>\n<p>Is cluiche coitianta \u00e9 75 liathr\u00f3id sna St\u00e1it Aontaithe agus i gCeanada. Chomh maith leis an l\u00edon n\u00edos l\u00fa liathr\u00f3id\u00ed, \u00fas\u00e1ideann an cluiche seo form\u00e1id tic\u00e9ad difri\u00fail de 5 faoi 5, \u00e1it a gcuirtear 24 uimhir, agus le cearn\u00f3g folamh sa l\u00e1r. Tosa\u00edonn gach ceann de na c\u00faig chol\u00fan le litir sa bhfocal &#8220;Bingo,&#8221; rud a fh\u00e1gann go bhfuil s\u00e9 n\u00edos \u00e9asca na huimhreacha ar an tic\u00e9ad a aimsi\u00fa.<\/p>\n<p>Is cluiche \u00e9 80 Balls at\u00e1 an-chos\u00fail leis an \u00e9ags\u00falacht biong\u00f3 le 75 uimhir, ach t\u00e1 4 shraith agus 4 chol\u00fan (16 uimhir) ar an tic\u00e9ad.<\/p>\n<p>Is cluiche coitianta \u00e9 90 liathr\u00f3id sa R\u00edocht Aontaithe. T\u00e1 3 shraith de 9 gcill ar an tic\u00e9ad, le 5 uimhir i ngach r\u00f3. T\u00e1 15 uimhir randamacha san ioml\u00e1n i ngach cuid den tic\u00e9ad idir 1 agus 90.<\/p>\n<p>Is leagan luathaithe den chluiche \u00e9 30 Balls. T\u00e1 9 n-uimhir ar an tic\u00e9ad agus 3 shraith agus col\u00fan an ceann.<\/p>\n<p>Chomh maith leo seo, t\u00e1 leaganacha eile den chluiche.<\/p>\n<h2>TIPS<\/h2>\n<p>Teorainn do bhuis\u00e9ad. Is d\u00f3cha nach mbeidh an bua inmhianaithe mar thoradh ar cheannach\u00e1in iolracha go spont\u00e1ineach in aon l\u00e1 amh\u00e1in. T\u00e1 comhsheasmhacht t\u00e1bhachtach sa chluiche seo, mar sin smaoinigh ar aghaidh ar an m\u00e9id at\u00e1 t\u00fa s\u00e1sta a chaitheamh. Tabhair aird ar na c\u00f3id b\u00f3nas bingo s\u00fagartha beo RocketPlay.<\/p>\n<p>Faigh an cine\u00e1l cluiche agus su\u00edomh is fearr leat. Cluich\u00ed \u00e9ags\u00fala at\u00e1 deartha do dhaoine \u00e9ags\u00fala. Baineann an rud c\u00e9anna leis na su\u00edomhanna freisin. Mar sin m\u00e1 imr\u00edonn t\u00fa biong\u00f3 beo RocketPlay saor in aisce go rialta n\u00f3 go huaire, aimsigh su\u00edomh is mian leat.<\/p>\n<p>M\u00e1s f\u00e9idir, ceannaigh c\u00fapla tic\u00e9ad. M\u00e1 cheada\u00edonn do bhuis\u00e9ad, molaimid tic\u00e9id iolracha a cheannach le haghaidh cluiche amh\u00e1in. Is fearr \u00e9 seo n\u00e1 go leor cluich\u00ed comhuaineacha n\u00f3 as a ch\u00e9ile.<\/p>\n<p>M\u00e9adaigh do seans a bhuachan. D\u00e9an iarracht a roghn\u00fa nach bhfuil na hamanna is coitianta a imirt, ionas go mbeidh t\u00fa seans n\u00edos fearr a ghabh\u00e1il do luck ag an eireaball.<\/p>\n<p><span style=\"font-weight: 400;\"><img loading=\"lazy\" decoding=\"async\" class=\"aligncenter wp-image-218\" src=\"https:\/\/rocketplay-slot.com\/wp-content\/uploads\/2022\/06\/rocketplay-1.webp\" alt=\"\" width=\"600\" height=\"337\" srcset=\"https:\/\/rocketplay-slot.com\/wp-content\/uploads\/2022\/06\/rocketplay-1.webp 360w, https:\/\/rocketplay-slot.com\/wp-content\/uploads\/2022\/06\/rocketplay-1-300x168.webp 300w\" sizes=\"auto, (max-width: 600px) 100vw, 600px\" \/><\/span><\/p>\n<h2>IMIR BING\u00d3 AR AN T\u00da<\/h2>\n<p>Sa l\u00e1 at\u00e1 inniu ann, t\u00e1 f\u00f3n cliste ag beagnach gach duine, agus n\u00ed haon iontas \u00e9 go bhfuil cearrbhachas ar l\u00edne ar ghl\u00e9asanna soghluaiste ag \u00e9ir\u00ed n\u00edos m\u00f3 agus n\u00edos m\u00f3 t\u00f3ir. T\u00e1 beagnach gach su\u00edomh bingo ar l\u00edne ar f\u00e1il anois ar ghl\u00e9asanna soghluaiste, lena n-\u00e1ir\u00edtear f\u00f3in chliste agus t\u00e1ibl\u00e9ad.<\/p>\n<p>Cialla\u00edonn s\u00e9 seo gur f\u00e9idir leat bingo beo RocketPlay a \u00edosl\u00f3d\u00e1il, dul isteach sa seomra agus lean\u00faint ar aghaidh ag imirt cib\u00e9 \u00e1it a bhfuil t\u00fa! Nuair a imr\u00edonn t\u00fa bingo ar do ghl\u00e9as soghluaiste, n\u00ed g\u00e1 duit aip bhreise bingo a \u00edosl\u00f3d\u00e1il beo RocketPlay, de ghn\u00e1th d\u00e9anann su\u00edomhanna c\u00faram chun a chinnti\u00fa go bhfuil na cluich\u00ed is fearr leat in oiri\u00faint do ghl\u00e9asanna soghluaiste, is cinnte go sol\u00e1thra\u00edonn s\u00e9 seo an taith\u00ed bingo is taitneamha\u00ed.<\/p>\n<p>B\u00ed cinnte go bhfuil rochtain agat ar an su\u00edomh \u00f3 do ghl\u00e9as soghluaiste agus na gn\u00e9ithe c\u00e9anna go l\u00e9ir sula gcl\u00e1ra\u00edonn t\u00fa leis an Casino.<\/p>\n<h2>CC<\/h2>\n<h3>AN BHFUIL s\u00e9 S\u00c1BH\u00c1ILTE BINGO AR L\u00cdNE A IMIR?<\/h3>\n<p>Sea, ar nd\u00f3igh t\u00e1. M\u00e1 t\u00e1 t\u00fa muin\u00edneach go bhfuil an su\u00edomh at\u00e1 \u00e1 \u00fas\u00e1id agat iontaofa, n\u00edor cheart go mbeadh leisce ort bingo a imirt ar l\u00edne.<\/p>\n<h3>AN N\u00c1 G\u00c1 DUIT BOGEARRA\u00cd AR BITH A SH\u00c1S\u00c1IL AR MO R\u00cdOMHAIRE CHUN BIING\u00d3 ROCKETPLAY A SHEOLADH?<\/h3>\n<p>Uair amh\u00e1in sa l\u00e1, d&#8217;\u00e9iligh go leor su\u00edomhanna ar \u00fas\u00e1ideoir\u00ed bogearra\u00ed a \u00edosl\u00f3d\u00e1il chun su\u00edomhanna biong\u00f3 ar l\u00edne a imirt. Sa l\u00e1 at\u00e1 inniu ann, \u00e1fach, t\u00e1 feabhas tagtha ar an teicneola\u00edocht agus t\u00f3gtar an chuid is m\u00f3 de na cluich\u00ed biong\u00f3 ar l\u00edne ag baint \u00fas\u00e1ide as an teicneola\u00edocht HTML5 is d\u00e9ana\u00ed. Cialla\u00edonn s\u00e9 seo go l\u00f3d\u00e1lann s\u00e9 go tapa, rud a ligeann duit taitneamh a bhaint as an gcluiche i do bhrabhs\u00e1la\u00ed.<\/p>\n<h3>AN F\u00c9IDIR LIOM BING\u00d3 A IMIR AR MO FH\u00d3N SMART?<\/h3>\n<p>A bhu\u00ed le dul chun cinn sa teicneola\u00edocht, is f\u00e9idir leat biong\u00f3 a imirt in \u00e1it ar bith anois. N\u00ed g\u00e1 duit aon rud a \u00edosl\u00f3d\u00e1il, ach tairgeann su\u00edomhanna \u00e1irithe feidhmchl\u00e1ir ar leith. Is f\u00e9idir leat an su\u00edomh a rochtain \u00f3 do bhrabhs\u00e1la\u00ed n\u00f3 aip a \u00fas\u00e1id chun eisp\u00e9ireas cluiche n\u00edos m\u00edne a chinnti\u00fa.<\/p>\n","protected":false},"excerpt":{"rendered":"<p>Sa chluiche seo, braitheann gach rud ar sheans. Faigheann gach imreoir c\u00e1rta ar a bhfuil uimhreacha priont\u00e1ilte in ord randamach. T\u00f3gann an t-\u00f3stach na huimhreacha ar a seal ag tarraingt amach, agus seice\u00e1lann an duine an c\u00e1rta le haghaidh na n-uimhreacha at\u00e1 ann. Is \u00e9 an t-imreoir a raibh a ch\u00e1rta ar an gc\u00e9ad cheann&#8230;<\/p>\n","protected":false},"author":1,"featured_media":0,"parent":0,"menu_order":0,"comment_status":"closed","ping_status":"closed","template":"","meta":{"_acf_changed":false,"_kad_post_transparent":"default","_kad_post_title":"default","_kad_post_layout":"default","_kad_post_sidebar_id":"","_kad_post_content_style":"default","_kad_post_vertical_padding":"default","_kad_post_feature":"","_kad_post_feature_position":"","_kad_post_header":false,"_kad_post_footer":false,"footnotes":""},"class_list":["post-1672","page","type-page","status-publish","hentry"],"acf":[],"rttpg_featured_image_url":null,"rttpg_author":{"display_name":"Elvis","author_link":"https:\/\/rocketplay-slot.com\/ga\/author\/pemvas95n89x\/"},"rttpg_comment":0,"rttpg_category":null,"rttpg_excerpt":"Sa chluiche seo, braitheann gach rud ar sheans. Faigheann gach imreoir c\u00e1rta ar a bhfuil uimhreacha priont\u00e1ilte in ord randamach. T\u00f3gann an t-\u00f3stach na huimhreacha ar a seal ag tarraingt amach, agus seice\u00e1lann an duine an c\u00e1rta le haghaidh na n-uimhreacha at\u00e1 ann. Is \u00e9 an t-imreoir a raibh a ch\u00e1rta ar an gc\u00e9ad cheann...","_links":{"self":[{"href":"https:\/\/rocketplay-slot.com\/ga\/wp-json\/wp\/v2\/pages\/1672","targetHints":{"allow":["GET"]}}],"collection":[{"href":"https:\/\/rocketplay-slot.com\/ga\/wp-json\/wp\/v2\/pages"}],"about":[{"href":"https:\/\/rocketplay-slot.com\/ga\/wp-json\/wp\/v2\/types\/page"}],"author":[{"embeddable":true,"href":"https:\/\/rocketplay-slot.com\/ga\/wp-json\/wp\/v2\/users\/1"}],"replies":[{"embeddable":true,"href":"https:\/\/rocketplay-slot.com\/ga\/wp-json\/wp\/v2\/comments?post=1672"}],"version-history":[{"count":2,"href":"https:\/\/rocketplay-slot.com\/ga\/wp-json\/wp\/v2\/pages\/1672\/revisions"}],"predecessor-version":[{"id":1674,"href":"https:\/\/rocketplay-slot.com\/ga\/wp-json\/wp\/v2\/pages\/1672\/revisions\/1674"}],"wp:attachment":[{"href":"https:\/\/rocketplay-slot.com\/ga\/wp-json\/wp\/v2\/media?parent=1672"}],"curies":[{"name":"wp","href":"https:\/\/api.w.org\/{rel}","templated":true}]}}