{"id":1680,"date":"2022-06-15T00:33:34","date_gmt":"2022-06-14T21:33:34","guid":{"rendered":"https:\/\/rocketplay-slot.com\/live-casino\/"},"modified":"2022-11-01T01:32:39","modified_gmt":"2022-10-31T22:32:39","slug":"live-casino","status":"publish","type":"page","link":"https:\/\/rocketplay-slot.com\/ga\/live-casino\/","title":{"rendered":"Seinn casino beo ag RocketPlay"},"content":{"rendered":"<p>&nbsp;<\/p>\n<p>T\u00e1 Casino beo RocketPlay ag obair go gn\u00edomhach chun suim a imreoir\u00ed agus a leasanna a uasmh\u00e9ad\u00fa. N\u00ed chomh fada \u00f3 shin, bh\u00ed an chuma ar an su\u00edomh cluich\u00ed le d\u00e9ile\u00e1laithe f\u00edor. T\u00e1 cluich\u00ed beo ag m\u00e9ad\u00fa go tapa ar an \u00e9ileamh, toisc nach bhfuil facht\u00f3ir na cumars\u00e1ide beo chomh t\u00e1bhachtach do gamers n\u00e1 an m\u00e9id buaite. Ina theannta sin, t\u00e1 an r\u00e1cad\u00f3ir n\u00edos iontaofa n\u00e1 an cl\u00e1r r\u00edomhaireachta uathoibr\u00edoch.<\/p>\n<h2>CLUICH\u00cd BEO AG ROCKETPLAY CASINOS AR L\u00cdNE<\/h2>\n<p>Is \u00e9 an rud is suntasa\u00ed sa mhodh Beo n\u00e1 go dtarla\u00edonn an chumars\u00e1id idir an d\u00e9ile\u00e1la\u00ed agus an t-imreoir i bhf\u00edor-am tr\u00ed chomhr\u00e1 ar l\u00edne. Craoladh an cluiche a dh\u00e9antar \u00f3 sti\u00faideo speisialta, \u00e1it a bhfuil gach rud a fhreagra\u00edonn do thimpeallacht an Casino f\u00edor. Socra\u00edonn s\u00e9 na t\u00e1bla\u00ed cearrbhachais, ar r\u00e1cad\u00f3ir\u00ed gairmi\u00fala iad. N\u00ed dh\u00e9anann siad a sheoladh ach an cluiche, agus a choime\u00e1d ar bun idirphl\u00e9 leis an imreoir.<\/p>\n<p>Assortment RocketPlay Is roghanna \u00e9ags\u00fala iad cluich\u00ed ceasa\u00edneo beo le haghaidh roulette, blackjack, poker, baccarat, agus bualadh le crannchuir ar l\u00edne. Is fi\u00fa a thabhairt faoi deara go bhfuil leaganacha saor in aisce acu, ach n\u00ed f\u00e9idir geall coinn\u00edollach a dh\u00e9anamh. N\u00edl anseo ach leagan tosaigh, chun rialacha agus prionsabail an chluiche a fhoghlaim. Sula dtosa\u00edonn t\u00fa an cluiche le nastriruyte d\u00e9ile\u00e1la\u00ed beo go mbeidh an pr\u00f3iseas seo a bheith chomh difri\u00fail agus is f\u00e9idir a casadh an r\u00edleanna sa sliot\u00e1n Leabhair \u00f3 Novomatic n\u00f3 ag tarraingt na r\u00f3pa\u00ed Monca\u00ed \u00f3 Igrosoft &#8211; t\u00e1 s\u00e9 seo le st\u00edl mionlach ag imirt i Casino daor!<\/p>\n<p><span style=\"font-weight: 400;\"><img loading=\"lazy\" decoding=\"async\" class=\"aligncenter wp-image-274\" src=\"https:\/\/rocketplay-slot.com\/wp-content\/uploads\/2022\/06\/welcome_1300x640-1-300x148.png\" alt=\"\" width=\"600\" height=\"295\" srcset=\"https:\/\/rocketplay-slot.com\/wp-content\/uploads\/2022\/06\/welcome_1300x640-1-300x148.png 300w, https:\/\/rocketplay-slot.com\/wp-content\/uploads\/2022\/06\/welcome_1300x640-1-1024x504.png 1024w, https:\/\/rocketplay-slot.com\/wp-content\/uploads\/2022\/06\/welcome_1300x640-1-768x378.png 768w, https:\/\/rocketplay-slot.com\/wp-content\/uploads\/2022\/06\/welcome_1300x640-1.png 1300w\" sizes=\"auto, (max-width: 600px) 100vw, 600px\" \/><\/span><\/p>\n<p>T\u00e1 forbairt t\u00e1irg\u00ed le haghaidh Casino beo RocketPlay Astr\u00e1il ag gabh\u00e1il do roinnt cuideachta\u00ed, ina measc Ezugi delusion, a d&#8217;fh\u00f3gair \u00e9 f\u00e9in le d\u00e9ana\u00ed, ach a fuair t\u00f3ir go tapa. T\u00e1 a mh\u00fanla d\u00edreach san \u00e1ireamh i raon na gceasa\u00edneonna ar l\u00edne RocketPlay. T\u00e1 rogha ag custaim\u00e9ir\u00ed ar <a href=\"https:\/\/rocketplay-slot.com\/ga\/roulette\/\">Roulette<\/a>, Roulette na R\u00faise, Roulette Portomaso, chomh maith le Blackjack, Blackjack Unlimited, Baccarat Dragon Tiger, Keno agus cluich\u00ed eile. Chun aon cheann acu a imirt, n\u00edl le d\u00e9anamh ach do ch\u00fars\u00f3ir a ainli\u00fa thar an deilbh\u00edn cu\u00ed agus clice\u00e1il air. Ina dhiaidh sin, bun\u00f3far nasc leis an sti\u00faideo ina dtarla\u00edonn an cluiche.<\/p>\n<h2>GN\u00c9ITHE NA gCLUICH\u00cd CAS\u00d3IN BEO<\/h2>\n<p>Is f\u00e9idir le <a href=\"https:\/\/rocketplay-slot.com\/ga\/live-roulette\/\">roulette beo<\/a> l\u00edon neamhtheoranta rannph\u00e1irtithe a imirt. T\u00e1 sceall\u00f3ga d&#8217;ainmn\u00edochta\u00ed \u00e9ags\u00fala suite ag bun an sc\u00e1ile\u00e1in. Anseo t\u00e1 cnaip\u00ed rialaithe agus socruithe. T\u00e1 eolas faoin mbabhta reatha socraithe ar an sc\u00f3rchl\u00e1r, ar mhaithe le caoithi\u00falacht na gamers. Cabhr\u00f3idh gn\u00e9ithe breise, lena n-\u00e1ir\u00edtear stair cluiche, leis an gcluiche le toradh ard.<\/p>\n<p>Aithn\u00edtear Baccarat mar an cluiche leis na rialacha is simpl\u00ed. Feicfidh \u00fas\u00e1ideoir\u00ed os a gcomhair t\u00e1bla leis na marcanna agus na hinscr\u00edbhinn\u00ed cu\u00ed. D\u00e9antar cur s\u00edos ar rialacha an chluiche cluiche sa rann\u00f3g tagartha. Leis an iompar n\u00ed bheidh aon deacrachta\u00ed.<\/p>\n<p>Do lucht lean\u00fana crannchur ar l\u00edne tairgtear Keno agus Bet on Numbers. Tarla\u00edonn siad go traidisi\u00fanta ag baint \u00fas\u00e1ide as an meais\u00edn crannchuir, at\u00e1 luchtaithe le liathr\u00f3id\u00ed le huimhreacha. Chun a chinnti\u00fa nach gcailleann an rannph\u00e1irt\u00ed an uimhir bhuaiteach, f\u00f3gra\u00edonn an d\u00e9ile\u00e1la\u00ed \u00e9. Chomh maith leis sin, l\u00e9ir\u00edtear an uimhir ar sc\u00f3rchl\u00e1r breise i bhfoirm mh\u00e9adaithe.<\/p>\n<p>Ag roghn\u00fa an leagan is tarraingt\u00ed de blackjack, n\u00ed f\u00e9idir leis an imreoir <a href=\"https:\/\/rocketplay-slot.com\/ga\/bonus\/\">b\u00f3nas<\/a> f\u00e1ilte Casino beo RocketPlay a bheith in amhras go dtiocfaidh deireadh leis an gcluiche le toradh dearfach. T\u00e1 na rialacha traidisi\u00fanta, n\u00edor cheart duit aon mhoth\u00fach\u00e1in gan gh\u00e1 a thaispe\u00e1int agus d\u00edri\u00fa ar an measc\u00e1n duais a chumadh. Is f\u00e9idir leat feidhmchl\u00e1r ceasa\u00edneo beo RocketPlay a \u00fas\u00e1id le himirt.<\/p>\n<p><span style=\"font-weight: 400;\">\t<div class=\"alao-sidebar-box alao-sidebar-box-\">\n\t\t<a href=\"\" class=\"alao-sidebar-box__link\">\n\t\t\t<span class=\"alao-sidebar-box__thumb\">\n\t\t\t\t<img decoding=\"async\" src=\"https:\/\/rocketplay-slot.com\/wp-content\/uploads\/2022\/06\/second_bonus_nonlog.png\" alt=\"An ch\u00e9ad b\u00f3nas taisce\">\n\t\t\t<\/span>\n\t\t\t<span class=\"alao-sidebar-box__info\">\n\t\t\t\t<span class=\"alao-sidebar-box__info-wrap\">\n\t\t\t\t\t<span class=\"alao-sidebar-box__head\">An ch\u00e9ad b\u00f3nas taisce<\/span>\n\t\t\t\t\t<span class=\"alao-sidebar-box__desc\">100% + 100 FS DO T\u00daS FOIRFE<\/span>\n\t\t\t\t\t<span class=\"alao-sidebar-box__button\">Faigh Anois<\/span>\n\t\t\t\t<\/span>\n\t\t\t<\/span>\n\t\t<\/a>\n\t<\/div>\n\t\u00a0 \u00a0 \u00a0 \u00a0 \u00a0 \u00a0 \u00a0 \u00a0 \u00a0 \u00a0 \u00a0 \u00a0 \u00a0 \u00a0 \u00a0 \u00a0 \u00a0 \u00a0 \u00a0 \u00a0 \u00a0 \u00a0 \u00a0 \u00a0 \u00a0 \u00a0 \u00a0 \u00a0 \u00a0 \u00a0 \u00a0 \u00a0 \u00a0 \u00a0 \u00a0 \u00a0 \u00a0 \u00a0 \u00a0 \u00a0 \u00a0 \u00a0 \u00a0 \u00a0 \u00a0 \u00a0 \u00a0 \u00a0 \u00a0 \u00a0 \u00a0 \u00a0 \u00a0 \u00a0 \u00a0 \u00a0 \u00a0 \u00a0 \u00a0 \u00a0 \u00a0 \u00a0\u00a0<\/span><\/p>\n<h2>BUNT\u00c1IST\u00cd NA gCLUICH\u00cd BEO<\/h2>\n<p>Is \u00e9 an pr\u00edomhbhunt\u00e1iste a bhaineann le Casino beo RocketPlay gan aon bh\u00f3nas taisce n\u00e1 sliot\u00e1in, meais\u00edn\u00ed sliot\u00e1n n\u00f3 cluich\u00ed boird leictreonacha n\u00e1 go bhfuil an pr\u00f3iseas \u00e1 bhainisti\u00fa ag d\u00e9ile\u00e1la\u00ed gairmi\u00fail. T\u00e1 an moth\u00fa ar Casino f\u00edor. Crutha\u00edonn an timpeallacht agus an l\u00edonadh fuaime \u00e9. Cuireann l\u00e1ithreacht croupier le muin\u00edn an imreora. Feidhm\u00edonn s\u00e9 seo freisin mar dheimhni\u00fa go mbeidh an cluiche cothrom agus nach mbeidh aon fhals\u00fa ar na tortha\u00ed. Is \u00e9 an bunt\u00e1iste a bhaineann le cluich\u00ed beo n\u00e1 go bhfuil rialacha eolach acu, go bhfuil imreoir\u00ed eolach orthu agus go bhfuil b\u00f3nas ceasa\u00edneo beo RocketPlay ann. Chun oibr\u00edochta\u00ed cluiche a dh\u00e9anamh t\u00e1 cnaip\u00ed feidhmi\u00fala. Cuirtear iad ar an sc\u00e1ile\u00e1n ionas nach gcuirfidh siad isteach ar an \u00fas\u00e1ideoir chun forbairt na n-imeachta\u00ed a lean\u00faint. Cuireann siad raon leathan geallta i bhfeidhm freisin. Is f\u00e9idir leat imirt leis an m\u00e9id \u00edosta, agus ag r\u00e1ta\u00ed arda. Cuid\u00edonn roghchl\u00e1r na socruithe breise le timpeallacht chompordach a chruth\u00fa. T\u00e1 s\u00e9 t\u00e1bhachtach freisin an babhta reatha faisn\u00e9ise a thaifeadadh agus stair an chluiche a chruth\u00fa. Cuirfidh a staid\u00e9ar blunders san \u00e1ireamh agus m\u00fanla n\u00edos rath\u00fala den chluiche a th\u00f3g\u00e1il. Agus an deis Casino beo RocketPlay saor in aisce a imirt foirfe d\u00f3ibh si\u00fad at\u00e1 ag iarraidh an cine\u00e1l seo cluiche den ch\u00e9ad uair.<\/p>\n<p><span style=\"font-weight: 400;\"><img loading=\"lazy\" decoding=\"async\" class=\"aligncenter wp-image-263\" src=\"https:\/\/rocketplay-slot.com\/wp-content\/uploads\/2022\/06\/casino-coins-300x218.png\" alt=\"\" width=\"600\" height=\"436\" srcset=\"https:\/\/rocketplay-slot.com\/wp-content\/uploads\/2022\/06\/casino-coins-300x218.png 300w, https:\/\/rocketplay-slot.com\/wp-content\/uploads\/2022\/06\/casino-coins.png 358w\" sizes=\"auto, (max-width: 600px) 100vw, 600px\" \/><\/span><\/p>\n<h2>CC<\/h2>\n<h3>CAD \u00c9 AN CAISIN BEO?<\/h3>\n<p>Is measc\u00e1n \u00e9 de na bunt\u00e1ist\u00ed a bhaineann le bheith ag imirt ar l\u00edne agus ag dul go dt\u00ed ceasa\u00edneo clasaiceach, rud is f\u00e9idir leis an Idirl\u00edon. T\u00e1 s\u00e9 \u00e1isi\u00fail &#8211; is f\u00e9idir leat imirt in \u00e1it ar bith, ach ag an am c\u00e9anna &#8211; le r\u00e1cad\u00f3ir f\u00edor, a chraolann an cluiche \u00f3 halla n\u00f3 sti\u00faideo go sonrach le haghaidh an RocketPlay Casino ar l\u00edne.<\/p>\n<h3>C\u00c9N CHINE\u00c1L CEARBH\u00c1IL A THAIRISCEANN CAS\u00d3IN BEO?<\/h3>\n<p>Is iad seo an t\u00e1bla ceasa\u00edneo clasaiceach &#8220;tr\u00ed&#8221; &#8211; roulette, blackjack agus baccarat, nach bhfuil chomh coitianta n\u00e1 poker agus tarraing\u00edonn \u00e9ags\u00falacht toirt, cos\u00fail le roth an fhort\u00fan.<\/p>\n<h3>CAD IAD NA BUNT\u00c1IST\u00cd A BHAINEANN LE CEARBH\u00c1IL BEO AR CHLUICH\u00cd CAIS\u00cdN\u00c9IS EILE?<\/h3>\n<p>C\u00e9 go bhfuil bogearra\u00ed cluiche ag gabh\u00e1il le \u00e9arlais b\u00f3nas Casino beo RocketPlay (mar shampla, chun uimhir titim amach i roulette a aithint agus a thaispe\u00e1int ina dhiaidh sin ar an sc\u00f3rchl\u00e1r), ach n\u00edl siad bunaithe ar na halgartaim RNG (ginead\u00f3ir uimhir randamach), mar sin t\u00e1 siad n\u00edos m\u00f3. oiri\u00fanach do dhaoine ar mhaith leo imirt i gceasa\u00edneonna ar talamh agus ar fearr leo cumars\u00e1id a dh\u00e9anamh leis an d\u00e9ile\u00e1la\u00ed in ionad rothl\u00fa ci\u00fain ar roulette uathoibr\u00edoch<\/p>\n","protected":false},"excerpt":{"rendered":"<p>&nbsp; T\u00e1 Casino beo RocketPlay ag obair go gn\u00edomhach chun suim a imreoir\u00ed agus a leasanna a uasmh\u00e9ad\u00fa. N\u00ed chomh fada \u00f3 shin, bh\u00ed an chuma ar an su\u00edomh cluich\u00ed le d\u00e9ile\u00e1laithe f\u00edor. T\u00e1 cluich\u00ed beo ag m\u00e9ad\u00fa go tapa ar an \u00e9ileamh, toisc nach bhfuil facht\u00f3ir na cumars\u00e1ide beo chomh t\u00e1bhachtach do gamers n\u00e1&#8230;<\/p>\n","protected":false},"author":1,"featured_media":0,"parent":0,"menu_order":0,"comment_status":"closed","ping_status":"closed","template":"","meta":{"_acf_changed":false,"_kad_post_transparent":"default","_kad_post_title":"default","_kad_post_layout":"default","_kad_post_sidebar_id":"","_kad_post_content_style":"default","_kad_post_vertical_padding":"default","_kad_post_feature":"","_kad_post_feature_position":"","_kad_post_header":false,"_kad_post_footer":false,"footnotes":""},"class_list":["post-1680","page","type-page","status-publish","hentry"],"acf":[],"rttpg_featured_image_url":null,"rttpg_author":{"display_name":"Elvis","author_link":"https:\/\/rocketplay-slot.com\/ga\/author\/pemvas95n89x\/"},"rttpg_comment":0,"rttpg_category":null,"rttpg_excerpt":"&nbsp; T\u00e1 Casino beo RocketPlay ag obair go gn\u00edomhach chun suim a imreoir\u00ed agus a leasanna a uasmh\u00e9ad\u00fa. N\u00ed chomh fada \u00f3 shin, bh\u00ed an chuma ar an su\u00edomh cluich\u00ed le d\u00e9ile\u00e1laithe f\u00edor. T\u00e1 cluich\u00ed beo ag m\u00e9ad\u00fa go tapa ar an \u00e9ileamh, toisc nach bhfuil facht\u00f3ir na cumars\u00e1ide beo chomh t\u00e1bhachtach do gamers n\u00e1...","_links":{"self":[{"href":"https:\/\/rocketplay-slot.com\/ga\/wp-json\/wp\/v2\/pages\/1680","targetHints":{"allow":["GET"]}}],"collection":[{"href":"https:\/\/rocketplay-slot.com\/ga\/wp-json\/wp\/v2\/pages"}],"about":[{"href":"https:\/\/rocketplay-slot.com\/ga\/wp-json\/wp\/v2\/types\/page"}],"author":[{"embeddable":true,"href":"https:\/\/rocketplay-slot.com\/ga\/wp-json\/wp\/v2\/users\/1"}],"replies":[{"embeddable":true,"href":"https:\/\/rocketplay-slot.com\/ga\/wp-json\/wp\/v2\/comments?post=1680"}],"version-history":[{"count":2,"href":"https:\/\/rocketplay-slot.com\/ga\/wp-json\/wp\/v2\/pages\/1680\/revisions"}],"predecessor-version":[{"id":1682,"href":"https:\/\/rocketplay-slot.com\/ga\/wp-json\/wp\/v2\/pages\/1680\/revisions\/1682"}],"wp:attachment":[{"href":"https:\/\/rocketplay-slot.com\/ga\/wp-json\/wp\/v2\/media?parent=1680"}],"curies":[{"name":"wp","href":"https:\/\/api.w.org\/{rel}","templated":true}]}}