{"id":1689,"date":"2022-08-11T20:22:23","date_gmt":"2022-08-11T17:22:23","guid":{"rendered":"https:\/\/rocketplay-slot.com\/bingo\/"},"modified":"2023-01-17T22:49:05","modified_gmt":"2023-01-17T19:49:05","slug":"bingo","status":"publish","type":"page","link":"https:\/\/rocketplay-slot.com\/ga\/bingo\/","title":{"rendered":"RocketPlay Bingo ar l\u00edne le haghaidh f\u00edor airgead"},"content":{"rendered":"<p><img loading=\"lazy\" decoding=\"async\" class=\" wp-image-323 aligncenter\" src=\"https:\/\/rocketplay-slot.com\/wp-content\/uploads\/2022\/08\/apps.3686.13771585125703035.1a4ab674-204b-4aee-bd33-5d3bf50e79d9-1-300x169.jpg\" alt=\"bingo \" width=\"660\" height=\"372\" srcset=\"https:\/\/rocketplay-slot.com\/wp-content\/uploads\/2022\/08\/apps.3686.13771585125703035.1a4ab674-204b-4aee-bd33-5d3bf50e79d9-1-300x169.jpg 300w, https:\/\/rocketplay-slot.com\/wp-content\/uploads\/2022\/08\/apps.3686.13771585125703035.1a4ab674-204b-4aee-bd33-5d3bf50e79d9-1-1024x576.jpg 1024w, https:\/\/rocketplay-slot.com\/wp-content\/uploads\/2022\/08\/apps.3686.13771585125703035.1a4ab674-204b-4aee-bd33-5d3bf50e79d9-1-768x432.jpg 768w, https:\/\/rocketplay-slot.com\/wp-content\/uploads\/2022\/08\/apps.3686.13771585125703035.1a4ab674-204b-4aee-bd33-5d3bf50e79d9-1-1536x864.jpg 1536w, https:\/\/rocketplay-slot.com\/wp-content\/uploads\/2022\/08\/apps.3686.13771585125703035.1a4ab674-204b-4aee-bd33-5d3bf50e79d9-1.jpg 1920w\" sizes=\"auto, (max-width: 660px) 100vw, 660px\" \/><\/p>\n<p>Chun do ch\u00e9ad f\u00edor-airgead a chur isteach sa chearrbhachas ar l\u00edne, is rogha mhaith \u00e9 an cluiche bingo ar l\u00edne <a href=\"https:\/\/rocketplay-slot.com\/ga\">RocketPlay<\/a> chun do thuras cearrbhachais a thos\u00fa. Cuireann \u00fas\u00e1ideoir\u00ed nua a chl\u00e1ra\u00edonn ar an su\u00edomh <a href=\"https:\/\/rocketplay-slot.com\/ga\/casino\/\">ceasa\u00edneo<\/a> ar l\u00edne a gcuntais chearrbhachais leis l\u00e1ithreach chun a gc\u00e9ad airgead breise a bhuachan.<\/p>\n<p>Cad ba cheart a mheabhr\u00fa do na h\u00fas\u00e1ideoir\u00ed sin go l\u00e9ir nach bhfuil taith\u00ed acu ar chluich\u00ed cearrbhachais ar l\u00edne a imirt, n\u00f3 nach bhfuil m\u00f3r\u00e1n de acu? N\u00edl sa chearrbhachas ar l\u00edne ach cine\u00e1l eile siamsa\u00edochta ar l\u00edne, n\u00ed bealach chun airgead a dh\u00e9anamh ar l\u00edne. D\u00e1 bhr\u00ed sin, t\u00e1 s\u00e9 molta chun t\u00fas a chur le geall \u00edosta, is cuma c\u00e9n cluiche a roghna\u00edonn an t-\u00fas\u00e1ideoir, d&#8217;fhonn a leathn\u00fa an s\u00e1samh a imirt ar airgead f\u00edor.<\/p>\n<p>Mar sin cad at\u00e1 uait chun bingo a imirt ar l\u00edne RocketPlay ar airgead f\u00edor? Coinn\u00edoll \u00e9igeantach le haghaidh imirt ar airgead f\u00edor \u00e9 an cl\u00e1r\u00fa. Gan do chuntas f\u00e9in agus do chuntas cearrbhachais, is f\u00e9idir leat a bheith cinnte nach bhfuil an t-\u00fas\u00e1ideoir r\u00e9idh le freagracht a ghlacadh as a chuid gn\u00edomha\u00edochta\u00ed f\u00e9in agus clo\u00ed le t\u00e9arma\u00ed \u00fas\u00e1ide an l\u00e1ithre\u00e1in Casino. Mura nglacann an t-\u00fas\u00e1ideoir freagracht as a ghn\u00edomhartha f\u00e9in, n\u00ed d\u00f3cha go gcinnteoidh an ceasa\u00edneo go bhfaighidh s\u00e9 seo n\u00f3 an bua sin. D\u00e1 bhr\u00ed sin, n\u00ed m\u00f3r duit cl\u00e1r\u00fa a dhearbh\u00fa, dul tr\u00edd an bhf\u00edor\u00fa, \u00e1it nach g\u00e1 duit ach sonra\u00ed pearsanta a iontr\u00e1il, ach freisin c\u00f3ip den doicim\u00e9ad a shol\u00e1thar, rud a thugann r\u00e1tha\u00edocht gur duine f\u00edor \u00e9 an t-\u00fas\u00e1ideoir.<\/p>\n<p>Chun bingo RocketPlay a imirt ar l\u00edne san Astr\u00e1il, n\u00ed m\u00f3r duit eolas a chur ar rialacha an cheasa\u00edneo, athbhreithni\u00fa a dh\u00e9anamh ar rialacha an chluiche biong\u00f3 agus aont\u00fa leo. Ionas nach mb\u00edonn leisce ar \u00fas\u00e1ideoir nua cl\u00e1r\u00fa ar shu\u00edomh an cheasa\u00edneo n\u00f3 nach ea, tugann an ceasa\u00edneo b\u00f3nas f\u00e1ilte de 300%. Is b\u00f3nas maith \u00e9 seo m\u00e1s \u00e9 seo do ch\u00e9ad taith\u00ed ar chearrbhachas ar l\u00edne.<\/p>\n<h2>TREORACHA CHUN BING\u00d3 A IMIR<\/h2>\n<p>Bingo f\u00edor-airgead a imirt ar l\u00edne T\u00e1 RocketPlay \u00e9asca, agus n\u00ed g\u00e1 duit am a chaitheamh ag foghlaim an chluiche. Is iad seo na rialacha simpl\u00ed an chluiche, a bhfuil g\u00e9illte ag n\u00edos m\u00f3 n\u00e1 gl\u00fain amh\u00e1in na n-imreoir\u00ed, sealgair\u00ed spleodar agus luck. Mar sin cad at\u00e1 i gceist le cluiche an bhiong\u00f3?<\/p>\n<p>Sula dtosa\u00edonn s\u00e9 ar an gcluiche, faigheann an t-\u00fas\u00e1ideoir c\u00e1rta speisialta le go leor uimhreacha. Cuirtear na huimhreacha go l\u00e9ir go randamach. Tosa\u00edonn an cluiche faoi l\u00e1thair nuair a bh\u00edonn l\u00edon na liathr\u00f3id\u00ed le feice\u00e1il, a chaithfidh an t-\u00fas\u00e1ideoir a fh\u00e1il ar a ch\u00e1rta. M\u00e1 t\u00e1 uimhir den s\u00f3rt sin ag an \u00fas\u00e1ideoir, trasna\u00edonn s\u00e9 amach \u00ed. Faigheann an t-\u00fas\u00e1ideoir a d&#8217;\u00e9irigh leis na huimhreacha ar an gc\u00e1rta a thrasn\u00fa amach a chuid buaite. Rialacha simpl\u00ed go leor. Ach n\u00ed m\u00f3r duit a bheith foighneach, mar tugann gach uimhir eile t\u00fa n\u00edos gaire don bua, n\u00f3 a th\u00f3gann t\u00fa ar shi\u00fal \u00f3 s\u00e9.<\/p>\n<p>Aon leideanna chun biong\u00f3 a imirt? Is ar \u00e9igean gur f\u00e9idir rud ar bith a mholadh i nd\u00e1ir\u00edre, mar n\u00ed f\u00e9idir leat a r\u00e1 go cinnte c\u00e9 a bheidh ina ch\u00e9ad bhuaiteoir biong\u00f3 eile.<\/p>\n<h2>CINE\u00c1LACHA CLUICHE BING\u00d3<\/h2>\n<p>Mura f\u00e9idir leis an \u00fas\u00e1ideoir c\u00e1rta n\u00f3 uimhreacha a roghn\u00fa le liathr\u00f3id\u00ed a thaispe\u00e1nfar ceann ar cheann, is f\u00e9idir leis cine\u00e1l cluiche a roghn\u00fa. Tar \u00e9is an tsaoil, t\u00e1 n\u00edos m\u00f3 n\u00e1 leagan amh\u00e1in den chluiche, agus d&#8217;fh\u00e9adfadh s\u00e9 ag brath ar c\u00e9 chomh t-\u00e1dh at\u00e1 an t-\u00fas\u00e1ideoir. Mar sin, cad as ar f\u00e9idir leat a roghn\u00fa?<\/p>\n<p>Cluiche amh\u00e1in de biong\u00f3 ar l\u00edne saor in aisce RocketPlay difri\u00fail \u00f3 cheann eile, n\u00ed hamh\u00e1in i l\u00edon na liathr\u00f3id\u00ed le huimhreacha. N\u00edl ach 30 liathr\u00f3id sa leagan is giorra den chluiche. Mar sin, t\u00e1 an t-\u00fas\u00e1ideoir ag d\u00e9ile\u00e1il le tr\u00ed shraith agus col\u00fan. Mura spreagann an leagan is giorra t\u00fa, is f\u00e9idir leat stop a chur leis an leagan le 75 urchair. T\u00e1 an-t\u00f3ir ar an leagan seo den chluiche i measc c\u00f3naitheoir\u00ed na St\u00e1t Aontaithe. Ach t\u00e1 gn\u00e9 eile ag an leagan Meirice\u00e1nach mar a thugtar air &#8211; t\u00e1 n\u00edos m\u00f3 litreacha le feice\u00e1il ann. Mar aon le huimhreacha, trasna\u00edonn \u00fas\u00e1ideoir\u00ed litreacha amach freisin. Ar an mbealach seo, d\u00e9anann an t-\u00fas\u00e1ideoir strus a mhaol\u00fa freisin tr\u00ed phicti\u00far \u00e1irithe a dhath\u00fa. Is cur chuige suimi\u00fail \u00e9 seo maidir le bingo a imirt.<\/p>\n<p>Chomh maith le 30 agus 75 liathr\u00f3id, is f\u00e9idir leat leagan a phiocadh le 80 liathr\u00f3id, at\u00e1 cos\u00fail i rialacha leis an leagan Meirice\u00e1nach de bhiong\u00f3. Ar\u00eds, n\u00ed hamh\u00e1in go bhfuil uimhreacha, ach freisin litreacha, rud a chialla\u00edonn figi\u00far geoim\u00e9adrach. Is \u00e9 an leagan 90-bullet an ceann is m\u00f3 t\u00f3ir i measc c\u00f3naitheoir\u00ed na Breataine. T\u00e1 difr\u00edocht idir an leagan is d\u00e9ana\u00ed i deacracht, toisc go bhfuil tr\u00ed ch\u00e9im den chluiche, agus gach ceann acu n\u00ed m\u00f3r don \u00fas\u00e1ideoir a chomhl\u00e1n\u00fa ag 100%. Cad \u00e9 faoi? Cr\u00edochna\u00edonn an ch\u00e9ad ch\u00e9im nuair a dh\u00fan an t-\u00fas\u00e1ideoir as a ch\u00e9ile duine \u00e9igin, agus an dara c\u00e9im &#8211; dh\u00e1 shraith, an tr\u00ed\u00fa c\u00e9im &#8211; gach sraitheanna.<\/p>\n<p><img loading=\"lazy\" decoding=\"async\" class=\" wp-image-324 aligncenter\" src=\"https:\/\/rocketplay-slot.com\/wp-content\/uploads\/2022\/08\/is-bingo-a-casino-game-hero-300x150.jpg\" alt=\"bingo online\" width=\"596\" height=\"298\" srcset=\"https:\/\/rocketplay-slot.com\/wp-content\/uploads\/2022\/08\/is-bingo-a-casino-game-hero-300x150.jpg 300w, https:\/\/rocketplay-slot.com\/wp-content\/uploads\/2022\/08\/is-bingo-a-casino-game-hero-1024x512.jpg 1024w, https:\/\/rocketplay-slot.com\/wp-content\/uploads\/2022\/08\/is-bingo-a-casino-game-hero-768x384.jpg 768w, https:\/\/rocketplay-slot.com\/wp-content\/uploads\/2022\/08\/is-bingo-a-casino-game-hero-1536x768.jpg 1536w, https:\/\/rocketplay-slot.com\/wp-content\/uploads\/2022\/08\/is-bingo-a-casino-game-hero-2048x1024.jpg 2048w\" sizes=\"auto, (max-width: 596px) 100vw, 596px\" \/><\/p>\n<h2>CC<\/h2>\n<h3>BINGO AR L\u00cdNE SAOR IN AISCE N\u00d3 CLUICHE AR AIRGEAD A CHUR CHUN CINN ROCKETY?<\/h3>\n<p>Is f\u00e9idir le h\u00fas\u00e1ideoir ceasa\u00edneo nua n\u00f3 cearrbhachas a bhfuil taith\u00ed acu cinneadh a dh\u00e9anamh go neamhsple\u00e1ch ar an rogha cluiche a chomhl\u00edonann a mhianta agus a chumas airgeadais. Ach is f\u00e9idir le gach \u00fas\u00e1ideoir an leagan saor in aisce den chluiche a imirt, fi\u00fa gan chl\u00e1r\u00fa, agus \u00e9il\u00edonn an cluiche f\u00edor-airgead r\u00e9amhchl\u00e1r\u00fa. Ina theannta sin, n\u00ed m\u00f3r don chearrbhachas a ch\u00e9ad airgead a thaisceadh sa chuntas cearrbhachais agus an t-\u00edosmh\u00e9id geallta a thaisceadh.<\/p>\n<h3>AN BHFUIL S\u00c9 IN I\u00daL BINGO A Bhuachan?<\/h3>\n<p>Chun an bua a fh\u00e1il sa bhiong\u00f3, n\u00ed g\u00e1 duit r\u00edomhaireachta\u00ed matamaitice a dh\u00e9anamh n\u00e1 strait\u00e9is\u00ed cluiche \u00e9ags\u00fala a fhoghlaim. T\u00e1 s\u00e9 go leor a roghn\u00fa ar cheann de na cine\u00e1lacha an chluiche bingo agus d\u00edreach a imirt. M\u00e1 t\u00e1 an t-\u00e1dh ar an gcearrbhach, is f\u00e9idir leis a ch\u00e9ad airgead a fh\u00e1il mar bhuachan biong\u00f3.<\/p>\n<h3>AN BHFUIL STRAIT\u00c9IS\u00cd BING\u00d3 \u00c9IFEACHTACHA ANN?<\/h3>\n<p>D\u00e9anta na f\u00edrinne, n\u00ed f\u00e9idir strait\u00e9is \u00e9ifeachtach a bheith ann don chluiche bingo. Nuair a fhaigheann an t-\u00fas\u00e1ideoir an c\u00e1rta agus tosa\u00edonn s\u00e9 ag trasn\u00fa amach na huimhreacha, n\u00ed m\u00f3r duit a bheith chomh aireach agus is f\u00e9idir agus an cluiche a lean\u00faint. N\u00edl an t-\u00e1dh ar gach duine, t\u00e1 a fhios ag gach duine go cinnte.<\/p>\n<h3>C\u00c1 BHFUIL BING\u00d3 A IMIR?<\/h3>\n<p>N\u00ed thairgeann gach ceasa\u00edneo ar l\u00edne an cluiche a bhfuil t\u00fa i mbun bingo Is cinnte go bhfuil an cluiche seo ar shu\u00edomh Gr\u00e9as\u00e1in RocketPlay. Sula dtosa\u00edonn t\u00fa ar an gcluiche, ba ch\u00f3ir duit athbhreithni\u00fa a dh\u00e9anamh ar na roghanna cluiche at\u00e1 roghnaithe ag an \u00fas\u00e1ideoir chun d\u00edri\u00fa i gceart agus go tr\u00e1th\u00fail ar l\u00edon na sraitheanna agus na liathr\u00f3id\u00ed le huimhreacha.<\/p>\n<h3>AN F\u00c9IDIR LIOM BING\u00d3 A IMIR \u00d3 Aip F\u00d3N P\u00d3CA?<\/h3>\n<p>Is f\u00e9idir le gach \u00fas\u00e1ideoir RocketPlay an feidhmchl\u00e1r soghluaiste a \u00edosl\u00f3d\u00e1il agus bingo a imirt ar ghl\u00e9as soghluaiste in ionad r\u00edomhaire. T\u00e1 s\u00e9 \u00e1isi\u00fail go leor agus simpl\u00ed, agus sol\u00e1thra\u00edonn s\u00e9 rochtain 24\/7 ar an gcluiche.<\/p>\n","protected":false},"excerpt":{"rendered":"<p>Chun do ch\u00e9ad f\u00edor-airgead a chur isteach sa chearrbhachas ar l\u00edne, is rogha mhaith \u00e9 an cluiche bingo ar l\u00edne RocketPlay chun do thuras cearrbhachais a thos\u00fa. Cuireann \u00fas\u00e1ideoir\u00ed nua a chl\u00e1ra\u00edonn ar an su\u00edomh ceasa\u00edneo ar l\u00edne a gcuntais chearrbhachais leis l\u00e1ithreach chun a gc\u00e9ad airgead breise a bhuachan. Cad ba cheart a mheabhr\u00fa&#8230;<\/p>\n","protected":false},"author":1,"featured_media":0,"parent":0,"menu_order":0,"comment_status":"closed","ping_status":"closed","template":"","meta":{"_acf_changed":false,"_kad_post_transparent":"default","_kad_post_title":"default","_kad_post_layout":"default","_kad_post_sidebar_id":"","_kad_post_content_style":"default","_kad_post_vertical_padding":"default","_kad_post_feature":"","_kad_post_feature_position":"","_kad_post_header":false,"_kad_post_footer":false,"footnotes":""},"class_list":["post-1689","page","type-page","status-publish","hentry"],"acf":[],"rttpg_featured_image_url":null,"rttpg_author":{"display_name":"Elvis","author_link":"https:\/\/rocketplay-slot.com\/ga\/author\/pemvas95n89x\/"},"rttpg_comment":0,"rttpg_category":null,"rttpg_excerpt":"Chun do ch\u00e9ad f\u00edor-airgead a chur isteach sa chearrbhachas ar l\u00edne, is rogha mhaith \u00e9 an cluiche bingo ar l\u00edne RocketPlay chun do thuras cearrbhachais a thos\u00fa. Cuireann \u00fas\u00e1ideoir\u00ed nua a chl\u00e1ra\u00edonn ar an su\u00edomh ceasa\u00edneo ar l\u00edne a gcuntais chearrbhachais leis l\u00e1ithreach chun a gc\u00e9ad airgead breise a bhuachan. Cad ba cheart a mheabhr\u00fa...","_links":{"self":[{"href":"https:\/\/rocketplay-slot.com\/ga\/wp-json\/wp\/v2\/pages\/1689","targetHints":{"allow":["GET"]}}],"collection":[{"href":"https:\/\/rocketplay-slot.com\/ga\/wp-json\/wp\/v2\/pages"}],"about":[{"href":"https:\/\/rocketplay-slot.com\/ga\/wp-json\/wp\/v2\/types\/page"}],"author":[{"embeddable":true,"href":"https:\/\/rocketplay-slot.com\/ga\/wp-json\/wp\/v2\/users\/1"}],"replies":[{"embeddable":true,"href":"https:\/\/rocketplay-slot.com\/ga\/wp-json\/wp\/v2\/comments?post=1689"}],"version-history":[{"count":2,"href":"https:\/\/rocketplay-slot.com\/ga\/wp-json\/wp\/v2\/pages\/1689\/revisions"}],"predecessor-version":[{"id":1691,"href":"https:\/\/rocketplay-slot.com\/ga\/wp-json\/wp\/v2\/pages\/1689\/revisions\/1691"}],"wp:attachment":[{"href":"https:\/\/rocketplay-slot.com\/ga\/wp-json\/wp\/v2\/media?parent=1689"}],"curies":[{"name":"wp","href":"https:\/\/api.w.org\/{rel}","templated":true}]}}