{"id":1698,"date":"2022-08-11T19:58:00","date_gmt":"2022-08-11T16:58:00","guid":{"rendered":"https:\/\/rocketplay-slot.com\/app\/"},"modified":"2022-11-01T02:05:06","modified_gmt":"2022-10-31T23:05:06","slug":"app","status":"publish","type":"page","link":"https:\/\/rocketplay-slot.com\/ga\/app\/","title":{"rendered":"RocketPlay app casino"},"content":{"rendered":"<p><img loading=\"lazy\" decoding=\"async\" class=\" wp-image-306 aligncenter\" src=\"https:\/\/rocketplay-slot.com\/wp-content\/uploads\/2022\/08\/welcome_1300x640-2-300x148.png\" alt=\"rocketplay\" width=\"594\" height=\"293\" srcset=\"https:\/\/rocketplay-slot.com\/wp-content\/uploads\/2022\/08\/welcome_1300x640-2-300x148.png 300w, https:\/\/rocketplay-slot.com\/wp-content\/uploads\/2022\/08\/welcome_1300x640-2-1024x504.png 1024w, https:\/\/rocketplay-slot.com\/wp-content\/uploads\/2022\/08\/welcome_1300x640-2-768x378.png 768w, https:\/\/rocketplay-slot.com\/wp-content\/uploads\/2022\/08\/welcome_1300x640-2.png 1300w\" sizes=\"auto, (max-width: 594px) 100vw, 594px\" \/><\/p>\n<p>&nbsp;<\/p>\n<p>Is bealach maith \u00e9 app Casino <a href=\"https:\/\/rocketplay-slot.com\/ga\">RocketPlay<\/a> chun na sliot\u00e1in is fearr leat a imirt gan brath ar r\u00edomhaire deisce. Go h\u00e1irithe le haghaidh imreoir\u00ed le gadgets iniompartha, crutha\u00edonn ceasa\u00edneonna <a href=\"https:\/\/rocketplay-slot.com\/ga\/mobile-version\/\">leaganacha soghluaiste<\/a> de shu\u00edmh n\u00f3 feidhmchl\u00e1ir speisialta a ligeann duit imirt san \u00e1it at\u00e1 ag teast\u00e1il ag am ar bith. Ionas gur f\u00e9idir le meais\u00edn\u00ed sliot\u00e1n i do ghuth\u00e1n cliste bunt\u00e1ist\u00ed agus pl\u00e9isi\u00fair a thabhairt do gamers, ba ch\u00f3ir duit dul go dt\u00ed an l\u00e1ithre\u00e1n gr\u00e9as\u00e1in oifigi\u00fail agus aip Casino f\u00edor-airgead RocketPlay a \u00edosl\u00f3d\u00e1il.<\/p>\n<p>N\u00ed m\u00f3r an feidhmchl\u00e1r a \u00edosl\u00f3d\u00e1il go d\u00edreach \u00f3 shu\u00edomh Gr\u00e9as\u00e1in an cheasa\u00edneo, \u00e1it a bhfuil an nasc chuig an gcomhad suite i rann\u00f3g ar leith n\u00f3 \u00f3 ard\u00e1in tr\u00ed\u00fa p\u00e1irt\u00ed (Google Play Store). Sula nd\u00e9antar an t-iarratas a shuite\u00e1il, t\u00e1 ceanglais \u00e1irithe ann, mar shampla leagan OS n\u00f3 cumas cuimhne, ar ch\u00f3ir iad a chur san \u00e1ireamh sula dtosa\u00edonn t\u00fa ar an \u00edosl\u00f3d\u00e1il.<\/p>\n<p>Cuireann na siopa\u00ed app bogearra\u00ed \u00f3 cheasa\u00edneonna cead\u00fanaithe go pr\u00edomha. M\u00e1s mian leis an imreoir feidhmchl\u00e1r an chlub a \u00fas\u00e1id le cead\u00fanas idirn\u00e1isi\u00fanta, is fearr an comhad suite\u00e1la a iarraidh ar an tseirbh\u00eds taca\u00edochta. Suite\u00e1iltear an feidhmchl\u00e1r go neamhsple\u00e1ch n\u00f3 de l\u00e1imh de r\u00e9ir na dtreoracha a chuirtear ar shu\u00edomh Gr\u00e9as\u00e1in na hinstiti\u00faide.<\/p>\n<p>Is f\u00e9idir leat an pac\u00e1iste suite\u00e1la a fh\u00e1il ar l\u00e1ithre\u00e1n gr\u00e9as\u00e1in oifigi\u00fail an chlub. Ba ch\u00f3ir don gamer an leathanach a oscailt le faisn\u00e9is theicni\u00fail. T\u00e1 comhaid ann a chaithfidh t\u00fa a \u00edosl\u00f3d\u00e1il chuig do ghuth\u00e1n cliste n\u00f3 ar do th\u00e1ibl\u00e9ad. D\u00e9an an n\u00f3s imeachta is fearr \u00f3n bhfeiste ar a bhfuil s\u00e9 beartaithe agat an cluiche a imirt. Nuair a \u00edosl\u00f3d\u00e1il RocketPlay app Casino, beidh an c\u00f3ras oibri\u00fach\u00e1in a bhrath go huathoibr\u00edoch.<\/p>\n<p>T\u00e1 suite\u00e1il an chl\u00e1ir caighde\u00e1nach: tosa\u00edonn an t-imreoir an pr\u00f3iseas, f\u00e1gtar dearbh\u00fa sna bosca\u00ed dial\u00f3ige. M\u00e1 iarrtar ort comhph\u00e1irteanna breise a shuite\u00e1il, n\u00ed m\u00f3r duit aont\u00fa go n-oibreoidh an t-iarratas ceasa\u00edneo i gceart. Tar \u00e9is \u00e9 a shuite\u00e1il, beidh deilbh\u00edn an chlub cluiche le feice\u00e1il ar an bhfeiste. Is f\u00e9idir \u00e9 a aistri\u00fa chuig an deasc chun rochtain ar mheais\u00edn\u00ed a bhrost\u00fa. Chun oibri\u00fa an chl\u00e1ir a th\u00e1st\u00e1il, is f\u00e9idir leat aon sliot\u00e1n a re\u00e1cht\u00e1il i m\u00f3d taispe\u00e1na.<\/p>\n<h2>BUNT\u00c1IST\u00cd A \u00daS\u00c1ID APP CAS\u00d3IN<\/h2>\n<p>Is f\u00e9idir leis an \u00fas\u00e1ideoir rochtain a fh\u00e1il ar shu\u00edomh Gr\u00e9as\u00e1in an chlub f\u00edor\u00fail tr\u00ed bhrabhs\u00e1la\u00ed n\u00f3 an aip RocketPlay casino Australia a \u00edosl\u00f3d\u00e1il. Sa ch\u00e9ad ch\u00e1s, t\u00e1 an su\u00edomh oiri\u00fanaithe go hioml\u00e1n do mh\u00e9ideanna t\u00f3ir gadgets iniompartha, ach t\u00e1 strucht\u00far leathanach beag\u00e1n modhnaithe aige. T\u00e1 bunt\u00e1ist\u00ed \u00e1irithe ag imirt ar ghl\u00e9as soghluaiste don imreoir:<\/p>\n<ul>\n<li>leibh\u00e9al n\u00edos airde anaithnideachta sa l\u00edonra;<\/li>\n<li>an cumas a imirt \u00e1it ar bith ar domhan ina bhfuil Idirl\u00edon;<\/li>\n<li>p\u00e1irt a ghlacadh in arduithe c\u00e9ime \u00e1irithe;<\/li>\n<li>beala\u00ed breise a fh\u00e1il chun buaite a tharraingt siar.<\/li>\n<\/ul>\n<p><img loading=\"lazy\" decoding=\"async\" class=\" wp-image-307 alignright\" src=\"https:\/\/rocketplay-slot.com\/wp-content\/uploads\/2022\/08\/rocketplay-casino-app-150x300.png\" alt=\"rocketplay app\" width=\"191\" height=\"382\" srcset=\"https:\/\/rocketplay-slot.com\/wp-content\/uploads\/2022\/08\/rocketplay-casino-app-150x300.png 150w, https:\/\/rocketplay-slot.com\/wp-content\/uploads\/2022\/08\/rocketplay-casino-app.png 250w\" sizes=\"auto, (max-width: 191px) 100vw, 191px\" \/><\/p>\n<p>T\u00e1 leagan oiri\u00fanaithe d\u2019fh\u00f3in ag gach club f\u00edor\u00fail, agus tairgtear feidhmchl\u00e1r ar leith do chustaim\u00e9ir\u00ed go pr\u00edomha ag ceasa\u00edneonna m\u00f3ra. Is minic a chrutha\u00edtear feidhmchl\u00e1ir le haghaidh feist\u00ed Android, i gc\u00e1sanna neamhchoitianta &#8211; le haghaidh Windows. N\u00ed bheidh \u00fain\u00e9ir\u00ed giuirl\u00e9id\u00ed ar ch\u00f3rais oibri\u00fach\u00e1in eile in ann na r\u00edleanna a chasadh ach amh\u00e1in sa leagan oiri\u00fanaithe den su\u00edomh. T\u00e1 aip Casino Rocket Play Android ar f\u00e1il duit.<\/p>\n<h2>Aip cearrbhachas a imirt ar airgead f\u00edor<\/h2>\n<p>Is f\u00e9idir leat cl\u00e1r\u00fa le leagan soghluaiste an cheasa\u00edneonna ar na beala\u00ed c\u00e9anna agus a dh\u00e9antar \u00f3 r\u00edomhaire. M\u00e1 t\u00e1 cuntas agat ar do ghuth\u00e1n, n\u00ed m\u00f3r duit log\u00e1il isteach ag baint \u00fas\u00e1ide as d&#8217;ainm \u00fas\u00e1ideora agus pasfhocal. Is f\u00e9idir le cuairteoir \u00f3 fh\u00f3n cliste feidhmi\u00falacht uile acmhainne gr\u00e9as\u00e1in agus feidhmchl\u00e1ir spreagthacha a \u00fas\u00e1id gan srianta. T\u00e1 rochtain ag imreoir\u00ed \u00f3n bhf\u00f3n ar shiamsa\u00edocht uile an chlub:<\/p>\n<ul>\n<li>meais\u00edn\u00ed sliot\u00e1n;<\/li>\n<li>geallt\u00f3ireacht ar sp\u00f3irt fh\u00edor\u00fail;<\/li>\n<li>crannchuir ;<\/li>\n<li>roulette, poker, baccarat, blackjack;<\/li>\n<li>casino beo.<\/li>\n<\/ul>\n<p>Is \u00e9 an t-aon eisceacht n\u00e1 c\u00fapla seanfheiste nach dtaca\u00edonn c\u00f3rais oibri\u00fach\u00e1in nua-aimseartha leo. Tosa\u00edonn na feist\u00ed go tapa agus oibr\u00edonn siad gan fadhbanna teicni\u00fala. T\u00e9ann cluich\u00ed le d\u00e9ile\u00e1laithe gan mhoill.<\/p>\n<p>M\u00e1 \u00edosl\u00f3d\u00e1lann t\u00fa aip Casino RocketPlay, beidh na meais\u00edn\u00ed sliot\u00e1n \u00f3 do ghuth\u00e1n ar f\u00e1il sa leagan taispe\u00e1na freisin. D\u00e1 bhr\u00ed sin, n\u00ed bheidh an riosca go gcaillfear cist\u00ed ag gabh\u00e1il le haithne ar th\u00e1irg\u00ed nua. N\u00ed f\u00e9idir f\u00edorbhuachan at\u00e1 ar f\u00e1il le h\u00edoca\u00edocht a fh\u00e1il ach amh\u00e1in i gcluich\u00ed f\u00edor-airgead.<\/p>\n<h2>CC<\/h2>\n<h3>Leagan P\u00d3CA N\u00d3 APP?<\/h3>\n<p>Sa chlub f\u00edor\u00fail, t\u00e1 su\u00edomh Gr\u00e9as\u00e1in oiri\u00fanaithe agus feidhmchl\u00e1r speisialta l\u00e9irithe ag an leagan soghluaiste. M\u00e1 t\u00e1 cuntas ag an imreoir ag an gceasa\u00edneo cheana f\u00e9in, is f\u00e9idir leis log\u00e1il isteach ar a chuntas pearsanta ar an ngiuirl\u00e9id ag baint \u00fas\u00e1ide as na sonra\u00ed seo. Chomh maith le ar an su\u00edomh, is f\u00e9idir le gamblers imirt san iarratas ar th\u00e1ille, leis an tarraingt siar airgid. Chomh maith leis sin, is f\u00e9idir leis an imreoir rochtain a fh\u00e1il ar an acmhainn gr\u00e9as\u00e1in Casino in aon bhrabhs\u00e1la\u00ed. N\u00edl g\u00e1 le suite\u00e1il bogearra\u00ed breise ar an bhf\u00f3n. T\u00e1 difr\u00edocht idir leagan soghluaiste an tsu\u00edmh agus an leagan deisce den bhlaosc grafach. Ar acmhainn gr\u00e9as\u00e1in, is f\u00e9idir su\u00edomh agus m\u00e9id na gcnaip\u00ed, na bhfoirmeacha agus na ndeilbh\u00edn\u00ed a athr\u00fa.<\/p>\n<h3>CAD IAD NA SOCHAIR A BHFUIL AN AIP CAS\u00d3IN?<\/h3>\n<p>Tugann gambl\u00f3ir\u00ed soghluaiste na l\u00e1idreachta\u00ed seo a leanas faoi deara:<\/p>\n<ul>\n<li>t\u00e1 an cluiche ar f\u00e1il \u00e1it ar bith \u00f3 ghl\u00e9as soghluaiste;<\/li>\n<li>is f\u00e9idir an feidhmchl\u00e1r a \u00edosl\u00f3d\u00e1il agus a shuite\u00e1il saor in aisce;<\/li>\n<li>d\u00e9anann an t-ard\u00e1n oiri\u00fan\u00fa do pharaim\u00e9adair sc\u00e1ile\u00e1in \u00e9ags\u00fala;<\/li>\n<li>rochtain ar chearrbhachas n\u00edos tap\u00fala;<\/li>\n<li>ag am ar bith is f\u00e9idir leat filleadh ar an gcluiche ar an deasc.<\/li>\n<\/ul>\n<p>\u00das\u00e1idtear an gl\u00e9as soghluaiste amh\u00e1in, ionas gur f\u00e9idir leis an imreoir an log\u00e1il isteach agus an focal faire a sh\u00e1bh\u00e1il chun dul isteach i gcuntas pearsanta an chlub gan cur isteach ar shl\u00e1nd\u00e1il sonra\u00ed.<\/p>\n<h3>Conas casino a \u00edosl\u00f3d\u00e1il ar do ghuth\u00e1n?<\/h3>\n<p>Chun imirt le bheith ar an ngiuirl\u00e9id san fheidhmchl\u00e1r, n\u00ed m\u00f3r duit comhaid an chl\u00e1ir a \u00edosl\u00f3d\u00e1il uair amh\u00e1in agus iad a shuite\u00e1il. M\u00e1 scaoileann na forbr\u00f3ir\u00ed leagan feabhsaithe den chl\u00e1r, beidh an nuashonr\u00fa uathoibr\u00edoch. N\u00edl aon riachtanais theicni\u00fala speisialta ann don fheiste. Sula nd\u00e9antar \u00e9 a shuite\u00e1il, n\u00ed m\u00f3r don imreoir m\u00e9id beag sp\u00e1is diosca saor in aisce a leithdh\u00e1ileadh. Suite\u00e1iltear comhph\u00e1irteanna breise saor in aisce freisin.<\/p>\n","protected":false},"excerpt":{"rendered":"<p>&nbsp; Is bealach maith \u00e9 app Casino RocketPlay chun na sliot\u00e1in is fearr leat a imirt gan brath ar r\u00edomhaire deisce. Go h\u00e1irithe le haghaidh imreoir\u00ed le gadgets iniompartha, crutha\u00edonn ceasa\u00edneonna leaganacha soghluaiste de shu\u00edmh n\u00f3 feidhmchl\u00e1ir speisialta a ligeann duit imirt san \u00e1it at\u00e1 ag teast\u00e1il ag am ar bith. Ionas gur f\u00e9idir le&#8230;<\/p>\n","protected":false},"author":1,"featured_media":0,"parent":0,"menu_order":0,"comment_status":"closed","ping_status":"closed","template":"","meta":{"_acf_changed":false,"_kad_post_transparent":"default","_kad_post_title":"default","_kad_post_layout":"default","_kad_post_sidebar_id":"","_kad_post_content_style":"default","_kad_post_vertical_padding":"default","_kad_post_feature":"","_kad_post_feature_position":"","_kad_post_header":false,"_kad_post_footer":false,"footnotes":""},"class_list":["post-1698","page","type-page","status-publish","hentry"],"acf":[],"rttpg_featured_image_url":null,"rttpg_author":{"display_name":"Elvis","author_link":"https:\/\/rocketplay-slot.com\/ga\/author\/pemvas95n89x\/"},"rttpg_comment":0,"rttpg_category":null,"rttpg_excerpt":"&nbsp; Is bealach maith \u00e9 app Casino RocketPlay chun na sliot\u00e1in is fearr leat a imirt gan brath ar r\u00edomhaire deisce. Go h\u00e1irithe le haghaidh imreoir\u00ed le gadgets iniompartha, crutha\u00edonn ceasa\u00edneonna leaganacha soghluaiste de shu\u00edmh n\u00f3 feidhmchl\u00e1ir speisialta a ligeann duit imirt san \u00e1it at\u00e1 ag teast\u00e1il ag am ar bith. Ionas gur f\u00e9idir le...","_links":{"self":[{"href":"https:\/\/rocketplay-slot.com\/ga\/wp-json\/wp\/v2\/pages\/1698","targetHints":{"allow":["GET"]}}],"collection":[{"href":"https:\/\/rocketplay-slot.com\/ga\/wp-json\/wp\/v2\/pages"}],"about":[{"href":"https:\/\/rocketplay-slot.com\/ga\/wp-json\/wp\/v2\/types\/page"}],"author":[{"embeddable":true,"href":"https:\/\/rocketplay-slot.com\/ga\/wp-json\/wp\/v2\/users\/1"}],"replies":[{"embeddable":true,"href":"https:\/\/rocketplay-slot.com\/ga\/wp-json\/wp\/v2\/comments?post=1698"}],"version-history":[{"count":3,"href":"https:\/\/rocketplay-slot.com\/ga\/wp-json\/wp\/v2\/pages\/1698\/revisions"}],"predecessor-version":[{"id":1701,"href":"https:\/\/rocketplay-slot.com\/ga\/wp-json\/wp\/v2\/pages\/1698\/revisions\/1701"}],"wp:attachment":[{"href":"https:\/\/rocketplay-slot.com\/ga\/wp-json\/wp\/v2\/media?parent=1698"}],"curies":[{"name":"wp","href":"https:\/\/api.w.org\/{rel}","templated":true}]}}