{"id":1709,"date":"2022-06-15T08:28:32","date_gmt":"2022-06-15T05:28:32","guid":{"rendered":"https:\/\/rocketplay-slot.com\/live-roulette\/"},"modified":"2026-03-01T18:35:28","modified_gmt":"2026-03-01T15:35:28","slug":"live-roulette","status":"publish","type":"page","link":"https:\/\/rocketplay-slot.com\/ga\/live-roulette\/","title":{"rendered":"Roulette casino ar l\u00edne RocketPlay"},"content":{"rendered":"<p>T\u00e1 Roulette ar cheann de na cluich\u00ed gambling is m\u00f3 a chum fear. A Halo de Mystery an chluiche a choinne\u00e1il ar roinnt sc\u00e9alta a thionscnamh. Deir finsc\u00e9al amh\u00e1in go bhfuil sa Fhrainc sa 14\u00fa haois a l\u00edonadh ar an st\u00e1tchiste Cairdin\u00e9al Mazarin ordaigh roulette a dh\u00e1ileadh i ngach teach cearrbhachais. Ag an am sin bh\u00ed s\u00e9 ina cluiche le 40 seaic uimhrithe agus tr\u00ed nialais, ar a dtugtar &#8220;Hoca.&#8221; F\u00edor, tar \u00e9is b\u00e1s Louis an 14\u00fa, bh\u00ed aon duine a d&#8217;eagraigh &#8220;Hoca&#8221; le cur chun b\u00e1is.<\/p>\n<p>De r\u00e9ir leagan eile, bh\u00ed l\u00e1mh ag an matamaiticeoir Blaise Pascal i gcruth\u00fa an chluiche. Ach t\u00e1 s\u00e9 roinnte ina dh\u00e1 sc\u00e9al freisin: de r\u00e9ir ceann amh\u00e1in, rinne Blaise iarracht meais\u00edn um ghluaisne suthain a chruth\u00fa le roth agus liathr\u00f3id; de r\u00e9ir a ch\u00e9ile, dh\u00fan s\u00e9 \u00e9 f\u00e9in i mainistir chun fadhb na d\u00f3ch\u00falachta crannchuir a r\u00e9iteach le 36 tic\u00e9ad.<\/p>\n<p>Sl\u00ed amh\u00e1in n\u00f3 sl\u00ed, glacann an cluiche fr\u00e9amhacha na Fraince agus inniu t\u00e1 s\u00e9 dodh\u00e9anta ceasa\u00edneo a shamhl\u00fa gan roulette. \u00d3 th\u00e1inig <a href=\"https:\/\/rocketplay-slot.com\/ga\/casino\/\">ceasa\u00edneonna ar l\u00edne<\/a>, roulette, n\u00f3 mar a d&#8217;fh\u00e9adfadh s\u00e9 a bheith ar a dtugtar &#8220;Roth Ferris,&#8221; anois ina chuid l\u00e1rnach den Casino freisin.<\/p>\n<h2>PRIONSABAL AN CHLUICH\u00cd ROULETTE<\/h2>\n<p>An cluiche roulette beo ar l\u00edne RocketPlay, ceann de na cinn is simpl\u00ed. Os comhair na n-imreoir\u00ed t\u00e1 roth, at\u00e1 uimhrithe \u00f3 1 go 36 agus m\u00f3ide nialas. Socra\u00edtear na huimhreacha in ord randamach, ach in uain\u00edocht dhian dathanna &#8211; dubh agus dearg. In aice leis an roth t\u00e1 t\u00e1bla geallt\u00f3ireachta. T\u00e1, is f\u00e9idir le himreoir\u00ed geall ar uimhir shonrach, dath (dubh-dearg), fi\u00fa n\u00f3 corr, dosaen (ceann amh\u00e1in de 12 uimhreacha), n\u00edos m\u00f3, n\u00edos l\u00fa, agus nialas.<\/p>\n\t<div class=\"alao-sidebar-box alao-sidebar-box-light-blue\">\n\t\t<a href=\"\" class=\"alao-sidebar-box__link\">\n\t\t\t<span class=\"alao-sidebar-box__thumb\">\n\t\t\t\t<img decoding=\"async\" src=\"https:\/\/rocketplay-slot.com\/wp-content\/uploads\/2022\/06\/second_bonus_nonlog.png\" alt=\"An dara b\u00f3nas taisce\">\n\t\t\t<\/span>\n\t\t\t<span class=\"alao-sidebar-box__info\">\n\t\t\t\t<span class=\"alao-sidebar-box__info-wrap\">\n\t\t\t\t\t<span class=\"alao-sidebar-box__head\">An dara b\u00f3nas taisce<\/span>\n\t\t\t\t\t<span class=\"alao-sidebar-box__desc\">200% B\u00d3NAS DON DARA TAISCE<\/span>\n\t\t\t\t\t<span class=\"alao-sidebar-box__button\">Faigh Anois<\/span>\n\t\t\t\t<\/span>\n\t\t\t<\/span>\n\t\t<\/a>\n\t<\/div>\n\t\n<h2>Casino ar l\u00edne R\u00fail\u00e9ad Beo<\/h2>\n<p>Sula gcuirfidh t\u00fa do chuid geallta, deir an croupier an geall cor\u00f3nach, &#8220;Cuir do geallta, a dhaoine uaisle!&#8221; Tar \u00e9is na geallta a chur, deirtear fr\u00e1sa chomh coitianta, &#8220;Cuirtear geallta, n\u00ed g\u00e1 geallta a thuilleadh.&#8221; Rithtear an roth roulette ar bhealach amh\u00e1in agus is g\u00e1 go mbeadh an liathr\u00f3id sa treo eile. Nuair a stopann an liathr\u00f3id i gcill, f\u00f3gra\u00edonn roulette d\u00e9ile\u00e1la\u00ed beo RocketPlay an uimhir bhuaiteach, \u00e9 a shocr\u00fa ar an bp\u00e1irc imeartha agus \u00edoctar buaiteanna do na himreoir\u00ed buaiteacha, agus geallta a chailli\u00faint t\u00e9igh go dt\u00ed an roulette Casino beo RocketPlay.<\/p>\n<p>T\u00e1 na rialacha thuas go l\u00e9ir ag an app roulette beo RocketPlay ach amh\u00e1in go dtarla\u00edonn gach rud ar do sc\u00e1ile\u00e1n monat\u00f3ireachta. Ar nd\u00f3igh, b\u2019fh\u00e9idir go gcaillfidh cuid acu na fr\u00e1sa\u00ed cor\u00f3in seo, ach t\u00e1 an spleodar caomhnaithe go hioml\u00e1n. Agus do na himreoir\u00ed sin at\u00e1 f\u00f3s ag iarraidh teagmh\u00e1il a dh\u00e9anamh le roulette beo gan an baile a fh\u00e1g\u00e1il, t\u00e1 c\u00fapla rogha ann freisin.<\/p>\n<h2>ROULETTE F\u00cdOR\u00daIL AR L\u00cdNE<\/h2>\n<p>Ag imirt roulette beo Astr\u00e1il T\u00e1 RocketPlay i bhfad n\u00edos \u00e9asca n\u00e1 mar a d&#8217;fh\u00e9adf\u00e1 a shamhl\u00fa. Sa leagan beo, t\u00e1 n\u00edos m\u00f3 n\u00e1 300 comhph\u00e1irt sa roth f\u00e9in agus t\u00e1 s\u00e9 socraithe le beachtas cos\u00fail le seod, mar go gcead\u00f3idh ach 1 millim\u00e9adar gluaiseachta d&#8217;imreoir\u00ed breathnaithe a thabhairt faoi deara c\u00e9 na hearn\u00e1lacha is d\u00f3ich\u00ed a thitfidh an liathr\u00f3id isteach. I gc\u00e1s roulette beo RocketPlay ar airgead f\u00edor, d\u00e9antar gach rud a bhainisti\u00fa ag ginead\u00f3ir uimhreacha randamacha, rud a chinnt\u00edonn cothroime an tarraingt. D\u00edreach mar at\u00e1 sa bhunaidh, is f\u00e9idir leat a bheith cinnte gur thit an liathr\u00f3id ar an bhfigi\u00far sin go hioml\u00e1n randamach.<\/p>\n<p>Gn\u00e9 eile den roth Ferris ar l\u00edne n\u00e1 gur f\u00e9idir leat roulette beo saor in aisce a imirt RocketPlay. T\u00e1 \u00e9ags\u00falachta\u00ed \u00e9ags\u00fala ag Roulette i ngach ceasa\u00edneo, ionas gur f\u00e9idir leat aon cheann acu a oscailt go h\u00e9asca agus imirt saor in aisce ag baint \u00fas\u00e1ide as sliseanna f\u00edor\u00fala. N\u00ed hamh\u00e1in go gcabhr\u00f3idh s\u00e9 seo leat prionsabal an chluiche a thuiscint, ach freisin triail a bhaint as strait\u00e9is\u00ed roulette t\u00f3ir.<\/p>\n<h2>C\u00c9N F\u00c1TH ROULETTE F\u00cdOR\u00daIL I gC\u00c1SANNA?<\/h2>\n<p>Ag cro\u00edl\u00e1r an chluiche roulette f\u00edor\u00fail t\u00e1 ginead\u00f3ir uimhreacha randamacha, a r\u00e1tha\u00edtear go dtiocfaidh tortha\u00ed randamacha. D\u00e9antar ini\u00fachta\u00ed neamhsple\u00e1cha go rialta ar na ceasa\u00edneonna is fearr ar l\u00edne ar a bhfoll\u00e1ine agus t\u00e1 na cead\u00fanais chu\u00ed acu.<\/p>\n<p>T\u00e1 an seans a bhuaigh roulette f\u00edor\u00fail agus f\u00edor mar an gc\u00e9anna. Is f\u00e9idir leat na strait\u00e9is\u00ed agus na leideanna aitheanta go l\u00e9ir at\u00e1 ann le haghaidh roulette rialta a \u00fas\u00e1id. C\u00e9 go bhfuil a n-\u00e9ifeachtacht laghdaithe.<\/p>\n<p>An leibh\u00e9al \u00edseal geallta roulette f\u00edor\u00fail i gcompar\u00e1id leis an cluiche i Casino f\u00edor.<\/p>\n<p>Is f\u00e9idir leat a roghn\u00fa idir \u00e9ags\u00falachta\u00ed \u00e9ags\u00fala roulette, rud a laghd\u00f3idh an bunt\u00e1iste a bhaineann leis an mbun\u00fa.<\/p>\n<h2><span style=\"font-family: var(--global-body-font-family); font-size: 16px; letter-spacing: 0em;\"> \u00a0 \u00a0 \u00a0 \u00a0 \u00a0 \u00a0 \u00a0 \u00a0 \u00a0 \u00a0 \u00a0 \u00a0 \u00a0 \u00a0 \u00a0 \u00a0 \u00a0 \u00a0 \u00a0 \u00a0 \u00a0 \u00a0 \u00a0 \u00a0 \u00a0 \u00a0 \u00a0 \u00a0 \u00a0 \u00a0 \u00a0 \u00a0 \u00a0 \u00a0 \u00a0 \u00a0 \u00a0 \u00a0 \u00a0 \u00a0 \u00a0 \u00a0 \u00a0 \u00a0 \u00a0 \u00a0 \u00a0 \u00a0 \u00a0 \u00a0 \u00a0 \u00a0 \u00a0 \u00a0 \u00a0 \u00a0 \u00a0 \u00a0 \u00a0 \u00a0 \u00a0 \u00a0 \u00a0 \u00a0 \u00a0 \u00a0 \u00a0 \u00a0 \u00a0 \u00a0 \u00a0 \u00a0 \u00a0 \u00a0 \u00a0 \u00a0\u00a0<\/span><\/h2>\n<p><span style=\"font-weight: 400;\"><img loading=\"lazy\" decoding=\"async\" class=\"aligncenter wp-image-4027\" src=\"https:\/\/rocketplay-slot.com\/wp-content\/uploads\/2024\/02\/close-up-casino-roulette-1.jpg\" alt=\"Roulette casino ar l\u00edne RocketPlay\" width=\"800\" height=\"534\" srcset=\"https:\/\/rocketplay-slot.com\/wp-content\/uploads\/2024\/02\/close-up-casino-roulette-1.jpg 1000w, https:\/\/rocketplay-slot.com\/wp-content\/uploads\/2024\/02\/close-up-casino-roulette-1-300x200.jpg 300w, https:\/\/rocketplay-slot.com\/wp-content\/uploads\/2024\/02\/close-up-casino-roulette-1-768x512.jpg 768w\" sizes=\"auto, (max-width: 800px) 100vw, 800px\" \/><\/span><\/p>\n<h2>CINE\u00c1LACHA ROULETTE<\/h2>\n<p>Sa l\u00e1 at\u00e1 inniu, t\u00e1 go leor \u00e9ags\u00falachta\u00ed roulette. T\u00e1 t\u00f3ir ar chuid acu, agus gn\u00edomha\u00edonn cuid eile chun imreoir\u00ed \u00e1ineasa a mhealladh. Ag an bpointe seo, t\u00e1 ceithre phr\u00edomhchine\u00e1lacha ann at\u00e1 bunaithe sa domhan cearrbhachais le blianta fada anuas.<\/p>\n<p>Roulette Eorpach n\u00f3 clasaiceach: t\u00e1 37 earn\u00e1il ann, \u00f3 1 go 36 agus &#8220;nialas&#8221; amh\u00e1in. Is \u00e9 an nialas a thugann pr\u00edomhbhunt\u00e1iste an cheasa\u00edneo. Geall air go minic, toisc go bhfuil an \u00edoca\u00edocht 1 go 36, ach is annamh a bhuailtear \u00e9. Is \u00e9 2.7% bunt\u00e1iste an cheasa\u00edneo sa leagan seo de roulette ar l\u00edne (agus as l\u00edne freisin).<\/p>\n<p>American Roulette: Is \u00e9 a difr\u00edocht \u00f3 Roulette na hEorpa rud amh\u00e1in &#8211; t\u00e1 an r\u00edl 38 earn\u00e1lacha. \u00d3 1 go 36, n\u00e1id agus nialas d\u00fabailte. M\u00e9ada\u00edonn s\u00e9 sin bunt\u00e1iste an cheasa\u00edneo go 5.26%, ach chomh maith leis sin t\u00e1 an iomarca geallghlacad\u00f3ir\u00ed ann a cheapann gur seans iontach \u00e9 dh\u00e1 nialais do bhuaiteoir\u00ed m\u00f3ra.<\/p>\n<p>Roulette na Fraince: Is \u00e9 an rogha is coitianta le himreoir\u00ed agus an chuid is m\u00f3 d\u00fail le hoibreoir\u00ed. Is \u00e9 an rud go n-imr\u00edtear \u00e9 cos\u00fail le roulette na hEorpa, ach i gc\u00e1s nialais, faigheann gach imreoir 50% den geall. Gheobhaidh gach duine a geall ar uimhir, corr, dearg n\u00f3 dosaen ais\u00edoca\u00edocht.<\/p>\n<p>Mini Roulette: T\u00e1 an rogha seo t\u00f3ir go h\u00e1irithe le roll\u00f3ir\u00ed ard. Is \u00e9 a shaini\u00falacht n\u00e1 go bhfuil 13 earn\u00e1il sa r\u00e9imse &#8211; \u00f3 1 go 12, ceann n\u00e1id agus earn\u00e1il folamh amh\u00e1in. Ar nd\u00f3igh, m\u00e9ada\u00edonn s\u00e9 seo bunt\u00e1iste an cheasa\u00edneo faoi thr\u00ed ar a laghad, ach is \u00e9 an rud a mheallann imreoir\u00ed n\u00e1 an easpa teorainn uasta geall.<\/p>\n<p>T\u00e1 gach ceann de na cine\u00e1lacha roulette seo ar f\u00e1il ag RocketPlay Casino. Chun roulette beo a imirt RocketPlay saor in aisce, n\u00edl le d\u00e9anamh ach cl\u00e1r\u00fa tapa agus bain triail as do luck.<\/p>\n<h2><span style=\"font-family: var(--global-body-font-family); font-size: 16px; letter-spacing: 0em;\"> \u00a0 \u00a0 \u00a0 \u00a0 \u00a0 \u00a0 \u00a0 \u00a0 \u00a0 \u00a0 \u00a0 \u00a0 \u00a0 \u00a0 \u00a0 \u00a0 \u00a0 \u00a0 \u00a0 \u00a0 \u00a0 \u00a0 \u00a0 \u00a0 \u00a0 \u00a0 \u00a0 \u00a0 \u00a0 \u00a0 \u00a0 \u00a0 \u00a0 \u00a0 \u00a0 \u00a0 \u00a0 \u00a0 \u00a0 \u00a0<\/span><\/h2>\n<p><span style=\"font-weight: 400;\"><img loading=\"lazy\" decoding=\"async\" class=\"aligncenter wp-image-4037\" src=\"https:\/\/rocketplay-slot.com\/wp-content\/uploads\/2024\/02\/collage-casino-images-with-roulette-table-smiling-man-showing-thumbs-up.jpg\" alt=\"Roulette casino ar l\u00edne RocketPlay 2\" width=\"800\" height=\"548\" srcset=\"https:\/\/rocketplay-slot.com\/wp-content\/uploads\/2024\/02\/collage-casino-images-with-roulette-table-smiling-man-showing-thumbs-up.jpg 1000w, https:\/\/rocketplay-slot.com\/wp-content\/uploads\/2024\/02\/collage-casino-images-with-roulette-table-smiling-man-showing-thumbs-up-300x206.jpg 300w, https:\/\/rocketplay-slot.com\/wp-content\/uploads\/2024\/02\/collage-casino-images-with-roulette-table-smiling-man-showing-thumbs-up-768x526.jpg 768w\" sizes=\"auto, (max-width: 800px) 100vw, 800px\" \/><\/span><\/p>\n<h2>ROULETTE BEO<\/h2>\n<p>Cuireann an Casino <a href=\"https:\/\/rocketplay-slot.com\/ga\">RocketPlay<\/a> roulette beo (r\u00e9alt\u00fail beo) i l\u00e1thair. Is \u00e9ags\u00falacht \u00e9 roulette, \u00e1it a nglacann r\u00e1cad\u00f3ir f\u00edor geallta &#8211; ag t\u00e1bla f\u00edor agus roth f\u00edor a bhfuil seacht mbabhta deimhnithe caite aige. Go ginear\u00e1lta, is \u00e9 an difr\u00edocht idir roulette f\u00edor go bhfuil beo suite i seomra feistithe go speisialta, agus t\u00e1 an f\u00f3cas ar na himreoir\u00ed a dh\u00e9anann geallta tr\u00edd an sc\u00e1ile\u00e1n monat\u00f3ireacht a dh\u00e9anamh.<\/p>\n<p>Ach t\u00e1 roinnt oibreoir\u00ed imithe i bhfad n\u00edos faide. T\u00e1 cine\u00e1l speisialta roulette beo ag RocketPlay Casino. Ag ceann de na t\u00e1bla\u00ed roulette f\u00edor, at\u00e1 lonnaithe sna casinos is m\u00f3 i Las Vegas, t\u00e1 trealamh speisialta suite\u00e1ilte le haghaidh imreoir\u00ed ar l\u00edne. Mar sin is f\u00e9idir leat geallta a dh\u00e9anamh ar do sc\u00e1ile\u00e1n monat\u00f3ireachta mar aon leis na cuairteoir\u00ed Casino, ag breathn\u00fa ar gach rud at\u00e1 ar si\u00fal.<\/p>\n<h2>STRAIT\u00c9IS<\/h2>\n<p>Faighimid d\u00edreach chuig an nuacht m\u00edthaitneamhach &#8211; n\u00edl aon ch\u00f3ras amh\u00e1in ann a thugann ioncam cobhsa\u00ed dothuigthe ag roulette.<\/p>\n<p>T\u00e1 neart strait\u00e9is\u00ed ar an Idirl\u00edon le haghaidh cluiche rath\u00fail. Is iad na cinn is c\u00e1ili\u00fala c\u00f3rais D&#8217;Alamber, Whitecracker agus, ar nd\u00f3igh, Martingale. Chomh maith leo, t\u00e1 samhlacha bunaithe ar an &#8220;Teoiric Chaos&#8221;, &#8220;Teoiric Uimhir Mh\u00f3r&#8221; agus daoine eile.<\/p>\n<p>Agus m\u00e1s f\u00e9idir leo toradh ar bith a thabhairt in institi\u00faid as l\u00edne, feidhm\u00edonn an ceasa\u00edneo ar l\u00edne ar bhonn ginead\u00f3ir uimhreacha randamacha, a chuireann gach strait\u00e9is cunning ar neamhn\u00ed.<\/p>\n","protected":false},"excerpt":{"rendered":"<p>T\u00e1 Roulette ar cheann de na cluich\u00ed gambling is m\u00f3 a chum fear. A Halo de Mystery an chluiche a choinne\u00e1il ar roinnt sc\u00e9alta a thionscnamh. Deir finsc\u00e9al amh\u00e1in go bhfuil sa Fhrainc sa 14\u00fa haois a l\u00edonadh ar an st\u00e1tchiste Cairdin\u00e9al Mazarin ordaigh roulette a dh\u00e1ileadh i ngach teach cearrbhachais. Ag an am sin&#8230;<\/p>\n","protected":false},"author":1,"featured_media":0,"parent":0,"menu_order":0,"comment_status":"closed","ping_status":"closed","template":"","meta":{"_acf_changed":false,"_kad_post_transparent":"default","_kad_post_title":"default","_kad_post_layout":"default","_kad_post_sidebar_id":"","_kad_post_content_style":"default","_kad_post_vertical_padding":"default","_kad_post_feature":"","_kad_post_feature_position":"","_kad_post_header":false,"_kad_post_footer":false,"footnotes":""},"class_list":["post-1709","page","type-page","status-publish","hentry"],"acf":[],"rttpg_featured_image_url":null,"rttpg_author":{"display_name":"Elvis","author_link":"https:\/\/rocketplay-slot.com\/ga\/author\/pemvas95n89x\/"},"rttpg_comment":0,"rttpg_category":null,"rttpg_excerpt":"T\u00e1 Roulette ar cheann de na cluich\u00ed gambling is m\u00f3 a chum fear. A Halo de Mystery an chluiche a choinne\u00e1il ar roinnt sc\u00e9alta a thionscnamh. Deir finsc\u00e9al amh\u00e1in go bhfuil sa Fhrainc sa 14\u00fa haois a l\u00edonadh ar an st\u00e1tchiste Cairdin\u00e9al Mazarin ordaigh roulette a dh\u00e1ileadh i ngach teach cearrbhachais. Ag an am sin...","_links":{"self":[{"href":"https:\/\/rocketplay-slot.com\/ga\/wp-json\/wp\/v2\/pages\/1709","targetHints":{"allow":["GET"]}}],"collection":[{"href":"https:\/\/rocketplay-slot.com\/ga\/wp-json\/wp\/v2\/pages"}],"about":[{"href":"https:\/\/rocketplay-slot.com\/ga\/wp-json\/wp\/v2\/types\/page"}],"author":[{"embeddable":true,"href":"https:\/\/rocketplay-slot.com\/ga\/wp-json\/wp\/v2\/users\/1"}],"replies":[{"embeddable":true,"href":"https:\/\/rocketplay-slot.com\/ga\/wp-json\/wp\/v2\/comments?post=1709"}],"version-history":[{"count":4,"href":"https:\/\/rocketplay-slot.com\/ga\/wp-json\/wp\/v2\/pages\/1709\/revisions"}],"predecessor-version":[{"id":7899,"href":"https:\/\/rocketplay-slot.com\/ga\/wp-json\/wp\/v2\/pages\/1709\/revisions\/7899"}],"wp:attachment":[{"href":"https:\/\/rocketplay-slot.com\/ga\/wp-json\/wp\/v2\/media?parent=1709"}],"curies":[{"name":"wp","href":"https:\/\/api.w.org\/{rel}","templated":true}]}}