{"id":1798,"date":"2022-05-16T10:44:31","date_gmt":"2022-05-16T07:44:31","guid":{"rendered":"https:\/\/rocketplay-slot.com\/roulette\/"},"modified":"2022-11-01T12:08:08","modified_gmt":"2022-11-01T09:08:08","slug":"roulette","status":"publish","type":"page","link":"https:\/\/rocketplay-slot.com\/ga\/roulette\/","title":{"rendered":"Roulette"},"content":{"rendered":"<div id=\"wppb-builder-container\" class=\"wppb-builder-container\">                <div  class=\"wppb-row-parent  wppb-row-1651149714946 \"  >\n\t\t\t\t\t\n\t\t\t\t\t\t\t\t\t\t\n\t\t\t\t\t\t\t\t\t\t\n\t\t\t\t\t<div class=\"wppb-container \">\n\t\t\t\t\t\t\t\t\t\t\t\t\t\n                        <div class=\"wppb-row\">\n\t\t\t\t\t\t\t                                    <div  class=\"wppb-column-parent wppb-column-parent-view wppb-col-1651149714949  \"  >\n                                        <div class=\"wppb-column\">\n\t\t\t\t\t\n\t\t\t\t\t\t\t\t\t\t\t\n                                            <div class=\"wppb-builder-addons\">\n\t\t\t\t\t\t\t\t\t\t\t\t<div class='wppb-builder-addon wppb-addon-1651150162258'  data-addon-id='1651150162258'><div class='wppb-addon'><div class=\"wppb-headline-addon\"><div class=\"wppb-headline-content\"><h1 class=\"wppb-addon-title\">Roulette ag RocketPlay casino ar l\u00edne<\/h1><\/div><\/div><\/div><\/div><div class='wppb-builder-addon wppb-addon-1651150171497'  data-addon-id='1651150171497'><div class='wppb-addon'><div class=\"wppb-text-block-addon\"><div class=\"wppb-text-block-content 0\"><p>T\u00e1 Roulette<a href=\"https:\/\/rocketplay-slot.com\/ga\"> RocketPlay<\/a> ar l\u00edne ar f\u00e1il do<a href=\"https:\/\/rocketplay-slot.com\/ga\/mobile-version\/\"> shoghluaiste<\/a> agus do r\u00edomhaire gach cuairteoir cl\u00e1raithe ar airgead. Is \u00e9 sin, n\u00ed g\u00e1 d'\u00fas\u00e1ideoir\u00ed airgead breise a chaitheamh ar th\u00e1ill\u00ed comhsh\u00f3. M\u00e1s cuimhin leat a imirt ar an su\u00edomh oifigi\u00fail, b\u00edonn s\u00e9 soil\u00e9ir go leor c\u00e9n f\u00e1th a roghnaigh gamblers an acmhainn seo le haghaidh caitheamh aimsire agus bhuaigh.<\/p><\/div><\/div><\/div><\/div><div class='wppb-builder-addon wppb-addon-1651149715158'  data-addon-id='1651149715158'><div class='wppb-addon'><div class=\"wppb-addon wppb-button-addon\"><div class=\"wppb-button-addon-content\"><a  href=\"\/go-casino\/\" target=_blank class=\"wppb-btn-addons  wppb-btn-custom wppb-btn-round wppb-btn-large wppb-btn-no\">IMIR ANOIS<\/a><\/div><\/div><\/div><\/div>                                            <\/div>\n                                        <\/div>\n                                    <\/div>\n\t\t\t\t\t\t\t\t\t                                    <div  class=\"wppb-column-parent wppb-column-parent-view wppb-col-1651149714947  \"  >\n                                        <div class=\"wppb-column\">\n\t\t\t\t\t\n\t\t\t\t\t\t\t\t\t\t\t\n                                            <div class=\"wppb-builder-addons\">\n\t\t\t\t\t\t\t\t\t\t\t\t<div class='wppb-builder-addon wppb-addon-1707397462189'  data-addon-id='1707397462189'><div class='wppb-addon'><div class=\"wppb-image-addon\"><figure class=\"wppb-image-addon-content-wrap\"><div class=\"wppb-image-addon-content wppb-imginlineblock\"><img decoding=\"async\" class=\"wppb-image-addon-img\" src=\"https:\/\/rocketplay-slot.com\/wp-content\/uploads\/2024\/02\/roulette-at-rocketplay-online-casino.jpg\" alt=\"ROULETTE AG ROCKETPLAY CASINO AR L\u00cdNE\"><\/div><\/figure><\/div><\/div><\/div>                                            <\/div>\n                                        <\/div>\n                                    <\/div>\n\t\t\t\t\t\t\t\t\t                        <\/div>\n\n                    <\/div>\n                <\/div>\n\t\t\t\t                <div  class=\"wppb-row-parent  wppb-row-1651149715118 \"  >\n\t\t\t\t\t\n\t\t\t\t\t\t\t\t\t\t\n\t\t\t\t\t\t\t\t\t\t\n\t\t\t\t\t<div class=\"wppb-container \">\n\t\t\t\t\t\t\t\t\t\t\t\t\t\n                        <div class=\"wppb-row\">\n\t\t\t\t\t\t\t                                    <div  class=\"wppb-column-parent wppb-column-parent-view wppb-col-1651149715122  \"  >\n                                        <div class=\"wppb-column\">\n\t\t\t\t\t\n\t\t\t\t\t\t\t\t\t\t\t\n                                            <div class=\"wppb-builder-addons\">\n\t\t\t\t\t\t\t\t\t\t\t\t<div class='wppb-builder-addon wppb-addon-1707397462184'  data-addon-id='1707397462184'><div class='wppb-addon'><div class=\"wppb-image-addon\"><figure class=\"wppb-image-addon-content-wrap\"><div class=\"wppb-image-addon-content wppb-imginlineblock\"><img decoding=\"async\" class=\"wppb-image-addon-img\" src=\"https:\/\/rocketplay-slot.com\/wp-content\/uploads\/2024\/02\/roulette-at-rocketplay-online-casino-2.jpg\" alt=\"ROULETTE AG ROCKETPLAY CASINO AR L\u00cdNE 2\"><\/div><\/figure><\/div><\/div><\/div>                                            <\/div>\n                                        <\/div>\n                                    <\/div>\n\t\t\t\t\t\t\t\t\t                                    <div  class=\"wppb-column-parent wppb-column-parent-view wppb-col-1651149715119  \"  >\n                                        <div class=\"wppb-column\">\n\t\t\t\t\t\n\t\t\t\t\t\t\t\t\t\t\t\n                                            <div class=\"wppb-builder-addons\">\n\t\t\t\t\t\t\t\t\t\t\t\t<div class='wppb-builder-addon wppb-addon-1651149715120'  data-addon-id='1651149715120'><div class='wppb-addon'><div class=\"wppb-headline-addon\"><div class=\"wppb-headline-content\"><h2 class=\"wppb-addon-title\">Roulette: sliot\u00e1n suimi\u00fail agus spreag\u00fail<\/h2><\/div><\/div><\/div><\/div><div class='wppb-builder-addon wppb-addon-1651149715121'  data-addon-id='1651149715121'><div class='wppb-addon'><div class=\"wppb-text-block-addon\"><div class=\"wppb-text-block-content 0\"><p>F\u00e9achann gach gambler a imirt leis an \u00e9ifeachtacht uasta. M\u00e1s fearr le imreoir cine\u00e1l \u00e1irithe iarratais, n\u00ed chialla\u00edonn s\u00e9 gur fearr leis ach meais\u00edn\u00ed sliot\u00e1n clasaiceach amh\u00e1in. T\u00e1 ionada\u00edocht ag Roulette ar airgead f\u00edor sa chuid seo den tairseach roinnt cine\u00e1lacha (ar f\u00e1il thart ar 20 cine\u00e1lacha). Ar nd\u00f3igh, ba \u00e9 roulette na hEorpa an ceann is coitianta leis an mbunt\u00e1iste is \u00edsle d\u2019\u00fain\u00e9ir\u00ed club - 2.7%. Ar l\u00edne, is f\u00e9idir leat c\u00f3id b\u00f3nais a \u00fas\u00e1id \u00f3n riarach\u00e1n mar chuid de phrom\u00f3isin \u00e9ags\u00fala agus b\u00f3nais breise a fh\u00e1il don chluiche.<\/p><p>Chomh maith le roulette na hEorpa, t\u00e1 cine\u00e1lacha eile: Meirice\u00e1nach, Fraincis, etc. Le haghaidh tumoideachais ioml\u00e1n sa chearrbhachas, is f\u00e9idir leat imirt le d\u00e9ile\u00e1laithe beo, a thaitn\u00edonn go m\u00f3r le go leor \u00fas\u00e1ideoir\u00ed. In ainneoin nach bhfuil aon freespins in iarratais den s\u00f3rt sin, t\u00e1 bua tapa a fh\u00e1il f\u00f3s f\u00edor. D\u00e1la an sc\u00e9il, molann imreoir\u00ed a bhfuil taith\u00ed acu Roulette na Fraince a re\u00e1cht\u00e1il agus \"riail an phr\u00edos\u00fain\" a \u00fas\u00e1id go gn\u00edomhach. Laghda\u00edonn s\u00e9 an bunt\u00e1iste ceasa\u00edneo go 1.35%.<\/p><\/div><\/div><\/div><\/div>                                            <\/div>\n                                        <\/div>\n                                    <\/div>\n\t\t\t\t\t\t\t\t\t                        <\/div>\n\n                    <\/div>\n                <\/div>\n\t\t\t\t                <div  class=\"wppb-row-parent  wppb-row-1652183192609 \"  >\n\t\t\t\t\t\n\t\t\t\t\t\t\t\t\t\t\n\t\t\t\t\t\t\t\t\t\t\n\t\t\t\t\t<div class=\"wppb-container \">\n\t\t\t\t\t\t\t\t\t\t\t\t\t\n                        <div class=\"wppb-row\">\n\t\t\t\t\t\t\t                                    <div  class=\"wppb-column-parent wppb-column-parent-view wppb-col-1652183192610  \"  >\n                                        <div class=\"wppb-column\">\n\t\t\t\t\t\n\t\t\t\t\t\t\t\t\t\t\t\n                                            <div class=\"wppb-builder-addons\">\n\t\t\t\t\t\t\t\t\t\t\t\t<div class='wppb-builder-addon wppb-addon-1652183192623'  data-addon-id='1652183192623'><div class='wppb-addon'><div class=\"wppb-headline-addon\"><div class=\"wppb-headline-content\"><h2 class=\"wppb-addon-title\">Conas a bhuachan ag roulette<\/h2><\/div><\/div><\/div><\/div><div class='wppb-builder-addon wppb-addon-1652183192612'  data-addon-id='1652183192612'><div class='wppb-addon'><div class=\"wppb-text-block-addon\"><div class=\"wppb-text-block-content 0\"><p>Is \u00e9 an sprioc at\u00e1 ag aon chluiche cearrbhachais n\u00e1 a bhuachan le hinfheist\u00edocht \u00edosta. Tar \u00e9is tos\u00fa ag imirt Roulette RocketPlay ar airgead, t\u00e1 s\u00e9 mar aidhm ag gach gamer an buck a bhriseadh. Ag baint \u00fas\u00e1ide as strait\u00e9is\u00ed \u00e9ags\u00fala, is f\u00e9idir le gach duine dea-\u00e1dh a bhaint amach. Ach n\u00e1 d\u00e9an dearmad go mbraitheann cearrbhachas ar luck agus an cumas chun stop a chur in am, agus mar sin d'fh\u00e9adfadh toradh an bhabhta a bheith difri\u00fail. Ba ch\u00f3ir go mbeadh geallta r\u00e9as\u00fanta agus n\u00ed th\u00e9ann siad uile-isteach, mura bhfuil \u00fadar maith leo.<\/p><p>Meastar gurb \u00e9 Martingale an strait\u00e9is is simpl\u00ed agus is coitianta. N\u00ed m\u00f3r d\u2019imreoir\u00ed geall a dh\u00e9anamh ar chomhr\u00e9ireachta\u00ed (n\u00edos m\u00f3\/n\u00edos l\u00fa, dearg\/dubh, cothrom\/corr\u00fail). De r\u00e9ir theoiric na d\u00f3ch\u00falachta, n\u00ed f\u00e9idir leis an liathr\u00f3id titim an t-am ar fad i gcealla \u00e1irithe, mar sin is g\u00e1 an t-am ar fad a chur ar rogha amh\u00e1in. Is g\u00e1 t\u00fas a chur leis an geall \u00edosta. I gc\u00e1s teipe, sa ch\u00e9ad bhabhta eile, d\u00e9antar l\u00edon na sliseanna a dh\u00fabailt. Mar sin d\u00e9an go dt\u00ed go mbuafaidh t\u00fa.<\/p><p>I bprionsabal, d'fh\u00e9adfadh an c\u00f3ras seo a bheith ina bua-bua go hioml\u00e1n mura mbeadh s\u00e9 ar cheann nuance beag. In aon Casino (agus i RocketPlay, freisin) t\u00e1 teorainneacha ar geallta. Mar sin f\u00e9in, t\u00e1 an d\u00f3ch\u00falacht a bhuaigh an-ard, mar an toradh c\u00e9anna bhabhta n\u00edos m\u00f3 n\u00e1 3-5 huaire i ndiaidh a ch\u00e9ile an-annamh.<\/p><\/div><\/div><\/div><\/div>                                            <\/div>\n                                        <\/div>\n                                    <\/div>\n\t\t\t\t\t\t\t\t\t                                    <div  class=\"wppb-column-parent wppb-column-parent-view wppb-col-1652183192613  \"  >\n                                        <div class=\"wppb-column\">\n\t\t\t\t\t\n\t\t\t\t\t\t\t\t\t\t\t\n                                            <div class=\"wppb-builder-addons\">\n\t\t\t\t\t\t\t\t\t\t\t\t<div class='wppb-builder-addon wppb-addon-1707397462179'  data-addon-id='1707397462179'><div class='wppb-addon'><div class=\"wppb-image-addon\"><figure class=\"wppb-image-addon-content-wrap\"><div class=\"wppb-image-addon-content wppb-imginlineblock\"><img decoding=\"async\" class=\"wppb-image-addon-img\" src=\"https:\/\/rocketplay-slot.com\/wp-content\/uploads\/2024\/02\/roulette-at-rocketplay-online-casino-3.jpg\" alt=\"ROULETTE AG ROCKETPLAY CASINO AR L\u00cdNE 3\"><\/div><\/figure><\/div><\/div><\/div>                                            <\/div>\n                                        <\/div>\n                                    <\/div>\n\t\t\t\t\t\t\t\t\t                        <\/div>\n\n                    <\/div>\n                <\/div>\n\t\t\t\t                <div  class=\"wppb-row-parent  wppb-row-1652183192667 \"  >\n\t\t\t\t\t\n\t\t\t\t\t\t\t\t\t\t\n\t\t\t\t\t\t\t\t\t\t\n\t\t\t\t\t<div class=\"wppb-container \">\n\t\t\t\t\t\t\t\t\t\t\t\t\t\n                        <div class=\"wppb-row\">\n\t\t\t\t\t\t\t                                    <div  class=\"wppb-column-parent wppb-column-parent-view wppb-col-1652183192668  \"  >\n                                        <div class=\"wppb-column\">\n\t\t\t\t\t\n\t\t\t\t\t\t\t\t\t\t\t\n                                            <div class=\"wppb-builder-addons\">\n\t\t\t\t\t\t\t\t\t\t\t\t<div class='wppb-builder-addon wppb-addon-1652183192669'  data-addon-id='1652183192669'><div class='wppb-addon'><div class=\"wppb-headline-addon\"><div class=\"wppb-headline-content\"><h2 class=\"wppb-addon-title\">Seinn roulette saor in aisce<\/h2><\/div><\/div><\/div><\/div><div class='wppb-builder-addon wppb-addon-1652183192670'  data-addon-id='1652183192670'><div class='wppb-addon'><div class=\"wppb-text-block-addon\"><div class=\"wppb-text-block-content 0\"><p>Sa chlub, d\u00e9antar gach cine\u00e1l roulette clasaiceach a thairiscint i dh\u00e1 athr\u00fa: \u00edoctha agus saor in aisce. T\u00e1 bunt\u00e1iste amh\u00e1in ag an gcluiche taispe\u00e1na: t\u00e1 s\u00e9 ar f\u00e1il do na himreoir\u00ed sin nach bhfuil cl\u00e1raithe sa halla cearrbhachais. Is f\u00e9idir leat dul d\u00edreach chuig l\u00e1ithre\u00e1n gr\u00e9as\u00e1in an cheasa\u00edneo agus tos\u00fa ag imirt gan taisce agus gan chl\u00e1r\u00fa.<\/p><p>T\u00e1 feidhmi\u00falacht an leagan saor in aisce difri\u00fail \u00f3n leagan \u00edoctha den phr\u00edomhphointe: n\u00edl aon bhealach ann f\u00edor-airgead a bhuachan. Seachas sin, n\u00ed leagan \u00edoctha n\u00edos l\u00fa n\u00e1 na meais\u00edn\u00ed sliot\u00e1n seo RocketPlay. I taispe\u00e1na-aithriseoir is f\u00e9idir leat geall, t\u00e1 an gameplay ag forbairt ar an mbealach caighde\u00e1nach. Is \u00e9 seo an rogha iontach do thosaitheoir\u00ed gamblers at\u00e1 ag iarraidh a thuiscint na rialacha, gan a theipeann, a dh\u00e9anamh geallta ar airgead.<\/p><p>Fi\u00fa go leor imreoir\u00ed a bhfuil taith\u00ed acu go minic a imirt ar an rogha gan \u00edoc. T\u00e1 s\u00e9 sa chluiche taispe\u00e1na gur f\u00e9idir leat a sheice\u00e1il i gc\u00f3na\u00ed an bhfuil ceann de na sc\u00e9imeanna t\u00f3ir ag obair n\u00f3 ag teacht suas le do algartam buaiteach f\u00e9in. M\u00e1s mian leat ach am a chaitheamh sa Casino agus do chuid airgid a sh\u00e1bh\u00e1il, ansin imirt Roulette RocketPlay saor in aisce. Ag breithi\u00fanas \u00f3 athbhreithnithe na n-imreoir\u00ed, tugann an cluiche taispe\u00e1na sa chlub an s\u00e1samh c\u00e9anna leis an leagan \u00edoctha.<\/p><\/div><\/div><\/div><\/div>                                            <\/div>\n                                        <\/div>\n                                    <\/div>\n\t\t\t\t\t\t\t\t\t                                    <div  class=\"wppb-column-parent wppb-column-parent-view wppb-col-1652183192671  \"  >\n                                        <div class=\"wppb-column\">\n\t\t\t\t\t\n\t\t\t\t\t\t\t\t\t\t\t\n                                            <div class=\"wppb-builder-addons\">\n\t\t\t\t\t\t\t\t\t\t\t\t<div class='wppb-builder-addon wppb-addon-1707397462174'  data-addon-id='1707397462174'><div class='wppb-addon'><div class=\"wppb-image-addon\"><figure class=\"wppb-image-addon-content-wrap\"><div class=\"wppb-image-addon-content wppb-imginlineblock\"><img decoding=\"async\" class=\"wppb-image-addon-img\" src=\"https:\/\/rocketplay-slot.com\/wp-content\/uploads\/2024\/02\/roulette-at-rocketplay-online-casino-4.jpg\" alt=\"ROULETTE AG ROCKETPLAY CASINO AR L\u00cdNE 4\"><\/div><\/figure><\/div><\/div><\/div>                                            <\/div>\n                                        <\/div>\n                                    <\/div>\n\t\t\t\t\t\t\t\t\t                        <\/div>\n\n                    <\/div>\n                <\/div>\n\t\t\t\t                <div  class=\"wppb-row-parent  wppb-row-1651158175344 \"  >\n\t\t\t\t\t\n\t\t\t\t\t\t\t\t\t\t\n\t\t\t\t\t\t\t\t\t\t\n\t\t\t\t\t<div class=\"wppb-container \">\n\t\t\t\t\t\t\t\t\t\t\t\t\t\n                        <div class=\"wppb-row\">\n\t\t\t\t\t\t\t                                    <div  class=\"wppb-column-parent wppb-column-parent-view wppb-col-1651158175345  \"  >\n                                        <div class=\"wppb-column\">\n\t\t\t\t\t\n\t\t\t\t\t\t\t\t\t\t\t\n                                            <div class=\"wppb-builder-addons\">\n\t\t\t\t\t\t\t\t\t\t\t\t<div class='wppb-builder-addon wppb-addon-1707397462169'  data-addon-id='1707397462169'><div class='wppb-addon'><div class=\"wppb-image-addon\"><figure class=\"wppb-image-addon-content-wrap\"><div class=\"wppb-image-addon-content wppb-imginlineblock\"><img decoding=\"async\" class=\"wppb-image-addon-img\" src=\"https:\/\/rocketplay-slot.com\/wp-content\/uploads\/2024\/02\/roulette-at-rocketplay-online-casino-5.jpg\" alt=\"ROULETTE AG ROCKETPLAY CASINO AR L\u00cdNE 5\"><\/div><\/figure><\/div><\/div><\/div>                                            <\/div>\n                                        <\/div>\n                                    <\/div>\n\t\t\t\t\t\t\t\t\t                                    <div  class=\"wppb-column-parent wppb-column-parent-view wppb-col-1651158175347  \"  >\n                                        <div class=\"wppb-column\">\n\t\t\t\t\t\n\t\t\t\t\t\t\t\t\t\t\t\n                                            <div class=\"wppb-builder-addons\">\n\t\t\t\t\t\t\t\t\t\t\t\t<div class='wppb-builder-addon wppb-addon-1651158175348'  data-addon-id='1651158175348'><div class='wppb-addon'><div class=\"wppb-headline-addon\"><div class=\"wppb-headline-content\"><h2 class=\"wppb-addon-title\">Conas a imirt ar airgead<\/h2><\/div><\/div><\/div><\/div><div class='wppb-builder-addon wppb-addon-1651158175349'  data-addon-id='1651158175349'><div class='wppb-addon'><div class=\"wppb-text-block-addon\"><div class=\"wppb-text-block-content 0\"><p>Is fearr le rialta ag an seomra cluich\u00edochta a imirt Roulette RocketPlay f\u00edor-airgead. M\u00e1 shocra\u00edonn t\u00fa do chuid airgid a chur i mbaol, beidh ort r\u00e9amhchl\u00e1r\u00fa.<\/p><p>T\u00e1 roinnt c\u00e9imeanna sa n\u00f3s imeachta cl\u00e1r\u00fach\u00e1in. Gc\u00e9ad dul s\u00edos, n\u00ed m\u00f3r duit log\u00e1il isteach ar an su\u00edomh gr\u00e9as\u00e1in Casino, clice\u00e1il ar an gcnaipe \"cl\u00e1r\", agus ansin - a chur ar f\u00e1il sa roghchl\u00e1r oscailt, do sheoladh r-phoist agus do phasfhocal, a bheidh t\u00fa ag \u00fas\u00e1id n\u00edos d\u00e9ana\u00ed chun rochtain a fh\u00e1il ar an su\u00edomh.<\/p><p>Tar \u00e9is sin, beidh ort an bosca poist a dhearbh\u00fa. D\u00e9antar athshol\u00e1thar cuntais san oifig phearsanta. Chun \u00e9 a chur isteach, bain \u00fas\u00e1id as na sonra\u00ed a cuireadh ar f\u00e1il le linn cl\u00e1r\u00fach\u00e1in. Chun geall a dh\u00e9anamh, beidh s\u00e9 go leor \u00e9arlais a dh\u00e9anamh fi\u00fa ar mh\u00e9id beag.<\/p><p>T\u00e1 roinnt beala\u00ed ann chun do chuntas a thaisceadh: tr\u00ed ch\u00e1rta n\u00f3 tr\u00ed r-spar\u00e1n. Sa d\u00e1 ch\u00e1s, tagann an t-airgead go dt\u00ed an taisce go tapa, n\u00ed g\u00e1 duit fanacht. Sa todhcha\u00ed, d\u00e9antar na buaiteanna a tharraingt siar ar an gcuntas c\u00e9anna as a thaisc t\u00fa ar dt\u00fas.<\/p><p>Roghnaigh c\u00e9n leagan den chluiche is fearr a oireann duit - \u00edoctha n\u00f3 saor in aisce. T\u00e1 \u00e9ags\u00falachta\u00ed \u00e9ags\u00fala den chluiche barr Roulette RocketPlay Astr\u00e1il ar shu\u00edomh Gr\u00e9as\u00e1in an chlub.<\/p><\/div><\/div><\/div><\/div>                                            <\/div>\n                                        <\/div>\n                                    <\/div>\n\t\t\t\t\t\t\t\t\t                        <\/div>\n\n                    <\/div>\n                <\/div>\n\t\t\t\t                <div  class=\"wppb-row-parent  wppb-row-1652456671409 \"  >\n\t\t\t\t\t\n\t\t\t\t\t\t\t\t\t\t\n\t\t\t\t\t\t\t\t\t\t\n\t\t\t\t\t<div class=\"wppb-container \">\n\t\t\t\t\t\t\t\t\t\t\t\t\t\n                        <div class=\"wppb-row\">\n\t\t\t\t\t\t\t                                    <div  class=\"wppb-column-parent wppb-column-parent-view wppb-col-1652456671410  \"  >\n                                        <div class=\"wppb-column\">\n\t\t\t\t\t\n\t\t\t\t\t\t\t\t\t\t\t\n                                            <div class=\"wppb-builder-addons\">\n\t\t\t\t\t\t\t\t\t\t\t\t<div class='wppb-builder-addon wppb-addon-1652456671411'  data-addon-id='1652456671411'><div class='wppb-addon'><div class=\"wppb-headline-addon\"><div class=\"wppb-headline-content\"><h2 class=\"wppb-addon-title\">C\u00e9n f\u00e1th a roghn\u00fa RocketPlay casino ar l\u00edne<\/h2><\/div><\/div><\/div><\/div><div class='wppb-builder-addon wppb-addon-1652456671412'  data-addon-id='1652456671412'><div class='wppb-addon'><div class=\"wppb-text-block-addon\"><div class=\"wppb-text-block-content 0\"><p>Is f\u00e9idir le cuairteoir\u00ed roulette a imirt ar l\u00edne n\u00ed hamh\u00e1in sa Casino, ach freisin i meais\u00edn\u00ed sliot\u00e1n eile RocketPlay. Beidh raon na app Roulette RocketPlay delight gach lucht lean\u00fana am a chaitheamh le excitement. Is l\u00e9ir na bunt\u00e1ist\u00ed a bhaineann leis an tairseach:<\/p><ul><li>Oibr\u00edonn an club faoi chead\u00fanas oifigi\u00fail.<\/li><li>Ceada\u00edonn \u00e9ags\u00falacht meais\u00edn\u00ed sliot\u00e1n d'aon \u00fas\u00e1ideoir rogha tapa a dh\u00e9anamh.<\/li><li>Is f\u00e9idir leat imirt ar an su\u00edomh saor in aisce gan chl\u00e1r\u00fa n\u00f3 ar airgead f\u00edor.<\/li><li>T\u00e1 toradh ioml\u00e1n na meais\u00edn\u00ed (RTP) ag leibh\u00e9al ard.<\/li><li>Tugann an riarach\u00e1n amach go fial b\u00f3nais agus tairgeann s\u00e9 p\u00e1irt a ghlacadh i gcl\u00e1r d\u00edlseachta bunt\u00e1isteach.<\/li><li>Ligeann <a href=\"https:\/\/rocketplay-slot.com\/ga\/live-roulette\/\">roulette beo<\/a> agus cluich\u00ed eile, a re\u00e1cht\u00e1iltear i sti\u00faideo speisialta, go mbraitheann t\u00fa mar chuairteoir ar fh\u00edorcheasa\u00edneo.<\/li><li>Cuid\u00edonn com\u00f3rtais agus prom\u00f3isin a bh\u00edonn ar si\u00fal ag an riarach\u00e1n chun an gameplay a \u00e9ags\u00fal\u00fa.<\/li><li>T\u00e1 pr\u00edobh\u00e1ideacht r\u00e1thaithe ag an tseirbh\u00eds sl\u00e1nd\u00e1la.<\/li><li>D\u00e9antar \u00e9arlais a athlucht\u00fa agus buaiteanna a tharraingt siar ar bheala\u00ed \u00e1isi\u00fala \u00e9ags\u00fala (t\u00e1 gach idirbheart cosanta ag cripti\u00fa 128-giot\u00e1n).<\/li><\/ul><p>N\u00ed h\u00e9 seo go l\u00e9ir na bunt\u00e1ist\u00ed a bhaineann le ceasa\u00edneonna ar l\u00edne RocketPlay, ach crutha\u00edonn an liosta seo go bhfuil s\u00e9 f\u00edor am a chaitheamh le spraoi agus s\u00e1bh\u00e1ilte.<\/p><\/div><\/div><\/div><\/div>                                            <\/div>\n                                        <\/div>\n                                    <\/div>\n\t\t\t\t\t\t\t\t\t                                    <div  class=\"wppb-column-parent wppb-column-parent-view wppb-col-1652456671413  \"  >\n                                        <div class=\"wppb-column\">\n\t\t\t\t\t\n\t\t\t\t\t\t\t\t\t\t\t\n                                            <div class=\"wppb-builder-addons\">\n\t\t\t\t\t\t\t\t\t\t\t\t<div class='wppb-builder-addon wppb-addon-1707397462164'  data-addon-id='1707397462164'><div class='wppb-addon'><div class=\"wppb-image-addon\"><figure class=\"wppb-image-addon-content-wrap\"><div class=\"wppb-image-addon-content wppb-imginlineblock\"><img decoding=\"async\" class=\"wppb-image-addon-img\" src=\"https:\/\/rocketplay-slot.com\/wp-content\/uploads\/2024\/02\/roulette-at-rocketplay-online-casino-6.jpg\" alt=\"ROULETTE AG ROCKETPLAY CASINO AR L\u00cdNE 6\"><\/div><\/figure><\/div><\/div><\/div>                                            <\/div>\n                                        <\/div>\n                                    <\/div>\n\t\t\t\t\t\t\t\t\t                        <\/div>\n\n                    <\/div>\n                <\/div>\n\t\t\t\t<\/div>","protected":false},"excerpt":{"rendered":"<p>Roulette ag RocketPlay casino ar l\u00edneT\u00e1 Roulette RocketPlay ar l\u00edne ar f\u00e1il do shoghluaiste agus do r\u00edomhaire gach cuairteoir cl\u00e1raithe ar airgead. Is \u00e9 sin, n\u00ed g\u00e1 d&#8217;\u00fas\u00e1ideoir\u00ed airgead breise a chaitheamh ar th\u00e1ill\u00ed comhsh\u00f3. M\u00e1s cuimhin leat a imirt ar an su\u00edomh oifigi\u00fail, b\u00edonn s\u00e9 soil\u00e9ir go leor c\u00e9n f\u00e1th a roghnaigh gamblers an&#8230;<\/p>\n","protected":false},"author":1,"featured_media":0,"parent":0,"menu_order":0,"comment_status":"closed","ping_status":"closed","template":"wppb_theme_template","meta":{"_acf_changed":false,"_kad_post_transparent":"default","_kad_post_title":"default","_kad_post_layout":"default","_kad_post_sidebar_id":"","_kad_post_content_style":"default","_kad_post_vertical_padding":"default","_kad_post_feature":"","_kad_post_feature_position":"","_kad_post_header":false,"_kad_post_footer":false,"footnotes":""},"class_list":["post-1798","page","type-page","status-publish","hentry"],"acf":[],"rttpg_featured_image_url":null,"rttpg_author":{"display_name":"Elvis","author_link":"https:\/\/rocketplay-slot.com\/ga\/author\/pemvas95n89x\/"},"rttpg_comment":0,"rttpg_category":null,"rttpg_excerpt":"Roulette ag RocketPlay casino ar l\u00edneT\u00e1 Roulette RocketPlay ar l\u00edne ar f\u00e1il do shoghluaiste agus do r\u00edomhaire gach cuairteoir cl\u00e1raithe ar airgead. Is \u00e9 sin, n\u00ed g\u00e1 d'\u00fas\u00e1ideoir\u00ed airgead breise a chaitheamh ar th\u00e1ill\u00ed comhsh\u00f3. M\u00e1s cuimhin leat a imirt ar an su\u00edomh oifigi\u00fail, b\u00edonn s\u00e9 soil\u00e9ir go leor c\u00e9n f\u00e1th a roghnaigh gamblers an...","_links":{"self":[{"href":"https:\/\/rocketplay-slot.com\/ga\/wp-json\/wp\/v2\/pages\/1798","targetHints":{"allow":["GET"]}}],"collection":[{"href":"https:\/\/rocketplay-slot.com\/ga\/wp-json\/wp\/v2\/pages"}],"about":[{"href":"https:\/\/rocketplay-slot.com\/ga\/wp-json\/wp\/v2\/types\/page"}],"author":[{"embeddable":true,"href":"https:\/\/rocketplay-slot.com\/ga\/wp-json\/wp\/v2\/users\/1"}],"replies":[{"embeddable":true,"href":"https:\/\/rocketplay-slot.com\/ga\/wp-json\/wp\/v2\/comments?post=1798"}],"version-history":[{"count":1,"href":"https:\/\/rocketplay-slot.com\/ga\/wp-json\/wp\/v2\/pages\/1798\/revisions"}],"predecessor-version":[{"id":1802,"href":"https:\/\/rocketplay-slot.com\/ga\/wp-json\/wp\/v2\/pages\/1798\/revisions\/1802"}],"wp:attachment":[{"href":"https:\/\/rocketplay-slot.com\/ga\/wp-json\/wp\/v2\/media?parent=1798"}],"curies":[{"name":"wp","href":"https:\/\/api.w.org\/{rel}","templated":true}]}}