{"id":2486,"date":"2023-01-10T12:41:48","date_gmt":"2023-01-10T09:41:48","guid":{"rendered":"https:\/\/rocketplay-slot.com\/live-casino\/real-money\/"},"modified":"2024-02-08T16:52:14","modified_gmt":"2024-02-08T13:52:14","slug":"live-dealer","status":"publish","type":"page","link":"https:\/\/rocketplay-slot.com\/ga\/live-dealer\/","title":{"rendered":"Cad is D\u00e9ile\u00e1la\u00ed Beo ann?"},"content":{"rendered":"<p>I measc na gceasa\u00edneonna, t\u00e1 t\u00f3ir ag \u00fas\u00e1ideoir\u00ed ar Casino Live Dealer. Ach n\u00ed thuigeann go leor daoine cad at\u00e1 ann, c\u00e9n f\u00e1th a bhfuil t\u00f3ir air agus conas cluich\u00ed a imirt leis an Beo Dealer. Sin an f\u00e1th go gcabhr\u00f3imid leat \u00e9 a dh\u00e9anamh amach, tuiscint a fh\u00e1il ar conas a oibr\u00edonn s\u00e9 agus c\u00e9n f\u00e1th ar ch\u00f3ir duit imirt le Casino Live Dealer. An bhf\u00e9adf\u00e1 l\u00e9amh faoi san alt th\u00edos.<\/p>\n<p><img loading=\"lazy\" decoding=\"async\" class=\"aligncenter wp-image-4076\" src=\"https:\/\/rocketplay-slot.com\/wp-content\/uploads\/2024\/02\/hands-unknown-man-holding-two-aces-against-roulette-excited-guy-women-rejoicing-their-win-while-standing-playing-table-colorful-background-stacks-chips-poker-casino-close-up.jpg\" alt=\"Cad is D\u00e9ile\u00e1la\u00ed Beo ann?\" width=\"800\" height=\"379\" srcset=\"https:\/\/rocketplay-slot.com\/wp-content\/uploads\/2024\/02\/hands-unknown-man-holding-two-aces-against-roulette-excited-guy-women-rejoicing-their-win-while-standing-playing-table-colorful-background-stacks-chips-poker-casino-close-up.jpg 1000w, https:\/\/rocketplay-slot.com\/wp-content\/uploads\/2024\/02\/hands-unknown-man-holding-two-aces-against-roulette-excited-guy-women-rejoicing-their-win-while-standing-playing-table-colorful-background-stacks-chips-poker-casino-close-up-300x142.jpg 300w, https:\/\/rocketplay-slot.com\/wp-content\/uploads\/2024\/02\/hands-unknown-man-holding-two-aces-against-roulette-excited-guy-women-rejoicing-their-win-while-standing-playing-table-colorful-background-stacks-chips-poker-casino-close-up-768x364.jpg 768w\" sizes=\"auto, (max-width: 800px) 100vw, 800px\" \/><\/p>\n<h2>MAIDIR LE MAIDIR LE D\u00e9ile\u00e1la\u00ed BEO<\/h2>\n<p>N\u00edos m\u00f3 agus n\u00edos minice, t\u00e1 \u00fas\u00e1ideoir\u00ed ceasa\u00edneo ar l\u00edne ag roghn\u00fa cluich\u00ed Beo Dealer. Shocraigh muid a dh\u00e9anamh amach cad iad na bunt\u00e1ist\u00ed agus na m\u00edbhunt\u00e1ist\u00ed is m\u00f3. D\u00e9anaimis d\u00e9ile\u00e1il leis na m\u00edbhunt\u00e1ist\u00ed a thug \u00fas\u00e1ideoir\u00ed faoi deara:<\/p>\n<ul>\n<li>raon teoranta cluich\u00ed &#8211; n\u00ed f\u00e9idir le gach cluich\u00ed d\u00e9ile\u00e1la\u00ed a chur leis. Mar shampla, n\u00edl aon d\u00e9ile\u00e1la\u00ed i sliot\u00e1n, ach i poker l\u00e1 at\u00e1 inniu ann, t\u00e1 d\u00e9ile\u00e1la\u00ed beagnach i ngach \u00e1it;<\/li>\n<li>earr\u00e1id\u00ed teicni\u00fala possiby &#8211; b&#8217;fh\u00e9idir go bhfuil s\u00e9 agat go bhfuil s\u00e9 ag imirt poker, nuair a bh\u00edonn t\u00fa beagnach a bhuaigh, go tobann a fheiceann t\u00fa sc\u00e1ile\u00e1n dubh i os comhair t\u00fa, agus t\u00e1 t\u00fa iallach a scor an cluiche. Go minic is \u00e9 an phr\u00edomhch\u00fais leis an teip seo n\u00e1 nasc idirl\u00edn lousy an \u00fas\u00e1ideora, ach f\u00f3s, n\u00edl s\u00e9 an-taitneamhach;<\/li>\n<li>d\u00e9anann s\u00e9 an cluiche n\u00edos faide agus n\u00edos casta &#8211; caithfidh t\u00fa fanacht i gc\u00f3na\u00ed ar an d\u00e9ile\u00e1la\u00ed a r\u00e1 lena ghuth go bhfuil s\u00e9 in am geallta nuair gan \u00e9, t\u00e1 cnaip\u00ed comh\u00e9adan os do chomhair i gc\u00f3na\u00ed.<\/li>\n<\/ul>\n<p>Ach n\u00ed cos\u00fail go bhfuil na heasnaimh seo tromch\u00faiseach n\u00f3 rud \u00e9igin nach f\u00e9idir a chur suas, ach t\u00e1 na bunt\u00e1ist\u00ed anseo i bhfad n\u00edos suimi\u00fala:<\/p>\n<ul>\n<li>an mhuin\u00edn go gcaitear leat go hionraic &#8211; feiceann t\u00fa i gc\u00f3na\u00ed cad iad na c\u00e1rta\u00ed a tharraing\u00edonn an d\u00e9ile\u00e1la\u00ed amach, feiceann t\u00fa i gc\u00f3na\u00ed nach bhfuil t\u00fa \u00e1 mealladh, is fi\u00fa go leor \u00e9 sin;<\/li>\n<li>am unforgettable &#8211; n\u00ed comhr\u00e1 beo, idirghn\u00edomh\u00fa beo \u00e9 gach seisi\u00fan le Casino ar l\u00edne Live Dealer. T\u00e1 s\u00e9 taitneamhach i gc\u00f3na\u00ed;<\/li>\n<li>\u00e1isi\u00falacht &#8211; rud at\u00e1 an-deacair a dhi\u00falt\u00fa n\u00e1 go bhfuil s\u00e9 thar a bheith \u00e1isi\u00fail imirt le d\u00e9ile\u00e1la\u00ed. Tugann s\u00e9 go hioml\u00e1n t\u00fa isteach san atmaisf\u00e9ar Casino. N\u00ed chaithfidh t\u00fa an teach a fh\u00e1g\u00e1il a thuilleadh chun dul chuig an gceasa\u00edneo n\u00f3 seasamh i dtranglam tr\u00e1chta.<\/li>\n<\/ul>\n<p>Ag achoimre ar na bunt\u00e1ist\u00ed agus na m\u00edbhunt\u00e1ist\u00ed a bhaineann le bheith ag imirt leis an d\u00e9ile\u00e1la\u00ed, t\u00e1 bunt\u00e1ist\u00ed n\u00edos suntasa\u00ed f\u00f3s ag an gcluiche leis an d\u00e9ile\u00e1la\u00ed.<\/p>\n<h2>CINE\u00c1LACHA CLUICH\u00cd AG D\u00cdOL\u00d3IR BEO<\/h2>\n<p>Is minic a bh\u00edonn cluich\u00ed le d\u00e9ile\u00e1la\u00ed cos\u00fail lena gcomhghleacaithe i gceasa\u00edneonna ar talamh, ach is f\u00e9idir iad a roinnt ina gcine\u00e1lacha den chuid is m\u00f3:<\/p>\n<ul>\n<li>T\u00e1 poker ar cheann de na cine\u00e1lacha siamsa\u00edochta is coitianta in aon cheasa\u00edneonna, agus mar sin t\u00e1 a mhalairt le d\u00e9ile\u00e1la\u00ed coitianta freisin;<\/li>\n<li>Is cluiche c\u00e1rta\u00ed iontach suimi\u00fail \u00e9 Blackjack a d&#8217;imir gach duine. I gcluiche le d\u00e9ile\u00e1la\u00ed, cuireann s\u00e9 n\u00edos m\u00f3 sp\u00e9ise agus atmaisf\u00e9ar cearrbhachais;<\/li>\n<li>Is cluiche Casino clasaiceach \u00e9 Roulette at\u00e1 na c\u00e9adta bliain d&#8217;aois. T\u00e1 a fhios ag gach duine conas a oibr\u00edonn s\u00e9 i gceasa\u00edneonna tal\u00fan, ach is f\u00e9idir leat triail a bhaint as ar l\u00edne le d\u00e9ile\u00e1la\u00ed freisin.<\/li>\n<\/ul>\n<p>Is f\u00e9idir leat na tr\u00ed phr\u00edomhchluiche ceasa\u00edneo ar l\u00edne seo a fh\u00e1il sa Casino Beo Dealer is fearr.<\/p>\n<h2>SOL\u00c1THRAITHE BOGEARRA\u00cd<\/h2>\n<p>Ceann de na pr\u00edomhr\u00e9ims\u00ed forbartha a thabharfaidh gach forbr\u00f3ir bogearra\u00ed le blianta beaga anuas ort gan amhras n\u00e1 forbairt ceasa\u00edneonna beo le d\u00e9ile\u00e1laithe. Agus n\u00ed h\u00e9 seo amh\u00e1in toisc go bhfuil \u00e9ileamh ollmh\u00f3r air i measc \u00fas\u00e1ideoir\u00ed. T\u00e1 s\u00e9 suimi\u00fail ar fad. Agus t\u00e1 an t-\u00e9ileamh ar an gcine\u00e1l seo cluiche ag m\u00e9ad\u00fa gach l\u00e1 mar go bhfuil Idirl\u00edon maith ag \u00e9ir\u00ed n\u00edos inrochtana. T\u00e1 faisn\u00e9is shaorga ag forbairt n\u00edos m\u00f3 agus n\u00edos m\u00f3, agus mar sin t\u00e1 cluich\u00ed nua le D\u00e9ile\u00e1laithe Beo buailte cheana f\u00e9in ar a gcuma, ar a luas agus ar atmaisf\u00e9ar a bhfuil ag tarl\u00fa.<\/p>\n<h2>B\u00d3NAS AGUS CUR CHUN CINN<\/h2>\n<p>Chuir casinos b\u00f3nais ar f\u00e1il i gc\u00f3na\u00ed a chuid\u00edonn lena n-\u00fas\u00e1ideoir\u00ed n\u00edos m\u00f3 a thuilleamh. Is f\u00e9idir leat do chuid airgid a chaitheamh ar bhealach n\u00edos brab\u00fasa\u00ed, agus faigheann an Casino \u00fas\u00e1ideoir\u00ed nua agus \u00edoca\u00edochta\u00ed suntasacha. Bain leas as an mb\u00f3nas ceasa\u00edneo Live Dealer le do thoil mar ligfidh s\u00e9 duit n\u00edos m\u00f3 a thuilleamh.<\/p>\n<p><img loading=\"lazy\" decoding=\"async\" class=\"aligncenter wp-image-4067\" src=\"https:\/\/rocketplay-slot.com\/wp-content\/uploads\/2024\/02\/man-is-playing-poker-emotional-fail-game-game-card-player-man-very-angry-with-foolish-choices-losing-all-chips-bank-concept-victory-loosing.jpg\" alt=\"Cad is D\u00e9ile\u00e1la\u00ed Beo ann? 2\" width=\"800\" height=\"534\" srcset=\"https:\/\/rocketplay-slot.com\/wp-content\/uploads\/2024\/02\/man-is-playing-poker-emotional-fail-game-game-card-player-man-very-angry-with-foolish-choices-losing-all-chips-bank-concept-victory-loosing.jpg 1000w, https:\/\/rocketplay-slot.com\/wp-content\/uploads\/2024\/02\/man-is-playing-poker-emotional-fail-game-game-card-player-man-very-angry-with-foolish-choices-losing-all-chips-bank-concept-victory-loosing-300x200.jpg 300w, https:\/\/rocketplay-slot.com\/wp-content\/uploads\/2024\/02\/man-is-playing-poker-emotional-fail-game-game-card-player-man-very-angry-with-foolish-choices-losing-all-chips-bank-concept-victory-loosing-768x512.jpg 768w\" sizes=\"auto, (max-width: 800px) 100vw, 800px\" \/><\/p>\n<h2>\u00cdOCA\u00cdOCHT AGUS TARRAINGT SIAR<\/h2>\n<p>Is f\u00e9idir leat d\u2019iarmh\u00e9id a thaisceadh ag an gceasa\u00edneo ar l\u00edne ar mhodhanna \u00e9ags\u00fala at\u00e1 \u00e1isi\u00fail do do chuid. F\u00e9adfaidh s\u00e9 a bheith ina gc\u00f3rais \u00edoca\u00edochta bainc mar Visa, MasterCard, agus American Express, c\u00f3rais \u00edoca\u00edochta ar l\u00edne cos\u00fail le PayPal, n\u00f3 do spar\u00e1n cryptocurrency.<\/p>\n<p>Ar an drochuair, t\u00e1 n\u00edos l\u00fa modhanna ann chun do chist\u00ed a tharraingt siar, ach t\u00e1 go leor ann f\u00f3s. Is f\u00e9idir leat d\u2019iarmh\u00e9id a tharraingt siar go f\u00f3ill chuig do spar\u00e1n cryptocurrency n\u00f3 PayPal a \u00fas\u00e1id.<\/p>\n","protected":false},"excerpt":{"rendered":"<p>I measc na gceasa\u00edneonna, t\u00e1 t\u00f3ir ag \u00fas\u00e1ideoir\u00ed ar Casino Live Dealer. Ach n\u00ed thuigeann go leor daoine cad at\u00e1 ann, c\u00e9n f\u00e1th a bhfuil t\u00f3ir air agus conas cluich\u00ed a imirt leis an Beo Dealer. Sin an f\u00e1th go gcabhr\u00f3imid leat \u00e9 a dh\u00e9anamh amach, tuiscint a fh\u00e1il ar conas a oibr\u00edonn s\u00e9 agus&#8230;<\/p>\n","protected":false},"author":1,"featured_media":0,"parent":0,"menu_order":0,"comment_status":"closed","ping_status":"closed","template":"","meta":{"_acf_changed":false,"_kad_post_transparent":"default","_kad_post_title":"default","_kad_post_layout":"default","_kad_post_sidebar_id":"","_kad_post_content_style":"default","_kad_post_vertical_padding":"default","_kad_post_feature":"","_kad_post_feature_position":"","_kad_post_header":false,"_kad_post_footer":false,"footnotes":""},"class_list":["post-2486","page","type-page","status-publish","hentry"],"acf":[],"rttpg_featured_image_url":null,"rttpg_author":{"display_name":"Elvis","author_link":"https:\/\/rocketplay-slot.com\/ga\/author\/pemvas95n89x\/"},"rttpg_comment":0,"rttpg_category":null,"rttpg_excerpt":"I measc na gceasa\u00edneonna, t\u00e1 t\u00f3ir ag \u00fas\u00e1ideoir\u00ed ar Casino Live Dealer. Ach n\u00ed thuigeann go leor daoine cad at\u00e1 ann, c\u00e9n f\u00e1th a bhfuil t\u00f3ir air agus conas cluich\u00ed a imirt leis an Beo Dealer. Sin an f\u00e1th go gcabhr\u00f3imid leat \u00e9 a dh\u00e9anamh amach, tuiscint a fh\u00e1il ar conas a oibr\u00edonn s\u00e9 agus...","_links":{"self":[{"href":"https:\/\/rocketplay-slot.com\/ga\/wp-json\/wp\/v2\/pages\/2486","targetHints":{"allow":["GET"]}}],"collection":[{"href":"https:\/\/rocketplay-slot.com\/ga\/wp-json\/wp\/v2\/pages"}],"about":[{"href":"https:\/\/rocketplay-slot.com\/ga\/wp-json\/wp\/v2\/types\/page"}],"author":[{"embeddable":true,"href":"https:\/\/rocketplay-slot.com\/ga\/wp-json\/wp\/v2\/users\/1"}],"replies":[{"embeddable":true,"href":"https:\/\/rocketplay-slot.com\/ga\/wp-json\/wp\/v2\/comments?post=2486"}],"version-history":[{"count":3,"href":"https:\/\/rocketplay-slot.com\/ga\/wp-json\/wp\/v2\/pages\/2486\/revisions"}],"predecessor-version":[{"id":4594,"href":"https:\/\/rocketplay-slot.com\/ga\/wp-json\/wp\/v2\/pages\/2486\/revisions\/4594"}],"wp:attachment":[{"href":"https:\/\/rocketplay-slot.com\/ga\/wp-json\/wp\/v2\/media?parent=2486"}],"curies":[{"name":"wp","href":"https:\/\/api.w.org\/{rel}","templated":true}]}}