{"id":2538,"date":"2023-01-10T15:56:28","date_gmt":"2023-01-10T12:56:28","guid":{"rendered":"https:\/\/rocketplay-slot.com\/live-casino\/free\/"},"modified":"2024-02-08T17:05:09","modified_gmt":"2024-02-08T14:05:09","slug":"free","status":"publish","type":"page","link":"https:\/\/rocketplay-slot.com\/ga\/live-casino\/free\/","title":{"rendered":"Gach eolas faoi Casino Beo Saor in Aisce ag Rocket Play"},"content":{"rendered":"<p>T\u00e1 eagla ar go leor \u00fas\u00e1ideoir\u00ed c\u00e9aduaire ceasa\u00edneonna a imirt ar airgead f\u00edor. T\u00e1 eagla ar dhuine \u00e9igin a imirt ar airgead f\u00edor ar eagla go gcaillfid\u00eds gach rud, duine \u00e9igin go bhf\u00e9adfa\u00ed iad a cheated. I gc\u00e1s daoine den s\u00f3rt sin, t\u00e1 Casino Beo Saor in Aisce ann chun an ceasa\u00edneo a thriail go hioml\u00e1n, a strait\u00e9is cluiche a fhorbairt agus f\u00edor-airgead a thuilleamh.<\/p>\n<p><img loading=\"lazy\" decoding=\"async\" class=\"aligncenter wp-image-4106\" src=\"https:\/\/rocketplay-slot.com\/wp-content\/uploads\/2024\/02\/male-croupier-casino-table-hands-close-up-casino-concept-gambling-poker-chips-green-casino-table.jpg\" alt=\"Gach eolas faoi Casino Beo Saor in Aisce ag Rocket Play\" width=\"800\" height=\"534\" srcset=\"https:\/\/rocketplay-slot.com\/wp-content\/uploads\/2024\/02\/male-croupier-casino-table-hands-close-up-casino-concept-gambling-poker-chips-green-casino-table.jpg 1000w, https:\/\/rocketplay-slot.com\/wp-content\/uploads\/2024\/02\/male-croupier-casino-table-hands-close-up-casino-concept-gambling-poker-chips-green-casino-table-300x200.jpg 300w, https:\/\/rocketplay-slot.com\/wp-content\/uploads\/2024\/02\/male-croupier-casino-table-hands-close-up-casino-concept-gambling-poker-chips-green-casino-table-768x512.jpg 768w\" sizes=\"auto, (max-width: 800px) 100vw, 800px\" \/><\/p>\n<h2>CONAS A IMIRT?<\/h2>\n<p>M\u00e1 t\u00e1 t\u00fa ag cur aithne ar chearrbhachas ar l\u00edne, seans go mbeidh ceist agat faoi conas ceasa\u00edneonna ar l\u00edne a imirt saor in aisce. Chun t\u00fas a chur le casino beo ar l\u00edne a imirt saor in aisce, n\u00ed m\u00f3r duit:<\/p>\n<ol>\n<li>T\u00e9igh go dt\u00ed an l\u00e1ithre\u00e1n gr\u00e9as\u00e1in oifigi\u00fail an casino ar l\u00edne.<\/li>\n<li>Ar dheis sa ch\u00fainne uachtarach beidh cnaipe cl\u00e1r\u00fach\u00e1in\/\u00fadaraithe. Clice\u00e1il anseo agus l\u00edon isteach na r\u00e9ims\u00ed riachtanacha. M\u00e1s \u00fas\u00e1ideoir nua ceasa\u00edneo th\u00fa, t\u00e9igh go c\u00faramach tr\u00edd an gc\u00e9im ina gcl\u00e1ra\u00edtear do chuntas, agus sonraigh do shonra\u00ed bail\u00ed, mar shampla do ch\u00e9ad ainm, sloinne, r\u00edomhphost agus uimhir theileaf\u00f3in.<\/li>\n<li>Tar \u00e9is sin, is f\u00e9idir leat na b\u00f3nais at\u00e1 ar f\u00e1il duit a bhaili\u00fa, t\u00e9igh go dt\u00ed sc\u00e1ile\u00e1n na gcluich\u00ed at\u00e1 ar f\u00e1il, agus roghnaigh an rogha &#8220;Cluich\u00ed Demo&#8221; ar an sliot\u00e1n is mian leat.<\/li>\n<\/ol>\n<p>Ag lean\u00faint leis na treoracha gearra seo, n\u00edor cheart go mbeadh aon deacracht agat an cluiche a thos\u00fa i Casino Beo Saor in Aisce.<\/p>\n<h2>NA CLUICH\u00cd IS M\u00d3R<\/h2>\n<p>M\u00e1 t\u00e1 t\u00fa ag cur t\u00fas le do thuras mar chearrbhachas, n\u00edl cinneadh d\u00e9anta agat f\u00f3s c\u00e9 na cluich\u00ed is fearr leat. T\u00e1 os cionn c\u00e9ad cluiche sa Casino, mar sin b\u00edonn s\u00e9 deacair a roghn\u00fa. Sin an f\u00e1th a bhfuil cinneadh d\u00e9anta againn cabhr\u00fa leat le do rogha agus rinneamar rogha de na cluich\u00ed is bisi\u00fala, dar linn, Beo ar L\u00edne Saor in Aisce:<\/p>\n<ul>\n<li>Baccarat Beo &#8211; M\u00e1 t\u00e1 t\u00fa ag lucht lean\u00fana an chluiche seo, bain sult as an ioml\u00e1n i bhform\u00e1id bheo. Is f\u00e9idir leis an gcluiche seo amaze t\u00fa n\u00edos m\u00f3 f\u00f3s;<\/li>\n<li>Beo Roulette &#8211; Is fearr le go leor daoine roulette clasaiceach mar gheall ar simpl\u00edocht na rialacha agus an sp\u00e9is sa chluiche. Sin an f\u00e1th a molaimid duit teacht isteach agus iarracht a dh\u00e9anamh ar a bhfuil s\u00e9 le d\u00e9ile\u00e1la\u00ed beo, rud a fheabhsa\u00edonn, ar nd\u00f3igh, an taith\u00ed;<\/li>\n<li>Blackjack Beo &#8211; T\u00e1 an cluiche seo iontach do lucht lean\u00fana na gcluich\u00ed c\u00e1rta\u00ed gearr, agus n\u00ed bheidh an d\u00e9ile\u00e1la\u00ed beo in i\u00fal duit amhras ar mac\u00e1ntacht do thortha\u00ed.<\/li>\n<\/ul>\n<p>Molaimid duit triail a bhaint as do l\u00e1mh ag gach cluiche chun an moth\u00fa is fearr a fh\u00e1il ar an gceasa\u00edneo.<\/p>\n<h2>BUNT\u00c1IST\u00cd A BEO SAOR IN AISCE Casino<\/h2>\n<p>Is minic nach dtuigeann imreoir\u00ed a bhfuil taith\u00ed acu a imr\u00edonn ar airgead f\u00edor c\u00e9n f\u00e1th a bhfuil ceasa\u00edneo beo ar f\u00e1il saor in aisce, ach b\u2019fh\u00e9idir go bhfuil dearmad d\u00e9anta ag go leor acu ar an gcaoi ar thosaigh siad mar chearrbhachas. T\u00e1 eagla ar beagnach gach imreoir ceasa\u00edneo ar l\u00edne a gc\u00e9ad \u00e9arlais a dh\u00e9anamh mar gheall ar chlaontacht a d&#8217;fh\u00e9adfadh a r\u00e1 gur f\u00e9idir le ceasa\u00edneonna a mhealladh n\u00f3 go gcaillfidh siad a gcuid coigilteas go l\u00e9ir.<\/p>\n<p>Is \u00e9 seo go beacht cad is g\u00e1 duit a dh\u00e9anamh Casino beo is fearr Saor in Aisce. Ligeann siad duit blaiseadh den bhua a fh\u00e1il, agus gheobhaidh t\u00fa muin\u00edn as mac\u00e1ntacht an cheasa\u00edneo toisc go bhfeicfidh t\u00fa conas a oibr\u00edonn s\u00e9 le do sh\u00faile f\u00e9in. Chomh maith leis sin, is f\u00e9idir le gach \u00fas\u00e1ideoir b\u00f3nas Casino Beo In Aisce a fh\u00e1il agus tos\u00fa ag tuilleamh gan aon infheist\u00edochta\u00ed a dh\u00e9anamh agus a imirt ar chostas casinos ar l\u00edne.<\/p>\n<h2>CONCL\u00daID<\/h2>\n<p>Is deis iontach \u00e9 imirt saor in aisce ag ceasa\u00edneonna ar l\u00edne do thosaitheoir\u00ed aithne a chur ar obair na gceasa\u00edneonna ar l\u00edne, le hobair go leor sliot\u00e1n. Is f\u00e9idir leat a strait\u00e9is\u00ed a fhorbairt chun do ch\u00e9ad \u00e9arlais a bhuachan agus a dh\u00e9anamh n\u00edos muin\u00edneach. D\u00e1 bhr\u00ed sin molaimid go l\u00e1idir go rachadh gach n\u00fa\u00edosach chuig an saol cearrbhachais ar l\u00edne i dtaith\u00ed ar cheasa\u00edneonna saor-imirt ar l\u00edne.<\/p>\n<p><img loading=\"lazy\" decoding=\"async\" class=\"aligncenter wp-image-4116\" src=\"https:\/\/rocketplay-slot.com\/wp-content\/uploads\/2024\/02\/different-poker-chips-casino-table.jpg\" alt=\"Gach eolas faoi Casino Beo Saor in Aisce ag Rocket Play 2\" width=\"800\" height=\"534\" srcset=\"https:\/\/rocketplay-slot.com\/wp-content\/uploads\/2024\/02\/different-poker-chips-casino-table.jpg 1000w, https:\/\/rocketplay-slot.com\/wp-content\/uploads\/2024\/02\/different-poker-chips-casino-table-300x200.jpg 300w, https:\/\/rocketplay-slot.com\/wp-content\/uploads\/2024\/02\/different-poker-chips-casino-table-768x512.jpg 768w\" sizes=\"auto, (max-width: 800px) 100vw, 800px\" \/><\/p>\n<h2>CC<\/h2>\n<p>Is minic freisin a chloisimid ceisteanna \u00e9ags\u00fala faoin gcaoi a n-oibr\u00edonn ceasa\u00edneonna. T\u00e1 tr\u00ed cinn measartha coitianta bailithe againn agus thugamar freagra duit a d\u2019fh\u00e9adfadh cabhr\u00fa leat.<\/p>\n<h3>AN F\u00c9IDIR LIOM SEOLADH \u00d3 MO CHILLF\u00d3N?<\/h3>\n<p>Sea, t\u00e1 leagan soghluaiste den l\u00e1ithre\u00e1n ag an gceasa\u00edneo ar l\u00edne. Chun \u00e9 a fh\u00e1il, n\u00ed m\u00f3r duit dul chuig l\u00e1ithre\u00e1n gr\u00e9as\u00e1in oifigi\u00fail an cheasa\u00edneo, agus d\u00e9anfaidh s\u00e9 t\u00fa a atreor\u00fa chuig an su\u00edomh optamaithe le haghaidh do ghuth\u00e1n cliste.<\/p>\n<h3>AN F\u00c9IDIR LIOM MO CH\u00c9AD TAISCE A DH\u00c9ANAMH \u00d3 Spar\u00e1n cripte-TAIRGEADAIS?<\/h3>\n<p>Sea, tugann an ceasa\u00edneo ar l\u00edne deis do gach \u00fas\u00e1ideoir a gcuntas a thaisceadh ar an modh is \u00e1isi\u00fala duit.<\/p>\n<h3>CAD \u00c9 B\u00d3NAS F\u00c1ILTE?<\/h3>\n<p>Tugtar b\u00f3nas f\u00e1ilte do gach \u00fas\u00e1ideoir nua at\u00e1 cl\u00e1raithe ag \u00e1r gCeasa\u00edneo. Cuims\u00edonn an b\u00f3nas seo de ghn\u00e1th b\u00f3nas chuig an gc\u00e9ad taisce agus cluich\u00ed saor in aisce. B\u00ed cinnte \u00e9 a sheice\u00e1il amach ar an l\u00e1ithre\u00e1n gr\u00e9as\u00e1in leis ar an l\u00e1ithre\u00e1n gr\u00e9as\u00e1in oifigi\u00fail Casino.<\/p>\n","protected":false},"excerpt":{"rendered":"<p>T\u00e1 eagla ar go leor \u00fas\u00e1ideoir\u00ed c\u00e9aduaire ceasa\u00edneonna a imirt ar airgead f\u00edor. T\u00e1 eagla ar dhuine \u00e9igin a imirt ar airgead f\u00edor ar eagla go gcaillfid\u00eds gach rud, duine \u00e9igin go bhf\u00e9adfa\u00ed iad a cheated. I gc\u00e1s daoine den s\u00f3rt sin, t\u00e1 Casino Beo Saor in Aisce ann chun an ceasa\u00edneo a thriail go&#8230;<\/p>\n","protected":false},"author":1,"featured_media":0,"parent":1680,"menu_order":0,"comment_status":"closed","ping_status":"closed","template":"","meta":{"_acf_changed":false,"_kad_post_transparent":"default","_kad_post_title":"default","_kad_post_layout":"default","_kad_post_sidebar_id":"","_kad_post_content_style":"default","_kad_post_vertical_padding":"default","_kad_post_feature":"","_kad_post_feature_position":"","_kad_post_header":false,"_kad_post_footer":false,"footnotes":""},"class_list":["post-2538","page","type-page","status-publish","hentry"],"acf":[],"rttpg_featured_image_url":null,"rttpg_author":{"display_name":"Elvis","author_link":"https:\/\/rocketplay-slot.com\/ga\/author\/pemvas95n89x\/"},"rttpg_comment":0,"rttpg_category":null,"rttpg_excerpt":"T\u00e1 eagla ar go leor \u00fas\u00e1ideoir\u00ed c\u00e9aduaire ceasa\u00edneonna a imirt ar airgead f\u00edor. T\u00e1 eagla ar dhuine \u00e9igin a imirt ar airgead f\u00edor ar eagla go gcaillfid\u00eds gach rud, duine \u00e9igin go bhf\u00e9adfa\u00ed iad a cheated. I gc\u00e1s daoine den s\u00f3rt sin, t\u00e1 Casino Beo Saor in Aisce ann chun an ceasa\u00edneo a thriail go...","_links":{"self":[{"href":"https:\/\/rocketplay-slot.com\/ga\/wp-json\/wp\/v2\/pages\/2538","targetHints":{"allow":["GET"]}}],"collection":[{"href":"https:\/\/rocketplay-slot.com\/ga\/wp-json\/wp\/v2\/pages"}],"about":[{"href":"https:\/\/rocketplay-slot.com\/ga\/wp-json\/wp\/v2\/types\/page"}],"author":[{"embeddable":true,"href":"https:\/\/rocketplay-slot.com\/ga\/wp-json\/wp\/v2\/users\/1"}],"replies":[{"embeddable":true,"href":"https:\/\/rocketplay-slot.com\/ga\/wp-json\/wp\/v2\/comments?post=2538"}],"version-history":[{"count":3,"href":"https:\/\/rocketplay-slot.com\/ga\/wp-json\/wp\/v2\/pages\/2538\/revisions"}],"predecessor-version":[{"id":4610,"href":"https:\/\/rocketplay-slot.com\/ga\/wp-json\/wp\/v2\/pages\/2538\/revisions\/4610"}],"up":[{"embeddable":true,"href":"https:\/\/rocketplay-slot.com\/ga\/wp-json\/wp\/v2\/pages\/1680"}],"wp:attachment":[{"href":"https:\/\/rocketplay-slot.com\/ga\/wp-json\/wp\/v2\/media?parent=2538"}],"curies":[{"name":"wp","href":"https:\/\/api.w.org\/{rel}","templated":true}]}}