{"id":2590,"date":"2023-01-10T17:52:28","date_gmt":"2023-01-10T14:52:28","guid":{"rendered":"https:\/\/rocketplay-slot.com\/live-casino\/poker\/"},"modified":"2024-02-08T17:32:15","modified_gmt":"2024-02-08T14:32:15","slug":"app","status":"publish","type":"page","link":"https:\/\/rocketplay-slot.com\/ga\/live-casino\/app\/","title":{"rendered":"Aip casino beo ag Rocket Play"},"content":{"rendered":"<p>F\u00e1gann turas go dt\u00ed ceasa\u00edneo tal\u00fan eisp\u00e9ireas nach f\u00e9idir dearmad a dh\u00e9anamh air ar feadh an tsaoil. Ar nd\u00f3igh, mar gheall anseo, t\u00e1 gach rud permeated le cearrbhachas, atmaisf\u00e9ar mist\u00e9ireach agus coveted. Ach is f\u00e9idir \u00e9 go l\u00e9ir a dh\u00e9anamh gan do theach f\u00e9in a fh\u00e1g\u00e1il. N\u00edl le d\u00e9anamh agat ach dul chuig an aip Casino Beo. T\u00e1 t\u00f3ir air seo cheana f\u00e9in, agus mar sin shocraigh muid n\u00edos m\u00f3 a insint duit faoi.<\/p>\n<p><img loading=\"lazy\" decoding=\"async\" class=\"aligncenter wp-image-4126\" src=\"https:\/\/rocketplay-slot.com\/wp-content\/uploads\/2024\/02\/composite-image-online-roulette-game.jpg\" alt=\"Aip casino beo ag Rocket Play\" width=\"800\" height=\"394\" srcset=\"https:\/\/rocketplay-slot.com\/wp-content\/uploads\/2024\/02\/composite-image-online-roulette-game.jpg 1000w, https:\/\/rocketplay-slot.com\/wp-content\/uploads\/2024\/02\/composite-image-online-roulette-game-300x148.jpg 300w, https:\/\/rocketplay-slot.com\/wp-content\/uploads\/2024\/02\/composite-image-online-roulette-game-768x378.jpg 768w\" sizes=\"auto, (max-width: 800px) 100vw, 800px\" \/><\/p>\n<h2>Cluich\u00ed a imirt ar Android agus iphone<\/h2>\n<p>Chun t\u00fas a imirt ar an app Casino Beo android, n\u00ed m\u00f3r duit:<\/p>\n<ol>\n<li>T\u00e9igh go dt\u00ed an l\u00e1ithre\u00e1n gr\u00e9as\u00e1in oifigi\u00fail an casino ar l\u00edne \u00f3 do ghuth\u00e1n p\u00f3ca.<\/li>\n<li>Ag an mbarr beidh cnaipe a thairgfidh duit feidhmchl\u00e1r soghluaiste a \u00edosl\u00f3d\u00e1il do do ghuth\u00e1n cliste. Clice\u00e1il air, agus ansin ba ch\u00f3ir go dtos\u00f3dh s\u00e9 a \u00edosl\u00f3d\u00e1il go huathoibr\u00edoch.<\/li>\n<li>Nuair a bheidh an t-iarratas \u00edosl\u00f3d\u00e1ilte chuig do ghuth\u00e1n cliste, ba cheart duit clice\u00e1il ar an mbarra \u00edosl\u00f3d\u00e1la ar an bhfeidhmchl\u00e1r agus clice\u00e1il ar &#8220;Suite\u00e1il&#8221;. Ba cheart an app a shuite\u00e1il go tapa go leor, mar sin n\u00edor cheart go mbeadh fadhb ann.<\/li>\n<li>Nuair a bheidh an app suite\u00e1ilte, ba ch\u00f3ir go mbeadh an deilbh\u00edn app Live Casino le feice\u00e1il ar do dheasc. Clice\u00e1il ar \u00e9, agus gheobhaidh t\u00fa isteach ar an app.<\/li>\n<li>Nuair a bheidh t\u00fa log\u00e1ilte isteach san aip, tabharfar leid duit l\u00e1ithreach log\u00e1il isteach m\u00e1 t\u00e1 cuntas ceasa\u00edneo agat cheana f\u00e9in n\u00f3 cl\u00e1r\u00fa mura bhfuil cuntas agat f\u00f3s.<\/li>\n<li>M\u00e1 chl\u00e1ra\u00edonn t\u00fa, cuimhnigh na r\u00e9ims\u00ed go l\u00e9ir a l\u00edonadh isteach i gceart, gan earr\u00e1id\u00ed, agus sonraigh na sonra\u00ed cruinne. N\u00ed m\u00f3r duit do ch\u00e9ad ainm agus sloinne, r\u00edomhphost, d&#8217;uimhir theileaf\u00f3in a chur san \u00e1ireamh. Gheobhaidh t\u00fa r\u00edomhphost le deimhni\u00fa cl\u00e1r\u00fach\u00e1in, agus gheobhaidh t\u00fa tairiscint\u00ed b\u00f3nais sa todhcha\u00ed, coinnigh s\u00fail gh\u00e9ar air.<\/li>\n<\/ol>\n<p>Ag lean\u00faint leis na treoracha seo, is f\u00e9idir leat an app soghluaiste Casino ar l\u00edne a shuite\u00e1il go h\u00e9asca. Ar an drochuair, m\u00e1 t\u00e1 iPhone agat, n\u00ed bheidh t\u00fa in ann an aip a shuite\u00e1il. Ach t\u00e1 leagan soghluaiste \u00e1isi\u00fail den su\u00edomh forbartha ag \u00e1r n-innealt\u00f3ir\u00ed bogearra\u00ed, a thugann na gn\u00e9ithe c\u00e9anna duit agus an aip.<\/p>\n<h2>Roghanna CLUICH\u00cd APP CASINO BEO<\/h2>\n<p>Seans go mbeidh ceist ag roinnt geallghlacad\u00f3ir\u00ed c\u00e9 na cluich\u00ed at\u00e1 ar f\u00e1il ar an aip Casino Beo is fearr. Agus t\u00e1imid tar \u00e9is d\u00e9ile\u00e1il leis an gceist seo. T\u00e1 na cluich\u00ed is coitianta sa leagan deisce ar ghl\u00e9asanna soghluaiste. Ar nd\u00f3igh, n\u00edl gach cluiche ar f\u00e1il faoi l\u00e1thair, ach cheana f\u00e9in t\u00e1 n\u00edos m\u00f3 n\u00e1 80% de na cluich\u00ed ar f\u00e1il ar do ghuth\u00e1n p\u00f3ca. Ach ar leithligh, is f\u00e9idir linn iad a leithdh\u00e1ileadh:<\/p>\n<ul>\n<li>Aloha R\u00ed Elvis;<\/li>\n<li>Casadh Dra\u00edocht;<\/li>\n<li>3 Pointe Coinnigh Agus Buaigh.<\/li>\n<\/ul>\n<p>Is f\u00e9idir leat f\u00edor-airgead a thuilleamh \u00f3 do ghuth\u00e1n p\u00f3ca sna sliot\u00e1in seo go l\u00e9ir.<\/p>\n<p>MAIDIR LEIS AGUS NA m\u00edbhunt\u00e1ist\u00ed a bhaineann le feidhmchl\u00e1r ceasa\u00edneo BEO<\/p>\n<p>I ngach \u00e1it is f\u00e9idir leat a bunt\u00e1ist\u00ed agus na m\u00edbhunt\u00e1ist\u00ed a aimsi\u00fa, chomh maith le anseo, is \u00e9 an rud is m\u00f3 n\u00e1 an c\u00f3imheas idir na m\u00edbhunt\u00e1ist\u00ed agus na bunt\u00e1ist\u00ed. Agus anseo, is f\u00e9idir leis an gc\u00f3imheas seo na h\u00fas\u00e1ideoir\u00ed a dh\u00e9anamh s\u00e1sta. Is iad na m\u00edbhunt\u00e1ist\u00ed amh\u00e1in a bhaineann le cearrbhachas soghluaiste n\u00e1 nach bhfuil gach cluiche ar f\u00e1il, c\u00e9 go bhfuil an chuid is m\u00f3 acu, ach b&#8217;fh\u00e9idir nach bhfuil an cluiche is fearr le duine \u00e9igin optamaithe go f\u00f3ill.<\/p>\n<p>Agus t\u00e1 na bunt\u00e1ist\u00ed a bhaineann le cearrbhachas soghluaiste n\u00edos m\u00f3 n\u00e1 go leor, agus is f\u00e9idir leo a bheith difri\u00fail do gach duine. Tabharfaidh cuid acu faoi deara go bhfuil an t-iarratas soghluaiste ar l\u00e1imh i gc\u00f3na\u00ed, agus is f\u00e9idir leat imirt fi\u00fa as baile. Roinnt mar sin is f\u00e9idir leat imirt gan \u00e9ir\u00ed as an tolg. Duine \u00e9igin d\u00edreach cos\u00fail leis an gcaoi a bhreathna\u00edonn s\u00e9 ar an bhf\u00f3n. Agus n\u00edl r\u00edomhaire ag roinnt daoine. Agus is maith leis na daoine seo go l\u00e9ir cearrbhachas soghluaiste.<\/p>\n<h2>CONCL\u00daID<\/h2>\n<p>Mar fhocal scoir, t\u00e1 an-t\u00f3ir ar an aip ar l\u00edne Live Casino f\u00f3s, ach t\u00e1 cuma tharraingteach ar an margadh seo cheana f\u00e9in. T\u00e1 na himreoir\u00ed is suntasa\u00ed sa mhargadh bogearra\u00ed ag d\u00e9anamh a gcuid cluich\u00ed soghluaiste-chairdi\u00fail ar an gc\u00e9ad dul s\u00edos. Mar sin b\u00ed cinnte iarracht a dh\u00e9anamh cluich\u00ed ceasa\u00edneo ar l\u00edne a imirt \u00f3 do ghuth\u00e1n p\u00f3ca.<\/p>\n<p><img loading=\"lazy\" decoding=\"async\" class=\"aligncenter wp-image-4135\" src=\"https:\/\/rocketplay-slot.com\/wp-content\/uploads\/2024\/02\/online-gambling-mobile.jpg\" alt=\"Aip casino beo ag Rocket Play 3\" width=\"800\" height=\"533\" srcset=\"https:\/\/rocketplay-slot.com\/wp-content\/uploads\/2024\/02\/online-gambling-mobile.jpg 1000w, https:\/\/rocketplay-slot.com\/wp-content\/uploads\/2024\/02\/online-gambling-mobile-300x200.jpg 300w, https:\/\/rocketplay-slot.com\/wp-content\/uploads\/2024\/02\/online-gambling-mobile-768x511.jpg 768w\" sizes=\"auto, (max-width: 800px) 100vw, 800px\" \/><\/p>\n<h2>CC<\/h2>\n<p>Cabhra\u00edmid i gc\u00f3na\u00ed le go leor daoine m\u00e1 bh\u00edonn ceisteanna acu. Sin an f\u00e1th a bhfuil c\u00fapla ceist mh\u00f3r\u00e9ilimh bailithe againn \u00f3n\u00e1r l\u00e9itheoir\u00ed agus \u00e1r bhfreagra\u00ed gearra tugtha againn d\u00f3ibh.<\/p>\n<h3>AN F\u00c9IDIR LIOM IMIR SIN SAOR \u00d3N Aip F\u00d3N P\u00d3CA?<\/h3>\n<p>Sea, san aip shoghluaiste, is f\u00e9idir leat na cluich\u00ed c\u00e9anna a imirt saor in aisce \u00f3n su\u00edomh oifigi\u00fail ar do r\u00edomhaire.<\/p>\n<h3>C\u00c9 NA MODHANNA IS F\u00c9IDIR LIOM A \u00daS\u00c1ID CHUN MO CHOMHARD\u00da A FHEABHS\u00da AS AN AIP P\u00d3CA?<\/h3>\n<p>Is f\u00e9idir leat d\u2019iarmh\u00e9id a bhreisi\u00fa tr\u00ed \u00fas\u00e1id a bhaint as aon mhodh at\u00e1 oiri\u00fanach duit. Is f\u00e9idir leat do ch\u00e1rta bainc agus do spar\u00e1n cryptocurrency a \u00fas\u00e1id.<\/p>\n<h3>AN F\u00c9IDIR LIOM SEOLADH TR\u00cdD AN Aip F\u00d3N P\u00d3CA M\u00c1 BH\u00cdONN FAOI 18?<\/h3>\n<p>N\u00ed f\u00e9idir, de r\u00e9ir an dl\u00ed, n\u00ed f\u00e9idir linn rochtain a thabhairt duit ar chearrbhachas go dt\u00ed go mbeidh t\u00fa 18 mbliana d&#8217;aois.<\/p>\n","protected":false},"excerpt":{"rendered":"<p>F\u00e1gann turas go dt\u00ed ceasa\u00edneo tal\u00fan eisp\u00e9ireas nach f\u00e9idir dearmad a dh\u00e9anamh air ar feadh an tsaoil. Ar nd\u00f3igh, mar gheall anseo, t\u00e1 gach rud permeated le cearrbhachas, atmaisf\u00e9ar mist\u00e9ireach agus coveted. Ach is f\u00e9idir \u00e9 go l\u00e9ir a dh\u00e9anamh gan do theach f\u00e9in a fh\u00e1g\u00e1il. N\u00edl le d\u00e9anamh agat ach dul chuig an aip&#8230;<\/p>\n","protected":false},"author":1,"featured_media":0,"parent":1680,"menu_order":0,"comment_status":"closed","ping_status":"closed","template":"","meta":{"_acf_changed":false,"_kad_post_transparent":"default","_kad_post_title":"default","_kad_post_layout":"default","_kad_post_sidebar_id":"","_kad_post_content_style":"default","_kad_post_vertical_padding":"default","_kad_post_feature":"","_kad_post_feature_position":"","_kad_post_header":false,"_kad_post_footer":false,"footnotes":""},"class_list":["post-2590","page","type-page","status-publish","hentry"],"acf":[],"rttpg_featured_image_url":null,"rttpg_author":{"display_name":"Elvis","author_link":"https:\/\/rocketplay-slot.com\/ga\/author\/pemvas95n89x\/"},"rttpg_comment":0,"rttpg_category":null,"rttpg_excerpt":"F\u00e1gann turas go dt\u00ed ceasa\u00edneo tal\u00fan eisp\u00e9ireas nach f\u00e9idir dearmad a dh\u00e9anamh air ar feadh an tsaoil. Ar nd\u00f3igh, mar gheall anseo, t\u00e1 gach rud permeated le cearrbhachas, atmaisf\u00e9ar mist\u00e9ireach agus coveted. Ach is f\u00e9idir \u00e9 go l\u00e9ir a dh\u00e9anamh gan do theach f\u00e9in a fh\u00e1g\u00e1il. N\u00edl le d\u00e9anamh agat ach dul chuig an aip...","_links":{"self":[{"href":"https:\/\/rocketplay-slot.com\/ga\/wp-json\/wp\/v2\/pages\/2590","targetHints":{"allow":["GET"]}}],"collection":[{"href":"https:\/\/rocketplay-slot.com\/ga\/wp-json\/wp\/v2\/pages"}],"about":[{"href":"https:\/\/rocketplay-slot.com\/ga\/wp-json\/wp\/v2\/types\/page"}],"author":[{"embeddable":true,"href":"https:\/\/rocketplay-slot.com\/ga\/wp-json\/wp\/v2\/users\/1"}],"replies":[{"embeddable":true,"href":"https:\/\/rocketplay-slot.com\/ga\/wp-json\/wp\/v2\/comments?post=2590"}],"version-history":[{"count":5,"href":"https:\/\/rocketplay-slot.com\/ga\/wp-json\/wp\/v2\/pages\/2590\/revisions"}],"predecessor-version":[{"id":4618,"href":"https:\/\/rocketplay-slot.com\/ga\/wp-json\/wp\/v2\/pages\/2590\/revisions\/4618"}],"up":[{"embeddable":true,"href":"https:\/\/rocketplay-slot.com\/ga\/wp-json\/wp\/v2\/pages\/1680"}],"wp:attachment":[{"href":"https:\/\/rocketplay-slot.com\/ga\/wp-json\/wp\/v2\/media?parent=2590"}],"curies":[{"name":"wp","href":"https:\/\/api.w.org\/{rel}","templated":true}]}}