{"id":2682,"date":"2023-01-10T21:33:59","date_gmt":"2023-01-10T18:33:59","guid":{"rendered":"https:\/\/rocketplay-slot.com\/live-casino\/real-money\/"},"modified":"2025-11-24T20:35:58","modified_gmt":"2025-11-24T17:35:58","slug":"real-money","status":"publish","type":"page","link":"https:\/\/rocketplay-slot.com\/ga\/live-casino\/real-money\/","title":{"rendered":"Gach eolas faoi Casino beo ar airgead f\u00edor ag Rocket Play Casino"},"content":{"rendered":"<p>Is maith le go leor daoine cearrbhachas. Is maith le cuid acu airgead a geall ar sp\u00f3irt, agus is maith le cuid eile poker a imirt le cairde. Agus is maith le cuid acu a imirt ar airgead f\u00edor ag casinos ar l\u00edne. Tugann s\u00e9 moth\u00fa uath\u00fail sceitim\u00edn\u00ed. Tugann s\u00e9 an moth\u00fa breise d&#8217;atmaisf\u00e9ar ceasa\u00edneo nuair nach g\u00e1 duit fi\u00fa an baile a fh\u00e1g\u00e1il. Is f\u00e9idir leat imirt ag ceasa\u00edneo ar l\u00edne am ar bith, bunt\u00e1iste m\u00f3r do go leor daoine. Mar sin duitse, t\u00e1 \u00e1r n-athbhreithni\u00fa d\u00e9anta againn ina inseoidh muid duit go l\u00e9ir faoi Casino beo ar l\u00edne Real Money.<\/p>\n<p><img loading=\"lazy\" decoding=\"async\" class=\"aligncenter wp-image-4086\" src=\"https:\/\/rocketplay-slot.com\/wp-content\/uploads\/2024\/02\/cards-chips-poker-green-table.jpg\" alt=\"Gach eolas faoi Casino beo ar airgead f\u00edor ag Rocket Play Casino\" width=\"800\" height=\"534\" srcset=\"https:\/\/rocketplay-slot.com\/wp-content\/uploads\/2024\/02\/cards-chips-poker-green-table.jpg 1000w, https:\/\/rocketplay-slot.com\/wp-content\/uploads\/2024\/02\/cards-chips-poker-green-table-300x200.jpg 300w, https:\/\/rocketplay-slot.com\/wp-content\/uploads\/2024\/02\/cards-chips-poker-green-table-768x512.jpg 768w\" sizes=\"auto, (max-width: 800px) 100vw, 800px\" \/><\/p>\n<h2>NA CLUICH\u00cd C\u00c1S\u00d3IN BEO AIRGID R\u00c9ITEACH IS M\u00d3R R\u00c1ITEAS<\/h2>\n<p>I Casino beo ar l\u00edne Real Money, is f\u00e9idir leat teacht ar na c\u00e9adta cluich\u00ed. Agus d\u2019fh\u00e9adfadh go mbeadh mearbhall ar go leor faoi cad ba mhaith leo a imirt. Mar sin rinneamar \u00e1r liosta beag cluich\u00ed duit a gcaithfidh t\u00fa aird a thabhairt orthu:<\/p>\n<ul>\n<li>T\u00e1 Live Blackjack ar cheann de na cine\u00e1lacha is coitianta i gceasa\u00edneonna ar l\u00edne. N\u00edl difr\u00edocht idir rialacha an chluiche agus blackjack rialta, ach amh\u00e1in go bhfeiceann t\u00fa anseo an d\u00e9ile\u00e1la\u00ed ar a sc\u00e1ile\u00e1n, agus is f\u00e9idir an cluiche a bheith \u00f3 1 go 7 rannph\u00e1irt\u00ed;<\/li>\n<li>Is cluiche clasaiceach \u00e9 Live Roulette is f\u00e9idir leat a fh\u00e1il ag aon cheasa\u00edneonna talamh-bhunaithe. N\u00edl ach seo go l\u00e9ir ar do sc\u00e1ile\u00e1n;<\/li>\n<li>Bingo Beo &#8211; is bre\u00e1 le gach duine bingo. D&#8217;imir go leor biong\u00f3 lena dteaghlach agus go leor le cairde. Ach n\u00edor imir gach duine bingo ar airgead f\u00edor. Anseo is f\u00e9idir leat \u00e9 sin a shocr\u00fa.<\/li>\n<\/ul>\n<p>B\u00ed cinnte dul agus iarracht a imirt na cluich\u00ed seo go l\u00e9ir. Tabharfaidh s\u00e9 go leor moth\u00fach\u00e1in duit agus tabharfaidh s\u00e9 deis iontach duit f\u00edor-airgead a thuilleamh.<\/p>\n<h2>MODHANNA BANC\u00d3IREACHTA CAIS\u00cdN\u00cd BEO AR AIRGEAD<\/h2>\n<p>I saol an lae inniu, t\u00e1 coigilteas ag go leor daoine, n\u00ed hamh\u00e1in ar ch\u00e1rta bainc amh\u00e1in. D&#8217;fh\u00e9adfadh go mbeadh go leor daoine acu ar ch\u00f3rais \u00edoca\u00edochta n\u00f3 ar chuntais cryptocurrency. Agus t\u00e1 s\u00e9 go maith nuair a shol\u00e1thra\u00edonn an Casino deis chun taisce \u00f3 ch\u00f3rais \u00e9ags\u00fala. Breathna\u00edmid ar na modhanna chun d\u2019iarmh\u00e9id a thaisceadh at\u00e1 ar f\u00e1il ag Rocket Play Casino:<\/p>\n<ul>\n<li>is f\u00e9idir leat d\u2019iarmh\u00e9id a bhreisi\u00fa le do ch\u00e1rta bainc m\u00e1 thaca\u00edonn s\u00e9 le Visa, MasterCard n\u00f3 American Express;<\/li>\n<li>m\u00e1s \u00fas\u00e1ideoir gn\u00edomhach c\u00f3rais \u00edoca\u00edochta Idirl\u00edn t\u00fa, is f\u00e9idir leat d\u2019iarmh\u00e9id a bhreisi\u00fa le do PayPal n\u00f3 Payoneer;<\/li>\n<li>is f\u00e9idir leat freisin d\u2019iarmh\u00e9id a bhreisi\u00fa ar an su\u00edomh ceasa\u00edneo ar l\u00edne \u00f3 do chuntas cryptocurrency. D\u00e9antar \u00e9 seo ar mhaithe le do chaoithi\u00falacht uasta.<\/li>\n<\/ul>\n<p>Tar \u00e9is duit d\u2019iarmh\u00e9id a bhreisi\u00fa i gceasa\u00edneo beo Real Money, is f\u00e9idir leat airgead a thuilleamh le pl\u00e9isi\u00far tr\u00ed chluich\u00ed a imirt.<\/p>\n<h2>C\u00c9N F\u00c1TH AR CH\u00d3IR DUIT A DH\u00c9ANAMH AR AIRGEAD C\u00c1S\u00d3IN BEO<\/h2>\n<p>T\u00e1 roinnt \u00fas\u00e1ideoir\u00ed ar an airdeall faoi Casino beo a imirt ar Airgead Real, ach is f\u00e9idir leat tos\u00fa i gc\u00f3na\u00ed le h\u00e9arlais \u00edosta. I gcluich\u00ed, n\u00e1 d\u00e9an na geallta is m\u00f3. S\u00e1bh\u00e1lfaidh s\u00e9 t\u00fa as an m\u00e9id ioml\u00e1n a chailli\u00faint go tapa. Is f\u00e9idir leat n\u00edos m\u00f3 a thuilleamh n\u00e1 mar a d&#8217;infheistigh t\u00fa. Is mian le go leor \u00fas\u00e1ideoir\u00ed a Pota \u00d3ir a fh\u00e1il, ach n\u00ed f\u00e9idir leat \u00e9 a fh\u00e1il ach tr\u00ed Real Money a imirt.<\/p>\n<p>Nuair a bh\u00edonn t\u00fa ag imirt le f\u00edor-airgead, t\u00e1 s\u00e9 riachtanach cuimhneamh ar roinnt leideanna chun nach mbeidh 0 ar do chomhard\u00fa riamh. Chun seo a dh\u00e9anamh, riamh geall uile-i. Geall go leor ar geallta beaga. B\u00ed sober faoin sc\u00e9al i gc\u00f3na\u00ed, agus n\u00e1 coinnigh ort ag imirt m\u00e1 thosa\u00edonn t\u00fa ag dul i bhfeidhm ar chaillteanais i d&#8217;aonar.<\/p>\n<h2>CONCL\u00daID<\/h2>\n<p>Seinn an Casino beo is fearr T\u00e1 Real Money i gc\u00f3na\u00ed ar an mbaol gach rud a chailli\u00faint. Ach tugann s\u00e9 deis iontach duit Real Money a bhuachan m\u00e1 thugann t\u00fa aghaidh air go ciallmhar. Is cinnte go mbuafaidh t\u00fa do phota \u00f3ir m\u00e1 bh\u00edonn t\u00fa c\u00faramach le do chuid geallta.<\/p>\n<p><img loading=\"lazy\" decoding=\"async\" class=\"aligncenter wp-image-4096\" src=\"https:\/\/rocketplay-slot.com\/wp-content\/uploads\/2024\/02\/man-dealer-croupier-shuffles-poker-cards-casino-background-tableasain-man-holding-two-playing-cards-casino-poker-poker-game-concept.jpg\" alt=\"Gach eolas faoi Casino beo ar airgead f\u00edor ag Rocket Play Casino 2\" width=\"800\" height=\"534\" srcset=\"https:\/\/rocketplay-slot.com\/wp-content\/uploads\/2024\/02\/man-dealer-croupier-shuffles-poker-cards-casino-background-tableasain-man-holding-two-playing-cards-casino-poker-poker-game-concept.jpg 1000w, https:\/\/rocketplay-slot.com\/wp-content\/uploads\/2024\/02\/man-dealer-croupier-shuffles-poker-cards-casino-background-tableasain-man-holding-two-playing-cards-casino-poker-poker-game-concept-300x200.jpg 300w, https:\/\/rocketplay-slot.com\/wp-content\/uploads\/2024\/02\/man-dealer-croupier-shuffles-poker-cards-casino-background-tableasain-man-holding-two-playing-cards-casino-poker-poker-game-concept-768x512.jpg 768w\" sizes=\"auto, (max-width: 800px) 100vw, 800px\" \/><\/p>\n<h2>CC<\/h2>\n<p>Cuireann go leor cearrbhachas novice ceisteanna orainn a d&#8217;fh\u00e9adfadh go mbeadh suim acu iontu. Go minic is ceisteanna simpl\u00ed iad seo, mar sin t\u00e1 cuid acu tiomsaithe againn agus freagraimid iad san alt seo.c<\/p>\n<h3>AN F\u00c9IDIR LIOM SPREAGADH SAOR IN AISCE?<\/h3>\n<p>Sea, t\u00e1 a ch\u00f3ras b\u00f3nais ag an gceasa\u00edneo ar l\u00edne a ligeann duit do ch\u00e9ad geall a dh\u00e9anamh gan do chuid airgid a chaitheamh. T\u00e1 modh taispe\u00e1na ann freisin do gach sliot\u00e1n. Bain triail as do l\u00e1mh ann agus f\u00edor-airgead a thuilleamh tar \u00e9is a dh\u00e9anamh do ch\u00e9ad taisce.<\/p>\n<h3>AN F\u00c9IDIR LIOM IMIR MURA BHFUIL RIAMH AGAT?<\/h3>\n<p>N\u00ed g\u00e1 duit r\u00edomhaire chun casinos ar l\u00edne a imirt. Is f\u00e9idir leat tos\u00fa ag imirt \u00f3 do ghuth\u00e1n. T\u00e1 an ceasa\u00edneo ar l\u00edne seo optamaithe le haghaidh l\u00e1ithre\u00e1in ghr\u00e9as\u00e1in oifigi\u00fala gl\u00e9asanna soghluaiste. Is f\u00e9idir leat \u00e1r n-iarratas a \u00edosl\u00f3d\u00e1il \u00f3n l\u00e1ithre\u00e1n gr\u00e9as\u00e1in oifigi\u00fail.<\/p>\n<h3>C\u00c9N AOIS IS F\u00c9IDIR LIOM TOS\u00da AG SIOMAIR SA CASA\u00cdN?<\/h3>\n<p>Is f\u00e9idir leat tos\u00fa ag imirt ag an gceasa\u00edneo \u00f3 t\u00fa 18 mbliana d\u2019aois. D\u00e9antar an riail seo faoi na dl\u00edthe a chomhl\u00edonann an ceasa\u00edneo ar l\u00edne.<\/p>\n","protected":false},"excerpt":{"rendered":"<p>Is maith le go leor daoine cearrbhachas. Is maith le cuid acu airgead a geall ar sp\u00f3irt, agus is maith le cuid eile poker a imirt le cairde. Agus is maith le cuid acu a imirt ar airgead f\u00edor ag casinos ar l\u00edne. Tugann s\u00e9 moth\u00fa uath\u00fail sceitim\u00edn\u00ed. Tugann s\u00e9 an moth\u00fa breise d&#8217;atmaisf\u00e9ar ceasa\u00edneo&#8230;<\/p>\n","protected":false},"author":1,"featured_media":0,"parent":1680,"menu_order":0,"comment_status":"closed","ping_status":"closed","template":"","meta":{"_acf_changed":false,"_kad_post_transparent":"default","_kad_post_title":"default","_kad_post_layout":"default","_kad_post_sidebar_id":"","_kad_post_content_style":"default","_kad_post_vertical_padding":"default","_kad_post_feature":"","_kad_post_feature_position":"","_kad_post_header":false,"_kad_post_footer":false,"footnotes":""},"class_list":["post-2682","page","type-page","status-publish","hentry"],"acf":[],"rttpg_featured_image_url":null,"rttpg_author":{"display_name":"Elvis","author_link":"https:\/\/rocketplay-slot.com\/ga\/author\/pemvas95n89x\/"},"rttpg_comment":0,"rttpg_category":null,"rttpg_excerpt":"Is maith le go leor daoine cearrbhachas. Is maith le cuid acu airgead a geall ar sp\u00f3irt, agus is maith le cuid eile poker a imirt le cairde. Agus is maith le cuid acu a imirt ar airgead f\u00edor ag casinos ar l\u00edne. Tugann s\u00e9 moth\u00fa uath\u00fail sceitim\u00edn\u00ed. Tugann s\u00e9 an moth\u00fa breise d&#8217;atmaisf\u00e9ar ceasa\u00edneo...","_links":{"self":[{"href":"https:\/\/rocketplay-slot.com\/ga\/wp-json\/wp\/v2\/pages\/2682","targetHints":{"allow":["GET"]}}],"collection":[{"href":"https:\/\/rocketplay-slot.com\/ga\/wp-json\/wp\/v2\/pages"}],"about":[{"href":"https:\/\/rocketplay-slot.com\/ga\/wp-json\/wp\/v2\/types\/page"}],"author":[{"embeddable":true,"href":"https:\/\/rocketplay-slot.com\/ga\/wp-json\/wp\/v2\/users\/1"}],"replies":[{"embeddable":true,"href":"https:\/\/rocketplay-slot.com\/ga\/wp-json\/wp\/v2\/comments?post=2682"}],"version-history":[{"count":3,"href":"https:\/\/rocketplay-slot.com\/ga\/wp-json\/wp\/v2\/pages\/2682\/revisions"}],"predecessor-version":[{"id":4602,"href":"https:\/\/rocketplay-slot.com\/ga\/wp-json\/wp\/v2\/pages\/2682\/revisions\/4602"}],"up":[{"embeddable":true,"href":"https:\/\/rocketplay-slot.com\/ga\/wp-json\/wp\/v2\/pages\/1680"}],"wp:attachment":[{"href":"https:\/\/rocketplay-slot.com\/ga\/wp-json\/wp\/v2\/media?parent=2682"}],"curies":[{"name":"wp","href":"https:\/\/api.w.org\/{rel}","templated":true}]}}