{"id":2734,"date":"2023-01-10T22:05:04","date_gmt":"2023-01-10T19:05:04","guid":{"rendered":"https:\/\/rocketplay-slot.com\/live-poker\/"},"modified":"2026-02-28T00:36:56","modified_gmt":"2026-02-27T21:36:56","slug":"live-poker","status":"publish","type":"page","link":"https:\/\/rocketplay-slot.com\/ga\/live-poker\/","title":{"rendered":"Athbhreithni\u00fa ar Ph\u00f3cair Bheo Casino Rocket Play"},"content":{"rendered":"<p>Ar ais go luath sa 20\u00fa haois, bh\u00ed poker ar cheann de na cluich\u00ed is coitianta. Imr\u00edodh poker i ngach \u00e1it i mbe\u00e1ir, ar an tsr\u00e1id, agus sa bhaile. Mar sin, n\u00ed haon ionadh \u00e9 go bhfuil poker i measc na gceasa\u00edneonna is m\u00f3 t\u00f3ir. Agus is \u00e9 ceann de na roghanna seo Live Poker, cluiche a bhfuil gr\u00e1 ag go leor \u00fas\u00e1ideoir\u00ed, \u00e1it ar f\u00e9idir le go leor \u00fas\u00e1ideoir\u00ed o\u00edcheanta ioml\u00e1na a chaitheamh. Sin an f\u00e1th a scr\u00edobh muid an t-alt seo chun t\u00fa a insint duit faoi Poker Beo ar l\u00edne.<\/p>\n<p><img loading=\"lazy\" decoding=\"async\" class=\"aligncenter wp-image-4047\" src=\"https:\/\/rocketplay-slot.com\/wp-content\/uploads\/2024\/02\/young-models-stylish-dresses-are-smiling-showing-two-green-chips-aces-posing-standing-back-back-colorful-background-with-sparkles-roulette-flying-chips-poker-casino-close-up.jpg\" alt=\"Rocket Play Casino Live Poker Review\" width=\"800\" height=\"479\" srcset=\"https:\/\/rocketplay-slot.com\/wp-content\/uploads\/2024\/02\/young-models-stylish-dresses-are-smiling-showing-two-green-chips-aces-posing-standing-back-back-colorful-background-with-sparkles-roulette-flying-chips-poker-casino-close-up.jpg 1000w, https:\/\/rocketplay-slot.com\/wp-content\/uploads\/2024\/02\/young-models-stylish-dresses-are-smiling-showing-two-green-chips-aces-posing-standing-back-back-colorful-background-with-sparkles-roulette-flying-chips-poker-casino-close-up-300x180.jpg 300w, https:\/\/rocketplay-slot.com\/wp-content\/uploads\/2024\/02\/young-models-stylish-dresses-are-smiling-showing-two-green-chips-aces-posing-standing-back-back-colorful-background-with-sparkles-roulette-flying-chips-poker-casino-close-up-768x460.jpg 768w\" sizes=\"auto, (max-width: 800px) 100vw, 800px\" \/><\/p>\n<h2>CAD \u00c9 IS P\u00d3IC\u00c9AR CAIS\u00cdN\u00cd BEO?<\/h2>\n<p>Is cine\u00e1l amh\u00e1in poker \u00e9 Live Poker a bhfuil gr\u00e1 ag go leor imreoir\u00ed. Is \u00e9 an difr\u00edocht i Live Poker Australia n\u00e1 go bhfuil d\u00e9ile\u00e1la\u00ed i l\u00e1thair leat chun d\u00e9ile\u00e1il leis na c\u00e1rta\u00ed. Is f\u00e9idir leat a bheith cinnte i gc\u00f3na\u00ed gur cluiche cothrom \u00e9 mar go bhfuil an d\u00e9ile\u00e1la\u00ed os do chomhair agus go dtaispe\u00e1nann s\u00e9 na c\u00e1rta\u00ed duit. Is maith le go leor daoine Poker Beo mar go bhfuil cuma poker air i gceasa\u00edneo tal\u00fan.<\/p>\n<h2>CONAS CLUICH\u00cd POKER CAISIN A IMIR<\/h2>\n<p>M\u00e1 t\u00e1 t\u00fa f\u00f3s nua i saol na gceasa\u00edneonna ar l\u00edne, ansin l\u00e9igh conas tos\u00fa ag imirt an Poker Beo is fearr. Mar sin d\u00e9anaimis amach conas a tharla\u00edonn s\u00e9 go l\u00e9ir:<\/p>\n<ol>\n<li>D\u00edreach i os comhair t\u00fa ar an sc\u00e1ile\u00e1n a bheidh an d\u00e9ile\u00e1la\u00ed. Nuair a bhail\u00edonn an t\u00e1bla rannph\u00e1irtithe leordh\u00f3thanacha, cuirfidh s\u00e9 t\u00fas leis an gcluiche.<\/li>\n<li>Tar \u00e9is th\u00fas an chluiche, feicfidh t\u00fa na rialuithe inar f\u00e9idir leat do chuid geallta a bhainisti\u00fa, f\u00e9ach ar na c\u00e1rta\u00ed reatha ar an t\u00e1bla agus i do l\u00e1mh, f\u00e9ach ar na teaglaim bhuaigh f\u00e9ideartha go l\u00e9ir agus d\u00e9an compar\u00e1id idir na cinn a mheaitse\u00e1lann t\u00fa.<\/li>\n<li>Nuair a bh\u00edonn an cluiche tosaithe, d\u00e9ile\u00e1lann an d\u00e9ile\u00e1la\u00ed dh\u00e1 ch\u00e1rta do gach imreoir ag an mbord agus cuireann s\u00e9 tr\u00ed cinn ar an mbord. F\u00e9ach cad iad na c\u00e1rta\u00ed at\u00e1 agat, cad iad na c\u00e1rta\u00ed at\u00e1 ar an mbord, agus cad iad na teaglama\u00ed buaiteacha at\u00e1 sa chluiche.<\/li>\n<li>D\u00e9an compar\u00e1id idir do ch\u00e1rta\u00ed agus do chomhcheangail bhuaiteacha, agus d\u00e9an buille faoi thuairim cad iad na teaglama\u00ed is fearr agus is measa a d&#8217;fh\u00e9adfadh a bheith agat sa d\u00e1 l\u00e1mh eile.<\/li>\n<li>Cuir do geall agus fan go dt\u00ed go nd\u00e9anann gach duine eile. F\u00e9ach ar do opponents agus a n-imoibrithe.<\/li>\n<li>Nuair a bheidh a gcuid geallta curtha ag gach duine, d\u00e9arfaidh an d\u00e9ile\u00e1la\u00ed, &#8220;Cuirtear geallta, n\u00ed m\u00f3 geallta.&#8221; agus c\u00e1rta eile a l\u00e1imhse\u00e1il do gach imreoir. Ansin is f\u00e9idir leat do geallta a ard\u00fa n\u00f3 an t\u00e1bla a fh\u00e1g\u00e1il.<\/li>\n<li>M\u00e1 t\u00e1 t\u00fa f\u00f3s sa chluiche, gheobhaidh t\u00fa an c\u00e1rta deiridh. D\u00e9an compar\u00e1id ch\u00faramach idir na c\u00e1rta\u00ed at\u00e1 agat agus na ruda\u00ed a d&#8217;fh\u00e9adfadh a bheith ag do ch\u00e9ile comhraic. Lean a gcuid gluaiseachta\u00ed go dl\u00fath. Tar \u00e9is sin, d\u00e9an ard\u00fa deiridh n\u00f3 f\u00e1g an t\u00e1bla.<br \/>\nTar \u00e9is do gach duine an geall deiridh a dh\u00e9anamh, oscla\u00edonn imreoir\u00ed a gc\u00e1rta\u00ed, agus is f\u00e9idir leat an buaiteoir a aimsi\u00fa leis an measc\u00e1n is airde. M\u00e1s \u00e9 seo t\u00fa &#8211; comhghairdeas, bhuaigh t\u00fa gach geallta sa chluiche seo.<\/li>\n<\/ol>\n<p>Tr\u00ed na treoracha seo a lean\u00faint, is f\u00e9idir leat do chluiche a bhuachan i gc\u00f3na\u00ed leis an \u00e1dh ceart.<\/p>\n<h2>CINE\u00c1LACHA POKER CAIS\u00cdN BEO<\/h2>\n<p>T\u00e1 cine\u00e1lacha leathan poker ar fud an domhain, go pr\u00edomha ag brath ar an r\u00e9igi\u00fan inar th\u00e1inig siad. Agus na cine\u00e1lacha poker seo ar f\u00e9idir leat bualadh leo i gceasa\u00edneonna ar l\u00edne:<\/p>\n<ul>\n<li>Texas Hold&#8217;em;<\/li>\n<li>\u00d3maha;<\/li>\n<li>Gra\u00ed seacht gc\u00e1rta;<\/li>\n<li>Tarraingt c\u00faig ch\u00e1rta;<\/li>\n<li>Ard \u00cdseal Chicago.<\/li>\n<\/ul>\n<p>Is iad na pr\u00edomhdhifr\u00edochta\u00ed n\u00e1 c\u00e9 mh\u00e9ad c\u00e1rta\u00ed a imr\u00edtear in aghaidh an chluiche. Is \u00e9 Texas Hold&#8217;em na cluich\u00ed poker beo is fearr.<\/p>\n<h2>SOCHAIR AN P\u00d3cair BEO<\/h2>\n<p>Is cinnte go bhfuil go leor bunt\u00e1ist\u00ed ag Live Poker. Ar nd\u00f3igh, gheobhaidh gach duine a gcuid bunt\u00e1ist\u00ed. Is f\u00e9idir linn aird a tharraingt ar roinnt de na cinn choitianta &#8211; an cothroime do na himreoir\u00ed, an t-atmaisf\u00e9ar iontach a thugann t\u00fa d\u00edreach isteach sa halla\u00ed casino, agus an idirghn\u00edomh\u00fa beo a chuireann le spleodar na gn\u00edomha\u00edochta.<\/p>\n<h2>CONCL\u00daID<\/h2>\n<p>Mar fhocal scoir, t\u00e1 poker ar cheann de na cluich\u00ed is spreag\u00fala i gceasa\u00edneonna ar l\u00edne. Lean leideanna Poker Beo, gamblers gairmi\u00fala. Agus b\u00ed cinnte poker a imirt!<\/p>\n<p><img loading=\"lazy\" decoding=\"async\" class=\"aligncenter wp-image-4057\" src=\"https:\/\/rocketplay-slot.com\/wp-content\/uploads\/2024\/02\/casino-tokens-green-background-with-deck-cards.jpg\" alt=\"Rocket Play Casino Live Poker Review 2\" width=\"800\" height=\"534\" srcset=\"https:\/\/rocketplay-slot.com\/wp-content\/uploads\/2024\/02\/casino-tokens-green-background-with-deck-cards.jpg 1000w, https:\/\/rocketplay-slot.com\/wp-content\/uploads\/2024\/02\/casino-tokens-green-background-with-deck-cards-300x200.jpg 300w, https:\/\/rocketplay-slot.com\/wp-content\/uploads\/2024\/02\/casino-tokens-green-background-with-deck-cards-768x512.jpg 768w\" sizes=\"auto, (max-width: 800px) 100vw, 800px\" \/><\/p>\n<h2>CC<\/h2>\n<p>Is minic a scr\u00edobhann tosaitheoir\u00ed ceisteanna den chine\u00e1l c\u00e9anna d\u00fainn, rud a bhfuiltear ag s\u00fail leis mar go mb\u00edonn imn\u00ed ar gach duine faoin gcaoi a imreoidh siad. Agus mar sin n\u00ed m\u00f3r d\u00fainn a bail\u00edodh cuid acu san Airteagal seo agus iad a fhreagairt.<\/p>\n<h3>AN F\u00c9IDIR LIOM SPREAGADH SAOR IN AISCE?<\/h3>\n<p>Sea, t\u00e1 leaganacha taispe\u00e1na de ph\u00f3ca beo ag ceasa\u00edneonna ar l\u00edne, \u00e1it nach f\u00e9idir leat do chothroma\u00edocht a chur i mbaol agus, ar dt\u00fas, foghlaim conas a imirt.<\/p>\n<h3>AN F\u00c9IDIR LIOM P\u00d3cair A IMIR AR MO GH\u00d3N CILL?<\/h3>\n<p>Is f\u00e9idir leat an aip Casino ar l\u00edne a \u00edosl\u00f3d\u00e1il ar do ghuth\u00e1n p\u00f3ca m\u00e1 t\u00e1 Android agat. Is f\u00e9idir leat imirt \u00f3 l\u00e1ithre\u00e1n gr\u00e9as\u00e1in oifigi\u00fail an cheasa\u00edneonna ar l\u00edne m\u00e1 t\u00e1 iPhone agat. T\u00e1 s\u00e9 optamaithe go foirfe le haghaidh gl\u00e9asanna soghluaiste.<\/p>\n<h3>C\u00c9N AOIS IS F\u00c9IDIR LIOM P\u00d3CAIR A IMINT?<\/h3>\n<p>De r\u00e9ir an dl\u00ed, n\u00ed f\u00e9idir leat cearrbhachas a thos\u00fa ach amh\u00e1in nuair a shroicheann t\u00fa 18 mbliana d\u2019aois.<\/p>\n","protected":false},"excerpt":{"rendered":"<p>Ar ais go luath sa 20\u00fa haois, bh\u00ed poker ar cheann de na cluich\u00ed is coitianta. Imr\u00edodh poker i ngach \u00e1it i mbe\u00e1ir, ar an tsr\u00e1id, agus sa bhaile. Mar sin, n\u00ed haon ionadh \u00e9 go bhfuil poker i measc na gceasa\u00edneonna is m\u00f3 t\u00f3ir. Agus is \u00e9 ceann de na roghanna seo Live Poker,&#8230;<\/p>\n","protected":false},"author":1,"featured_media":0,"parent":0,"menu_order":0,"comment_status":"closed","ping_status":"closed","template":"","meta":{"_acf_changed":false,"_kad_post_transparent":"default","_kad_post_title":"default","_kad_post_layout":"default","_kad_post_sidebar_id":"","_kad_post_content_style":"default","_kad_post_vertical_padding":"default","_kad_post_feature":"","_kad_post_feature_position":"","_kad_post_header":false,"_kad_post_footer":false,"footnotes":""},"class_list":["post-2734","page","type-page","status-publish","hentry"],"acf":[],"rttpg_featured_image_url":null,"rttpg_author":{"display_name":"Elvis","author_link":"https:\/\/rocketplay-slot.com\/ga\/author\/pemvas95n89x\/"},"rttpg_comment":0,"rttpg_category":null,"rttpg_excerpt":"Ar ais go luath sa 20\u00fa haois, bh\u00ed poker ar cheann de na cluich\u00ed is coitianta. Imr\u00edodh poker i ngach \u00e1it i mbe\u00e1ir, ar an tsr\u00e1id, agus sa bhaile. Mar sin, n\u00ed haon ionadh \u00e9 go bhfuil poker i measc na gceasa\u00edneonna is m\u00f3 t\u00f3ir. Agus is \u00e9 ceann de na roghanna seo Live Poker,...","_links":{"self":[{"href":"https:\/\/rocketplay-slot.com\/ga\/wp-json\/wp\/v2\/pages\/2734","targetHints":{"allow":["GET"]}}],"collection":[{"href":"https:\/\/rocketplay-slot.com\/ga\/wp-json\/wp\/v2\/pages"}],"about":[{"href":"https:\/\/rocketplay-slot.com\/ga\/wp-json\/wp\/v2\/types\/page"}],"author":[{"embeddable":true,"href":"https:\/\/rocketplay-slot.com\/ga\/wp-json\/wp\/v2\/users\/1"}],"replies":[{"embeddable":true,"href":"https:\/\/rocketplay-slot.com\/ga\/wp-json\/wp\/v2\/comments?post=2734"}],"version-history":[{"count":4,"href":"https:\/\/rocketplay-slot.com\/ga\/wp-json\/wp\/v2\/pages\/2734\/revisions"}],"predecessor-version":[{"id":7888,"href":"https:\/\/rocketplay-slot.com\/ga\/wp-json\/wp\/v2\/pages\/2734\/revisions\/7888"}],"wp:attachment":[{"href":"https:\/\/rocketplay-slot.com\/ga\/wp-json\/wp\/v2\/media?parent=2734"}],"curies":[{"name":"wp","href":"https:\/\/api.w.org\/{rel}","templated":true}]}}